{"id":4122,"date":"2014-11-20T11:41:09","date_gmt":"2014-11-20T10:41:09","guid":{"rendered":"http:\/\/unser-quartier.de\/stadt-bergheim\/?page_id=4122"},"modified":"2015-03-07T16:51:13","modified_gmt":"2015-03-07T15:51:13","slug":"beschreibung-thorr","status":"publish","type":"page","link":"https:\/\/unser-quartier.de\/stadt-bergheim\/startseite\/bilder\/stadtteile\/beschreibungen\/beschreibung-thorr\/","title":{"rendered":"Beschreibung-Thorr"},"content":{"rendered":"<p><strong><span style=\"font-size: 12pt\">Schon den R\u00f6mern gefiel es in Thorr<\/span><\/strong><\/p>\n<p><span style=\"font-size: 12pt\">Denn sie bauten hier einen r\u00f6mischen vicus, eine Stadt.\u00a0Weitere Spuren einer reichen Vergangenheit sind die heute noch erhaltene Burg Thorr oder die alte R\u00f6merbrauerei, die noch bis in die siebziger Jahre hinein manch z\u00fcnftiges K\u00f6lsch lieferte.<\/span><br \/>\n<span style=\"font-size: 12pt\">\u00a0<\/span><br \/>\n<strong><span style=\"font-size: 12pt\">Thorr gestern und heute<\/span><\/strong><br \/>\n<span style=\"font-size: 12pt\">Im Mittelalter wird der Ortsname erstmals in einer Urkunde Kaiser Ottos III. aus dem Jahr 997 erw\u00e4hnt.\u00a0<\/span><span style=\"font-size: 12pt\">Thorr profitiert seit jeher von seiner verkehrsg\u00fcnstigen Lage.<br \/>\nVon hier aus ist man nicht nur schnell in den Einkaufszentren der Stadt, sondern kann auch zu Fu\u00df die zahlreichen Freizeitanlagen zwischen Thorr und Zieverich gut erreichen.\u00a0<\/span><span style=\"font-size: 12pt\">Ein reges Vereinsleben und ein gutes nachbarschaftliches Miteinander pr\u00e4gen das lebendige Ortsgeschehen und machen Thorr zu einem Stadtteil mit einer hohen Lebens- und Wohnqualit\u00e4t.<\/span><\/p>\n<p>Quelle: www.bergheim.de<\/p>\n","protected":false},"excerpt":{"rendered":"<p><strong>Schon den R\u00f6mern gefiel es in Thorr<\/strong><\/p>\n<p>Denn sie bauten hier einen r\u00f6mischen vicus, eine Stadt.\u00a0Weitere Spuren einer reichen Vergangenheit sind die heute noch erhaltene Burg Thorr oder die alte R\u00f6merbrauerei, die noch bis in die siebziger Jahre hinein manch z\u00fcnftiges K\u00f6lsch lieferte. \u00a0 <strong>Thorr gestern und heute<\/strong> Im Mittelalter wird der Ortsname erstmals in &hellip; <\/p>\n<p><a class=\"more-link btn\" href=\"https:\/\/unser-quartier.de\/stadt-bergheim\/startseite\/bilder\/stadtteile\/beschreibungen\/beschreibung-thorr\/\">Weiterlesen<\/a><\/p>\n","protected":false},"author":48,"featured_media":0,"parent":3841,"menu_order":13,"comment_status":"open","ping_status":"open","template":"","meta":{"_bbp_topic_count":0,"_bbp_reply_count":0,"_bbp_total_topic_count":0,"_bbp_total_reply_count":0,"_bbp_voice_count":0,"_bbp_anonymous_reply_count":0,"_bbp_topic_count_hidden":0,"_bbp_reply_count_hidden":0,"_bbp_forum_subforum_count":0,"jetpack_post_was_ever_published":false,"footnotes":""},"class_list":["post-4122","page","type-page","status-publish","hentry","nodate","item-wrap"],"jetpack_sharing_enabled":true,"jetpack_shortlink":"https:\/\/wp.me\/P3vhfJ-14u","jetpack_likes_enabled":true,"_links":{"self":[{"href":"https:\/\/unser-quartier.de\/stadt-bergheim\/wp-json\/wp\/v2\/pages\/4122","targetHints":{"allow":["GET"]}}],"collection":[{"href":"https:\/\/unser-quartier.de\/stadt-bergheim\/wp-json\/wp\/v2\/pages"}],"about":[{"href":"https:\/\/unser-quartier.de\/stadt-bergheim\/wp-json\/wp\/v2\/types\/page"}],"author":[{"embeddable":true,"href":"https:\/\/unser-quartier.de\/stadt-bergheim\/wp-json\/wp\/v2\/users\/48"}],"replies":[{"embeddable":true,"href":"https:\/\/unser-quartier.de\/stadt-bergheim\/wp-json\/wp\/v2\/comments?post=4122"}],"version-history":[{"count":0,"href":"https:\/\/unser-quartier.de\/stadt-bergheim\/wp-json\/wp\/v2\/pages\/4122\/revisions"}],"up":[{"embeddable":true,"href":"https:\/\/unser-quartier.de\/stadt-bergheim\/wp-json\/wp\/v2\/pages\/3841"}],"wp:attachment":[{"href":"https:\/\/unser-quartier.de\/stadt-bergheim\/wp-json\/wp\/v2\/media?parent=4122"}],"curies":[{"name":"wp","href":"https:\/\/api.w.org\/{rel}","templated":true}]}}