{"id":4126,"date":"2014-11-20T11:45:52","date_gmt":"2014-11-20T10:45:52","guid":{"rendered":"http:\/\/unser-quartier.de\/stadt-bergheim\/?page_id=4126"},"modified":"2015-03-05T20:00:09","modified_gmt":"2015-03-05T19:00:09","slug":"beschreibung-quadrath-ichendorf","status":"publish","type":"page","link":"https:\/\/unser-quartier.de\/stadt-bergheim\/startseite\/bilder\/stadtteile\/beschreibungen\/beschreibung-quadrath-ichendorf\/","title":{"rendered":"Beschreibung-Quadrath-Ichendorf"},"content":{"rendered":"<p><strong><span style=\"font-size: 12pt\">Schnell, pr\u00e4chtig und zerbrechlich<\/span><\/strong><br \/>\n<span style=\"font-size: 12pt\">Drei Eigenschaften werden hier genannt, die leicht zu erkl\u00e4ren sind. Ein zentraler Platz mit einer beeindruckenden Pferdeskulptur und viele Stra\u00dfennamen geben den ersten Hinweis: Quadrath ist ein Zentrum des westdeutschen Galoppsports. Das Schloss Schlenderhan beherbergt das \u00e4lteste Privatgest\u00fct Deutschlands, mit dem auch heute gro\u00dfe Erfolge in nationalen und internationalen Wettbewerben verbunden sind. <\/span><br \/>\n<span style=\"font-size: 12pt\"> Als zweites pr\u00e4chtiges Schloss ist hier Schloss Frens angesiedelt. <\/span><br \/>\n<span style=\"font-size: 12pt\"> Der Glasbl\u00e4serbrunnen im Ort erinnert an die gro\u00dfe Zeit der Ichendorfer Glash\u00fctte, deren Gl\u00e4ser bis an den englischen K\u00f6nigshof geliefert wurden.\u00a0\u00a0<\/span><br \/>\n<span style=\"font-size: 12pt\">\u00a0<\/span><br \/>\n<strong><span style=\"font-size: 12pt\">Quadrath-Ichendorf heute<\/span><\/strong><br \/>\n<span style=\"font-size: 12pt\">Das B\u00fcrgerhaus, ein Hallen- und Freibad sowie weitere Freizeitanlagen sorgen f\u00fcr ausgiebige M\u00f6glichkeiten der Freizeitgestaltung.<br \/>\nViele kulturelle und sportliche Vereine unterst\u00fctzen diese Aktivit\u00e4ten.<\/span><\/p>\n<p><span style=\"font-size: 12pt\">F\u00fcr Familien mit Kindern bietet der Stadtteil eine gute Bildungslandschaft mit Kindertageseinrichtungen, Grundschule und der Gesamtschule.\u00a0\u00a0<\/span><\/p>\n<p>Quelle: www.bergheim.de<\/p>\n<p><span style=\"font-size: 12pt\">Und wie begann es?<br \/>\n<\/span><\/p>\n<table style=\"height: 367px\" border=\"0\" width=\"930\">\n<tbody>\n<tr>\n<td align=\"right\" valign=\"top\"><strong><span style=\"color: #ff0000;font-size: 12pt\">1051<\/span><\/strong><\/td>\n<td><strong><span style=\"color: #ff0000;font-size: 12pt\">\u00a0<\/span><\/strong><\/td>\n<td align=\"left\" valign=\"top\"><strong><span style=\"color: #ff0000;font-size: 12pt\">Erste urkundliche Erw\u00e4hnung<\/span><\/strong><\/td>\n<\/tr>\n<tr>\n<td align=\"right\" valign=\"top\"><span style=\"font-size: 12pt\">1099<\/span><\/td>\n<td><span style=\"font-size: 12pt\">\u00a0<\/span><\/td>\n<td align=\"left\" valign=\"top\"><span style=\"font-size: 12pt\">Rentenverzeichnis der Armenf\u00fcrsorge der Abtei Brauweiler<\/span><\/td>\n<\/tr>\n<tr>\n<td align=\"right\" valign=\"top\"><span style=\"font-size: 12pt\">\u00a0<\/span><\/td>\n<td><span style=\"font-size: 12pt\">\u00a0<\/span><\/td>\n<td align=\"left\" valign=\"top\"><span style=\"font-size: 12pt\">Die Urkunde erw\u00e4hnt die Einrichtung des Armenhauses durch den Abt Wolfhelm (1065-1091) und gibt eine \u00dcbersicht \u00fcber die Erwerbungen und Schenkungen f\u00fcr die Armenf\u00fchrsorge aus der Zeit der \u00c4bte Wolfhelm und seiner drei Nachfolger. Die genannten Orte liegen vorwiegend in der Umgebung Brauweilers (Sinthern, L\u00f6venich, Freimersdorf, <strong>Ichendorf<\/strong>, Gro\u00dfk\u00f6nigsdorf, Glessen, Dansweiler), ferner an der Mosel (Reil, Luterath), im Raum Bonn (Gielsdorf oder Gelsdorf, Eckendorf) in Westfalen (Demtrode bei Herdecke).<\/span><span style=\"font-size: 12pt\">(Kurk\u00f6ln Land unter dem Krummstab Nr. 68 HSTAD Depos. Stadt K\u00f6ln Urk. 7)<\/span><\/td>\n<\/tr>\n<tr>\n<td align=\"right\" valign=\"top\"><strong><span style=\"color: #000000;font-size: 12pt\">1237<\/span><\/strong><\/td>\n<td><strong><span style=\"color: #000000;font-size: 12pt\">\u00a0<\/span><\/strong><\/td>\n<td align=\"left\" valign=\"top\"><strong><span style=\"color: #000000;font-size: 12pt\">Wilhelmus von Ichendorp, Ritter (Urk.Buch)<\/span><\/strong><\/td>\n<\/tr>\n<tr>\n<td align=\"right\" valign=\"top\"><span style=\"font-size: 12pt\">1270<\/span><\/td>\n<td><span style=\"font-size: 12pt\">\u00a0<\/span><\/td>\n<td align=\"left\" valign=\"top\"><span style=\"font-size: 12pt\">Wappen des Franz Arnold von Frens, <strong>Rittersitz<span style=\"color: #000000\"> Ichendorf<\/span><\/strong><\/span><span style=\"font-size: 12pt\">Sig. Handschriften P12 S. 16, 24 Qu. z. Geschichter der Stadt Bergheim Seite 124 Nr. 863<\/span><\/td>\n<\/tr>\n<tr>\n<td align=\"right\" valign=\"top\"><span style=\"font-size: 12pt\">1271<\/span><\/td>\n<td><span style=\"font-size: 12pt\">\u00a0<\/span><\/td>\n<td align=\"left\" valign=\"top\"><span style=\"font-size: 12pt\">Frambach von Schlenderhan erstmalig genannt (Urk.Buch)<\/span><\/td>\n<\/tr>\n<tr>\n<td align=\"right\" valign=\"top\"><span style=\"font-size: 12pt\">1320<\/span><\/td>\n<td><span style=\"font-size: 12pt\">\u00a0<\/span><\/td>\n<td align=\"left\" valign=\"top\"><span style=\"font-size: 12pt\">Mit Edmund von Gymnich beginnt die Stammreihe des Geschlechtes von Gymnich (H2)<\/span><\/td>\n<\/tr>\n<tr>\n<td align=\"right\" valign=\"top\"><span style=\"color: #000000\"><strong><span style=\"font-size: 12pt\">17. M\u00e4rz 1384<\/span><\/strong><\/span><\/td>\n<td><span style=\"color: #000000\"><strong><span style=\"font-size: 12pt\">\u00a0<\/span><\/strong><\/span><\/td>\n<td align=\"left\" valign=\"top\"><span style=\"color: #000000\"><strong><span style=\"font-size: 12pt\">Stiftung f\u00fcr die Kirche in Quadrath (Urk.Buch)<\/span><\/strong><\/span><\/td>\n<\/tr>\n<\/tbody>\n<\/table>\n<p>Quelle: mein-quadrath-ichendorf.de ,Dank an Frau Kiethe<\/p>\n","protected":false},"excerpt":{"rendered":"<p><strong>Schnell, pr\u00e4chtig und zerbrechlich<\/strong> Drei Eigenschaften werden hier genannt, die leicht zu erkl\u00e4ren sind. Ein zentraler Platz mit einer beeindruckenden Pferdeskulptur und viele Stra\u00dfennamen geben den ersten Hinweis: Quadrath ist ein Zentrum des westdeutschen Galoppsports. Das Schloss Schlenderhan beherbergt das \u00e4lteste Privatgest\u00fct Deutschlands, mit dem auch heute gro\u00dfe Erfolge in nationalen und internationalen Wettbewerben verbunden &hellip; <\/p>\n<p><a class=\"more-link btn\" href=\"https:\/\/unser-quartier.de\/stadt-bergheim\/startseite\/bilder\/stadtteile\/beschreibungen\/beschreibung-quadrath-ichendorf\/\">Weiterlesen<\/a><\/p>\n","protected":false},"author":48,"featured_media":0,"parent":3841,"menu_order":14,"comment_status":"open","ping_status":"open","template":"","meta":{"_bbp_topic_count":0,"_bbp_reply_count":0,"_bbp_total_topic_count":0,"_bbp_total_reply_count":0,"_bbp_voice_count":0,"_bbp_anonymous_reply_count":0,"_bbp_topic_count_hidden":0,"_bbp_reply_count_hidden":0,"_bbp_forum_subforum_count":0,"jetpack_post_was_ever_published":false,"footnotes":""},"class_list":["post-4126","page","type-page","status-publish","hentry","nodate","item-wrap"],"jetpack_sharing_enabled":true,"jetpack_shortlink":"https:\/\/wp.me\/P3vhfJ-14y","jetpack_likes_enabled":true,"_links":{"self":[{"href":"https:\/\/unser-quartier.de\/stadt-bergheim\/wp-json\/wp\/v2\/pages\/4126","targetHints":{"allow":["GET"]}}],"collection":[{"href":"https:\/\/unser-quartier.de\/stadt-bergheim\/wp-json\/wp\/v2\/pages"}],"about":[{"href":"https:\/\/unser-quartier.de\/stadt-bergheim\/wp-json\/wp\/v2\/types\/page"}],"author":[{"embeddable":true,"href":"https:\/\/unser-quartier.de\/stadt-bergheim\/wp-json\/wp\/v2\/users\/48"}],"replies":[{"embeddable":true,"href":"https:\/\/unser-quartier.de\/stadt-bergheim\/wp-json\/wp\/v2\/comments?post=4126"}],"version-history":[{"count":0,"href":"https:\/\/unser-quartier.de\/stadt-bergheim\/wp-json\/wp\/v2\/pages\/4126\/revisions"}],"up":[{"embeddable":true,"href":"https:\/\/unser-quartier.de\/stadt-bergheim\/wp-json\/wp\/v2\/pages\/3841"}],"wp:attachment":[{"href":"https:\/\/unser-quartier.de\/stadt-bergheim\/wp-json\/wp\/v2\/media?parent=4126"}],"curies":[{"name":"wp","href":"https:\/\/api.w.org\/{rel}","templated":true}]}}