{"id":4668,"date":"2014-12-11T14:44:28","date_gmt":"2014-12-11T13:44:28","guid":{"rendered":"http:\/\/unser-quartier.de\/stadt-bergheim\/?page_id=4668"},"modified":"2015-08-25T13:24:03","modified_gmt":"2015-08-25T11:24:03","slug":"generationen-akademie-rheinland","status":"publish","type":"page","link":"https:\/\/unser-quartier.de\/stadt-bergheim\/informationen\/untermenue-3\/generationen-akademie-rheinland\/","title":{"rendered":"Generationen-Akademie Rheinland"},"content":{"rendered":"<p>&nbsp;<\/p>\n<p><span style=\"font-size: 12pt\">Die Generationen-Akademie Rheinland versteht sich als Begleiter des demografischen Wandels und f\u00f6rdert Netzwerkprojekte und Weiterbildung zur beruflichen oder pers\u00f6nlichen Entwicklung der Generation 50plus. Das Angebot richtet sich an<\/span><\/p>\n<ul>\n<li><span style=\"font-size: 12pt\">lebenserfahrene Menschen, die sich noch einmal beruflich<br \/>\nqualifizieren oder neu orientieren wollen<\/span><\/li>\n<li><span style=\"font-size: 12pt\">aktive Menschen, die sich ehrenamtlich engagieren;<\/span><\/li>\n<li><span style=\"font-size: 12pt\">\u201eBest Ager\u201c, die sich geistig und k\u00f6rperlich fit halten<\/span><\/li>\n<li><span style=\"font-size: 12pt\">und Experten, die ihr Wissen nach dem Berufsleben weitergeben wollen.<\/span><\/li>\n<\/ul>\n<p><span style=\"font-size: 12pt\"><strong>\u00a0<\/strong><\/span><\/p>\n<p><span style=\"font-size: 12pt\"><strong>Bildung f\u00fcr die Lebenserfahrenen<\/strong><\/span><\/p>\n<p><span style=\"font-size: 12pt\">Ein Schwerpunkt sind <a href=\"http:\/\/www.g-a-r.de\/studium-50.html\">Zertifikatskurse <\/a>f\u00fcr die Generation 50plus, die ein Bindeglied zwischen herk\u00f6mmlicher Weiterbildung und Hochschulstudium darstellen. Das kostenpflichtige \u201eStudium 50plus\u201c wird vom Generationenministerium des Landes Nordrhein-Westfalen gef\u00f6rdert. F\u00f6rderm\u00f6glichkeiten \u00fcber die H\u00e4lfte der Seminarkosten, maximal aber 2.000 Euro, bestehen beispielsweise durch den Bildungsscheck f\u00fcr Kurse zur beruflichen Weiterbildung oder zum pers\u00f6nlichen Kompetenzaufbau. Hier k\u00f6nnen Sie Ihre Voraussetzung pr\u00fcfen:<\/span><\/p>\n<p><span style=\"font-size: 12pt\"><a href=\"http:\/\/www.arbeit.nrw.de\/arbeit\/erfolgreich_arbeiten\/angebote_nutzen\/bildungsscheck\/index.php\">http:\/\/www.arbeit.nrw.de\/arbeit\/erfolgreich_arbeiten\/angebote_nutzen\/bildungsscheck\/index.php<\/a><\/span><\/p>\n<p><span style=\"font-size: 12pt\">Die praxisorientierten Weiterbildungs-Kurse der Generationen-Akademie Rheinland wurden mit versierten Partnern in der Erwachsenenp\u00e4dagogik wie der Deutschen Sporthochschule K\u00f6ln, der Pr\u00e4ha-Akademie Kerpen, dem LandesSportBund, dem KreisSportBund Rhein &#8211; Erft e.V. sowie dem Museumsdienst K\u00f6ln konzipiert und finden in Teilzeit an zwei Nachmittagen pro Woche statt. Aktuell kann man sich beispielsweise zum Generationenmanager \u201eFitness und Bewegung im Alter\u201c sowie zum \u201eKultur- und G\u00e4stef\u00fchrer\u201c ausbilden lassen. Au\u00dferdem gibt es eine Schreibwerkstatt.<\/span><\/p>\n<p><span style=\"font-size: 12pt\"><strong>Mobile Beratung vor Ort<\/strong><\/span><\/p>\n<p><span style=\"font-size: 12pt\">Mit der\u00a0 \u201eMobile Beratung vor Ort\u201c hat die Generationenakademie Rheinland ein Netzwerkprojekt gestartet, das \u00e4lteren Menschen erm\u00f6glicht, m\u00f6glichst lange aktiv und in der gewohnten Lebensumgebung zu bleiben. Durch eine bessere Vernetzung von Akteuren, Initiativen, Organisationen und Vereinen werden Angebote f\u00fcr Senioren und Angeh\u00f6rige gezielt geb\u00fcndelt und speziell auf die Bed\u00fcrfnisse der Zielgruppe zugeschnitten. Qualifizierte Quartiersmanager unterrichten vor Ort \u00fcber wichtige Fragen des \u00c4lterwerdens und kommen auf Wunsch auch zur Beratung nach Hause. In Bergheim machen Ahe und Glessen den Anfang (Link: https:\/\/unser-quartier.de\/stadt-bergheim\/aktuelles\/mobo-mobile-beratung-vor-ort\/)<\/span><\/p>\n<p><span style=\"font-size: 12pt\">Gef\u00f6rdert wird das Projekt vom Bundesministerium f\u00fcr Familie, Senioren, Frauen und Jugend. Partner sind der Kreissportbund Rhein &#8211; Erft e.V., der Rhein &#8211; Erft Kreis und die PR\u00c4HA Akademie.<\/span><\/p>\n<p><span style=\"font-size: 12pt\">Mobo hei\u00dft:<\/span><\/p>\n<p><span style=\"font-size: 12pt\"><strong>M <\/strong>obile Beratung<\/span><\/p>\n<p><span style=\"font-size: 12pt\"><strong>O<\/strong> rtsnahe Betreuung<\/span><\/p>\n<p><span style=\"font-size: 12pt\"><strong>B<\/strong> ewegte Zusammenkunft<\/span><\/p>\n<p><span style=\"font-size: 12pt\"><strong>O<\/strong> rganisierte Freizeit<\/span><\/p>\n<p><span style=\"font-size: 12pt\"><strong>Kontakt: \u00a0<\/strong><\/span><\/p>\n<p><span style=\"font-size: 12pt\"><strong>Generationen Akademie Rheinland e.V.<br \/>\n<\/strong> <strong>Bahnhofstra\u00dfe 11\u00a0<\/strong><br \/>\n<strong>50169 Kerpen-Horrem<\/strong><br \/>\n<strong>Telefon: 02273\/6071168<\/strong><\/span><\/p>\n","protected":false},"excerpt":{"rendered":"<p>&nbsp;<\/p>\n<p>Die Generationen-Akademie Rheinland versteht sich als Begleiter des demografischen Wandels und f\u00f6rdert Netzwerkprojekte und Weiterbildung zur beruflichen oder pers\u00f6nlichen Entwicklung der Generation 50plus. Das Angebot richtet sich an<\/p>\n<ul>\n<li>lebenserfahrene Menschen, die sich noch einmal beruflich qualifizieren oder neu orientieren wollen<\/li>\n<li>aktive Menschen, die sich ehrenamtlich engagieren;<\/li>\n<li>\u201eBest Ager\u201c, die sich geistig und k\u00f6rperlich &hellip;\n<p><a class=\"more-link btn\" href=\"https:\/\/unser-quartier.de\/stadt-bergheim\/informationen\/untermenue-3\/generationen-akademie-rheinland\/\">Weiterlesen<\/a><\/p>\n<\/li>\n<\/ul>\n","protected":false},"author":48,"featured_media":0,"parent":3336,"menu_order":8,"comment_status":"open","ping_status":"open","template":"","meta":{"_bbp_topic_count":0,"_bbp_reply_count":0,"_bbp_total_topic_count":0,"_bbp_total_reply_count":0,"_bbp_voice_count":0,"_bbp_anonymous_reply_count":0,"_bbp_topic_count_hidden":0,"_bbp_reply_count_hidden":0,"_bbp_forum_subforum_count":0,"jetpack_post_was_ever_published":false,"footnotes":""},"class_list":["post-4668","page","type-page","status-publish","hentry","nodate","item-wrap"],"jetpack_sharing_enabled":true,"jetpack_shortlink":"https:\/\/wp.me\/P3vhfJ-1di","jetpack_likes_enabled":true,"_links":{"self":[{"href":"https:\/\/unser-quartier.de\/stadt-bergheim\/wp-json\/wp\/v2\/pages\/4668","targetHints":{"allow":["GET"]}}],"collection":[{"href":"https:\/\/unser-quartier.de\/stadt-bergheim\/wp-json\/wp\/v2\/pages"}],"about":[{"href":"https:\/\/unser-quartier.de\/stadt-bergheim\/wp-json\/wp\/v2\/types\/page"}],"author":[{"embeddable":true,"href":"https:\/\/unser-quartier.de\/stadt-bergheim\/wp-json\/wp\/v2\/users\/48"}],"replies":[{"embeddable":true,"href":"https:\/\/unser-quartier.de\/stadt-bergheim\/wp-json\/wp\/v2\/comments?post=4668"}],"version-history":[{"count":0,"href":"https:\/\/unser-quartier.de\/stadt-bergheim\/wp-json\/wp\/v2\/pages\/4668\/revisions"}],"up":[{"embeddable":true,"href":"https:\/\/unser-quartier.de\/stadt-bergheim\/wp-json\/wp\/v2\/pages\/3336"}],"wp:attachment":[{"href":"https:\/\/unser-quartier.de\/stadt-bergheim\/wp-json\/wp\/v2\/media?parent=4668"}],"curies":[{"name":"wp","href":"https:\/\/api.w.org\/{rel}","templated":true}]}}