{"id":4778,"date":"2018-01-10T10:30:54","date_gmt":"2018-01-10T09:30:54","guid":{"rendered":"http:\/\/unser-quartier.de\/stadt-bergheim\/?page_id=4778"},"modified":"2018-01-10T10:45:45","modified_gmt":"2018-01-10T09:45:45","slug":"wir-sind-auch-ueber-facebook-zu-erreichen","status":"publish","type":"page","link":"https:\/\/unser-quartier.de\/stadt-bergheim\/startseite\/was-ist-das-fachforum-seniorenarbeit-fase\/wir-sind-auch-ueber-facebook-zu-erreichen\/","title":{"rendered":"Wir sind auch \u00fcber Facebook zu erreichen!"},"content":{"rendered":"<p><span style=\"font-size: 18pt\">Seniorenportal Bergheim<\/span><\/p>\n<p><span style=\"font-size: 14pt\">Das\u00a0Infoportal f\u00fcr &#8220;Alle&#8221;, Schwerpunkt-Thema &#8220;\u00c4lterwerden&#8221; ! <\/span><\/p>\n<p><span style=\"font-size: 18pt\"><img data-recalc-dims=\"1\" loading=\"lazy\" decoding=\"async\" data-attachment-id=\"4780\" data-permalink=\"https:\/\/unser-quartier.de\/stadt-bergheim\/startseite\/was-ist-das-fachforum-seniorenarbeit-fase\/wir-sind-auch-ueber-facebook-zu-erreichen\/seniorengruppe\/\" data-orig-file=\"https:\/\/i0.wp.com\/unser-quartier.de\/stadt-bergheim\/files\/2014\/12\/SeniorenGruppe.jpg?fit=262%2C180&amp;ssl=1\" data-orig-size=\"262,180\" data-comments-opened=\"0\" data-image-meta=\"{&quot;aperture&quot;:&quot;0&quot;,&quot;credit&quot;:&quot;Wir Testen&quot;,&quot;camera&quot;:&quot;&quot;,&quot;caption&quot;:&quot;&quot;,&quot;created_timestamp&quot;:&quot;0&quot;,&quot;copyright&quot;:&quot;&quot;,&quot;focal_length&quot;:&quot;0&quot;,&quot;iso&quot;:&quot;0&quot;,&quot;shutter_speed&quot;:&quot;0&quot;,&quot;title&quot;:&quot;&quot;,&quot;orientation&quot;:&quot;0&quot;}\" data-image-title=\"SeniorenGruppe\" data-image-description=\"\" data-image-caption=\"\" data-medium-file=\"https:\/\/i0.wp.com\/unser-quartier.de\/stadt-bergheim\/files\/2014\/12\/SeniorenGruppe.jpg?fit=262%2C180&amp;ssl=1\" data-large-file=\"https:\/\/i0.wp.com\/unser-quartier.de\/stadt-bergheim\/files\/2014\/12\/SeniorenGruppe.jpg?fit=262%2C180&amp;ssl=1\" class=\"alignnone wp-image-4780 \" src=\"https:\/\/i0.wp.com\/unser-quartier.de\/stadt-bergheim\/files\/2014\/12\/SeniorenGruppe.jpg?resize=195%2C134&#038;ssl=1\" alt=\"SeniorenGruppe\" width=\"195\" height=\"134\" srcset=\"https:\/\/i0.wp.com\/unser-quartier.de\/stadt-bergheim\/files\/2014\/12\/SeniorenGruppe.jpg?w=262&amp;ssl=1 262w, https:\/\/i0.wp.com\/unser-quartier.de\/stadt-bergheim\/files\/2014\/12\/SeniorenGruppe.jpg?resize=150%2C103&amp;ssl=1 150w\" sizes=\"auto, (max-width: 195px) 100vw, 195px\" \/><\/span><\/p>\n<p><span style=\"font-size: 20px\">Unsere Facebook Seite:<br \/>\n<a href=\"http:\/\/www.facebook.com\/FaSeBM\" target=\"_blank\" rel=\"noopener\">www.facebook.de\/FaSeBM<\/a><\/span><\/p>\n<p>&nbsp;<\/p>\n<p><span style=\"font-size: 12pt\"><span style=\"color: #000000;font-size: 12pt\"><span style=\"font-size: 20px\">U<a style=\"color: #000000\" href=\"mailto:SeniorenOnlineBergheim@groups.facebook.com\">nsere Facebook Gruppen:<\/a><\/span><br \/>\n<span style=\"color: #000080;font-size: 20px\"> Senioren-Online-Bergheim<\/span><\/span><\/span><\/p>\n<p><span style=\"font-size: 12pt\"><span style=\"color: #000000;font-size: 12pt\"><span style=\"color: #000080;font-size: 20px\">Freunde, vom Seniorenportal Bergheim<\/span><br \/>\n<\/span><\/span><span style=\"font-size: 12pt\"><br \/>\n<img data-recalc-dims=\"1\" loading=\"lazy\" decoding=\"async\" data-attachment-id=\"4781\" data-permalink=\"https:\/\/unser-quartier.de\/stadt-bergheim\/startseite\/was-ist-das-fachforum-seniorenarbeit-fase\/wir-sind-auch-ueber-facebook-zu-erreichen\/gruppenkopf\/\" data-orig-file=\"https:\/\/i0.wp.com\/unser-quartier.de\/stadt-bergheim\/files\/2014\/12\/Gruppenkopf.jpg?fit=983%2C539&amp;ssl=1\" data-orig-size=\"983,539\" data-comments-opened=\"0\" data-image-meta=\"{&quot;aperture&quot;:&quot;0&quot;,&quot;credit&quot;:&quot;Wir Testen&quot;,&quot;camera&quot;:&quot;&quot;,&quot;caption&quot;:&quot;&quot;,&quot;created_timestamp&quot;:&quot;1419774872&quot;,&quot;copyright&quot;:&quot;&quot;,&quot;focal_length&quot;:&quot;0&quot;,&quot;iso&quot;:&quot;0&quot;,&quot;shutter_speed&quot;:&quot;0&quot;,&quot;title&quot;:&quot;&quot;,&quot;orientation&quot;:&quot;0&quot;}\" data-image-title=\"Gruppenkopf\" data-image-description=\"\" data-image-caption=\"\" data-medium-file=\"https:\/\/i0.wp.com\/unser-quartier.de\/stadt-bergheim\/files\/2014\/12\/Gruppenkopf.jpg?fit=300%2C164&amp;ssl=1\" data-large-file=\"https:\/\/i0.wp.com\/unser-quartier.de\/stadt-bergheim\/files\/2014\/12\/Gruppenkopf.jpg?fit=770%2C422&amp;ssl=1\" class=\"alignnone wp-image-4781 size-medium\" src=\"https:\/\/i0.wp.com\/unser-quartier.de\/stadt-bergheim\/files\/2014\/12\/Gruppenkopf.jpg?resize=300%2C164&#038;ssl=1\" alt=\"Gruppenkopf\" width=\"300\" height=\"164\" srcset=\"https:\/\/i0.wp.com\/unser-quartier.de\/stadt-bergheim\/files\/2014\/12\/Gruppenkopf.jpg?resize=300%2C164&amp;ssl=1 300w, https:\/\/i0.wp.com\/unser-quartier.de\/stadt-bergheim\/files\/2014\/12\/Gruppenkopf.jpg?resize=150%2C82&amp;ssl=1 150w, https:\/\/i0.wp.com\/unser-quartier.de\/stadt-bergheim\/files\/2014\/12\/Gruppenkopf.jpg?w=983&amp;ssl=1 983w\" sizes=\"auto, (max-width: 300px) 100vw, 300px\" \/><br \/>\n<\/span><\/p>\n<p><span style=\"font-size: 20px\">Die Online-Gruppe bringt Bergheimer Seniorinnen und Senioren zusammen<br \/>\nund f\u00f6rdert den Austausch von Gedanken und b\u00fcndelt n\u00fctzliche Informationen<br \/>\n\u00fcber verschiedene Themen (Rat und Hilfe, Sport und Freizeit, Aktuelles, Themen, Veranstaltungen, Tipps). Werden Sie Mitglied in dieser Gruppe und Sie erfahren auch \u00fcber diesen Weg Informationen. Der Schwerpunkt unserer Aktivit\u00e4ten bleibt nat\u00fcrlich auf unserer WebSite: <strong>www.unser-quartier.de\/stadt-bergheim<\/strong><\/span><\/p>\n<p>Zus\u00e4tzlich sind wir auch zu erreichen \u00fcber eigene Senioren Bergheim App,<br \/>\nTwitter (Seniorenportal @SeniorenBM), WhatsApp (Knabben) , Google (Gemeinsam geht besser) und wie gesagt \u00fcber Facebook. Unsere Mail-Adresse ist: <a href=\"mailto:senioren-online@gmx.de\">senioren-online@gmx.de<\/a><\/p>\n<p><span style=\"font-size: 12pt\">Ihr Online Team Koordinator<\/span><\/p>\n<p>Hans-J\u00fcrgen Knabben<\/p>\n<p>&nbsp;<\/p>\n<p>&nbsp;<\/p>\n","protected":false},"excerpt":{"rendered":"<p>Seniorenportal Bergheim<\/p>\n<p>Das\u00a0Infoportal f\u00fcr &#8220;Alle&#8221;, Schwerpunkt-Thema &#8220;\u00c4lterwerden&#8221; ! <\/p>\n<\/p>\n<p>Unsere Facebook Seite: www.facebook.de\/FaSeBM<\/p>\n<p>&nbsp;<\/p>\n<p>Unsere Facebook Gruppen: Senioren-Online-Bergheim<\/p>\n<p>Freunde, vom Seniorenportal Bergheim <\/p>\n<p>Die Online-Gruppe bringt Bergheimer Seniorinnen und Senioren zusammen und f\u00f6rdert den Austausch von Gedanken und b\u00fcndelt n\u00fctzliche Informationen \u00fcber verschiedene Themen (Rat und Hilfe, Sport und Freizeit, Aktuelles, Themen, Veranstaltungen, Tipps). &hellip; <\/p>\n<p><a class=\"more-link btn\" href=\"https:\/\/unser-quartier.de\/stadt-bergheim\/startseite\/was-ist-das-fachforum-seniorenarbeit-fase\/wir-sind-auch-ueber-facebook-zu-erreichen\/\">Weiterlesen<\/a><\/p>\n","protected":false},"author":48,"featured_media":0,"parent":133,"menu_order":7,"comment_status":"open","ping_status":"open","template":"","meta":{"_bbp_topic_count":0,"_bbp_reply_count":0,"_bbp_total_topic_count":0,"_bbp_total_reply_count":0,"_bbp_voice_count":0,"_bbp_anonymous_reply_count":0,"_bbp_topic_count_hidden":0,"_bbp_reply_count_hidden":0,"_bbp_forum_subforum_count":0,"jetpack_post_was_ever_published":false,"footnotes":""},"class_list":["post-4778","page","type-page","status-publish","hentry","nodate","item-wrap"],"jetpack_sharing_enabled":true,"jetpack_shortlink":"https:\/\/wp.me\/P3vhfJ-1f4","jetpack_likes_enabled":true,"_links":{"self":[{"href":"https:\/\/unser-quartier.de\/stadt-bergheim\/wp-json\/wp\/v2\/pages\/4778","targetHints":{"allow":["GET"]}}],"collection":[{"href":"https:\/\/unser-quartier.de\/stadt-bergheim\/wp-json\/wp\/v2\/pages"}],"about":[{"href":"https:\/\/unser-quartier.de\/stadt-bergheim\/wp-json\/wp\/v2\/types\/page"}],"author":[{"embeddable":true,"href":"https:\/\/unser-quartier.de\/stadt-bergheim\/wp-json\/wp\/v2\/users\/48"}],"replies":[{"embeddable":true,"href":"https:\/\/unser-quartier.de\/stadt-bergheim\/wp-json\/wp\/v2\/comments?post=4778"}],"version-history":[{"count":0,"href":"https:\/\/unser-quartier.de\/stadt-bergheim\/wp-json\/wp\/v2\/pages\/4778\/revisions"}],"up":[{"embeddable":true,"href":"https:\/\/unser-quartier.de\/stadt-bergheim\/wp-json\/wp\/v2\/pages\/133"}],"wp:attachment":[{"href":"https:\/\/unser-quartier.de\/stadt-bergheim\/wp-json\/wp\/v2\/media?parent=4778"}],"curies":[{"name":"wp","href":"https:\/\/api.w.org\/{rel}","templated":true}]}}