{"id":5294,"date":"2015-03-07T16:06:50","date_gmt":"2015-03-07T15:06:50","guid":{"rendered":"http:\/\/unser-quartier.de\/stadt-bergheim\/?page_id=5294"},"modified":"2020-02-22T10:12:52","modified_gmt":"2020-02-22T09:12:52","slug":"die-ortsbuergermeisterinnen-und-ortsbuergermeister","status":"publish","type":"page","link":"https:\/\/unser-quartier.de\/stadt-bergheim\/startseite\/bilder\/die-ortsbuergermeisterinnen-und-ortsbuergermeister\/","title":{"rendered":"Die Ortsb\u00fcrgermeisterinnen und Ortsb\u00fcrgermeister"},"content":{"rendered":"<h1>Ortsb\u00fcrgermeister<\/h1>\n<h3>Aufgaben der Ortsb\u00fcrgermeister<\/h3>\n<div class=\"wrapper-text\">\n<p>Der Ortsb\u00fcrgermeister wird vom Rat f\u00fcr jeden Stadt(Gemeinde-)bezirk gew\u00e4hlt. Er vertritt die Belange seines Bezirks gegen\u00fcber dem Rat.<\/p>\n<p>Daneben nehmen die Ortsb\u00fcrgermeister in ihrer Eigenschaft als Ehrenbeamte folgende Verwaltungsaufgaben wahr:<\/p>\n<\/div>\n<div class=\"wrapper-text-list-txt\">\n<ul>\n<li>Entgegennahme von Antr\u00e4gen jeder Art, um sie an die Verwaltung weiterzuleiten<\/li>\n<li>Ausstellung von Lebensbescheinigungen in Rentensachen<\/li>\n<li>Beglaubigungen von Abschriften, Kopien und Unterschriften<\/li>\n<\/ul>\n<\/div>\n<div class=\"spacer\"><\/div>\n<h3>Ausnahmen<\/h3>\n<div class=\"wrapper-text\">\n<p>Rentensachen nach \u00a7 23 SGB X (eidesstattliche Erkl\u00e4rung) d\u00fcrfen nur von den Versicherungs\u00e4mtern, den Versicherten-\u00c4ltesten sowie den Auskunfts- und Beratungsstellen der Versicherungstr\u00e4ger vorgenommen werden.<br \/>\nNach Personenstandsgesetz sind ausschlie\u00dflich die Standesbeamten zum Ausstellen der Personenstandsurkunden bzw. zum Beglaubigen befugt. Zu den Personanstandsurkunden z\u00e4hlen: beglaubigte Abschriften aus den Personenstandsb\u00fcchern, Geburtsschein, Geburtsurkunde, Heiratsurkunde, Abstammungsurkunde, Sterbeurkunde und der Auszug aus dem Familienbuch.<\/p>\n<\/div>\n<div class=\"wrapper-text-list-txt\">\n<ul>\n<li>Aufgabenwahrnehmung als Umweltbeauftragte f\u00fcr ihren Stadtbezirk<\/li>\n<li>Meldung von Sch\u00e4den\u00a0an kommunalen Einrichtungen, vor allem an Geb\u00e4uden, Stra\u00dfen, B\u00fcrgersteigen einschlie\u00dflich der Stra\u00dfenbeleuchtung und Verkehrszeichen sowie Gr\u00fcnanlagen<\/li>\n<li>Teilnahme an Besprechungen in und au\u00dferhalb der Verwaltung, bei denen Ortsprobleme zu kl\u00e4ren sind<\/li>\n<li>Genehmigung der Benutzung der st\u00e4dtischen <a href=\"https:\/\/www.bergheim.de\/grillhuetten-im-stadtgebiet.aspx\" target=\"_blank\" rel=\"noopener noreferrer\" class=\"broken_link\">Grillpl\u00e4tze<\/a> und Aus\u00fcbung des Hausrechts \u00fcber diese, es sei denn, der Ortsb\u00fcrgermeister benennt einen H\u00fcttenwart.<\/li>\n<\/ul>\n<\/div>\n<div class=\"spacer\"><\/div>\n<div class=\"wrapper-text\">\n<p>Zus\u00e4tzlich besteht die M\u00f6glichkeit, mit ihm alle Fragen des \u00f6rtlichen Gemeinwesens zu er\u00f6rtern.<\/p>\n<\/div>\n<h3>Wie Sie die Ortsb\u00fcrgermeister erreichen k\u00f6nnen<\/h3>\n<div class=\"wrapper-text\">\n<p><strong>Ahe<\/strong><\/p>\n<p>Frank Amenda, Am Kapellenkreuz 11A, 50126 Bergheim<\/p>\n<p>Telefon: <a href=\"tel:0 22 71 - 98 98 59\">0 22 71 &#8211; 98 98 59<\/a><\/p>\n<p>Sprechzeiten:\u00a0nach Vereinbarung<\/p>\n<p><strong>Auenheim<\/strong><\/p>\n<p>Heinz-Peter Klein, Gillbachstra\u00dfe 2a, 50129 Bergheim<\/p>\n<p>Telefon: <a href=\"tel:0 22 71 - 56 98 229\">0 22 71 &#8211; 56 98 229<\/a><\/p>\n<p>Sprechstunde: nach Vereinbarung<\/p>\n<p><strong>B\u00fcsdorf<\/strong><\/p>\n<p>Georg Linzbach, Fliestedener Stra\u00dfe 8, 50129 Bergheim<\/p>\n<p>Telefon: <a href=\"tel:0 22 38 - 4 28 64\">0 22 38 &#8211; 4 28 64<\/a><\/p>\n<p>Sprechstunde: nach Vereinbarung<\/p>\n<p><strong>Fliesteden<\/strong><\/p>\n<p>Elisabeth H\u00fclsewig, Im Broich 32, 50129 Bergheim<\/p>\n<p>Telefon: <a href=\"tel:0 22 38 - 94 50 50\">0 22 38 &#8211; 94 50 50<\/a><\/p>\n<p>Sprechstunde:\u00a0nach Vereinbarung<\/p>\n<p><strong>Glesch<\/strong><\/p>\n<p>Volker Sch\u00e4fer, Peter-Otten-Stra\u00dfe 12, 50126 Bergheim<\/p>\n<p>Telefon: <a href=\"tel:0 22 72 - 8 17 57\">0 22 72 &#8211; 8 17 57<\/a><\/p>\n<p>Sprechstunde: nach Vereinbarung<\/p>\n<p><strong>Glessen<\/strong><\/p>\n<p>Anne Keller, Eibenweg 14, 50129 Bergheim<\/p>\n<p>Telefon: <a href=\"tel:0 22 38 - 4 23 29\">0 22 38 &#8211; 4 23 29<\/a><\/p>\n<p>Sprechstunde: 1. und 3. Donnerstag im Monat von 17 bis 19 Uhr, im Kinder- und Jugendzentrum Checkpoint, Am Wierichskamp und nach Vereinbarung<\/p>\n<p><strong>Kenten<\/strong><\/p>\n<p>Heinz Junggeburth, Gartenstra\u00dfe 4, 50126 Bergheim<\/p>\n<p>Telefon: <a href=\"tel:0 22 71 - 6 28 13\">0 22 71 &#8211; 6 28 13<\/a><\/p>\n<p>Sprechstunde: nach Vereinbarung<\/p>\n<p><strong>Niederau\u00dfem<\/strong><\/p>\n<p>Frank Zimmermann, Riedweg 7, 50129 Bergheim<\/p>\n<p>Mobil: <a href=\"tel:0175 2047623\">0175 2047623<\/a><\/p>\n<p>Sprechstunde:\u00a0nach Vereinbarung<\/p>\n<p><strong>Oberau\u00dfem<\/strong><\/p>\n<p>Hans-Josef Weck,\u00a0B\u00fcsdorfer Str. 2a, 50129 Bergheim<\/p>\n<p>Handy Nr.: <a href=\"tel:0163 - 2609533\">0163 &#8211; 2609533<\/a><\/p>\n<p>Sprechstunde: nach Vereinbarung<\/p>\n<p><strong>Paffendorf<\/strong><\/p>\n<p>Rudolf Schiffer, Heckenstra\u00dfe 64, 50126 Bergheim<\/p>\n<p>Telefon: <a href=\"tel:0 22 71 - 4 21 03\">0 22 71 &#8211; 4 21 03<\/a>, Mobil: <a href=\"tel:0160 99378540\">0160 99378540<\/a><\/p>\n<p>Sprechstunde: nach Vereinbarung<\/p>\n<p><strong>Quadrath-Ichendorf<\/strong><\/p>\n<p>Edwin Schlachter, Kammerstra\u00dfe 35, 50127 Bergheim<\/p>\n<p>Telefon: <a href=\"tel:0 22 71 - 9 64 56\">0 22 71 &#8211; 9 64 56<\/a><\/p>\n<p>Sprechstunde: nach Vereinbarung<\/p>\n<p><strong>Rheidt-H\u00fcchelhoven<\/strong><\/p>\n<p>Norbert Geuenich, Efeuweg 9, 50129 Bergheim<\/p>\n<p>Telefon: 0 21 83 &#8211;\u00a0 441621<\/p>\n<p>Sprechstunde:\u00a0nach Vereinbarung<\/p>\n<p><strong>Thorr<\/strong><\/p>\n<p>Volker Kremer,\u00a0R\u00f6merstra\u00dfe 104, 50127 Bergheim<\/p>\n<p>Telefon: <a href=\"tel:0171 - 4532449\">0171 &#8211; 4532449<\/a><\/p>\n<p>Sprechstunde: nach Vereinbarung<\/p>\n<p><strong>Zieverich<\/strong><\/p>\n<p>Wilhelm Wildschrey, K\u00f6nigsgasse 4, 50126 Bergheim<\/p>\n<p>Telefon: 0 22 71 &#8211;\u00a0 42810<\/p>\n<p>Sprechstunde: nach Vereinbarung<\/p>\n<\/div>\n<p>&nbsp;<\/p>\n<p>&nbsp;<\/p>\n<p><span style=\"font-size: 10pt\">Quelle: www.bergheim.de<\/span><\/p>\n","protected":false},"excerpt":{"rendered":"<p>Ortsb\u00fcrgermeister Aufgaben der Ortsb\u00fcrgermeister <\/p>\n<p>Der Ortsb\u00fcrgermeister wird vom Rat f\u00fcr jeden Stadt(Gemeinde-)bezirk gew\u00e4hlt. Er vertritt die Belange seines Bezirks gegen\u00fcber dem Rat.<\/p>\n<p>Daneben nehmen die Ortsb\u00fcrgermeister in ihrer Eigenschaft als Ehrenbeamte folgende Verwaltungsaufgaben wahr:<\/p>\n<ul>\n<li>Entgegennahme von Antr\u00e4gen jeder Art, um sie an die Verwaltung weiterzuleiten<\/li>\n<li>Ausstellung von Lebensbescheinigungen in Rentensachen<\/li>\n<li>Beglaubigungen von Abschriften, Kopien &hellip;\n<p><a class=\"more-link btn\" href=\"https:\/\/unser-quartier.de\/stadt-bergheim\/startseite\/bilder\/die-ortsbuergermeisterinnen-und-ortsbuergermeister\/\">Weiterlesen<\/a><\/p>\n<\/li>\n<\/ul>\n","protected":false},"author":48,"featured_media":0,"parent":3853,"menu_order":1,"comment_status":"closed","ping_status":"closed","template":"","meta":{"_bbp_topic_count":0,"_bbp_reply_count":0,"_bbp_total_topic_count":0,"_bbp_total_reply_count":0,"_bbp_voice_count":0,"_bbp_anonymous_reply_count":0,"_bbp_topic_count_hidden":0,"_bbp_reply_count_hidden":0,"_bbp_forum_subforum_count":0,"jetpack_post_was_ever_published":false,"footnotes":""},"class_list":["post-5294","page","type-page","status-publish","hentry","nodate","item-wrap"],"jetpack_sharing_enabled":true,"jetpack_shortlink":"https:\/\/wp.me\/P3vhfJ-1no","jetpack_likes_enabled":true,"_links":{"self":[{"href":"https:\/\/unser-quartier.de\/stadt-bergheim\/wp-json\/wp\/v2\/pages\/5294","targetHints":{"allow":["GET"]}}],"collection":[{"href":"https:\/\/unser-quartier.de\/stadt-bergheim\/wp-json\/wp\/v2\/pages"}],"about":[{"href":"https:\/\/unser-quartier.de\/stadt-bergheim\/wp-json\/wp\/v2\/types\/page"}],"author":[{"embeddable":true,"href":"https:\/\/unser-quartier.de\/stadt-bergheim\/wp-json\/wp\/v2\/users\/48"}],"replies":[{"embeddable":true,"href":"https:\/\/unser-quartier.de\/stadt-bergheim\/wp-json\/wp\/v2\/comments?post=5294"}],"version-history":[{"count":0,"href":"https:\/\/unser-quartier.de\/stadt-bergheim\/wp-json\/wp\/v2\/pages\/5294\/revisions"}],"up":[{"embeddable":true,"href":"https:\/\/unser-quartier.de\/stadt-bergheim\/wp-json\/wp\/v2\/pages\/3853"}],"wp:attachment":[{"href":"https:\/\/unser-quartier.de\/stadt-bergheim\/wp-json\/wp\/v2\/media?parent=5294"}],"curies":[{"name":"wp","href":"https:\/\/api.w.org\/{rel}","templated":true}]}}