{"id":5345,"date":"2015-03-09T23:46:04","date_gmt":"2015-03-09T22:46:04","guid":{"rendered":"http:\/\/unser-quartier.de\/stadt-bergheim\/?page_id=5345"},"modified":"2015-03-09T23:46:04","modified_gmt":"2015-03-09T22:46:04","slug":"kentener-sage","status":"publish","type":"page","link":"https:\/\/unser-quartier.de\/stadt-bergheim\/startseite\/bilder\/kenten\/kentener-sage\/","title":{"rendered":"Kentener Sage"},"content":{"rendered":"<p><span style=\"font-size: 12pt\">Im aktuellen Jahrbuch des Bergheimer Geschichtsvereins hat <strong>Astrid Machuj<\/strong> Erz\u00e4hlungen von angsteinfl\u00f6\u00dfenden Tieren und Gespenstern zusammengestellt. Eine der bekanntesten: die <strong>wei\u00dfe Frau von Kenten<\/strong>. Die Geschichte berichtet von der Ritterstochter Adelheid, die heimlich ihren Liebsten heiratete. Ihr Vater erstach den Mann im Zorn, warf ihn in die Erft und verstie\u00df seine schwangere Tochter, die zwar noch ihren Sohn gebar, aber vor Kummer starb. Der Sohn diente sp\u00e4ter einem anderen Ritter \u2013 er t\u00f6tete in einer Fehde seinen Gro\u00dfvater und r\u00e4chte so, ohne es zu wissen, seine Mutter. Die <strong>Kentener Burg verfiel<\/strong>, doch in Nebeln\u00e4chten soll man immer noch die \u201ewei\u00dfe Frau\u201c umherwandeln sehen, die nach ihrem Sohn und ihrem Mann ruft.<\/span><\/p>\n<p>Auszug vom K\u00f6lner Stadt Anzeiger<\/p>\n<p><span style=\"font-size: 12pt\"><a href=\"http:\/\/www.ksta.de\/region\/sagenhaft-zoebbelstier-und-weisse-frauen,15189102,12006846.html\" target=\"_blank\">Zum Ganzen Artikel<\/a><\/span><\/p>\n","protected":false},"excerpt":{"rendered":"<p>Im aktuellen Jahrbuch des Bergheimer Geschichtsvereins hat <strong>Astrid Machuj<\/strong> Erz\u00e4hlungen von angsteinfl\u00f6\u00dfenden Tieren und Gespenstern zusammengestellt. Eine der bekanntesten: die <strong>wei\u00dfe Frau von Kenten<\/strong>. Die Geschichte berichtet von der Ritterstochter Adelheid, die heimlich ihren Liebsten heiratete. Ihr Vater erstach den Mann im Zorn, warf ihn in die Erft und verstie\u00df seine schwangere Tochter, die zwar &hellip; <\/p>\n<p><a class=\"more-link btn\" href=\"https:\/\/unser-quartier.de\/stadt-bergheim\/startseite\/bilder\/kenten\/kentener-sage\/\">Weiterlesen<\/a><\/p>\n","protected":false},"author":48,"featured_media":0,"parent":2547,"menu_order":1,"comment_status":"open","ping_status":"open","template":"","meta":{"_bbp_topic_count":0,"_bbp_reply_count":0,"_bbp_total_topic_count":0,"_bbp_total_reply_count":0,"_bbp_voice_count":0,"_bbp_anonymous_reply_count":0,"_bbp_topic_count_hidden":0,"_bbp_reply_count_hidden":0,"_bbp_forum_subforum_count":0,"jetpack_post_was_ever_published":false,"footnotes":""},"class_list":["post-5345","page","type-page","status-publish","hentry","nodate","item-wrap"],"jetpack_sharing_enabled":true,"jetpack_shortlink":"https:\/\/wp.me\/P3vhfJ-1od","jetpack_likes_enabled":true,"_links":{"self":[{"href":"https:\/\/unser-quartier.de\/stadt-bergheim\/wp-json\/wp\/v2\/pages\/5345","targetHints":{"allow":["GET"]}}],"collection":[{"href":"https:\/\/unser-quartier.de\/stadt-bergheim\/wp-json\/wp\/v2\/pages"}],"about":[{"href":"https:\/\/unser-quartier.de\/stadt-bergheim\/wp-json\/wp\/v2\/types\/page"}],"author":[{"embeddable":true,"href":"https:\/\/unser-quartier.de\/stadt-bergheim\/wp-json\/wp\/v2\/users\/48"}],"replies":[{"embeddable":true,"href":"https:\/\/unser-quartier.de\/stadt-bergheim\/wp-json\/wp\/v2\/comments?post=5345"}],"version-history":[{"count":0,"href":"https:\/\/unser-quartier.de\/stadt-bergheim\/wp-json\/wp\/v2\/pages\/5345\/revisions"}],"up":[{"embeddable":true,"href":"https:\/\/unser-quartier.de\/stadt-bergheim\/wp-json\/wp\/v2\/pages\/2547"}],"wp:attachment":[{"href":"https:\/\/unser-quartier.de\/stadt-bergheim\/wp-json\/wp\/v2\/media?parent=5345"}],"curies":[{"name":"wp","href":"https:\/\/api.w.org\/{rel}","templated":true}]}}