{"id":5490,"date":"2015-03-24T16:10:33","date_gmt":"2015-03-24T15:10:33","guid":{"rendered":"http:\/\/unser-quartier.de\/stadt-bergheim\/?page_id=5490"},"modified":"2015-05-31T23:54:00","modified_gmt":"2015-05-31T21:54:00","slug":"verlassen","status":"publish","type":"page","link":"https:\/\/unser-quartier.de\/stadt-bergheim\/startseite\/vorstellung-der-moderatoren\/kommen-sie-ins-online-team\/verlassen\/","title":{"rendered":"Verlassen&#8230;"},"content":{"rendered":"<p><span style=\"font-size: 12pt\">Liebe Partnerinnen und Partner, Kolleginnen und Kollegen,<\/span><\/p>\n<p><span style=\"font-size: 12pt\">liebgewonnene Menschen, denen ich im Rahmen meiner T\u00e4tigkeit in der Fachstelle \u00c4lterwerden im Rathaus der Kreisstadt Bergheim begegnen durfte\u2026,<\/span><br \/>\n<span style=\"font-size: 12pt\">seit Anfang des Jahres habe ich ein neues Aufgabenfeld im Rathaus.<br \/>\nMit dem angeh\u00e4ngten Brief m\u00f6chte ich mich bei Ihnen und Euch sehr herzlich f\u00fcr die Zusammenarbeit bedanken.<\/span><\/p>\n<p><span style=\"font-size: 12pt\">Herzliche Gr\u00fcsse<br \/>\nBritta Fuchs<\/span><\/p>\n<p><span style=\"font-size: 12pt\">Brief: <a href=\"https:\/\/unser-quartier.de\/stadt-bergheim\/files\/2015\/03\/Abschiedsbrief2015.pdf\">Abschiedsbrief2015<\/a><\/span><\/p>\n<p><span style=\"font-size: 12pt\">Wir vom Fachforum Seniorenarbeit Bergheim bedanken uns f\u00fcr die gute Zusammenarbeit. Viel Erfolg bei der neuen T\u00e4tigkeit!<\/span><\/p>\n<p>&nbsp;<\/p>\n<p>&nbsp;<\/p>\n","protected":false},"excerpt":{"rendered":"<p>Liebe Partnerinnen und Partner, Kolleginnen und Kollegen,<\/p>\n<p>liebgewonnene Menschen, denen ich im Rahmen meiner T\u00e4tigkeit in der Fachstelle \u00c4lterwerden im Rathaus der Kreisstadt Bergheim begegnen durfte\u2026, seit Anfang des Jahres habe ich ein neues Aufgabenfeld im Rathaus. Mit dem angeh\u00e4ngten Brief m\u00f6chte ich mich bei Ihnen und Euch sehr herzlich f\u00fcr die Zusammenarbeit bedanken.<\/p>\n<p>Herzliche &hellip; <\/p>\n<p><a class=\"more-link btn\" href=\"https:\/\/unser-quartier.de\/stadt-bergheim\/startseite\/vorstellung-der-moderatoren\/kommen-sie-ins-online-team\/verlassen\/\">Weiterlesen<\/a><\/p>\n","protected":false},"author":48,"featured_media":2575,"parent":2495,"menu_order":2,"comment_status":"open","ping_status":"open","template":"","meta":{"_bbp_topic_count":0,"_bbp_reply_count":0,"_bbp_total_topic_count":0,"_bbp_total_reply_count":0,"_bbp_voice_count":0,"_bbp_anonymous_reply_count":0,"_bbp_topic_count_hidden":0,"_bbp_reply_count_hidden":0,"_bbp_forum_subforum_count":0,"jetpack_post_was_ever_published":false,"footnotes":""},"class_list":["post-5490","page","type-page","status-publish","has-post-thumbnail","hentry","nodate","item-wrap"],"jetpack_sharing_enabled":true,"jetpack_shortlink":"https:\/\/wp.me\/P3vhfJ-1qy","jetpack_likes_enabled":true,"_links":{"self":[{"href":"https:\/\/unser-quartier.de\/stadt-bergheim\/wp-json\/wp\/v2\/pages\/5490","targetHints":{"allow":["GET"]}}],"collection":[{"href":"https:\/\/unser-quartier.de\/stadt-bergheim\/wp-json\/wp\/v2\/pages"}],"about":[{"href":"https:\/\/unser-quartier.de\/stadt-bergheim\/wp-json\/wp\/v2\/types\/page"}],"author":[{"embeddable":true,"href":"https:\/\/unser-quartier.de\/stadt-bergheim\/wp-json\/wp\/v2\/users\/48"}],"replies":[{"embeddable":true,"href":"https:\/\/unser-quartier.de\/stadt-bergheim\/wp-json\/wp\/v2\/comments?post=5490"}],"version-history":[{"count":0,"href":"https:\/\/unser-quartier.de\/stadt-bergheim\/wp-json\/wp\/v2\/pages\/5490\/revisions"}],"up":[{"embeddable":true,"href":"https:\/\/unser-quartier.de\/stadt-bergheim\/wp-json\/wp\/v2\/pages\/2495"}],"wp:featuredmedia":[{"embeddable":true,"href":"https:\/\/unser-quartier.de\/stadt-bergheim\/wp-json\/wp\/v2\/media\/2575"}],"wp:attachment":[{"href":"https:\/\/unser-quartier.de\/stadt-bergheim\/wp-json\/wp\/v2\/media?parent=5490"}],"curies":[{"name":"wp","href":"https:\/\/api.w.org\/{rel}","templated":true}]}}