{"id":5823,"date":"2015-04-17T14:29:11","date_gmt":"2015-04-17T12:29:11","guid":{"rendered":"http:\/\/unser-quartier.de\/stadt-bergheim\/?page_id=5823"},"modified":"2015-04-17T18:38:00","modified_gmt":"2015-04-17T16:38:00","slug":"5823-2","status":"publish","type":"page","link":"https:\/\/unser-quartier.de\/stadt-bergheim\/informationen\/untermenue-3\/5823-2\/","title":{"rendered":"Anton Heinen Haus und Pfarrgemeinde St. Remigius"},"content":{"rendered":"<p><span style=\"font-size: 12pt\">Sie k\u00f6nnen sich wieder auf das spezielle Programm f\u00fcr Senioren der Pfarrgemeinde<br \/>\nSt. <span style=\"color: #000000\">Remigius<\/span> zusammen mit dem Anton-Heinen-Haus f\u00fcr das Jahr 2015 freuen:<\/span><\/p>\n<p><span style=\"font-size: 12pt\">Sie haben die Chance zu Begegnungen, Gespr\u00e4chen, Gottesdiensten, aber Sie k\u00f6nnen auch selber aktiv werden mit dem Lieder-Wanderweg,<\/span><br \/>\n<span style=\"font-size: 12pt\"> dem gemeinsamen Kochen, einer Besichtigung oder sogar der Radtour. <\/span><\/p>\n<p><span style=\"font-size: 12pt\">Wir freuen uns, wenn Sie die Angebote einfach nur genie\u00dfen,<\/span> <span style=\"font-size: 12pt\">aber auch \u00fcber jede Kritik und besonders \u00fcber jede Anregung zu Erg\u00e4nzungen dieses Programmes.<br \/>\nKlicken Sie auf <strong>\u00a0<\/strong><a href=\"https:\/\/unser-quartier.de\/stadt-bergheim\/files\/2015\/04\/Seniorenangebote-2015_AHH1.pdf\">Seniorenangebote-2015_AHH1<\/a>\u00a0und Sie erfahren das ganze Programm. F\u00fcr Jeden ist etwas dabei&#8230;<\/span><\/p>\n<p><span style=\"font-size: 12pt\">\u00a0<\/span><\/p>\n","protected":false},"excerpt":{"rendered":"<p>Sie k\u00f6nnen sich wieder auf das spezielle Programm f\u00fcr Senioren der Pfarrgemeinde St. Remigius zusammen mit dem Anton-Heinen-Haus f\u00fcr das Jahr 2015 freuen:<\/p>\n<p>Sie haben die Chance zu Begegnungen, Gespr\u00e4chen, Gottesdiensten, aber Sie k\u00f6nnen auch selber aktiv werden mit dem Lieder-Wanderweg, dem gemeinsamen Kochen, einer Besichtigung oder sogar der Radtour. <\/p>\n<p>Wir freuen uns, wenn &hellip; <\/p>\n<p><a class=\"more-link btn\" href=\"https:\/\/unser-quartier.de\/stadt-bergheim\/informationen\/untermenue-3\/5823-2\/\">Weiterlesen<\/a><\/p>\n","protected":false},"author":48,"featured_media":0,"parent":3336,"menu_order":6,"comment_status":"open","ping_status":"open","template":"","meta":{"_bbp_topic_count":0,"_bbp_reply_count":0,"_bbp_total_topic_count":0,"_bbp_total_reply_count":0,"_bbp_voice_count":0,"_bbp_anonymous_reply_count":0,"_bbp_topic_count_hidden":0,"_bbp_reply_count_hidden":0,"_bbp_forum_subforum_count":0,"jetpack_post_was_ever_published":false,"footnotes":""},"class_list":["post-5823","page","type-page","status-publish","hentry","nodate","item-wrap"],"jetpack_sharing_enabled":true,"jetpack_shortlink":"https:\/\/wp.me\/P3vhfJ-1vV","jetpack_likes_enabled":true,"_links":{"self":[{"href":"https:\/\/unser-quartier.de\/stadt-bergheim\/wp-json\/wp\/v2\/pages\/5823","targetHints":{"allow":["GET"]}}],"collection":[{"href":"https:\/\/unser-quartier.de\/stadt-bergheim\/wp-json\/wp\/v2\/pages"}],"about":[{"href":"https:\/\/unser-quartier.de\/stadt-bergheim\/wp-json\/wp\/v2\/types\/page"}],"author":[{"embeddable":true,"href":"https:\/\/unser-quartier.de\/stadt-bergheim\/wp-json\/wp\/v2\/users\/48"}],"replies":[{"embeddable":true,"href":"https:\/\/unser-quartier.de\/stadt-bergheim\/wp-json\/wp\/v2\/comments?post=5823"}],"version-history":[{"count":0,"href":"https:\/\/unser-quartier.de\/stadt-bergheim\/wp-json\/wp\/v2\/pages\/5823\/revisions"}],"up":[{"embeddable":true,"href":"https:\/\/unser-quartier.de\/stadt-bergheim\/wp-json\/wp\/v2\/pages\/3336"}],"wp:attachment":[{"href":"https:\/\/unser-quartier.de\/stadt-bergheim\/wp-json\/wp\/v2\/media?parent=5823"}],"curies":[{"name":"wp","href":"https:\/\/api.w.org\/{rel}","templated":true}]}}