{"id":5842,"date":"2015-04-21T14:40:05","date_gmt":"2015-04-21T12:40:05","guid":{"rendered":"http:\/\/unser-quartier.de\/stadt-bergheim\/?page_id=5842"},"modified":"2024-04-25T08:12:22","modified_gmt":"2024-04-25T06:12:22","slug":"gekommen","status":"publish","type":"page","link":"https:\/\/unser-quartier.de\/stadt-bergheim\/startseite\/vorstellung-der-moderatoren\/kommen-sie-ins-online-team\/gekommen\/","title":{"rendered":"Gekommen&#8230;"},"content":{"rendered":"<p><span style=\"font-size: 14pt;\">Jetzt ganz aktuell &#8230;<\/span><\/p>\n<div class=\"page\" title=\"Page 2\">\n<div class=\"layoutArea\">\n<div class=\"column\">\n<p>&nbsp;<\/p>\n<blockquote><p><span style=\"font-size: 14pt;\"><strong>Unterst\u00fctzung durch das Ehrenamt<\/strong><\/span><\/p><\/blockquote>\n<p>&nbsp;<\/p>\n<p><span style=\"font-size: 14pt;\"><strong>Welche Chancen sehen Sie in der Zusammenarbeit mit dem Seniorenportal?<\/strong><\/span><\/p>\n<p><span style=\"font-size: 14pt;\">Das Seniorenportal ist f\u00fcr mich eine wichtige Plattform, um Informationen f\u00fcr die Zielgruppe der Fachstelle bereit zu stellen. Dar\u00fcber hinaus sehe ich in der Zusammenarbeit eine weitere M\u00f6glichkeit zu erfahren, was die \u00e4lter werdenden Menschen in Bergheim umtreibt und welche W\u00fcnsche sie haben \u2013 zum einen \u00fcber den Kontakt und regelm\u00e4\u00dfigen Austausch mit dem Team des Seniorenportals, als auch \u00fcber das Kontaktformular, \u00fcber welches B\u00fcrger mir Nachrichten schicken k\u00f6nnen.<\/span><\/p>\n<p>&nbsp;<\/p>\n<blockquote><p><span style=\"font-size: 14pt;\"><strong>Austausch<\/strong><\/span><\/p><\/blockquote>\n<p>&nbsp;<\/p>\n<p><span style=\"font-size: 14pt;\"><strong>Kontakt: Marion Eckart<\/strong><\/span><\/p>\n<p><span style=\"font-size: 14pt;\">Fachstelle \u00c4lterwerden<\/span><\/p>\n<p><span style=\"font-size: 14pt;\">Kreisstadt Bergheim \u2013 Die B\u00fcrgermeisterin<\/span><\/p>\n<p><span style=\"font-size: 14pt;\">Fachbereich 5: Jugend, Bildung und Soziales<\/span><br \/>\n<span style=\"font-size: 14pt;\"> Abteilung 5.1 \u2013 Soziale Hilfen, Wohnen, Integration<\/span><\/p>\n<p><span style=\"font-size: 14pt;\">Bethlehemerstra\u00dfe 9-11, 50126 Bergheim<\/span><br \/>\n<span style=\"font-size: 14pt;\"> Tel: (02271) 89 -529, E-Mail: <a href=\"mailto:aelterwerden@bergheim.de\">aelterwerden@bergheim.de<\/a><\/span><\/p>\n<p><span style=\"font-size: 14pt;\"><a href=\"https:\/\/wp.me\/P3vhfJ-c\">Hier geht\u2019s zum Kontaktformular<\/a><\/span><\/p>\n<\/div>\n<\/div>\n<\/div>\n<p>&nbsp;<\/p>\n<p>&nbsp;<\/p>\n<p>&nbsp;<\/p>\n","protected":false},"excerpt":{"rendered":"<p>Jetzt ganz aktuell &#8230;<\/p>\n<p>&nbsp;<\/p>\n<p><strong>Unterst\u00fctzung durch das Ehrenamt<\/strong><\/p>\n<p>&nbsp;<\/p>\n<p><strong>Welche Chancen sehen Sie in der Zusammenarbeit mit dem Seniorenportal?<\/strong><\/p>\n<p>Das Seniorenportal ist f\u00fcr mich eine wichtige Plattform, um Informationen f\u00fcr die Zielgruppe der Fachstelle bereit zu stellen. Dar\u00fcber hinaus sehe ich in der Zusammenarbeit eine weitere M\u00f6glichkeit zu erfahren, was die \u00e4lter werdenden Menschen &hellip; <\/p>\n<p><a class=\"more-link btn\" href=\"https:\/\/unser-quartier.de\/stadt-bergheim\/startseite\/vorstellung-der-moderatoren\/kommen-sie-ins-online-team\/gekommen\/\">Weiterlesen<\/a><\/p>\n","protected":false},"author":48,"featured_media":0,"parent":2495,"menu_order":3,"comment_status":"closed","ping_status":"closed","template":"","meta":{"_bbp_topic_count":0,"_bbp_reply_count":0,"_bbp_total_topic_count":0,"_bbp_total_reply_count":0,"_bbp_voice_count":0,"_bbp_anonymous_reply_count":0,"_bbp_topic_count_hidden":0,"_bbp_reply_count_hidden":0,"_bbp_forum_subforum_count":0,"jetpack_post_was_ever_published":false,"footnotes":""},"class_list":["post-5842","page","type-page","status-publish","hentry","nodate","item-wrap"],"jetpack_sharing_enabled":true,"jetpack_shortlink":"https:\/\/wp.me\/P3vhfJ-1we","jetpack_likes_enabled":true,"_links":{"self":[{"href":"https:\/\/unser-quartier.de\/stadt-bergheim\/wp-json\/wp\/v2\/pages\/5842","targetHints":{"allow":["GET"]}}],"collection":[{"href":"https:\/\/unser-quartier.de\/stadt-bergheim\/wp-json\/wp\/v2\/pages"}],"about":[{"href":"https:\/\/unser-quartier.de\/stadt-bergheim\/wp-json\/wp\/v2\/types\/page"}],"author":[{"embeddable":true,"href":"https:\/\/unser-quartier.de\/stadt-bergheim\/wp-json\/wp\/v2\/users\/48"}],"replies":[{"embeddable":true,"href":"https:\/\/unser-quartier.de\/stadt-bergheim\/wp-json\/wp\/v2\/comments?post=5842"}],"version-history":[{"count":1,"href":"https:\/\/unser-quartier.de\/stadt-bergheim\/wp-json\/wp\/v2\/pages\/5842\/revisions"}],"predecessor-version":[{"id":34626,"href":"https:\/\/unser-quartier.de\/stadt-bergheim\/wp-json\/wp\/v2\/pages\/5842\/revisions\/34626"}],"up":[{"embeddable":true,"href":"https:\/\/unser-quartier.de\/stadt-bergheim\/wp-json\/wp\/v2\/pages\/2495"}],"wp:attachment":[{"href":"https:\/\/unser-quartier.de\/stadt-bergheim\/wp-json\/wp\/v2\/media?parent=5842"}],"curies":[{"name":"wp","href":"https:\/\/api.w.org\/{rel}","templated":true}]}}