{"id":5878,"date":"2015-04-22T14:54:58","date_gmt":"2015-04-22T12:54:58","guid":{"rendered":"http:\/\/unser-quartier.de\/stadt-bergheim\/?page_id=5878"},"modified":"2015-08-23T09:17:31","modified_gmt":"2015-08-23T07:17:31","slug":"abschied-nehmen","status":"publish","type":"page","link":"https:\/\/unser-quartier.de\/stadt-bergheim\/startseite\/vorstellung-der-moderatoren\/kommen-sie-ins-online-team\/abschied-nehmen\/","title":{"rendered":"Abschied nehmen&#8230;"},"content":{"rendered":"<p><span style=\"font-family: Arial, serif\"><span style=\"font-size: large\"><b>Danke, Frau Wolf<\/b><\/span><\/span><\/p>\n<p><span style=\"font-family: Arial, serif;font-size: 12pt\">Ohne flei\u00dfige und freundliche Mithelfer, F\u00fcrsprecher und F\u00f6rderer w\u00e4re unser Internet-Portal eine recht m\u00fchselige Angelegenheit. Wir sind zwar eine eigenst\u00e4ndige Redaktion und kein Organ der Stadt Bergheim. Doch von der Stadt haben wir eine Menge Unterst\u00fctzung erfahren und werden auch zuk\u00fcnftig auf sie angewiesen sein.<\/span><\/p>\n<p><span style=\"font-family: Arial, serif;font-size: 12pt\">Stadt \u2013 wer ist das? Das waren in unserem Fall die f\u00fcr das Seniorenthema zust\u00e4ndige Abteilungsleiterin, Frau Christa Wolf, und ihre Mitarbeiterin, Frau Britta Fuchs. Dir, liebe Britta, alles Gute in der neuen Aufgabe \u2013 nach wie vor bei der Stadt Bergheim.<\/span><\/p>\n<p><span style=\"font-family: Arial, serif;font-size: 12pt\">Doch nun zu Ihnen, Frau Wolf. <\/span><\/p>\n<p><span style=\"font-family: Arial, serif;font-size: 12pt\">Sie haben das Fachforum Seniorenarbeit Bergheim mit einem Interesse begleitet, dem Ihre Sympathie f\u00fcr dieses Projekt und f\u00fcr die Art der Projektbearbeitung durch unsere Online-Redaktion stets anzumerken war. Mit Ihrer Sachkunde, der guten Vernetzung in der Stadtverwaltung und auch mit eigenen Beitr\u00e4gen haben Sie einen gro\u00dfen Beitrag geleistet, das Portal voranzubringen.<\/span><\/p>\n<p><span style=\"font-family: Arial, serif;font-size: 12pt\">Daf\u00fcr sagen wir Ihnen ganz herzlichen Dank.<\/span><\/p>\n<p><span style=\"font-family: Arial, serif;font-size: 12pt\">Nun haben Sie Sich in den wohlverdienten Ruhestand davon gemacht. In dem Get\u00fcmmel Ihrer kleinen Abschiedsparty ergab es sich nicht, Ihnen geb\u00fchrend so \u201eDanke\u201c zu sagen, dass es auch ein paar Mith\u00f6rer zur Kenntnis nehmen konnten. Deshalb nutzen wir jetzt dazu ganz professionell unser Medium: Online-Portal.<\/span><\/p>\n<p><span style=\"font-family: Arial, serif;font-size: 12pt\">Doch Ihnen erging es offensichtlich \u00e4hnlich, wie Sie uns in einem kleinen Schreiben mitteilten. Und nun schenken wir Ihnen zum Abschied einen Service, indem wir dieses Schreiben einem gr\u00f6\u00dferen Leserkreis zur Verf\u00fcgung stellen (Ihr Einverst\u00e4ndnis dazu haben wir selbstverst\u00e4ndlich eingeholt).<\/span><\/p>\n<p><span style=\"font-family: Arial, serif;font-size: 12pt\">Machen Sie es gut, liebe Frau Wolf<\/span><\/p>\n<p><span style=\"font-family: Arial, serif;font-size: 12pt\">Ihr Redaktionsteam<\/span><\/p>\n<p><span style=\"font-size: 12pt\">\u00a0<\/span><\/p>\n<p><span style=\"font-size: 12pt\">\u00a0<\/span><\/p>\n<p><span style=\"font-family: Arial, serif;font-size: 12pt\"><i>Liebe Freundinnen und Freunde, liebe Kolleginnen und Kollegen,<\/i><\/span><\/p>\n<p><span style=\"font-family: Arial, serif;font-size: 12pt\"><i>ich hatte f\u00fcr meinen Abschied eine Rede geschrieben, kurzweilig, mit geschliffenen Worten voller Bonmots und dann, \u2026 ja dann, habe ich sie vergessen. So bleiben die Worte ungesagt, die Bonmots unbelacht und das Lob ungehudelt. Obwohl ich mich dunkel daran erinnere etwas von \u201eDanke\u201c gesagt zu haben, jetzt noch einmal ausdr\u00fccklich und auch f\u00fcr alle, die wegen Grippe, Fieber oder schlicht aus Zeitmangel nicht kommen konnten, f\u00fcr alle, die mir geschrieben und aus der Ferne an mich gedacht haben<\/i><\/span><\/p>\n<p><span style=\"font-size: 12pt\">\u201e<span style=\"font-family: Arial, serif\"><i>Danke\u201c f\u00fcr die Freude, die Ihr, Sie, Du, Er, Es mir geschenkt haben<\/i><\/span><\/span><\/p>\n<p><span style=\"font-size: 12pt\">\u201e<span style=\"font-family: Arial, serif\"><i>Danke\u201c f\u00fcr die gute Laune, mit der Ihr die Feier bereichert habt<\/i><\/span><\/span><\/p>\n<p><span style=\"font-size: 12pt\">\u201e<span style=\"font-family: Arial, serif\"><i>Danke\u201c f\u00fcr die Beitr\u00e4ge, die besser waren, als meine Rede es je h\u00e4tte sein k\u00f6nnen<\/i><\/span><\/span><\/p>\n<p><span style=\"font-size: 12pt\">\u201e<span style=\"font-family: Arial, serif\"><i>Danke\u201c f\u00fcr die Wege, die Ihr auf Euch genommen habt<\/i><\/span><\/span><\/p>\n<p><span style=\"font-size: 12pt\">\u201e<span style=\"font-family: Arial, serif\"><i>Danke\u201c f\u00fcr die wundervollen Worte und Gaben, mit denen Ihr mich bedacht habt.<\/i><\/span><\/span><\/p>\n<p><span style=\"font-family: Arial, serif;font-size: 12pt\"><i>Ihr Alle habt mir von Herzen gut getan.<\/i><\/span><\/p>\n<p><span style=\"font-family: Arial, serif;font-size: 12pt\"><i>Nun mache ich mich endg\u00fcltig auf in das Land \u201eDu Darfst\u201c, vertraue auf die Richtigkeit von Uhlands Worten und hoffe auf einen bunten Bl\u00fctenreigen.<\/i><\/span><\/p>\n<p><span style=\"font-family: Arial, serif;font-size: 12pt\"><i>Christa Wolf<\/i><\/span><\/p>\n","protected":false},"excerpt":{"rendered":"<p>Danke, Frau Wolf<\/p>\n<p>Ohne flei\u00dfige und freundliche Mithelfer, F\u00fcrsprecher und F\u00f6rderer w\u00e4re unser Internet-Portal eine recht m\u00fchselige Angelegenheit. Wir sind zwar eine eigenst\u00e4ndige Redaktion und kein Organ der Stadt Bergheim. Doch von der Stadt haben wir eine Menge Unterst\u00fctzung erfahren und werden auch zuk\u00fcnftig auf sie angewiesen sein.<\/p>\n<p>Stadt \u2013 wer ist das? Das waren &hellip; <\/p>\n<p><a class=\"more-link btn\" href=\"https:\/\/unser-quartier.de\/stadt-bergheim\/startseite\/vorstellung-der-moderatoren\/kommen-sie-ins-online-team\/abschied-nehmen\/\">Weiterlesen<\/a><\/p>\n","protected":false},"author":48,"featured_media":0,"parent":2495,"menu_order":1,"comment_status":"open","ping_status":"open","template":"","meta":{"_bbp_topic_count":0,"_bbp_reply_count":0,"_bbp_total_topic_count":0,"_bbp_total_reply_count":0,"_bbp_voice_count":0,"_bbp_anonymous_reply_count":0,"_bbp_topic_count_hidden":0,"_bbp_reply_count_hidden":0,"_bbp_forum_subforum_count":0,"jetpack_post_was_ever_published":false,"footnotes":""},"class_list":["post-5878","page","type-page","status-publish","hentry","nodate","item-wrap"],"jetpack_sharing_enabled":true,"jetpack_shortlink":"https:\/\/wp.me\/P3vhfJ-1wO","jetpack_likes_enabled":true,"_links":{"self":[{"href":"https:\/\/unser-quartier.de\/stadt-bergheim\/wp-json\/wp\/v2\/pages\/5878","targetHints":{"allow":["GET"]}}],"collection":[{"href":"https:\/\/unser-quartier.de\/stadt-bergheim\/wp-json\/wp\/v2\/pages"}],"about":[{"href":"https:\/\/unser-quartier.de\/stadt-bergheim\/wp-json\/wp\/v2\/types\/page"}],"author":[{"embeddable":true,"href":"https:\/\/unser-quartier.de\/stadt-bergheim\/wp-json\/wp\/v2\/users\/48"}],"replies":[{"embeddable":true,"href":"https:\/\/unser-quartier.de\/stadt-bergheim\/wp-json\/wp\/v2\/comments?post=5878"}],"version-history":[{"count":0,"href":"https:\/\/unser-quartier.de\/stadt-bergheim\/wp-json\/wp\/v2\/pages\/5878\/revisions"}],"up":[{"embeddable":true,"href":"https:\/\/unser-quartier.de\/stadt-bergheim\/wp-json\/wp\/v2\/pages\/2495"}],"wp:attachment":[{"href":"https:\/\/unser-quartier.de\/stadt-bergheim\/wp-json\/wp\/v2\/media?parent=5878"}],"curies":[{"name":"wp","href":"https:\/\/api.w.org\/{rel}","templated":true}]}}