{"id":5997,"date":"2015-05-01T00:01:51","date_gmt":"2015-04-30T22:01:51","guid":{"rendered":"http:\/\/unser-quartier.de\/stadt-bergheim\/?page_id=5997"},"modified":"2015-06-01T17:04:43","modified_gmt":"2015-06-01T15:04:43","slug":"bergheimer-senioren-online-portal","status":"publish","type":"page","link":"https:\/\/unser-quartier.de\/stadt-bergheim\/startseite\/bergheimer-senioren-online-portal\/","title":{"rendered":"Seniorenportal f\u00fcr alle"},"content":{"rendered":"<p><span style=\"font-family: Arial, serif\"><span style=\"font-size: medium\"><b>100 Klicks t\u00e4glich&#8230; man darf ja tr\u00e4umen!<img data-recalc-dims=\"1\" loading=\"lazy\" decoding=\"async\" data-attachment-id=\"4412\" data-permalink=\"https:\/\/unser-quartier.de\/stadt-bergheim\/?attachment_id=4412\" data-orig-file=\"https:\/\/i0.wp.com\/unser-quartier.de\/stadt-bergheim\/files\/2014\/10\/Internet-e1456168726840.jpg?fit=150%2C128&amp;ssl=1\" data-orig-size=\"150,128\" data-comments-opened=\"0\" data-image-meta=\"{&quot;aperture&quot;:&quot;0&quot;,&quot;credit&quot;:&quot;&quot;,&quot;camera&quot;:&quot;&quot;,&quot;caption&quot;:&quot;&quot;,&quot;created_timestamp&quot;:&quot;0&quot;,&quot;copyright&quot;:&quot;&quot;,&quot;focal_length&quot;:&quot;0&quot;,&quot;iso&quot;:&quot;0&quot;,&quot;shutter_speed&quot;:&quot;0&quot;,&quot;title&quot;:&quot;&quot;,&quot;orientation&quot;:&quot;0&quot;}\" data-image-title=\"Internet\" data-image-description=\"\" data-image-caption=\"\" data-medium-file=\"https:\/\/i0.wp.com\/unser-quartier.de\/stadt-bergheim\/files\/2014\/10\/Internet-e1456168726840.jpg?fit=300%2C255&amp;ssl=1\" data-large-file=\"https:\/\/i0.wp.com\/unser-quartier.de\/stadt-bergheim\/files\/2014\/10\/Internet-e1456168726840.jpg?fit=150%2C128&amp;ssl=1\" class=\" size-thumbnail wp-image-4412 alignleft\" src=\"https:\/\/i0.wp.com\/unser-quartier.de\/stadt-bergheim\/files\/2014\/10\/Internet.jpg?resize=150%2C127&#038;ssl=1\" alt=\"Internet\" width=\"150\" height=\"127\" \/><\/b><\/span><\/span><\/p>\n<p><span style=\"font-family: Times New Roman, serif\"><span style=\"font-size: medium\"><span style=\"font-family: Arial, serif\">Zwei Jahre ist es her, dass wir das<br \/>\n<strong>&#8220;Fachforum Seniorenarbeit&#8221;<\/strong> aus der Taufe gehoben haben. Seitdem hatte das\u00a0Bergheimer Online-Portal rund um das Thema \u00c4lterwerden \u00fcber 38000 Zugriffe. Das will das erfolgreiche Redaktionsteam diesmal in nur einem Jahr schaffen und strebt in 2015 \u00fcber 100 Besucher pro Tag an.<\/span><\/span><\/span><\/p>\n<p><span style=\"font-size: 12pt\">\u201eAlle k\u00f6nnen mithelfen, unsere Seite lebendig zu halten und eigene Beitr\u00e4ge einsenden\u201c, ruft Koordinator Hans-J\u00fcrgen Knabben zum Mitmachen auf.<br \/>\nNeue Autoren werden immer gesucht und k\u00f6nnen ihre Texte und Fotos an<br \/>\n<strong><a href=\"mailto:senioren-online@gmx.de\" target=\"_blank\"><u><span style=\"color: #0066cc\">senioren-online@gmx.de<\/span><\/u> <\/a><\/strong>senden oder einfach bei den Redaktionssitzungen<br \/>\nalle zwei Wochen montags im Rathaus vorbeischauen.<\/span><\/p>\n<p><span style=\"font-family: Times New Roman, serif\"><span style=\"font-size: medium\"><span style=\"font-family: Arial, serif\"><b>Jeder kann mitmachen!<\/b><\/span><\/span><\/span><\/p>\n<p><span style=\"font-family: Times New Roman, serif\"><span style=\"font-size: medium\"><span style=\"font-family: Arial, serif\">Trotz des sperrigen Titels spricht das Fachforum nicht nur Fachleute und Akteure aus der Seniorenarbeit an, sondern alle, die sich zum Thema \u00c4lterwerden in unserer Stadt informieren wollen, Rat und Hilfe suchen oder einfach nur Spa\u00df haben wollen. Daf\u00fcr sorgt das f\u00fcnfk\u00f6pfige Onlineteam aus zumeist ehrenamtlichen Autoren, die das Portal mit Inhalten f\u00fcllen \u2013 von aktuellen Meldungen, Veranstaltungstipps, Reportagen bis hin zu Spielen und kleinen Geschichten aus Bergheim. Aktuelles wird auch \u00fcber die Facebook-Seite <strong>(<a href=\"http:\/\/www.facebook.com\/fasebm\" target=\"_blank\">www.facebook.com\/fasebm<\/a>)<\/strong> verbreitet, die schon viele Fans hat. <\/span><\/span><\/span><\/p>\n<p><span style=\"font-family: Arial, serif\"><span style=\"font-size: medium\">Als das Projekt des Forums Seniorenarbeit NRW vor zwei Jahren mit einem Workshop begann, h\u00e4tte sich niemand den gro\u00dfen Erfolg tr\u00e4umen lassen. Zun\u00e4chst einmal ging es darum, lokale Onlinegemeinschaften \u00e4lterer Menschen in verschiedenen St\u00e4dten aufzubauen, die selbst\u00e4ndig ihre Internetseiten gestalten. Die Stadt Bergheim erkannte die M\u00f6glichkeiten, die in einem Infoportal ums Thema \u00c4lterwerden stecken: B\u00fcrgerschaftlich engagierte \u00e4<\/span><\/span><span style=\"font-family: Arial, serif\"><span style=\"font-size: medium\">ltere Menschen in einem Team zusammenzubringen, das eigenst\u00e4ndig die Verantwortung f\u00fcr Technik, Inhalte und Interaktion\/Kommunikation \u00fcbernimmt. Die vielf\u00e4ltigen Angebote und Termine f\u00fcr Seniorinnen und Senioren in der Stadt Bergheim auf einen Klick erfahrbar zu machen. Einrichtungen und Ehrenamtliche um einen virtuellen Tisch zu versammeln und miteinander ins Gespr\u00e4ch zu bringen \u2013 da griff die Fachstelle \u00c4lterwerden, damals unter der Leitung von Britta Fuchs, zu und fand in dem ehemaligen IT-Manager Knabben einen Mann mit dem n\u00f6tigen Know How f\u00fcr die Umsetzung. <\/span><\/span><\/p>\n<p><span style=\"font-family: Arial, serif\"><span style=\"font-size: medium\">Eine geeignete Plattform musste gefunden werden und technisches Know-How wie Seiten erstellen, Chatten, Bloggen oder Fotobearbeitung erlernt werden. Der Austausch lief \u00fcber das Internet, aber auch reale Treffen der lokalen Seitenbetreiber halfen, das Projekt voranzubringen. <\/span><\/span><span style=\"font-family: Arial, serif\"><span style=\"font-size: medium\">Am Start sind au\u00dfer Bergheim und dem Mehrgenerationenhaus Oberau\u00dfem unter anderem auch der Rhein-Sieg-Kreis (Lohmar) oder die Freizeitgemeinschaft 55+ Merzenich. \u201eDie Vielfalt, die wir bieten, ist wirklich einzigartig\u201c, sagt Hans-J\u00fcrgen Knabben. So hat sich die Seite inzwischen zum Treffpunkt der Lokalen Allianz f\u00fcr Menschen mit Demenz entwickelt und bietet neben Beratungsangeboten umfangreiche Infos zu Themen wie Wohnen, Gesundheit, Freizeit, Pflege oder Interkulturelles. Oft angeklickt werden aber auch das Sudoku oder der praktische Busfahrplan. <\/span><\/span><\/p>\n<p>von Andrea Flo\u00df<\/p>\n","protected":false},"excerpt":{"rendered":"<p>100 Klicks t\u00e4glich&#8230; man darf ja tr\u00e4umen!<\/p>\n<p>Zwei Jahre ist es her, dass wir das <strong>&#8220;Fachforum Seniorenarbeit&#8221;<\/strong> aus der Taufe gehoben haben. Seitdem hatte das\u00a0Bergheimer Online-Portal rund um das Thema \u00c4lterwerden \u00fcber 38000 Zugriffe. Das will das erfolgreiche Redaktionsteam diesmal in nur einem Jahr schaffen und strebt in 2015 \u00fcber 100 Besucher pro Tag an.<\/p>\n<p> &hellip; <\/p>\n<p><a class=\"more-link btn\" href=\"https:\/\/unser-quartier.de\/stadt-bergheim\/startseite\/bergheimer-senioren-online-portal\/\">Weiterlesen<\/a><\/p>\n","protected":false},"author":48,"featured_media":4412,"parent":28,"menu_order":3,"comment_status":"open","ping_status":"open","template":"","meta":{"_bbp_topic_count":0,"_bbp_reply_count":0,"_bbp_total_topic_count":0,"_bbp_total_reply_count":0,"_bbp_voice_count":0,"_bbp_anonymous_reply_count":0,"_bbp_topic_count_hidden":0,"_bbp_reply_count_hidden":0,"_bbp_forum_subforum_count":0,"jetpack_post_was_ever_published":false,"footnotes":""},"class_list":["post-5997","page","type-page","status-publish","has-post-thumbnail","hentry","nodate","item-wrap"],"jetpack_sharing_enabled":true,"jetpack_shortlink":"https:\/\/wp.me\/P3vhfJ-1yJ","jetpack_likes_enabled":true,"_links":{"self":[{"href":"https:\/\/unser-quartier.de\/stadt-bergheim\/wp-json\/wp\/v2\/pages\/5997","targetHints":{"allow":["GET"]}}],"collection":[{"href":"https:\/\/unser-quartier.de\/stadt-bergheim\/wp-json\/wp\/v2\/pages"}],"about":[{"href":"https:\/\/unser-quartier.de\/stadt-bergheim\/wp-json\/wp\/v2\/types\/page"}],"author":[{"embeddable":true,"href":"https:\/\/unser-quartier.de\/stadt-bergheim\/wp-json\/wp\/v2\/users\/48"}],"replies":[{"embeddable":true,"href":"https:\/\/unser-quartier.de\/stadt-bergheim\/wp-json\/wp\/v2\/comments?post=5997"}],"version-history":[{"count":0,"href":"https:\/\/unser-quartier.de\/stadt-bergheim\/wp-json\/wp\/v2\/pages\/5997\/revisions"}],"up":[{"embeddable":true,"href":"https:\/\/unser-quartier.de\/stadt-bergheim\/wp-json\/wp\/v2\/pages\/28"}],"wp:featuredmedia":[{"embeddable":true,"href":"https:\/\/unser-quartier.de\/stadt-bergheim\/wp-json\/wp\/v2\/media\/4412"}],"wp:attachment":[{"href":"https:\/\/unser-quartier.de\/stadt-bergheim\/wp-json\/wp\/v2\/media?parent=5997"}],"curies":[{"name":"wp","href":"https:\/\/api.w.org\/{rel}","templated":true}]}}