{"id":6148,"date":"2015-05-13T13:33:09","date_gmt":"2015-05-13T11:33:09","guid":{"rendered":"http:\/\/unser-quartier.de\/stadt-bergheim\/?page_id=6148"},"modified":"2015-06-01T15:01:38","modified_gmt":"2015-06-01T13:01:38","slug":"zugriffszahlen-verdoppelt-bergheimer-seniorenportal-erfolgreich","status":"publish","type":"page","link":"https:\/\/unser-quartier.de\/stadt-bergheim\/startseite\/was-ist-das-fachforum-seniorenarbeit-fase\/zugriffszahlen-verdoppelt-bergheimer-seniorenportal-erfolgreich\/","title":{"rendered":"Zugriffszahlen verdoppelt \/ Seniorenportal Bergheim erfolgreich"},"content":{"rendered":"<p><span style=\"font-size: 12pt\">Das &#8220;<strong>Fachforum Seniorenarbeit&#8221;<\/strong> feiert seinen zweiten Geburtstag.<br \/>\nSeit dem Start im Mai 2013 hatte die Internetseite rund um das Thema \u00c4lterwerden \u00fcber 38.000 Besucher. Das will das erfolgreiche Redaktionsteam noch toppen und die Zugriffszahlen in diesem Jahr mit rund 100 Klicks pro Tag noch verdoppeln. \u201eJeder kann mithelfen, unser Online-Portal lebendig zu halten und eigene Beitr\u00e4ge schreiben\u201c, ruft Koordinator Hans-J\u00fcrgen Knabben zum Mitmachen auf. Neue Autoren werden immer gesucht und k\u00f6nnen ihre Texte und Fotos an <a href=\"mailto:senioren-online@gmx.de\" target=\"_blank\"><u>senioren-online@gmx.de<\/u> <\/a>senden oder einfach bei den Redaktionssitzungen alle zwei Wochen montags im Rathaus vorbeischauen.<\/span><\/p>\n<p><span style=\"font-size: 12pt\"><strong>Jeder kann mitmachen!<\/strong><\/span><\/p>\n<p><span style=\"font-size: 12pt\">Trotz des sperrigen Titels spricht das Fachforum nicht nur Fachleute und Akteure aus der Seniorenarbeit an, sondern alle, die sich zum Thema \u00c4lterwerden in Bergheim informieren wollen, Rat und Hilfe suchen oder einfach nur Spa\u00df haben wollen. Daf\u00fcr sorgt das f\u00fcnfk\u00f6pfige Onlineteam aus zumeist ehrenamtlichen Autoren, die das Portal mit Inhalten f\u00fcllen \u2013 von aktuellen Meldungen, Veranstaltungstipps, Reportagen bis hin zu Spielen und kleinen Geschichten aus Bergheim. Aktuelles wird auch \u00fcber die Facebook-Seite <a href=\"http:\/\/www.facebook.com\/fasebm\" target=\"_blank\"><u>FaSeBM<\/u><\/a> verbreitet, die schon viele Fans hat.\u00a0<\/span><\/p>\n<p><span style=\"font-size: 12pt\">Als das Projekt des Forums Seniorenarbeit NRW vor zwei Jahren mit einem Workshop begann, h\u00e4tte sich niemand den gro\u00dfen Erfolg tr\u00e4umen lassen. Zun\u00e4chst einmal ging es darum, lokale Onlinegemeinschaften \u00e4lterer Menschen in verschiedenen St\u00e4dten aufzubauen, die selbst\u00e4ndig ihre Internetseiten gestalten. Die Stadt Bergheim erkannte die M\u00f6glichkeiten, die in einem Infoportal ums Thema \u00c4lterwerden stecken: B\u00fcrgerschaftlich engagierte \u00e4ltere Menschen in einem Team zusammenzubringen, das eigenst\u00e4ndig die Verantwortung f\u00fcr Technik, Inhalte und Interaktion\/Kommunikation \u00fcbernimmt. Die vielf\u00e4ltigen Angebote und Termine f\u00fcr Seniorinnen und Senioren in der Stadt Bergheim auf einen Klick erfahrbar zu machen. Einrichtungen und Ehrenamtliche um einen virtuellen Tisch zu versammeln und miteinander ins Gespr\u00e4ch zu bringen \u2013 da griff die Fachstelle \u00c4lterwerden, damals unter der Leitung von Britta Fuchs, zu und fand in dem ehemaligen IT-Manager Knabben einen Mann mit dem n\u00f6tigen Know How f\u00fcr die Umsetzung.\u00a0<\/span><span style=\"font-size: 12pt\">\u00a0<\/span><\/p>\n<p><span style=\"font-size: 12pt\">Eine geeignete Plattform musste gefunden werden und technisches Know-How wie Seiten erstellen, Chatten, Bloggen oder Fotobearbeitung erlernt werden. Der Austausch lief \u00fcber das Internet, aber auch reale Treffen der lokalen Seitenbetreiber halfen, das Projekt voranzubringen. Am Start sind au\u00dfer Bergheim und dem Mehrgenerationenhaus Oberau\u00dfem unter anderem auch der Rhein-Sieg-Kreis oder die Freizeitgemeinschaft 55+ Merzenich. \u201eDie Vielfalt, die wir bieten, ist wirklich einzigartig\u201c, sagt Hans-J\u00fcrgen Knabben. So hat sich die Seite inzwischen zum Treffpunkt der Lokalen Allianz f\u00fcr Menschen mit Demenz entwickelt und bietet neben Beratungsangeboten umfangreiche Infos zu Themen wie Wohnen, Gesundheit, Freizeit, Pflege oder Interkulturelles. Oft angeklickt werden aber auch das Sudoku oder der praktische Busfahrplan.\u00a0\u00a0<\/span><span style=\"font-size: 12pt\">\u00a0<\/span><\/p>\n<p><span style=\"font-size: 12pt\"><a href=\"http:\/\/www.unser-quartier.de\/stadt-bergheim\" target=\"_blank\"><u>www.unser-quartier.de\/stadt-bergheim<\/u><\/a><\/span><\/p>\n<p><span style=\"font-size: 12pt\">\u00a0<\/span><\/p>\n<p><span style=\"font-size: 14pt\"><strong>Zitate zum Jubil\u00e4um:<br \/>\n<\/strong><\/span><span style=\"font-size: 12pt\">\u00a0<\/span><\/p>\n<p><span style=\"font-size: 12pt\"><strong>B\u00fcrgermeisterin Maria Pfordt<\/strong><\/span><\/p>\n<p><span style=\"font-size: 12pt\">Ich freue mich sehr, dass sich das Fachforum Seniorenarbeit als interessante Adresse rund um das Thema \u201e\u00c4lterwerden\u201c in unserer Stadt etabliert hat. 38.000 Klicks in den ersten beiden Jahren zeigen, dass die B\u00fcrgerinnen und B\u00fcrger wie auch Fachleute aus der lokalen Seniorenarbeit das Infoportal als digitalen Treffpunkt zum Austauschen und Netzwerken rege nutzen.<\/span><\/p>\n<p><span style=\"font-size: 12pt\">Neben vielen fachlichen Themen bietet diese Seite unter dem Stichwort \u201eunser Quartier\u201c viel Wissenswertes \u00fcber Bergheim. Diese Seite lebt vom Mitmachen und st\u00e4rkt zugleich das WIR-Gef\u00fchl. Den Akteuren des Fachforums Seniorenarbeit w\u00fcnsche ich weiterhin steigende Besucherzahlen, viele neue interessante Beitr\u00e4ge und nat\u00fcrlich Erfolg.<\/span><\/p>\n<p><span style=\"font-size: 12pt\"><strong><em>\u00a0<\/em><\/strong><\/span><\/p>\n<p><span style=\"font-size: 12pt\"><strong>Beigeordneter Klaus-Hermann R\u00f6ssler<\/strong><\/span><\/p>\n<p><span style=\"font-size: 12pt\">Immer mehr \u00e4ltere Menschen nutzen das Internet, um sich zu informieren und teilzuhaben an den sch\u00f6nen neuen M\u00f6glichkeiten des grenzenlosen World Wide Webs. Beim Fachforum Seniorenarbeit k\u00f6nnen Bergheimerinnen und Bergheimer selbst aktiv werden und mit dazu beitragen, unsere Stadt und ihre Ortsteile lebens- und liebenswert zu halten.<\/span><\/p>\n<p><span style=\"font-size: 12pt\">\u00a0<\/span><\/p>\n<p><span style=\"font-size: 12pt\"><strong>Horst-G\u00fcnter Lankers, Abteilungsleiter Demografie Fachbereich 5 (Jugend, Bildung &amp; Soziales) <\/strong><\/span><\/p>\n<p><span style=\"font-size: 12pt\">Das Fachforum Seniorenarbeit ist auf Initiative der Fachstelle \u00c4lterwerden entstanden. Wir sind stolz darauf, dass sich aus diesem Teilprojekt der landesweiten Lokalen Online-Gemeinschaften \u00c4lterer Menschen durch das haupts\u00e4chlich ehrenamtliche Engagement des Redaktionsteams ein so vielf\u00e4ltiges Infoportal entwickelt hat.<br \/>\nHier finden alle Bergheimer Rat und Hilfe, praktische Tipps und n\u00fctzliche Adressen, aber auch viel Spa\u00df und das gute Gef\u00fchl, mitten im Leben zu stehen.<br \/>\n<\/span><span style=\"font-size: 12pt\">\u00a0<\/span><\/p>\n<p><span style=\"font-size: 12pt\"><strong>Jan Schnorrenberg, Fachstelle \u00c4lterwerden der Stadt Bergheim<\/strong><\/span><\/p>\n<p><span style=\"font-size: 12pt\">Als Nachfolger von Britta Fuchs in der Fachstelle \u00c4lterwerden freut es mich zu sehen, wie sich \u201eUnser Quartier\u201c in den letzten zwei Jahren entwickelt hat und ein gutes Miteinander der Generationen f\u00f6rdert. \u00c4lterwerden geht uns alle an \u2013 Fachleute, Seniorinnen und Senioren und Angeh\u00f6rige profitieren von dem Rundumblick auf unsere Stadt und den zahlreichen Angeboten vor Ort.<\/span><\/p>\n<p>&nbsp;<\/p>\n<p><img data-recalc-dims=\"1\" loading=\"lazy\" decoding=\"async\" data-attachment-id=\"6150\" data-permalink=\"https:\/\/unser-quartier.de\/stadt-bergheim\/startseite\/was-ist-das-fachforum-seniorenarbeit-fase\/zugriffszahlen-verdoppelt-bergheimer-seniorenportal-erfolgreich\/team1\/\" data-orig-file=\"https:\/\/i0.wp.com\/unser-quartier.de\/stadt-bergheim\/files\/2015\/05\/Team1.jpg?fit=1024%2C680&amp;ssl=1\" data-orig-size=\"1024,680\" data-comments-opened=\"0\" data-image-meta=\"{&quot;aperture&quot;:&quot;0&quot;,&quot;credit&quot;:&quot;&quot;,&quot;camera&quot;:&quot;&quot;,&quot;caption&quot;:&quot;&quot;,&quot;created_timestamp&quot;:&quot;0&quot;,&quot;copyright&quot;:&quot;&quot;,&quot;focal_length&quot;:&quot;0&quot;,&quot;iso&quot;:&quot;0&quot;,&quot;shutter_speed&quot;:&quot;0&quot;,&quot;title&quot;:&quot;&quot;,&quot;orientation&quot;:&quot;0&quot;}\" data-image-title=\"Team1\" data-image-description=\"\" data-image-caption=\"\" data-medium-file=\"https:\/\/i0.wp.com\/unser-quartier.de\/stadt-bergheim\/files\/2015\/05\/Team1.jpg?fit=300%2C199&amp;ssl=1\" data-large-file=\"https:\/\/i0.wp.com\/unser-quartier.de\/stadt-bergheim\/files\/2015\/05\/Team1.jpg?fit=770%2C511&amp;ssl=1\" class=\" wp-image-6150 size-medium alignnone\" src=\"https:\/\/i0.wp.com\/unser-quartier.de\/stadt-bergheim\/files\/2015\/05\/Team1.jpg?resize=300%2C199&#038;ssl=1\" alt=\"Team1\" width=\"300\" height=\"199\" srcset=\"https:\/\/i0.wp.com\/unser-quartier.de\/stadt-bergheim\/files\/2015\/05\/Team1.jpg?resize=300%2C199&amp;ssl=1 300w, https:\/\/i0.wp.com\/unser-quartier.de\/stadt-bergheim\/files\/2015\/05\/Team1.jpg?resize=150%2C100&amp;ssl=1 150w, https:\/\/i0.wp.com\/unser-quartier.de\/stadt-bergheim\/files\/2015\/05\/Team1.jpg?w=1024&amp;ssl=1 1024w\" sizes=\"auto, (max-width: 300px) 100vw, 300px\" \/><span style=\"font-size: 12pt\">\u00a0<\/span><\/p>\n<p><span style=\"font-size: 12pt\">Das Online-Team des Bergheimer Senioren-Portals: (v.r.): Hartmut Fritz,<br \/>\nAndrea Flo\u00df, Inge Hoek, Christa Commer und Koordinator Hans-J\u00fcrgen Knabben<\/span><\/p>\n<p>&nbsp;<\/p>\n<p><span style=\"font-size: 12pt\"><img data-recalc-dims=\"1\" loading=\"lazy\" decoding=\"async\" data-attachment-id=\"6151\" data-permalink=\"https:\/\/unser-quartier.de\/stadt-bergheim\/startseite\/was-ist-das-fachforum-seniorenarbeit-fase\/zugriffszahlen-verdoppelt-bergheimer-seniorenportal-erfolgreich\/team2\/\" data-orig-file=\"https:\/\/i0.wp.com\/unser-quartier.de\/stadt-bergheim\/files\/2015\/05\/Team2.jpg?fit=1024%2C680&amp;ssl=1\" data-orig-size=\"1024,680\" data-comments-opened=\"0\" data-image-meta=\"{&quot;aperture&quot;:&quot;0&quot;,&quot;credit&quot;:&quot;&quot;,&quot;camera&quot;:&quot;&quot;,&quot;caption&quot;:&quot;&quot;,&quot;created_timestamp&quot;:&quot;0&quot;,&quot;copyright&quot;:&quot;&quot;,&quot;focal_length&quot;:&quot;0&quot;,&quot;iso&quot;:&quot;0&quot;,&quot;shutter_speed&quot;:&quot;0&quot;,&quot;title&quot;:&quot;&quot;,&quot;orientation&quot;:&quot;0&quot;}\" data-image-title=\"Team2\" data-image-description=\"\" data-image-caption=\"\" data-medium-file=\"https:\/\/i0.wp.com\/unser-quartier.de\/stadt-bergheim\/files\/2015\/05\/Team2.jpg?fit=300%2C199&amp;ssl=1\" data-large-file=\"https:\/\/i0.wp.com\/unser-quartier.de\/stadt-bergheim\/files\/2015\/05\/Team2.jpg?fit=770%2C511&amp;ssl=1\" class=\" wp-image-6151 size-medium alignnone\" src=\"https:\/\/i0.wp.com\/unser-quartier.de\/stadt-bergheim\/files\/2015\/05\/Team2.jpg?resize=300%2C199&#038;ssl=1\" alt=\"Team2\" width=\"300\" height=\"199\" srcset=\"https:\/\/i0.wp.com\/unser-quartier.de\/stadt-bergheim\/files\/2015\/05\/Team2.jpg?resize=300%2C199&amp;ssl=1 300w, https:\/\/i0.wp.com\/unser-quartier.de\/stadt-bergheim\/files\/2015\/05\/Team2.jpg?resize=150%2C100&amp;ssl=1 150w, https:\/\/i0.wp.com\/unser-quartier.de\/stadt-bergheim\/files\/2015\/05\/Team2.jpg?w=1024&amp;ssl=1 1024w\" sizes=\"auto, (max-width: 300px) 100vw, 300px\" \/><\/span><\/p>\n<p><span style=\"font-size: 12pt\">Redaktionssitzung des Online-Teams im Bergheimer Rathaus.<br \/>\nJeder kann mitmachen.<\/span><\/p>\n<p>&nbsp;<\/p>\n","protected":false},"excerpt":{"rendered":"<p>Das &#8220;<strong>Fachforum Seniorenarbeit&#8221;<\/strong> feiert seinen zweiten Geburtstag. Seit dem Start im Mai 2013 hatte die Internetseite rund um das Thema \u00c4lterwerden \u00fcber 38.000 Besucher. Das will das erfolgreiche Redaktionsteam noch toppen und die Zugriffszahlen in diesem Jahr mit rund 100 Klicks pro Tag noch verdoppeln. \u201eJeder kann mithelfen, unser Online-Portal lebendig zu halten und eigene &hellip; <\/p>\n<p><a class=\"more-link btn\" href=\"https:\/\/unser-quartier.de\/stadt-bergheim\/startseite\/was-ist-das-fachforum-seniorenarbeit-fase\/zugriffszahlen-verdoppelt-bergheimer-seniorenportal-erfolgreich\/\">Weiterlesen<\/a><\/p>\n","protected":false},"author":48,"featured_media":0,"parent":133,"menu_order":3,"comment_status":"open","ping_status":"open","template":"","meta":{"_bbp_topic_count":0,"_bbp_reply_count":0,"_bbp_total_topic_count":0,"_bbp_total_reply_count":0,"_bbp_voice_count":0,"_bbp_anonymous_reply_count":0,"_bbp_topic_count_hidden":0,"_bbp_reply_count_hidden":0,"_bbp_forum_subforum_count":0,"jetpack_post_was_ever_published":false,"footnotes":""},"class_list":["post-6148","page","type-page","status-publish","hentry","nodate","item-wrap"],"jetpack_sharing_enabled":true,"jetpack_shortlink":"https:\/\/wp.me\/P3vhfJ-1Ba","jetpack_likes_enabled":true,"_links":{"self":[{"href":"https:\/\/unser-quartier.de\/stadt-bergheim\/wp-json\/wp\/v2\/pages\/6148","targetHints":{"allow":["GET"]}}],"collection":[{"href":"https:\/\/unser-quartier.de\/stadt-bergheim\/wp-json\/wp\/v2\/pages"}],"about":[{"href":"https:\/\/unser-quartier.de\/stadt-bergheim\/wp-json\/wp\/v2\/types\/page"}],"author":[{"embeddable":true,"href":"https:\/\/unser-quartier.de\/stadt-bergheim\/wp-json\/wp\/v2\/users\/48"}],"replies":[{"embeddable":true,"href":"https:\/\/unser-quartier.de\/stadt-bergheim\/wp-json\/wp\/v2\/comments?post=6148"}],"version-history":[{"count":0,"href":"https:\/\/unser-quartier.de\/stadt-bergheim\/wp-json\/wp\/v2\/pages\/6148\/revisions"}],"up":[{"embeddable":true,"href":"https:\/\/unser-quartier.de\/stadt-bergheim\/wp-json\/wp\/v2\/pages\/133"}],"wp:attachment":[{"href":"https:\/\/unser-quartier.de\/stadt-bergheim\/wp-json\/wp\/v2\/media?parent=6148"}],"curies":[{"name":"wp","href":"https:\/\/api.w.org\/{rel}","templated":true}]}}