{"id":6789,"date":"2015-06-11T13:53:21","date_gmt":"2015-06-11T11:53:21","guid":{"rendered":"http:\/\/unser-quartier.de\/stadt-bergheim\/?page_id=6789"},"modified":"2024-04-25T08:10:19","modified_gmt":"2024-04-25T06:10:19","slug":"alles-zum-thema-aelterwerden","status":"publish","type":"page","link":"https:\/\/unser-quartier.de\/stadt-bergheim\/startseite\/was-ist-das-fachforum-seniorenarbeit-fase\/alles-zum-thema-aelterwerden\/","title":{"rendered":"Alles zum Thema \u00c4lterwerden"},"content":{"rendered":"<h2>Aktiv unter neuem Namen<br \/>\n(<a href=\"http:\/\/www.unser-quartier.de\/stadt-bergheim\" target=\"_blank\" rel=\"noopener\">www.unser-quartier.de\/stadt-bergheim<\/a>)<\/h2>\n<div class=\"related\">\n<div class=\"img_left\">\n<div class=\"img_bu\"><\/div>\n<\/div>\n<div class=\"img_bu\"><\/div>\n<\/div>\n<div class=\"text\"><span style=\"font-size: 12pt;\">&#8220;Der Begriff Fachforum war vielleicht etwas missverst\u00e4ndlich. Wir richten uns nicht nur an Fachleute und Akteure aus der Seniorenarbeit, sondern an alle, die Informationen zum Thema \u00c4lterwerden suchen oder einfach nur Spa\u00df haben wollen&#8221;, sagt Koordinator Hans-J\u00fcrgen Knabben. Das Seniorenportal Bergheim bietet Aktuelles und Veranstaltungstipps, n\u00fctzliche Adressen und Ansprechpartner f\u00fcr Rat und Hilfe sowie Informationen zu Wohnen, Gesundheit, Pflege, Freizeit und Mobilit\u00e4t. Als virtueller Treffpunkt f\u00f6rdert es den Austausch der Netzwerkpartner der Lokalen Allianz f\u00fcr Menschen mit Demenz und begleitet die Interkulturelle \u00d6ffnung in der Altenhilfe. <\/span><span style=\"font-size: 12pt;\">Seit zwei Jahren online hat das Seniorenportal Bergheim mit 38.000 Besuchern seine Zugriffszahlen verdoppelt und will bis zum Jahresende auf rund 100 Klicks t\u00e4glich kommen. Aktuelles wird auch \u00fcber die Facebook-Seite FaSeBM verbreitet, die schon viele Fans hat. Oft angeklickt werden aber auch das beliebte Wortsuchspiel, Sudoku oder der praktische Busfahrplan. &#8220;Jeder kann mithelfen, unser Online-Portal lebendig zu halten und eigene Beitr\u00e4ge schreiben&#8221;, ruft Koordinator Hans-J\u00fcrgen Knabben zum Mitmachen auf. Neue Autoren werden immer gesucht und k\u00f6nnen ihre Texte und Fotos an senioren-online@gmx.de senden oder einfach bei den Redaktionssitzungen alle zwei Wochen montags um 10.15 Uhr im Bergheimer Rathaus vorbeischauen.<br \/>\nDer n\u00e4chste Termin ist am 15. Juni. <\/span><strong><span style=\"font-size: 12pt;\">Lokale Online-Gemeinschaft \u00e4lterer Menschen <\/span><\/strong><\/p>\n<p><span style=\"font-size: 12pt;\">Als das Projekt des Forums Seniorenarbeit NRW vor zwei Jahren mit einem Workshop begann, h\u00e4tte sich niemand den gro\u00dfen Erfolg tr\u00e4umen lassen. Zun\u00e4chst einmal ging es darum, lokale Onlinegemeinschaften \u00e4lterer Menschen in verschiedenen St\u00e4dten aufzubauen, die selbst\u00e4ndig ihre Internetseiten gestalten. Die Stadt Bergheim erkannte die M\u00f6glichkeiten, die in einem Infoportal ums Thema \u00c4lterwerden stecken: B\u00fcrgerschaftlich engagierte \u00e4ltere Menschen in einem Team zusammenzubringen, das eigenst\u00e4ndig die Verantwortung f\u00fcr Technik, Inhalte und Interaktion\/Kommunikation \u00fcbernimmt. Die vielf\u00e4ltigen Angebote und Termine f\u00fcr Seniorinnen und Senioren in der Stadt Bergheim auf einen Klick erfahrbar zu machen. Einrichtungen und Ehrenamtliche um einen virtuellen Tisch zu versammeln und miteinander ins Gespr\u00e4ch zu bringen &#8211; da griff die Fachstelle \u00c4lterwerden, damals unter der Leitung von Britta Fuchs, zu und fand in dem ehemaligen IT-Manager Knabben einen Mann mit dem n\u00f6tigen Know How f\u00fcr die Umsetzung.\u00a0 Eine geeignete Plattform musste gefunden werden und technisches Know-How wie Seiten erstellen, Chatten, Bloggen oder Fotobearbeitung erlernt werden. Der Austausch lief \u00fcber das Internet, aber auch reale Treffen der lokalen Seitenbetreiber halfen, das Projekt voranzubringen. Am Start sind au\u00dfer Bergheim und dem Mehrgenerationenhaus Oberau\u00dfem unter anderem auch der Rhein-Sieg-Kreis oder die Freizeitgemeinschaft 55+ Merzenich. <\/span><\/p>\n<p><span style=\"font-size: 12pt;\">www.unser-quartier.de\/stadt-bergheim <\/span><\/p>\n<p><span style=\"font-size: 12pt;\"><strong>Beigeordneter Klaus-Hermann R\u00f6ssler<\/strong>: <\/span><\/p>\n<p><span style=\"font-size: 12pt;\">Immer mehr \u00e4ltere Menschen nutzen das Internet, um sich zu informieren und teilzuhaben an den sch\u00f6nen neuen M\u00f6glichkeiten des grenzenlosen World Wide Webs. Beim Fachforum Seniorenarbeit k\u00f6nnen Bergheimerinnen und Bergheimer selbst aktiv werden und mit dazu beitragen, unsere Stadt und ihre Ortsteile lebens- und liebenswert zu halten. <\/span><\/p>\n<p><strong><span style=\"font-size: 12pt;\">Jan Schnorrenberg, Fachstelle \u00c4lterwerden der Stadt Bergheim: <\/span><\/strong><\/p>\n<p><span style=\"font-size: 12pt;\">Es freut mich zu sehen, wie sich &#8220;Unser Quartier&#8221; in den letzten zwei Jahren entwickelt hat und ein gutes Miteinander der Generationen f\u00f6rdert. \u00c4lterwerden geht uns alle an &#8211; Fachleute, Seniorinnen und Senioren und Angeh\u00f6rige profitieren von dem Rundumblick auf unsere Stadt und den zahlreichen Angeboten vor Ort.<\/span><\/p>\n<\/div>\n","protected":false},"excerpt":{"rendered":"<p>Aktiv unter neuem Namen (www.unser-quartier.de\/stadt-bergheim) &#8220;Der Begriff Fachforum war vielleicht etwas missverst\u00e4ndlich. Wir richten uns nicht nur an Fachleute und Akteure aus der Seniorenarbeit, sondern an alle, die Informationen zum Thema \u00c4lterwerden suchen oder einfach nur Spa\u00df haben wollen&#8221;, sagt Koordinator Hans-J\u00fcrgen Knabben. Das Seniorenportal Bergheim bietet Aktuelles und Veranstaltungstipps, n\u00fctzliche Adressen und Ansprechpartner f\u00fcr &hellip; <\/p>\n<p><a class=\"more-link btn\" href=\"https:\/\/unser-quartier.de\/stadt-bergheim\/startseite\/was-ist-das-fachforum-seniorenarbeit-fase\/alles-zum-thema-aelterwerden\/\">Weiterlesen<\/a><\/p>\n","protected":false},"author":48,"featured_media":0,"parent":133,"menu_order":1,"comment_status":"closed","ping_status":"closed","template":"","meta":{"_bbp_topic_count":0,"_bbp_reply_count":0,"_bbp_total_topic_count":0,"_bbp_total_reply_count":0,"_bbp_voice_count":0,"_bbp_anonymous_reply_count":0,"_bbp_topic_count_hidden":0,"_bbp_reply_count_hidden":0,"_bbp_forum_subforum_count":0,"jetpack_post_was_ever_published":false,"footnotes":""},"class_list":["post-6789","page","type-page","status-publish","hentry","nodate","item-wrap"],"jetpack_sharing_enabled":true,"jetpack_shortlink":"https:\/\/wp.me\/P3vhfJ-1Lv","jetpack_likes_enabled":true,"_links":{"self":[{"href":"https:\/\/unser-quartier.de\/stadt-bergheim\/wp-json\/wp\/v2\/pages\/6789","targetHints":{"allow":["GET"]}}],"collection":[{"href":"https:\/\/unser-quartier.de\/stadt-bergheim\/wp-json\/wp\/v2\/pages"}],"about":[{"href":"https:\/\/unser-quartier.de\/stadt-bergheim\/wp-json\/wp\/v2\/types\/page"}],"author":[{"embeddable":true,"href":"https:\/\/unser-quartier.de\/stadt-bergheim\/wp-json\/wp\/v2\/users\/48"}],"replies":[{"embeddable":true,"href":"https:\/\/unser-quartier.de\/stadt-bergheim\/wp-json\/wp\/v2\/comments?post=6789"}],"version-history":[{"count":1,"href":"https:\/\/unser-quartier.de\/stadt-bergheim\/wp-json\/wp\/v2\/pages\/6789\/revisions"}],"predecessor-version":[{"id":34625,"href":"https:\/\/unser-quartier.de\/stadt-bergheim\/wp-json\/wp\/v2\/pages\/6789\/revisions\/34625"}],"up":[{"embeddable":true,"href":"https:\/\/unser-quartier.de\/stadt-bergheim\/wp-json\/wp\/v2\/pages\/133"}],"wp:attachment":[{"href":"https:\/\/unser-quartier.de\/stadt-bergheim\/wp-json\/wp\/v2\/media?parent=6789"}],"curies":[{"name":"wp","href":"https:\/\/api.w.org\/{rel}","templated":true}]}}