{"id":7098,"date":"2015-06-29T17:51:14","date_gmt":"2015-06-29T15:51:14","guid":{"rendered":"http:\/\/unser-quartier.de\/stadt-bergheim\/?page_id=7098"},"modified":"2015-07-06T10:30:35","modified_gmt":"2015-07-06T08:30:35","slug":"bergheimer-geschichtsverein","status":"publish","type":"page","link":"https:\/\/unser-quartier.de\/stadt-bergheim\/informationen\/untermenue-3\/bergheimer-geschichtsverein\/","title":{"rendered":"Bergheimer Geschichtsverein"},"content":{"rendered":"<p><span style=\"font-size: 12pt\"><strong>Bergheimer Geschichtsverein<\/strong><\/span><\/p>\n<p><span style=\"font-size: 12pt\">Der Bergheimer Geschichtsverein wurde 1992 gegr\u00fcndet. Er verfolgt laut Satzung das Anliegen, die Geschichte der Stadt Bergheim zu erforschen und die Ergebnisse dieser Forschungen der \u00d6ffentlichkeit bekannt zu machen.<\/span><span style=\"font-size: 12pt\">\u00a0<\/span><\/p>\n<p><span style=\"font-size: 12pt\">Der Verein publiziert j\u00e4hrlich ein Jahrbuch mit dem Titel \u201eGeschichte in Bergheim\u201c. Inzwischen liegen 23 Jahrb\u00fccher vor, das vierundzwanzigst erscheint Ende des Jahres 2015. Die Jahrb\u00fccher haben in der Regel einen Umfang von 250 Seiten. In ihnen ver\u00f6ffentlichen profilierte Autoren die unterschiedlichsten Themen zu Bergheimer Geschichte, von der Steinzeit bis zur Gegenwart. F\u00fcr Mitglieder ist der Bezug des Jahrbuches im Mitgliedsbeitrag von 20 Euro inbegriffen. Neben den Jahrb\u00fcchern gibt der Bergheimer Geschichtsverein auch Sonderpublikationen heraus, die sich etwa mit der Geschichte der Schl\u00f6sser Schlenderhan und Frens oder mit dem Ort Paffendorf besch\u00e4ftigen. Autoren aus dem Vorstand des Bergheimer Geschichtsverein haben auch die von der Stadt Bergheim herausgegebene \u201eFestschrift 700 Jahre Stadt Bergheim\u201c und das dreib\u00e4ndige Werk des \u201eBergheimer Stadtf\u00fchrers\u201c geschrieben.<\/span><span style=\"font-size: 12pt\">\u00a0<\/span><\/p>\n<p><span style=\"font-size: 12pt\">Ein interessantes Angebot f\u00fcr die Mitglieder und interessierte Nichtmitglieder bilden Halbtages-, Ganztagesfahrten und mehrt\u00e4gige Studienreisen zu attraktiven Zielen der rheinischen und norwesteurop\u00e4ischen Geschichte. Diese Ausfl\u00fcge sind so beliebt, dass die Busse immer rasch ausgebucht sind. Neben den Fahrten bietet der Geschichtsverein auch Vortr\u00e4ge zu unterschiedlichen Themen unserer geschichtlich so reichen Region an.<\/span><\/p>\n<p><span style=\"font-size: 12pt\">Der Bergheimer Geschichtsverein besitzt \u00fcber 300 Mitglieder. Der Mitgliedsbeitrag betr\u00e4gt j\u00e4hrlich 20 Euro. Alle Veranstaltungen des Vereins k\u00f6nnen auch von Nichtmitgliedern besucht werden. Der Bergheimer Geschichtsverein besitzt eine umfangreiche Homepage, die differenziert \u00fcber die Aktivit\u00e4ten des Vereins Auskunft gibt. Dort ist auch das jeweilig aktuelle Halbjahresprogramm zu erfahren.<\/span><\/p>\n<p><span style=\"font-size: 12pt\">von Heinz Anderwehr<\/span><\/p>\n<p>&nbsp;<\/p>\n<p><span style=\"font-size: 12pt\">Kontakt zum Verein \u00fcber:<\/span><\/p>\n<p><span style=\"font-size: 12pt\"><strong>Bergheimer Geschichtsverein e.V.<\/strong><\/span><br \/>\n<span style=\"font-size: 12pt\"> c\/o Marco Lemper<\/span><br \/>\n<span style=\"font-size: 12pt\"> Gr\u00fcner Weg 26<\/span><br \/>\n<span style=\"font-size: 12pt\"> 50126 Bergheim<\/span><br \/>\n<span style=\"font-size: 12pt\"> Telefon: 02271 44041<\/span><br \/>\n<span style=\"font-size: 12pt\"> <a href=\"mailto:m.lemper@bergheimer-geschichtsverein.de\">m.lemper@bergheimer-geschichtsverein.de<\/a><br \/>\n<\/span><br \/>\n<span style=\"font-size: 12pt\"> <a href=\"http:\/\/www.bergheimer-geschichtsverein.de\">www.bergheimer-geschichtsverein.de<\/a><\/span><\/p>\n","protected":false},"excerpt":{"rendered":"<p><strong>Bergheimer Geschichtsverein<\/strong><\/p>\n<p>Der Bergheimer Geschichtsverein wurde 1992 gegr\u00fcndet. Er verfolgt laut Satzung das Anliegen, die Geschichte der Stadt Bergheim zu erforschen und die Ergebnisse dieser Forschungen der \u00d6ffentlichkeit bekannt zu machen.\u00a0<\/p>\n<p>Der Verein publiziert j\u00e4hrlich ein Jahrbuch mit dem Titel \u201eGeschichte in Bergheim\u201c. Inzwischen liegen 23 Jahrb\u00fccher vor, das vierundzwanzigst erscheint Ende des Jahres 2015. &hellip; <\/p>\n<p><a class=\"more-link btn\" href=\"https:\/\/unser-quartier.de\/stadt-bergheim\/informationen\/untermenue-3\/bergheimer-geschichtsverein\/\">Weiterlesen<\/a><\/p>\n","protected":false},"author":133,"featured_media":0,"parent":3336,"menu_order":1,"comment_status":"open","ping_status":"open","template":"","meta":{"_bbp_topic_count":0,"_bbp_reply_count":0,"_bbp_total_topic_count":0,"_bbp_total_reply_count":0,"_bbp_voice_count":0,"_bbp_anonymous_reply_count":0,"_bbp_topic_count_hidden":0,"_bbp_reply_count_hidden":0,"_bbp_forum_subforum_count":0,"jetpack_post_was_ever_published":false,"footnotes":""},"class_list":["post-7098","page","type-page","status-publish","hentry","nodate","item-wrap"],"jetpack_sharing_enabled":true,"jetpack_shortlink":"https:\/\/wp.me\/P3vhfJ-1Qu","jetpack_likes_enabled":true,"_links":{"self":[{"href":"https:\/\/unser-quartier.de\/stadt-bergheim\/wp-json\/wp\/v2\/pages\/7098","targetHints":{"allow":["GET"]}}],"collection":[{"href":"https:\/\/unser-quartier.de\/stadt-bergheim\/wp-json\/wp\/v2\/pages"}],"about":[{"href":"https:\/\/unser-quartier.de\/stadt-bergheim\/wp-json\/wp\/v2\/types\/page"}],"author":[{"embeddable":true,"href":"https:\/\/unser-quartier.de\/stadt-bergheim\/wp-json\/wp\/v2\/users\/133"}],"replies":[{"embeddable":true,"href":"https:\/\/unser-quartier.de\/stadt-bergheim\/wp-json\/wp\/v2\/comments?post=7098"}],"version-history":[{"count":0,"href":"https:\/\/unser-quartier.de\/stadt-bergheim\/wp-json\/wp\/v2\/pages\/7098\/revisions"}],"up":[{"embeddable":true,"href":"https:\/\/unser-quartier.de\/stadt-bergheim\/wp-json\/wp\/v2\/pages\/3336"}],"wp:attachment":[{"href":"https:\/\/unser-quartier.de\/stadt-bergheim\/wp-json\/wp\/v2\/media?parent=7098"}],"curies":[{"name":"wp","href":"https:\/\/api.w.org\/{rel}","templated":true}]}}