{"id":7200,"date":"2015-07-05T11:12:03","date_gmt":"2015-07-05T09:12:03","guid":{"rendered":"http:\/\/unser-quartier.de\/stadt-bergheim\/?page_id=7200"},"modified":"2015-07-05T11:14:46","modified_gmt":"2015-07-05T09:14:46","slug":"das-gemeinsame-spiel","status":"publish","type":"page","link":"https:\/\/unser-quartier.de\/stadt-bergheim\/startseite\/spiele-und-spass\/das-gemeinsame-spiel\/","title":{"rendered":"Das gemeinsame Spiel&#8230;"},"content":{"rendered":"<p><span style=\"font-size: 12pt\">Hier w\u00fcrde das Seniorenportal Bergheim gerne (t\u00e4glich, w\u00f6chentlich) sch\u00f6ne von Ihnen gesendete Bilder als PUZZLE einstellen! Probebetrieb&#8230;<\/span><\/p>\n<p>&nbsp;<\/p>\n\n","protected":false},"excerpt":{"rendered":"<p>Hier w\u00fcrde das Seniorenportal Bergheim gerne (t\u00e4glich, w\u00f6chentlich) sch\u00f6ne von Ihnen gesendete Bilder als PUZZLE einstellen! Probebetrieb&#8230;<\/p>\n<p>&nbsp;<\/p>\n","protected":false},"author":48,"featured_media":0,"parent":3492,"menu_order":1,"comment_status":"open","ping_status":"open","template":"","meta":{"_bbp_topic_count":0,"_bbp_reply_count":0,"_bbp_total_topic_count":0,"_bbp_total_reply_count":0,"_bbp_voice_count":0,"_bbp_anonymous_reply_count":0,"_bbp_topic_count_hidden":0,"_bbp_reply_count_hidden":0,"_bbp_forum_subforum_count":0,"jetpack_post_was_ever_published":false,"footnotes":""},"class_list":["post-7200","page","type-page","status-publish","hentry","nodate","item-wrap"],"jetpack_sharing_enabled":true,"jetpack_shortlink":"https:\/\/wp.me\/P3vhfJ-1S8","jetpack_likes_enabled":true,"_links":{"self":[{"href":"https:\/\/unser-quartier.de\/stadt-bergheim\/wp-json\/wp\/v2\/pages\/7200","targetHints":{"allow":["GET"]}}],"collection":[{"href":"https:\/\/unser-quartier.de\/stadt-bergheim\/wp-json\/wp\/v2\/pages"}],"about":[{"href":"https:\/\/unser-quartier.de\/stadt-bergheim\/wp-json\/wp\/v2\/types\/page"}],"author":[{"embeddable":true,"href":"https:\/\/unser-quartier.de\/stadt-bergheim\/wp-json\/wp\/v2\/users\/48"}],"replies":[{"embeddable":true,"href":"https:\/\/unser-quartier.de\/stadt-bergheim\/wp-json\/wp\/v2\/comments?post=7200"}],"version-history":[{"count":0,"href":"https:\/\/unser-quartier.de\/stadt-bergheim\/wp-json\/wp\/v2\/pages\/7200\/revisions"}],"up":[{"embeddable":true,"href":"https:\/\/unser-quartier.de\/stadt-bergheim\/wp-json\/wp\/v2\/pages\/3492"}],"wp:attachment":[{"href":"https:\/\/unser-quartier.de\/stadt-bergheim\/wp-json\/wp\/v2\/media?parent=7200"}],"curies":[{"name":"wp","href":"https:\/\/api.w.org\/{rel}","templated":true}]}}