{"id":7880,"date":"2015-09-25T15:31:01","date_gmt":"2015-09-25T13:31:01","guid":{"rendered":"http:\/\/unser-quartier.de\/stadt-bergheim\/?page_id=7880"},"modified":"2019-05-28T00:34:03","modified_gmt":"2019-05-27T22:34:03","slug":"curacon-rhein-erft","status":"publish","type":"page","link":"https:\/\/unser-quartier.de\/stadt-bergheim\/informationen\/untermenue-2\/curacon-rhein-erft\/","title":{"rendered":"CuraCon Rhein-Erft"},"content":{"rendered":"<p><span style=\"font-size: 12pt\">Am 01.01.2011 f\u00fchrten die Vereine Werft e. V. und Perspektive Rhein-Erft-Kreis e. V. ihre Fachbereiche Ambulant Betreutes Wohnen und Freizeit in der CuraCon Rhein-Erft gemeinn\u00fctzige GmbH zusammen.<\/span><\/p>\n<div class=\"entry-content clearfix\">\n<div id=\"mcs_container\">\n<div id=\"content_1\" class=\"content mCustomScrollbar _mCS_1\">\n<div id=\"mCSB_1\" class=\"mCustomScrollBox mCS-light-2\">\n<div class=\"mCSB_container\">\n<div id=\"c47\" class=\"csc-default\">\n<p><span style=\"font-size: 12pt\">Beide Vereine sind seit vielen Jahren etablierte Anbieter sowohl f\u00fcr ambulante Wohnhilfen als auch f\u00fcr Freizeitaktivit\u00e4ten und Urlaubsfahrten f\u00fcr Menschen mit Behinderung im Rhein-Erft-Kreis. Als Gesellschafter tragen sie ihre weitreichende Erfahrung in der Begleitung, Unterst\u00fctzung und F\u00f6rderung von Menschen mit Behinderungen in die Arbeit der CuraCon Rhein-Erft gemeinn\u00fctzige GmbH hinein. Diese hat es sich zur Aufgabe gemacht, die einzelnen Fachbereiche auf hohem Qualit\u00e4tsniveau fortzuf\u00fchren und weiter auszubauen.<\/span><\/p>\n<p><span style=\"font-size: 12pt\">Daher arbeitet f\u00fcr uns qualifiziertes Fachpersonal, das die Entscheidungsprozesse soweit als m\u00f6glich bei den Klienten bel\u00e4sst, sie in ihrer Selbstbestimmung begleitet, Alternativen aufzeigt, Handlungskonsequenzen sichtbar macht und somit ihr Selbstwertgef\u00fchl st\u00e4rkt.<\/span><\/p>\n<p><span style=\"font-size: 12pt\">Das Betreuungsangebot findet im gesamten Rhein-Erft-Kreis statt, besonders in der n\u00f6rdlichen H\u00e4lfte. Sitz der Gesellschaft ist Bergheim.<\/span><\/p>\n<p class=\"bodytext\"><span style=\"font-size: 12pt\">Seit Anfang 2013 haben wir unsere Fachbereiche um den Bereich \u201eDemenz\u201c erweitert.<\/span><\/p>\n<p><span style=\"font-size: 12pt\"><b>Leistungen<\/b><\/span><br \/>\n<span style=\"font-size: 12pt\">Im Zentrum der Leistungen steht die Sicherung des selbstst\u00e4ndigen Wohnens. Wir wollen Menschen mit\u00a0 Behinderungen ein Zuhause bieten, in dem sie entsprechend ihrer M\u00f6glichkeiten selbstbestimmt leben und wohnen k\u00f6nnen. Ebenso verfolgen wir das Ziel, f\u00fcr und mit Menschen mit Behinderungen ein vielf\u00e4ltiges Freizeitangebot zu gestalten.<\/span><\/p>\n<p><span style=\"font-size: 12pt\"><b>Unser Name<\/b><\/span><br \/>\n<span style=\"font-size: 12pt\">Der Begriff Cura stammt aus dem Lateinischen und steht f\u00fcr \u201eSorge tragen\u201c. Con verstehen wir im Sinne von \u201ezusammen und miteinander\u201c.<\/span><\/p>\n<p><span style=\"font-size: 12pt\">Diese beiden Begriffe spiegeln unseren Auftrag wider: CuraCon Rhein-Erft gemeinn\u00fctzige GmbH arbeitet f\u00fcr und mit Menschen mit Behinderungen. Gemeinsam mit unseren Klienten tragen wir Sorge f\u00fcr deren individuelle Lebensgestaltung.<\/span><\/p>\n<p>&nbsp;<\/p>\n<p><span style=\"font-size: 12pt\">CuraCon Rhein-Erft gemeinn\u00fctzige GmbH<\/span><br \/>\n<span style=\"font-size: 12pt\">S\u00fcdweststra\u00dfe 16<\/span><\/p>\n<p><span style=\"font-size: 12pt\">50126 Bergheim<\/span><\/p>\n<p><span style=\"font-size: 12pt\">Telefon 02271 75 88 80-0<\/span><br \/>\n<span style=\"font-size: 12pt\">Telefax 02271 83 71 899<\/span><\/p>\n<p><span style=\"font-size: 12pt\"><a href=\"mailto:info@curacon-rhein-erft.de\" target=\"_blank\" rel=\"noopener noreferrer\">info@curacon-rhein-erft.de<\/a><\/span><\/p>\n<p><span style=\"font-size: 12pt\"><a class=\"ext-link\" title=\"\" href=\"http:\/\/www.curacon-rhein-erft.de\/\" rel=\"external nofollow\">www.curacon-rhein-erft.de<\/a><\/span><\/p>\n<p><span style=\"font-size: 12pt\"><strong><em>Jetzt auch \u00fcber\u00a0Facebook erreichbar.<br \/>\n<\/em><\/strong><strong><em><u>www.facebook.com\/curacon-rhein-erft<\/u><\/em><\/strong><\/span><\/p>\n<p><span style=\"font-size: 12pt\"><img data-recalc-dims=\"1\" loading=\"lazy\" decoding=\"async\" data-attachment-id=\"9459\" data-permalink=\"https:\/\/unser-quartier.de\/stadt-bergheim\/informationen\/untermenue-2\/curacon-rhein-erft\/qr-curacon\/\" data-orig-file=\"https:\/\/i0.wp.com\/unser-quartier.de\/stadt-bergheim\/files\/2015\/09\/QR-Curacon.png?fit=345%2C345&amp;ssl=1\" data-orig-size=\"345,345\" data-comments-opened=\"0\" data-image-meta=\"{&quot;aperture&quot;:&quot;0&quot;,&quot;credit&quot;:&quot;&quot;,&quot;camera&quot;:&quot;&quot;,&quot;caption&quot;:&quot;&quot;,&quot;created_timestamp&quot;:&quot;0&quot;,&quot;copyright&quot;:&quot;&quot;,&quot;focal_length&quot;:&quot;0&quot;,&quot;iso&quot;:&quot;0&quot;,&quot;shutter_speed&quot;:&quot;0&quot;,&quot;title&quot;:&quot;&quot;,&quot;orientation&quot;:&quot;0&quot;}\" data-image-title=\"QR Curacon\" data-image-description=\"\" data-image-caption=\"\" data-medium-file=\"https:\/\/i0.wp.com\/unser-quartier.de\/stadt-bergheim\/files\/2015\/09\/QR-Curacon.png?fit=300%2C300&amp;ssl=1\" data-large-file=\"https:\/\/i0.wp.com\/unser-quartier.de\/stadt-bergheim\/files\/2015\/09\/QR-Curacon.png?fit=345%2C345&amp;ssl=1\" class=\"size-thumbnail wp-image-9459 alignnone\" src=\"https:\/\/i0.wp.com\/unser-quartier.de\/stadt-bergheim\/files\/2015\/09\/QR-Curacon.png?resize=150%2C150&#038;ssl=1\" alt=\"QR Curacon\" width=\"150\" height=\"150\" srcset=\"https:\/\/i0.wp.com\/unser-quartier.de\/stadt-bergheim\/files\/2015\/09\/QR-Curacon.png?resize=150%2C150&amp;ssl=1 150w, https:\/\/i0.wp.com\/unser-quartier.de\/stadt-bergheim\/files\/2015\/09\/QR-Curacon.png?resize=300%2C300&amp;ssl=1 300w, https:\/\/i0.wp.com\/unser-quartier.de\/stadt-bergheim\/files\/2015\/09\/QR-Curacon.png?w=345&amp;ssl=1 345w\" sizes=\"auto, (max-width: 150px) 100vw, 150px\" \/><\/span><span style=\"font-size: 12pt\"><em>\u00a0<\/em><\/span><\/p>\n<\/div>\n<p>&nbsp;<\/p>\n<div id=\"c47\" class=\"csc-default\">\n<p><span style=\"font-size: 12pt\">Mitglied im Parit\u00e4tischen Wohlfahrtsverband<\/span><\/p>\n<p><span style=\"font-size: 12pt\">Registergericht K\u00f6ln, HRB 71061<\/span><\/p>\n<p><span style=\"font-size: 12pt\">Gesch\u00e4ftsf\u00fchrer:<\/span><\/p>\n<p><span style=\"font-size: 12pt\">Albert Dreyling<\/span><\/p>\n<p><span style=\"font-size: 12pt\">Gabriele Nase<\/span><\/p>\n<\/div>\n<\/div>\n<div class=\"mCSB_scrollTools\"><\/div>\n<\/div>\n<\/div>\n<\/div>\n<p>&nbsp;<\/p>\n<\/div>\n","protected":false},"excerpt":{"rendered":"<p>Am 01.01.2011 f\u00fchrten die Vereine Werft e. V. und Perspektive Rhein-Erft-Kreis e. V. ihre Fachbereiche Ambulant Betreutes Wohnen und Freizeit in der CuraCon Rhein-Erft gemeinn\u00fctzige GmbH zusammen.<\/p>\n<p>Beide Vereine sind seit vielen Jahren etablierte Anbieter sowohl f\u00fcr ambulante Wohnhilfen als auch f\u00fcr Freizeitaktivit\u00e4ten und Urlaubsfahrten f\u00fcr Menschen mit Behinderung im Rhein-Erft-Kreis. Als Gesellschafter tragen sie &hellip; <\/p>\n<p><a class=\"more-link btn\" href=\"https:\/\/unser-quartier.de\/stadt-bergheim\/informationen\/untermenue-2\/curacon-rhein-erft\/\">Weiterlesen<\/a><\/p>\n","protected":false},"author":48,"featured_media":0,"parent":3332,"menu_order":4,"comment_status":"closed","ping_status":"closed","template":"","meta":{"_bbp_topic_count":0,"_bbp_reply_count":0,"_bbp_total_topic_count":0,"_bbp_total_reply_count":0,"_bbp_voice_count":0,"_bbp_anonymous_reply_count":0,"_bbp_topic_count_hidden":0,"_bbp_reply_count_hidden":0,"_bbp_forum_subforum_count":0,"jetpack_post_was_ever_published":false,"footnotes":""},"class_list":["post-7880","page","type-page","status-publish","hentry","nodate","item-wrap"],"jetpack_sharing_enabled":true,"jetpack_shortlink":"https:\/\/wp.me\/P3vhfJ-236","jetpack_likes_enabled":true,"_links":{"self":[{"href":"https:\/\/unser-quartier.de\/stadt-bergheim\/wp-json\/wp\/v2\/pages\/7880","targetHints":{"allow":["GET"]}}],"collection":[{"href":"https:\/\/unser-quartier.de\/stadt-bergheim\/wp-json\/wp\/v2\/pages"}],"about":[{"href":"https:\/\/unser-quartier.de\/stadt-bergheim\/wp-json\/wp\/v2\/types\/page"}],"author":[{"embeddable":true,"href":"https:\/\/unser-quartier.de\/stadt-bergheim\/wp-json\/wp\/v2\/users\/48"}],"replies":[{"embeddable":true,"href":"https:\/\/unser-quartier.de\/stadt-bergheim\/wp-json\/wp\/v2\/comments?post=7880"}],"version-history":[{"count":0,"href":"https:\/\/unser-quartier.de\/stadt-bergheim\/wp-json\/wp\/v2\/pages\/7880\/revisions"}],"up":[{"embeddable":true,"href":"https:\/\/unser-quartier.de\/stadt-bergheim\/wp-json\/wp\/v2\/pages\/3332"}],"wp:attachment":[{"href":"https:\/\/unser-quartier.de\/stadt-bergheim\/wp-json\/wp\/v2\/media?parent=7880"}],"curies":[{"name":"wp","href":"https:\/\/api.w.org\/{rel}","templated":true}]}}