{"id":8186,"date":"2018-12-11T20:15:22","date_gmt":"2018-12-11T19:15:22","guid":{"rendered":"http:\/\/unser-quartier.de\/stadt-bergheim\/?page_id=8186"},"modified":"2022-05-13T18:03:15","modified_gmt":"2022-05-13T16:03:15","slug":"tuerchen-12","status":"publish","type":"page","link":"https:\/\/unser-quartier.de\/stadt-bergheim\/tuerchen-12\/","title":{"rendered":"T\u00fcrchen 12"},"content":{"rendered":"<p><span style=\"font-size: 20px; font-family: arial, helvetica, sans-serif;\"><button id=\"listenButton1\" class=\"responsivevoice-button\" type=\"button\" value=\"Play\" title=\"ResponsiveVoice Tap to Start\/Stop Speech\"><span>&#128266; T\u00fcrcheninhalt vorlesen lassen?<\/span><\/button>\n        <script>\n            listenButton1.onclick = function(){\n                if(responsiveVoice.isPlaying()){\n                    responsiveVoice.cancel();\n                }else{\n                    responsiveVoice.speak(\"Das zw\u00f6lfte T\u00fcrchen ist ge\u00f6ffnet... Der gl\u00fcckliche kleine Vogel Der gl\u00fcckliche kleine Vogel Zizib\u00e4 sa\u00df in einem kahlen Fliederbusch und fror.\u00a0Zizib\u00e4 war ein kleiner Vogel. Er hatte sein Federkleid dick aufgeplustert, weil\\'s dann ein wenig w\u00e4rmer war. Da sa\u00df er wie ein dicker runder Ball, und keiner ahnte, wie d\u00fcnn sein K\u00f6rper drunter aussah. Zizib\u00e4 hatte die Augen zu. Er mochte schon gar nicht mehr hinsehen, wie die Schneeflocken endlos vom Himmel herunterfielen und alles zudeckten. Alle Futterpl\u00e4tze waren zugeschneit. Ach, und Hunger tat so weh.\u00a0Zwei Freunde von Zizib\u00e4 waren schon gestorben. Stellt euch mal vor, ihr m\u00fcsstet in einem kahlen Strauch sitzen, ganz allein im Schnee, und h\u00e4ttet nichts zu essen. Kein Fr\u00fchst\u00fcck, kein Mittagessen - und abends m\u00fcsstet ihr hungrig einschlafen, ganz allein drau\u00dfen im leeren Fliederbusch, wo\\'s dunkel ist und kalt. Das w\u00e4re doch schlimm. Zizib\u00e4 musste das alles erleiden. Er sa\u00df da und r\u00fchrte sich nicht. Nur manchmal sch\u00fcttelte er den Schnee aus den Federn. Wieder ging ein hungriger Tag zu Ende. Zizib\u00e4 wollte einschlafen. Er h\u00f6rte pl\u00f6tzlich ein liebliches Geklingel. Dann wurde es hell und warm, und Zizib\u00e4 dachte: Oh, das ist gewi\u00df der Fr\u00fchling. Aber es war der Weihnachtsengel. Er kam daher mit einem Schlitten voller Weihnachtspakete. Er sang vergn\u00fcgt. \\\"Morgen, Kinder, wird\\'s was geben...\\\" und leuchtete mit seinem Laternchen den Weg. Da entdeckte er auch unseren Zizib\u00e4. \\\"Guten Abend\\\", sagte der Engel, \\\"warum bist du so traurig?\\\" - \\\"Ich hab\\' so Hunger\\\", piepste Zizib\u00e4 und machte vor Kummer wieder die Augen zu. - \\\"Du armer Kleiner\\\", sagte der Engel, \\\"ich habe auch nichts zu essen dabei. Woher kriegen wir nur was f\u00fcr dich?\\\" Aber das war\\'s ja, was Zizib\u00e4 auch nicht wusste. Doch dann hatte der Engel eine himmlische Idee. \\\"Warte\\\", sagte er, \\\"ich werde dir helfen. Bis morgen ist alles gut. Schlaf nur ganz ruhig.\\\" Aber Zizib\u00e4 war schon eingeschlafen und merkte gar nicht, wie der Engel weiterzog und im n\u00e4chsten Haus verschwand. Im n\u00e4chsten Haus wohnte Bernd. Das war ein netter, kleiner Bub. Jetzt lag er im Bett und schlief und tr\u00e4umte von Weihnachten. Der Engel schwebte leise herzu, wie eben Engel schweben, und beugte sich \u00fcber ihn. Leise, leise fl\u00fcsterte er ihm etwas ins Ohr, und was Engel sprechen, das geht gleich ins Herz. Der Bernd verstand auch sofort, um was sich\\'s handelt, obwohl er fest schlief. Als er am n\u00e4chsten Morgen wach wurde, rieb er sich die Augen und guckte zum Fenster hinaus. \\\"Ei, so viel Schnee\\\", rief er, sprang aus dem Bett, ri\u00df das Fenster auf und fuhr mit beiden H\u00e4nden in den Schnee. Dann machte er einen Schneeball und warf ihn aus \u00dcbermut hoch in die Luft. Pl\u00f6tzlich hielt er inne. Wie war das doch heute Nacht? Hatte er nicht irgend etwas versprochen? Richtig, da fiel\\'s ihm ein. Er sollte dem Zizib\u00e4 Futter besorgen. Der Bernd fegte den Schnee vom Fensterbrett und rannte zur Mutter in die K\u00fcche. \\\"Guten Morgen, ich will den Zizib\u00e4 f\u00fcttern, ich brauch\\' Kuchen und Wurst!\\\" rief er. - \\\"Das ist aber nett, da\u00df du daran denkst\\\", sagte die Mutter, \\\"aber Kuchen und Wurst taugen nicht als Futter. Der Kuchen weicht auf, und die Wurst ist viel zu salzig. Da wird der arme Zizib\u00e4 statt an Hunger an Bauchschmerzen sterben.\\\" Die Mutter ging und holte eine T\u00fcte Sonnenblumenkerne. \\\"Die sind viel besser\\\", sagte sie. Der Bernd streute die Kerne auf\\'s Fensterbrett und rief: \\\"Guten Appetit, Zizib\u00e4!\\\" Dann musste er sausen, um noch rechtzeitig zur Schule zu kommen. Als die Schule aus war, kam er auf dem Nachhauseweg beim Samenh\u00e4ndler Korn vorbei. Der Bernd ging in den Laden und sagte: \\\"Ich h\u00e4tte gern Futter f\u00fcr die V\u00f6gel im Garten.\\\" Er legte sein ganzes Taschengeld auf den Tisch. Daf\u00fcr bekam er eine gro\u00dfe T\u00fcte voll Samen und Meisenringe. Nun rannte er nach Hause zu seinem Fensterbrett. Aber - o weh - da war alles zugeschneit. Doch die K\u00f6rner waren verschwunden. Die hatte Zizib\u00e4 noch rechtzeitig entdeckt. Er hatte seine Vettern und Kusinen herbeigeholt, und sie hatten sich einen guten Tag gemacht, w\u00e4hrend der Bernd in der Schule war. Es darf nicht wieder alles zuschneien, dachte der Bernd, und als sein Vater am Nachmittag heimkam, machten sie sich gleich daran und zimmerten ein wundersch\u00f6nes Futterhaus. Das h\u00e4ngten sie vor dem Fenster auf. Am n\u00e4chsten Tag sprach sich\u00b4s bei der ganzen Vogelgesellschaft herum, da\u00df es beim Bernd etwas Gutes zu essen gab. Das war eine gro\u00dfe Freude, denn kein Vogel brauchte mehr vor Hunger zu sterben, und abends, wenn der Engel vorbeikam, sah er nur satte und zufriedene V\u00f6gel friedlich schlummern. Daf\u00fcr legte er dem Bernd noch ein Extra-Geschenk unter den Weihnachtsbaum, und es wurde ein wundersch\u00f6nes Fest. Gesehen\/Quelle: winter-wonderland.de\", \"Deutsch Female\");\n                }\n            };\n        <\/script>\n    <\/span><\/p>\n<p style=\"text-align: center;\"><strong><span style=\"font-family: arial,helvetica,sans-serif; font-size: 20px;\">Das <span style=\"color: #008000;\">zw\u00f6lfte<\/span> T\u00fcrchen ist ge\u00f6ffnet&#8230;<\/span><\/strong><\/p>\n<p>&nbsp;<\/p>\n<p><span style=\"font-size: 20px; font-family: arial, helvetica, sans-serif;\"><strong><span style=\"color: #3366ff;\">Der gl\u00fcckliche kleine Vogel<\/span><\/strong><\/span><\/p>\n<p><span style=\"font-family: arial, helvetica, sans-serif; font-size: 20px; -webkit-text-size-adjust: 100%;\">Der gl\u00fcckliche kleine Vogel Zizib\u00e4 sa\u00df in einem kahlen Fliederbusch und fror.<\/span>\u00a0<span style=\"font-family: arial, helvetica, sans-serif; font-size: 20px; -webkit-text-size-adjust: 100%;\">Zizib\u00e4 war ein kleiner Vogel. Er hatte sein Federkleid dick aufgeplustert, weil&#8217;s dann ein wenig w\u00e4rmer war.<\/span><\/p>\n<div class=\"csc-textpic-text\">\n<p><span style=\"font-size: 20px; font-family: arial, helvetica, sans-serif;\">Da sa\u00df er wie ein dicker runder Ball, und keiner ahnte, wie d\u00fcnn sein K\u00f6rper drunter aussah. Zizib\u00e4 hatte die Augen zu. Er mochte schon gar nicht mehr hinsehen, wie die Schneeflocken endlos vom <strong><span style=\"color: #3366ff;\">Himmel<\/span> <\/strong>herunterfielen und alles zudeckten. Alle Futterpl\u00e4tze waren zugeschneit. Ach, und Hunger tat so weh.\u00a0Zwei <strong><span style=\"color: #3366ff;\">Freunde<\/span><\/strong> von Zizib\u00e4 waren schon gestorben.<\/span><\/p>\n<p><span style=\"font-size: 20px; font-family: arial, helvetica, sans-serif;\">Stellt euch mal vor, ihr m\u00fcsstet in einem kahlen Strauch sitzen, ganz allein im Schnee, und h\u00e4ttet nichts zu essen. Kein Fr\u00fchst\u00fcck, kein Mittagessen &#8211; und abends m\u00fcsstet ihr hungrig einschlafen, ganz allein drau\u00dfen im leeren Fliederbusch, wo&#8217;s dunkel ist und kalt. Das w\u00e4re doch schlimm. Zizib\u00e4 musste das alles erleiden. Er sa\u00df da und r\u00fchrte sich nicht. Nur manchmal sch\u00fcttelte er den Schnee aus den Federn. Wieder ging ein hungriger Tag zu Ende.<\/span><\/p>\n<p><span style=\"font-size: 20px; font-family: arial, helvetica, sans-serif;\">Zizib\u00e4 wollte einschlafen. Er h\u00f6rte pl\u00f6tzlich ein liebliches Geklingel. Dann wurde es hell und warm, und Zizib\u00e4 dachte: Oh, das ist gewi\u00df der Fr\u00fchling. Aber es war der Weihnachtsengel. Er kam daher mit einem Schlitten voller Weihnachtspakete.<\/span><\/p>\n<p><span style=\"font-size: 20px; font-family: arial, helvetica, sans-serif;\">Er sang vergn\u00fcgt. &#8220;Morgen, Kinder, wird&#8217;s was geben&#8230;&#8221; und leuchtete mit seinem Laternchen den Weg. Da entdeckte er auch unseren Zizib\u00e4. &#8220;Guten Abend&#8221;, sagte der Engel, &#8220;warum bist du so traurig?&#8221; &#8211; &#8220;Ich hab&#8217; so Hunger&#8221;, piepste Zizib\u00e4 und machte vor Kummer wieder die Augen zu. &#8211; <strong><span style=\"color: #3366ff;\">&#8220;Du armer Kleiner&#8221;,<\/span> <\/strong>sagte der Engel, &#8220;ich habe auch nichts zu essen dabei. Woher kriegen wir nur was f\u00fcr dich?&#8221; Aber das war&#8217;s ja, was Zizib\u00e4 auch nicht wusste. Doch dann hatte der Engel eine himmlische Idee. &#8220;Warte&#8221;, sagte er, &#8220;ich werde dir helfen. Bis morgen ist alles gut. Schlaf nur ganz ruhig.&#8221;<\/span><\/p>\n<p><span style=\"font-size: 20px; font-family: arial, helvetica, sans-serif;\">Aber Zizib\u00e4 war schon eingeschlafen und merkte gar nicht, wie der Engel weiterzog und im n\u00e4chsten Haus verschwand. Im n\u00e4chsten Haus wohnte Bernd. Das war ein netter, kleiner Bub. Jetzt lag er im Bett und schlief und tr\u00e4umte von Weihnachten. Der Engel schwebte leise herzu, wie eben Engel schweben, und beugte sich \u00fcber ihn. Leise, leise fl\u00fcsterte er ihm etwas ins Ohr, und was Engel sprechen, das geht gleich ins Herz. Der Bernd verstand auch sofort, um was sich&#8217;s handelt, obwohl er fest schlief.<\/span><\/p>\n<p><span style=\"font-size: 20px; font-family: arial, helvetica, sans-serif;\">Als er am n\u00e4chsten Morgen wach wurde, rieb er sich die Augen und guckte zum Fenster hinaus. &#8220;Ei, so viel Schnee&#8221;, rief er, sprang aus dem Bett, ri\u00df das Fenster auf und fuhr mit beiden H\u00e4nden in den Schnee. Dann machte er einen Schneeball und warf ihn aus \u00dcbermut hoch in die Luft. Pl\u00f6tzlich hielt er inne. Wie war das doch heute Nacht? Hatte er nicht irgend etwas versprochen? Richtig, da fiel&#8217;s ihm ein. Er sollte dem Zizib\u00e4 Futter besorgen.<\/span><\/p>\n<p><span style=\"font-size: 20px; font-family: arial, helvetica, sans-serif;\">Der Bernd fegte den Schnee vom Fensterbrett und rannte zur Mutter in die K\u00fcche. &#8220;Guten Morgen, ich will den Zizib\u00e4 f\u00fcttern, ich brauch&#8217; Kuchen und Wurst!&#8221; rief er. &#8211; &#8220;Das ist aber nett, da\u00df du daran denkst&#8221;, sagte die Mutter, &#8220;aber Kuchen und Wurst taugen nicht als Futter. Der Kuchen weicht auf, und die Wurst ist viel zu salzig. Da wird der arme Zizib\u00e4 statt an Hunger an Bauchschmerzen sterben.&#8221;<\/span><\/p>\n<p><span style=\"font-size: 20px; font-family: arial, helvetica, sans-serif;\">Die Mutter ging und holte eine T\u00fcte Sonnenblumenkerne. &#8220;Die sind viel besser&#8221;, sagte sie. Der Bernd streute die Kerne auf&#8217;s Fensterbrett und rief: &#8220;Guten Appetit, Zizib\u00e4!&#8221; Dann musste er sausen, um noch rechtzeitig zur Schule zu kommen.<\/span><\/p>\n<p><span style=\"font-size: 20px; font-family: arial, helvetica, sans-serif;\">Als die Schule aus war, kam er auf dem Nachhauseweg beim Samenh\u00e4ndler Korn vorbei. Der Bernd ging in den Laden und sagte: &#8220;Ich h\u00e4tte gern <strong><span style=\"color: #3366ff;\">Futter f\u00fcr die V\u00f6gel<\/span> <\/strong>im Garten.&#8221; Er legte sein ganzes Taschengeld auf den Tisch. Daf\u00fcr bekam er eine gro\u00dfe T\u00fcte voll Samen und Meisenringe. Nun rannte er nach Hause zu seinem Fensterbrett. Aber &#8211; o weh &#8211; da war alles zugeschneit.<\/span><\/p>\n<p><span style=\"font-size: 20px; font-family: arial, helvetica, sans-serif;\">Doch die K\u00f6rner waren verschwunden. Die hatte Zizib\u00e4 noch rechtzeitig entdeckt.<br \/>\nEr hatte seine Vettern und Kusinen herbeigeholt, und sie hatten sich einen guten Tag gemacht, w\u00e4hrend der Bernd in der Schule war. Es darf nicht wieder alles zuschneien, dachte der Bernd, und als sein Vater am Nachmittag heimkam, machten sie sich gleich daran und zimmerten ein wundersch\u00f6nes Futterhaus. Das h\u00e4ngten sie vor dem Fenster auf.<\/span><\/p>\n<p><span style=\"font-size: 20px; font-family: arial, helvetica, sans-serif;\">Am n\u00e4chsten Tag sprach sich\u00b4s bei der ganzen Vogelgesellschaft herum, da\u00df es beim Bernd etwas Gutes zu essen gab. Das war eine gro\u00dfe Freude, denn kein Vogel brauchte mehr vor Hunger zu sterben, und abends, wenn der Engel vorbeikam, sah er nur satte und zufriedene V\u00f6gel friedlich schlummern.<\/span><\/p>\n<p><span style=\"font-size: 20px; font-family: arial, helvetica, sans-serif;\">Daf\u00fcr legte er dem Bernd noch ein Extra-Geschenk unter den Weihnachtsbaum, und es wurde ein wundersch\u00f6nes Fest.<\/span><\/p>\n<\/div>\n<p><span style=\"font-size: 20px; font-family: arial, helvetica, sans-serif;\">Gesehen\/Quelle: winter-wonderland.de<\/span><\/p>\n<div id=\"attachment_13055\" style=\"width: 517px\" class=\"wp-caption aligncenter\"><a href=\"https:\/\/unser-quartier.de\/stadt-bergheim\/vogel\/\"><img data-recalc-dims=\"1\" loading=\"lazy\" decoding=\"async\" aria-describedby=\"caption-attachment-13055\" data-attachment-id=\"13055\" data-permalink=\"https:\/\/unser-quartier.de\/stadt-bergheim\/tuerchen-12\/vogel\/\" data-orig-file=\"https:\/\/i0.wp.com\/unser-quartier.de\/stadt-bergheim\/files\/2016\/12\/vogel_1481484006.png?fit=517%2C640&amp;ssl=1\" data-orig-size=\"517,640\" data-comments-opened=\"0\" data-image-meta=\"{&quot;aperture&quot;:&quot;0&quot;,&quot;credit&quot;:&quot;&quot;,&quot;camera&quot;:&quot;&quot;,&quot;caption&quot;:&quot;&quot;,&quot;created_timestamp&quot;:&quot;0&quot;,&quot;copyright&quot;:&quot;&quot;,&quot;focal_length&quot;:&quot;0&quot;,&quot;iso&quot;:&quot;0&quot;,&quot;shutter_speed&quot;:&quot;0&quot;,&quot;title&quot;:&quot;&quot;,&quot;orientation&quot;:&quot;0&quot;}\" data-image-title=\"Vogel\" data-image-description=\"\" data-image-caption=\"&lt;p&gt;&lt;a href=&quot;https:\/\/pixabay.com\/users\/OpenClipart-Vectors\/&quot;&gt;OpenClipart-Vectors&lt;\/a&gt; \/ Pixabay&lt;\/p&gt;\n\" data-medium-file=\"https:\/\/i0.wp.com\/unser-quartier.de\/stadt-bergheim\/files\/2016\/12\/vogel_1481484006.png?fit=242%2C300&amp;ssl=1\" data-large-file=\"https:\/\/i0.wp.com\/unser-quartier.de\/stadt-bergheim\/files\/2016\/12\/vogel_1481484006.png?fit=517%2C640&amp;ssl=1\" class=\"wp-image-13055 size-full\" src=\"https:\/\/i0.wp.com\/unser-quartier.de\/stadt-bergheim\/files\/2016\/12\/vogel_1481484006.png?resize=517%2C640&#038;ssl=1\" width=\"517\" height=\"640\" srcset=\"https:\/\/i0.wp.com\/unser-quartier.de\/stadt-bergheim\/files\/2016\/12\/vogel_1481484006.png?w=517&amp;ssl=1 517w, https:\/\/i0.wp.com\/unser-quartier.de\/stadt-bergheim\/files\/2016\/12\/vogel_1481484006.png?resize=121%2C150&amp;ssl=1 121w, https:\/\/i0.wp.com\/unser-quartier.de\/stadt-bergheim\/files\/2016\/12\/vogel_1481484006.png?resize=242%2C300&amp;ssl=1 242w\" sizes=\"auto, (max-width: 517px) 100vw, 517px\" \/><\/a><p id=\"caption-attachment-13055\" class=\"wp-caption-text\"><span style=\"font-size: 20px; font-family: arial, helvetica, sans-serif;\">OpenClipart-Vectors \/ Pixabay<\/span><\/p><\/div>\n<p>&nbsp;<\/p>\n<div id=\"attachment_13059\" style=\"width: 640px\" class=\"wp-caption alignnone\"><img data-recalc-dims=\"1\" loading=\"lazy\" decoding=\"async\" aria-describedby=\"caption-attachment-13059\" data-attachment-id=\"13059\" data-permalink=\"https:\/\/unser-quartier.de\/stadt-bergheim\/tuerchen-12\/vogelhaus\/\" data-orig-file=\"https:\/\/i0.wp.com\/unser-quartier.de\/stadt-bergheim\/files\/2016\/12\/Vogelhaus_1481539282.jpg?fit=640%2C640&amp;ssl=1\" data-orig-size=\"640,640\" data-comments-opened=\"0\" data-image-meta=\"{&quot;aperture&quot;:&quot;0&quot;,&quot;credit&quot;:&quot;&quot;,&quot;camera&quot;:&quot;&quot;,&quot;caption&quot;:&quot;&quot;,&quot;created_timestamp&quot;:&quot;0&quot;,&quot;copyright&quot;:&quot;&quot;,&quot;focal_length&quot;:&quot;0&quot;,&quot;iso&quot;:&quot;0&quot;,&quot;shutter_speed&quot;:&quot;0&quot;,&quot;title&quot;:&quot;&quot;,&quot;orientation&quot;:&quot;0&quot;}\" data-image-title=\"Vogelhaus\" data-image-description=\"\" data-image-caption=\"&lt;p&gt;&lt;a href=&quot;https:\/\/pixabay.com\/users\/Alexas_Fotos\/&quot;&gt;Alexas_Fotos&lt;\/a&gt; \/ Pixabay&lt;\/p&gt;\n\" data-medium-file=\"https:\/\/i0.wp.com\/unser-quartier.de\/stadt-bergheim\/files\/2016\/12\/Vogelhaus_1481539282.jpg?fit=300%2C300&amp;ssl=1\" data-large-file=\"https:\/\/i0.wp.com\/unser-quartier.de\/stadt-bergheim\/files\/2016\/12\/Vogelhaus_1481539282.jpg?fit=640%2C640&amp;ssl=1\" class=\"size-full wp-image-13059\" src=\"https:\/\/i0.wp.com\/unser-quartier.de\/stadt-bergheim\/files\/2016\/12\/Vogelhaus_1481539282.jpg?resize=640%2C640&#038;ssl=1\" alt=\"\" width=\"640\" height=\"640\" srcset=\"https:\/\/i0.wp.com\/unser-quartier.de\/stadt-bergheim\/files\/2016\/12\/Vogelhaus_1481539282.jpg?w=640&amp;ssl=1 640w, https:\/\/i0.wp.com\/unser-quartier.de\/stadt-bergheim\/files\/2016\/12\/Vogelhaus_1481539282.jpg?resize=150%2C150&amp;ssl=1 150w, https:\/\/i0.wp.com\/unser-quartier.de\/stadt-bergheim\/files\/2016\/12\/Vogelhaus_1481539282.jpg?resize=300%2C300&amp;ssl=1 300w\" sizes=\"auto, (max-width: 640px) 100vw, 640px\" \/><p id=\"caption-attachment-13059\" class=\"wp-caption-text\"><span style=\"font-size: 20px; font-family: arial, helvetica, sans-serif;\">Alexas_Fotos \/ Pixabay<\/span><\/p><\/div>\n","protected":false},"excerpt":{"rendered":"<\/p>\n<p style=\"text-align: center;\"><strong>Das zw\u00f6lfte T\u00fcrchen ist ge\u00f6ffnet&#8230;<\/strong><\/p>\n<p>&nbsp;<\/p>\n<p><strong>Der gl\u00fcckliche kleine Vogel<\/strong><\/p>\n<p>Der gl\u00fcckliche kleine Vogel Zizib\u00e4 sa\u00df in einem kahlen Fliederbusch und fror.\u00a0Zizib\u00e4 war ein kleiner Vogel. Er hatte sein Federkleid dick aufgeplustert, weil&#8217;s dann ein wenig w\u00e4rmer war.<\/p>\n<p>Da sa\u00df er wie ein dicker runder Ball, und keiner ahnte, wie d\u00fcnn sein &hellip; <\/p>\n<p><a class=\"more-link btn\" href=\"https:\/\/unser-quartier.de\/stadt-bergheim\/tuerchen-12\/\">Weiterlesen<\/a><\/p>\n","protected":false},"author":48,"featured_media":0,"parent":0,"menu_order":0,"comment_status":"closed","ping_status":"closed","template":"","meta":{"_bbp_topic_count":0,"_bbp_reply_count":0,"_bbp_total_topic_count":0,"_bbp_total_reply_count":0,"_bbp_voice_count":0,"_bbp_anonymous_reply_count":0,"_bbp_topic_count_hidden":0,"_bbp_reply_count_hidden":0,"_bbp_forum_subforum_count":0,"jetpack_post_was_ever_published":false,"footnotes":""},"class_list":["post-8186","page","type-page","status-publish","hentry","nodate","item-wrap"],"jetpack_sharing_enabled":true,"jetpack_shortlink":"https:\/\/wp.me\/P3vhfJ-282","jetpack_likes_enabled":true,"_links":{"self":[{"href":"https:\/\/unser-quartier.de\/stadt-bergheim\/wp-json\/wp\/v2\/pages\/8186","targetHints":{"allow":["GET"]}}],"collection":[{"href":"https:\/\/unser-quartier.de\/stadt-bergheim\/wp-json\/wp\/v2\/pages"}],"about":[{"href":"https:\/\/unser-quartier.de\/stadt-bergheim\/wp-json\/wp\/v2\/types\/page"}],"author":[{"embeddable":true,"href":"https:\/\/unser-quartier.de\/stadt-bergheim\/wp-json\/wp\/v2\/users\/48"}],"replies":[{"embeddable":true,"href":"https:\/\/unser-quartier.de\/stadt-bergheim\/wp-json\/wp\/v2\/comments?post=8186"}],"version-history":[{"count":0,"href":"https:\/\/unser-quartier.de\/stadt-bergheim\/wp-json\/wp\/v2\/pages\/8186\/revisions"}],"wp:attachment":[{"href":"https:\/\/unser-quartier.de\/stadt-bergheim\/wp-json\/wp\/v2\/media?parent=8186"}],"curies":[{"name":"wp","href":"https:\/\/api.w.org\/{rel}","templated":true}]}}