{"id":944,"date":"2013-08-07T09:56:52","date_gmt":"2013-08-07T07:56:52","guid":{"rendered":"http:\/\/unser-quartier.de\/stadt-bergheim\/?page_id=944"},"modified":"2014-11-26T22:05:31","modified_gmt":"2014-11-26T21:05:31","slug":"wohnen","status":"publish","type":"page","link":"https:\/\/unser-quartier.de\/stadt-bergheim\/sparten\/wohnen\/","title":{"rendered":"Wohnen"},"content":{"rendered":"<p><span style=\"font-size: medium\">Auch im Alter wollen die meisten Menschen weiter in ihrer vertrauten Wohnung bleiben. Die eigenen vier W\u00e4nde vermitteln nicht nur Sicherheit und Geborgenheit, sie bedeuten auch Lebensqualit\u00e4t, Selbst\u00e4ndigkeit und Eigenverantwortung. Manchmal sind nur kleine Ver\u00e4nderungen n\u00f6tig, um den Anforderungen im Alter gerecht zu werden. Manchmal ist aber auch das eigene Haus oder die eigene Wohnung zu gro\u00df geworden und es gibt bessere Alternativen.<\/span><\/p>\n<p><span style=\"font-size: medium\">Wie kann ich m\u00f6glichst lange zu Hause wohnen bleiben?<\/span><br \/>\n<span style=\"font-size: medium\">Wie w\u00fcnsche ich mir mein Wohnumfeld? Welche Hilfen gibt es?<\/span><\/p>\n<p><span style=\"font-size: medium\">Lesen Sie und diskutieren Sie mit! <\/span><br \/>\n<span style=\"font-size: medium\">Was braucht die Kreisstadt Bergheim,<br \/>\ndamit auch Sie sich in Ihrem Quartier daheim f\u00fchlen?<\/span><\/p>\n<p>&nbsp;<\/p>\n<p>&nbsp;<\/p>\n<p>&nbsp;<\/p>\n","protected":false},"excerpt":{"rendered":"<p>Auch im Alter wollen die meisten Menschen weiter in ihrer vertrauten Wohnung bleiben. Die eigenen vier W\u00e4nde vermitteln nicht nur Sicherheit und Geborgenheit, sie bedeuten auch Lebensqualit\u00e4t, Selbst\u00e4ndigkeit und Eigenverantwortung. Manchmal sind nur kleine Ver\u00e4nderungen n\u00f6tig, um den Anforderungen im Alter gerecht zu werden. Manchmal ist aber auch das eigene Haus oder die eigene Wohnung &hellip; <\/p>\n<p><a class=\"more-link btn\" href=\"https:\/\/unser-quartier.de\/stadt-bergheim\/sparten\/wohnen\/\">Weiterlesen<\/a><\/p>\n","protected":false},"author":48,"featured_media":4398,"parent":941,"menu_order":5,"comment_status":"open","ping_status":"open","template":"","meta":{"_bbp_topic_count":0,"_bbp_reply_count":0,"_bbp_total_topic_count":0,"_bbp_total_reply_count":0,"_bbp_voice_count":0,"_bbp_anonymous_reply_count":0,"_bbp_topic_count_hidden":0,"_bbp_reply_count_hidden":0,"_bbp_forum_subforum_count":0,"jetpack_post_was_ever_published":false,"footnotes":""},"class_list":["post-944","page","type-page","status-publish","has-post-thumbnail","hentry","nodate","item-wrap"],"jetpack_sharing_enabled":true,"jetpack_shortlink":"https:\/\/wp.me\/P3vhfJ-fe","jetpack_likes_enabled":true,"_links":{"self":[{"href":"https:\/\/unser-quartier.de\/stadt-bergheim\/wp-json\/wp\/v2\/pages\/944","targetHints":{"allow":["GET"]}}],"collection":[{"href":"https:\/\/unser-quartier.de\/stadt-bergheim\/wp-json\/wp\/v2\/pages"}],"about":[{"href":"https:\/\/unser-quartier.de\/stadt-bergheim\/wp-json\/wp\/v2\/types\/page"}],"author":[{"embeddable":true,"href":"https:\/\/unser-quartier.de\/stadt-bergheim\/wp-json\/wp\/v2\/users\/48"}],"replies":[{"embeddable":true,"href":"https:\/\/unser-quartier.de\/stadt-bergheim\/wp-json\/wp\/v2\/comments?post=944"}],"version-history":[{"count":0,"href":"https:\/\/unser-quartier.de\/stadt-bergheim\/wp-json\/wp\/v2\/pages\/944\/revisions"}],"up":[{"embeddable":true,"href":"https:\/\/unser-quartier.de\/stadt-bergheim\/wp-json\/wp\/v2\/pages\/941"}],"wp:featuredmedia":[{"embeddable":true,"href":"https:\/\/unser-quartier.de\/stadt-bergheim\/wp-json\/wp\/v2\/media\/4398"}],"wp:attachment":[{"href":"https:\/\/unser-quartier.de\/stadt-bergheim\/wp-json\/wp\/v2\/media?parent=944"}],"curies":[{"name":"wp","href":"https:\/\/api.w.org\/{rel}","templated":true}]}}