{"id":964,"date":"2013-08-07T10:45:08","date_gmt":"2013-08-07T08:45:08","guid":{"rendered":"http:\/\/unser-quartier.de\/stadt-bergheim\/?page_id=964"},"modified":"2014-06-02T20:27:03","modified_gmt":"2014-06-02T18:27:03","slug":"mobilitaet","status":"publish","type":"page","link":"https:\/\/unser-quartier.de\/stadt-bergheim\/sparten\/mobilitaet\/","title":{"rendered":"Mobilit\u00e4t"},"content":{"rendered":"<p><span style=\"font-size: medium\"><img data-recalc-dims=\"1\" loading=\"lazy\" decoding=\"async\" data-attachment-id=\"2709\" data-permalink=\"https:\/\/unser-quartier.de\/stadt-bergheim\/sparten\/mobilitaet\/_dsc4900-3\/\" data-orig-file=\"https:\/\/i0.wp.com\/unser-quartier.de\/stadt-bergheim\/files\/2014\/06\/DSC4900.jpg?fit=949%2C630&amp;ssl=1\" data-orig-size=\"949,630\" data-comments-opened=\"0\" data-image-meta=\"{&quot;aperture&quot;:&quot;0&quot;,&quot;credit&quot;:&quot;&quot;,&quot;camera&quot;:&quot;&quot;,&quot;caption&quot;:&quot;&quot;,&quot;created_timestamp&quot;:&quot;0&quot;,&quot;copyright&quot;:&quot;Frank Rechtmann&quot;,&quot;focal_length&quot;:&quot;0&quot;,&quot;iso&quot;:&quot;0&quot;,&quot;shutter_speed&quot;:&quot;0&quot;,&quot;title&quot;:&quot;&quot;}\" data-image-title=\"_DSC4900\" data-image-description=\"\" data-image-caption=\"\" data-medium-file=\"https:\/\/i0.wp.com\/unser-quartier.de\/stadt-bergheim\/files\/2014\/06\/DSC4900.jpg?fit=300%2C199&amp;ssl=1\" data-large-file=\"https:\/\/i0.wp.com\/unser-quartier.de\/stadt-bergheim\/files\/2014\/06\/DSC4900.jpg?fit=770%2C511&amp;ssl=1\" class=\"alignleft wp-image-2709 size-medium\" src=\"https:\/\/i0.wp.com\/unser-quartier.de\/stadt-bergheim\/files\/2014\/06\/DSC4900.jpg?resize=300%2C199&#038;ssl=1\" alt=\"_DSC4900\" width=\"300\" height=\"199\" srcset=\"https:\/\/i0.wp.com\/unser-quartier.de\/stadt-bergheim\/files\/2014\/06\/DSC4900.jpg?resize=300%2C199&amp;ssl=1 300w, https:\/\/i0.wp.com\/unser-quartier.de\/stadt-bergheim\/files\/2014\/06\/DSC4900.jpg?resize=150%2C99&amp;ssl=1 150w, https:\/\/i0.wp.com\/unser-quartier.de\/stadt-bergheim\/files\/2014\/06\/DSC4900.jpg?w=949&amp;ssl=1 949w\" sizes=\"auto, (max-width: 300px) 100vw, 300px\" \/>Auch \u00e4ltere Menschen wollen den Anschluss nicht verlieren und mobil bleiben.<br \/>\nOb mit dem eigenen Auto, \u00f6ffentlichen Verkehrsmitteln, dem Fahrrad oder als Fu\u00dfg\u00e4nger \u2013 Selbstst\u00e4ndigkeit wird gro\u00dfgeschrieben und ist die Voraussetzung f\u00fcr eine aktive Teilhabe am gesellschaftlichen Leben. R\u00fccksicht und Respekt gilt f\u00fcr alle Verkehrsteilnehmer. Dazu geh\u00f6rt auch, sich seine Einschr\u00e4nkungen bewusst zu machen und andere nicht zu gef\u00e4hrden. Viele w\u00fcrden liebend gern auf ihr Auto verzichten, wenn es sinnvolle Alternativen g\u00e4be. Von kurzen Wegen und einer guten Infrastruktur profitieren alle. Doch immer mehr Unternehmen und Gesch\u00e4fte siedeln sich am Stadtrand an oder verschwinden ganz aus den Stadtteilen. Sind Dienstleister und Einzelh\u00e4ndler in Bergheim gut zu erreichen? Haben sie einen Lieferservice\u00a0oder mobile Angebote f\u00fcr Senioren? Was tut die Stadt Bergheim f\u00fcr die Sicherheit seiner \u00e4lteren B\u00fcrgerinnen und B\u00fcrger? Gibt es ein gut ausgebautes Wegenetz\u00a0und Barrierefreiheit? Und wie ist der Service im \u00f6ffentlichen Nahverkehr?<\/span><\/p>\n<p>&nbsp;<\/p>\n<p><span style=\"font-size: medium\">Was w\u00fcnschen Sie sich, um in Bergheim mobil zu bleiben? Was muss sich \u00e4ndern?<\/span><\/p>\n<p><span style=\"font-size: medium\">Wenden Sie sich gern an Ihr Online-Team.\u00a0<\/span><\/p>\n<p><strong><span style=\"font-size: small\">\u00a0<\/span><\/strong><\/p>\n","protected":false},"excerpt":{"rendered":"<p>Auch \u00e4ltere Menschen wollen den Anschluss nicht verlieren und mobil bleiben. Ob mit dem eigenen Auto, \u00f6ffentlichen Verkehrsmitteln, dem Fahrrad oder als Fu\u00dfg\u00e4nger \u2013 Selbstst\u00e4ndigkeit wird gro\u00dfgeschrieben und ist die Voraussetzung f\u00fcr eine aktive Teilhabe am gesellschaftlichen Leben. R\u00fccksicht und Respekt gilt f\u00fcr alle Verkehrsteilnehmer. Dazu geh\u00f6rt auch, sich seine Einschr\u00e4nkungen bewusst zu machen und &hellip; <\/p>\n<p><a class=\"more-link btn\" href=\"https:\/\/unser-quartier.de\/stadt-bergheim\/sparten\/mobilitaet\/\">Weiterlesen<\/a><\/p>\n","protected":false},"author":48,"featured_media":2709,"parent":941,"menu_order":6,"comment_status":"open","ping_status":"open","template":"","meta":{"_bbp_topic_count":0,"_bbp_reply_count":0,"_bbp_total_topic_count":0,"_bbp_total_reply_count":0,"_bbp_voice_count":0,"_bbp_anonymous_reply_count":0,"_bbp_topic_count_hidden":0,"_bbp_reply_count_hidden":0,"_bbp_forum_subforum_count":0,"jetpack_post_was_ever_published":false,"footnotes":""},"class_list":["post-964","page","type-page","status-publish","has-post-thumbnail","hentry","nodate","item-wrap"],"jetpack_sharing_enabled":true,"jetpack_shortlink":"https:\/\/wp.me\/P3vhfJ-fy","jetpack_likes_enabled":true,"_links":{"self":[{"href":"https:\/\/unser-quartier.de\/stadt-bergheim\/wp-json\/wp\/v2\/pages\/964","targetHints":{"allow":["GET"]}}],"collection":[{"href":"https:\/\/unser-quartier.de\/stadt-bergheim\/wp-json\/wp\/v2\/pages"}],"about":[{"href":"https:\/\/unser-quartier.de\/stadt-bergheim\/wp-json\/wp\/v2\/types\/page"}],"author":[{"embeddable":true,"href":"https:\/\/unser-quartier.de\/stadt-bergheim\/wp-json\/wp\/v2\/users\/48"}],"replies":[{"embeddable":true,"href":"https:\/\/unser-quartier.de\/stadt-bergheim\/wp-json\/wp\/v2\/comments?post=964"}],"version-history":[{"count":0,"href":"https:\/\/unser-quartier.de\/stadt-bergheim\/wp-json\/wp\/v2\/pages\/964\/revisions"}],"up":[{"embeddable":true,"href":"https:\/\/unser-quartier.de\/stadt-bergheim\/wp-json\/wp\/v2\/pages\/941"}],"wp:featuredmedia":[{"embeddable":true,"href":"https:\/\/unser-quartier.de\/stadt-bergheim\/wp-json\/wp\/v2\/media\/2709"}],"wp:attachment":[{"href":"https:\/\/unser-quartier.de\/stadt-bergheim\/wp-json\/wp\/v2\/media?parent=964"}],"curies":[{"name":"wp","href":"https:\/\/api.w.org\/{rel}","templated":true}]}}