{"id":1075,"date":"2016-01-15T09:34:09","date_gmt":"2016-01-15T08:34:09","guid":{"rendered":"http:\/\/unser-quartier.de\/tmp-musterblog3\/?page_id=1075"},"modified":"2017-10-09T11:30:37","modified_gmt":"2017-10-09T09:30:37","slug":"uebersicht2","status":"publish","type":"page","link":"https:\/\/unser-quartier.de\/tmp-musterblog4\/uebersicht2\/","title":{"rendered":"Anbieter und Akteure im Quartier"},"content":{"rendered":"<p>Unser Anbieterkatalog erm\u00f6glicht Ihnen die schnelle Kontaktaufnahme und einen \u00dcberblick \u00fcber die Infrastruktur unseres Quartiers.<!--more--><\/p>\n<p><a href=\"https:\/\/unser-quartier.de\/tmp-musterblog4\/uebersicht2\/uebersicht\/\" data-wpel-link=\"internal\">Anbieterkatalog mit einer geographischen \u00dcbersichtskarte<\/a><\/p>\n<p><a href=\"https:\/\/unser-quartier.de\/tmp-musterblog4\/uebersicht2\/anbieter\/\" data-wpel-link=\"internal\">Anbieterkatalog in Textform<\/a><\/p>\n","protected":false},"excerpt":{"rendered":"<p>Unser Anbieterkatalog erm\u00f6glicht Ihnen die schnelle Kontaktaufnahme und einen \u00dcberblick \u00fcber die Infrastruktur unseres Quartiers.<\/p>\n","protected":false},"author":1,"featured_media":0,"parent":0,"menu_order":5,"comment_status":"closed","ping_status":"closed","template":"","meta":{"generate_page_header":"","footnotes":""},"class_list":["post-1075","page","type-page","status-publish"],"_links":{"self":[{"href":"https:\/\/unser-quartier.de\/tmp-musterblog4\/wp-json\/wp\/v2\/pages\/1075","targetHints":{"allow":["GET"]}}],"collection":[{"href":"https:\/\/unser-quartier.de\/tmp-musterblog4\/wp-json\/wp\/v2\/pages"}],"about":[{"href":"https:\/\/unser-quartier.de\/tmp-musterblog4\/wp-json\/wp\/v2\/types\/page"}],"author":[{"embeddable":true,"href":"https:\/\/unser-quartier.de\/tmp-musterblog4\/wp-json\/wp\/v2\/users\/1"}],"replies":[{"embeddable":true,"href":"https:\/\/unser-quartier.de\/tmp-musterblog4\/wp-json\/wp\/v2\/comments?post=1075"}],"version-history":[{"count":0,"href":"https:\/\/unser-quartier.de\/tmp-musterblog4\/wp-json\/wp\/v2\/pages\/1075\/revisions"}],"wp:attachment":[{"href":"https:\/\/unser-quartier.de\/tmp-musterblog4\/wp-json\/wp\/v2\/media?parent=1075"}],"curies":[{"name":"wp","href":"https:\/\/api.w.org\/{rel}","templated":true}]}}