{"id":1106,"date":"2016-01-23T12:44:56","date_gmt":"2016-01-23T11:44:56","guid":{"rendered":"http:\/\/unser-quartier.de\/tmp-musterblog3\/?page_id=1106"},"modified":"2016-02-02T11:55:15","modified_gmt":"2016-02-02T10:55:15","slug":"app","status":"publish","type":"page","link":"https:\/\/unser-quartier.de\/tmp-musterblog4\/service\/app\/","title":{"rendered":"Unsere WebApp"},"content":{"rendered":"<p>Da unsere Website f\u00fcr die Nutzung auf mobilen Ger\u00e4ten vorbereitet ist, k\u00f6nnen Sie einen Link auf unsere Website auf dem <strong>Homescreen\/Startbildschirm des Smartphones oder Tablets<\/strong> ablegen und so schnell und direkt auf alle Inhalte zugreifen. Das nennt man eine WebApp. Mit nur einem &#8222;Touch&#8220; sind Sie bei uns.<\/p>\n<p>Um alle Beitr\u00e4ge direkt als E-Mail zu erhalten, <a href=\"https:\/\/unser-quartier.de\/tmp-musterblog4\/service\/newsletter\/\" data-wpel-link=\"internal\">k\u00f6nnen Sie unseren Newsletter bestellen<\/a>.<\/p>\n<p>Wie das geht?<!--more--><\/p>\n<h3>Verkn\u00fcpfung auf dem Homescreen<\/h3>\n<figure id=\"attachment_1163\" aria-describedby=\"caption-attachment-1163\" style=\"width: 140px\" class=\"wp-caption alignright\"><a href=\"https:\/\/unser-quartier.de\/tmp-musterblog4\/service\/app\/android1-firefox-3\/#main\" rel=\"attachment wp-att-1163\" data-wpel-link=\"internal\"><img loading=\"lazy\" decoding=\"async\" class=\"wp-image-1163 size-thumbnail\" src=\"https:\/\/unser-quartier.de\/tmp-musterblog4\/files\/2016\/01\/Android1-Firefox-3-150x147.jpg\" alt=\"Zu Startbildschirm hinzuf\u00fcgen im Firefox\" width=\"150\" height=\"147\" srcset=\"https:\/\/unser-quartier.de\/tmp-musterblog4\/files\/2016\/01\/Android1-Firefox-3-150x147.jpg 150w, https:\/\/unser-quartier.de\/tmp-musterblog4\/files\/2016\/01\/Android1-Firefox-3-300x294.jpg 300w, https:\/\/unser-quartier.de\/tmp-musterblog4\/files\/2016\/01\/Android1-Firefox-3-768x753.jpg 768w, https:\/\/unser-quartier.de\/tmp-musterblog4\/files\/2016\/01\/Android1-Firefox-3.jpg 914w\" sizes=\"auto, (max-width: 150px) 100vw, 150px\" \/><\/a><figcaption id=\"caption-attachment-1163\" class=\"wp-caption-text\">Firefox<\/figcaption><\/figure>\n<p>Da es <strong>verschiedene Betriebssysteme und Browser<\/strong> gibt, sind auch die Verfahren zum Anlegen eines Lesezeichens\/Verkn\u00fcpfung auf dem Homescreen unterschiedlich. Da diese Funktion sehr praktisch ist, auch f\u00fcr andere Seiten die Sie gerne lesen, lohnt eine kleine Ein\u00fcbung des Verfahrens.<\/p>\n<h4>Android<\/h4>\n<p>F\u00fcr <strong>Firefox und Google Chrome f\u00fcr Android<\/strong> beispielsweise stellt die <a href=\"http:\/\/praxistipps.chip.de\/android-lesezeichen-auf-dem-homescreen-ablegen-so-klappts_27640\" data-wpel-link=\"external\" target=\"_self\" rel=\"nofollow external noopener noreferrer\" title=\"Externer Link: \" class=\"ext-link wpel-icon-right\">Computerzeitschrift Chip eine ausf\u00fchrliche Anleitung zur Verf\u00fcgung<span class=\"wpel-icon wpel-image wpel-icon-6\"><\/span><\/a>.<\/p>\n<figure id=\"attachment_1164\" aria-describedby=\"caption-attachment-1164\" style=\"width: 140px\" class=\"wp-caption alignright\"><a href=\"https:\/\/unser-quartier.de\/tmp-musterblog4\/service\/app\/android2-chrome-2\/#main\" rel=\"attachment wp-att-1164\" data-wpel-link=\"internal\"><img loading=\"lazy\" decoding=\"async\" class=\"wp-image-1164 size-thumbnail\" src=\"https:\/\/unser-quartier.de\/tmp-musterblog4\/files\/2016\/01\/Android2-chrome-2-150x198.jpg\" alt=\"Zu Startbildschirm hinzuf\u00fcgen in Chrome\" width=\"150\" height=\"198\" srcset=\"https:\/\/unser-quartier.de\/tmp-musterblog4\/files\/2016\/01\/Android2-chrome-2-150x198.jpg 150w, https:\/\/unser-quartier.de\/tmp-musterblog4\/files\/2016\/01\/Android2-chrome-2-300x395.jpg 300w, https:\/\/unser-quartier.de\/tmp-musterblog4\/files\/2016\/01\/Android2-chrome-2-768x1011.jpg 768w, https:\/\/unser-quartier.de\/tmp-musterblog4\/files\/2016\/01\/Android2-chrome-2.jpg 773w\" sizes=\"auto, (max-width: 150px) 100vw, 150px\" \/><\/a><figcaption id=\"caption-attachment-1164\" class=\"wp-caption-text\">Chrome<\/figcaption><\/figure>\n<p>In K\u00fcrze: Rufen Sie <strong>die gew\u00fcnschte Adresse in Ihrem Browser<\/strong> auf. Auf dem Firefox f\u00fcr Android reicht es die <strong>Adresszeile<\/strong> des Browser etwas l\u00e4nger gedr\u00fcckt zu halten. Anschlie\u00dfend erscheint ein Dialog &#8222;<strong>Zu Startbildschirm hinzuf\u00fcgen&#8220;<\/strong>.<\/p>\n<p>Im Chrome-Browser dr\u00fccken Sie <strong>oben rechts die Funktionsleiste<\/strong>. Es klappt ein Men\u00fc auf. Dort finden Sie den Men\u00fcpunkt &#8222;Zum Startbildschirm hinzuf\u00fcgen&#8220;.<\/p>\n<h4>iOS<\/h4>\n<figure id=\"attachment_1167\" aria-describedby=\"caption-attachment-1167\" style=\"width: 140px\" class=\"wp-caption alignright\"><a href=\"https:\/\/unser-quartier.de\/tmp-musterblog4\/service\/app\/iphone-safari3\/#main\" rel=\"attachment wp-att-1167\" data-wpel-link=\"internal\"><img loading=\"lazy\" decoding=\"async\" class=\"wp-image-1167 size-thumbnail\" src=\"https:\/\/unser-quartier.de\/tmp-musterblog4\/files\/2016\/01\/iphone-safari3-150x193.jpg\" alt=\"Zum Home-Bildschirm im Safari\" width=\"150\" height=\"193\" srcset=\"https:\/\/unser-quartier.de\/tmp-musterblog4\/files\/2016\/01\/iphone-safari3-150x193.jpg 150w, https:\/\/unser-quartier.de\/tmp-musterblog4\/files\/2016\/01\/iphone-safari3-300x386.jpg 300w, https:\/\/unser-quartier.de\/tmp-musterblog4\/files\/2016\/01\/iphone-safari3-768x989.jpg 768w, https:\/\/unser-quartier.de\/tmp-musterblog4\/files\/2016\/01\/iphone-safari3-795x1024.jpg 795w, https:\/\/unser-quartier.de\/tmp-musterblog4\/files\/2016\/01\/iphone-safari3.jpg 932w\" sizes=\"auto, (max-width: 150px) 100vw, 150px\" \/><\/a><figcaption id=\"caption-attachment-1167\" class=\"wp-caption-text\">Safari<\/figcaption><\/figure>\n<p>Eine ausf\u00fchrliche Anleitung f\u00fcr<strong> Safari und Chrome<\/strong> f\u00fcr das <a href=\"http:\/\/de.wikihow.com\/Lesezeichen-auf-einem-iPad-anlegen\" data-wpel-link=\"external\" target=\"_self\" rel=\"nofollow external noopener noreferrer\" title=\"Externer Link: \" class=\"ext-link wpel-icon-right\">iPad\/iPhone bietet zum Beispiel wikihow<span class=\"wpel-icon wpel-image wpel-icon-6\"><\/span><\/a>.<\/p>\n<p>In K\u00fcrze: Rufen Sie die gew\u00fcnschte Seite im <strong>Safari<\/strong> auf. W\u00e4hlen Sie die Schaltfl\u00e4che &#8222;<strong>Teilen&#8220;<\/strong> und dort anschie\u00dfend &#8222;<strong>Zum Home-Bildschirm&#8220;<\/strong>.<\/p>\n","protected":false},"excerpt":{"rendered":"<p>Da unsere Website f\u00fcr die Nutzung auf mobilen Ger\u00e4ten vorbereitet ist, k\u00f6nnen Sie einen Link auf unsere Website auf dem Homescreen\/Startbildschirm des Smartphones oder Tablets ablegen und so schnell und direkt auf alle Inhalte zugreifen. Das nennt man eine WebApp. Mit nur einem &#8222;Touch&#8220; sind Sie bei uns. Um alle Beitr\u00e4ge direkt als E-Mail zu&hellip; <a class=\"continue\" href=\"https:\/\/unser-quartier.de\/tmp-musterblog4\/service\/app\/\" data-wpel-link=\"internal\"> \u00bb weiterlesen: <span> Unsere WebApp<\/span><\/a><\/p>\n","protected":false},"author":78,"featured_media":0,"parent":1114,"menu_order":2,"comment_status":"closed","ping_status":"closed","template":"","meta":{"generate_page_header":"","footnotes":""},"class_list":["post-1106","page","type-page","status-publish"],"_links":{"self":[{"href":"https:\/\/unser-quartier.de\/tmp-musterblog4\/wp-json\/wp\/v2\/pages\/1106","targetHints":{"allow":["GET"]}}],"collection":[{"href":"https:\/\/unser-quartier.de\/tmp-musterblog4\/wp-json\/wp\/v2\/pages"}],"about":[{"href":"https:\/\/unser-quartier.de\/tmp-musterblog4\/wp-json\/wp\/v2\/types\/page"}],"author":[{"embeddable":true,"href":"https:\/\/unser-quartier.de\/tmp-musterblog4\/wp-json\/wp\/v2\/users\/78"}],"replies":[{"embeddable":true,"href":"https:\/\/unser-quartier.de\/tmp-musterblog4\/wp-json\/wp\/v2\/comments?post=1106"}],"version-history":[{"count":0,"href":"https:\/\/unser-quartier.de\/tmp-musterblog4\/wp-json\/wp\/v2\/pages\/1106\/revisions"}],"up":[{"embeddable":true,"href":"https:\/\/unser-quartier.de\/tmp-musterblog4\/wp-json\/wp\/v2\/pages\/1114"}],"wp:attachment":[{"href":"https:\/\/unser-quartier.de\/tmp-musterblog4\/wp-json\/wp\/v2\/media?parent=1106"}],"curies":[{"name":"wp","href":"https:\/\/api.w.org\/{rel}","templated":true}]}}