{"id":2,"date":"2014-01-22T07:22:37","date_gmt":"2014-01-22T07:22:37","guid":{"rendered":"http:\/\/unser-quartier.de\/tmp-musterblog3\/?page_id=2"},"modified":"2021-02-14T22:09:06","modified_gmt":"2021-02-14T21:09:06","slug":"home","status":"publish","type":"page","link":"https:\/\/unser-quartier.de\/tmp-musterblog4\/","title":{"rendered":"Home"},"content":{"rendered":"<div id=\"pl-2\"  class=\"panel-layout\" ><div id=\"pg-2-0\"  class=\"panel-grid panel-no-style\" ><div id=\"pgc-2-0-0\"  class=\"panel-grid-cell\" ><div id=\"panel-2-0-0-0\" class=\"so-panel widget widget_sow-features panel-first-child panel-last-child\" data-index=\"0\" ><div\n\t\t\t\n\t\t\tclass=\"so-widget-sow-features so-widget-sow-features-default-0d0a460a1e13-2\"\n\t\t\t\n\t\t>\n<div class=\"sow-features-list sow-features-responsive\">\n\n\t\t\t\t\t\t\t\t\t<div\n\t\t\t\tclass=\"sow-features-feature sow-icon-container-position-top\"\n\t\t\t\tstyle=\"display: flex; flex-direction: column; width: calc(33.333% - 25px);\"\n\t\t\t>\n\t\t\t\n\t\t\t\t\t\t\t\t\t<a href=\"https:\/\/unser-quartier.de\/tmp-musterblog4\/aktuelles\/\" data-wpel-link=\"internal\">\n\t\t\t\t\t\t\t\t<div\n\t\t\t\t\tclass=\"sow-icon-container sow-container-round\"\n\t\t\t\t\tstyle=\"color: #f4f4f4; \"\n\t\t\t\t\ttitle=\"Aktuelles\"\t\t\t\t>\n\t\t\t\t\t<span class=\"sow-icon-fontawesome sow-fas\" data-sow-icon=\"&#xf1ea;\"\n\t\tstyle=\"font-size: 100px; color: #0c5da5\" \n\t\taria-hidden=\"true\"><\/span>\t\t\t\t<\/div>\n\t\t\t\t\t\t\t\t\t<\/a>\n\t\t\t\t\t\n\t\t\t\t<div class=\"textwidget\">\n\t\t\t\t\t\n\t\t\t\t\t\t\t\t\t\t\t<h5>\n\t\t\t\t\t\t\t\t\t\t\t\t\t\t\t<a href=\"https:\/\/unser-quartier.de\/tmp-musterblog4\/aktuelles\/\" data-wpel-link=\"internal\">\n\t\t\t\t\t\t\t\n\t\t\t\t\t\t\tAktuelles\t\t\t\t\t\t\t\t\t\t\t\t\t\t\t<\/a>\n\t\t\t\t\t\t\t\t\t\t\t\t\t<\/h5>\n\t\t\t\t\t\n\t\t\t\t\t\n\t\t\t\t\t\t\t\t\t<\/div>\n\t\t\t\t\t\t\t\t\n\t\t\t\t\t\t\t<\/div>\n\n\t\t\t\t\t\t\t\t<div\n\t\t\t\tclass=\"sow-features-feature sow-icon-container-position-top\"\n\t\t\t\tstyle=\"display: flex; flex-direction: column; width: calc(33.333% - 25px);\"\n\t\t\t>\n\t\t\t\n\t\t\t\t\t\t\t\t\t<a href=\"https:\/\/unser-quartier.de\/tmp-musterblog4\/veranstaltungen\/liste\/\" data-wpel-link=\"internal\">\n\t\t\t\t\t\t\t\t<div\n\t\t\t\t\tclass=\"sow-icon-container sow-container-round\"\n\t\t\t\t\tstyle=\"color: #f4f4f4; \"\n\t\t\t\t\ttitle=\"Veranstaltungen\"\t\t\t\t>\n\t\t\t\t\t<span class=\"sow-icon-fontawesome sow-fas\" data-sow-icon=\"&#xf274;\"\n\t\tstyle=\"font-size: 100px; color: #0c5da5\" \n\t\taria-hidden=\"true\"><\/span>\t\t\t\t<\/div>\n\t\t\t\t\t\t\t\t\t<\/a>\n\t\t\t\t\t\n\t\t\t\t<div class=\"textwidget\">\n\t\t\t\t\t\n\t\t\t\t\t\t\t\t\t\t\t<h5>\n\t\t\t\t\t\t\t\t\t\t\t\t\t\t\t<a href=\"https:\/\/unser-quartier.de\/tmp-musterblog4\/veranstaltungen\/liste\/\" data-wpel-link=\"internal\">\n\t\t\t\t\t\t\t\n\t\t\t\t\t\t\tVeranstaltungen und Termine\t\t\t\t\t\t\t\t\t\t\t\t\t\t\t<\/a>\n\t\t\t\t\t\t\t\t\t\t\t\t\t<\/h5>\n\t\t\t\t\t\n\t\t\t\t\t\n\t\t\t\t\t\t\t\t\t<\/div>\n\t\t\t\t\t\t\t\t\n\t\t\t\t\t\t\t<\/div>\n\n\t\t\t\t\t\t\t\t<div\n\t\t\t\tclass=\"sow-features-feature sow-icon-container-position-top\"\n\t\t\t\tstyle=\"display: flex; flex-direction: column; width: calc(33.333% - 25px);\"\n\t\t\t>\n\t\t\t\n\t\t\t\t\t\t\t\t\t<a href=\"https:\/\/unser-quartier.de\/tmp-musterblog4\/uebersicht2\/\" data-wpel-link=\"internal\">\n\t\t\t\t\t\t\t\t<div\n\t\t\t\t\tclass=\"sow-icon-container sow-container-round\"\n\t\t\t\t\tstyle=\"color: #f4f4f4; \"\n\t\t\t\t\ttitle=\"Anbieter\"\t\t\t\t>\n\t\t\t\t\t<span class=\"sow-icon-fontawesome sow-fas\" data-sow-icon=\"&#xf5a0;\"\n\t\tstyle=\"font-size: 100px; color: #0c5da5\" \n\t\taria-hidden=\"true\"><\/span>\t\t\t\t<\/div>\n\t\t\t\t\t\t\t\t\t<\/a>\n\t\t\t\t\t\n\t\t\t\t<div class=\"textwidget\">\n\t\t\t\t\t\n\t\t\t\t\t\t\t\t\t\t\t<h5>\n\t\t\t\t\t\t\t\t\t\t\t\t\t\t\t<a href=\"https:\/\/unser-quartier.de\/tmp-musterblog4\/uebersicht2\/\" data-wpel-link=\"internal\">\n\t\t\t\t\t\t\t\n\t\t\t\t\t\t\tAnbieter und Akteure\t\t\t\t\t\t\t\t\t\t\t\t\t\t\t<\/a>\n\t\t\t\t\t\t\t\t\t\t\t\t\t<\/h5>\n\t\t\t\t\t\n\t\t\t\t\t\n\t\t\t\t\t\t\t\t\t<\/div>\n\t\t\t\t\t\t\t\t\n\t\t\t\t\t\t\t<\/div>\n\n\t\t\t\n<\/div>\n<\/div><\/div><\/div><\/div><div id=\"pg-2-1\"  class=\"panel-grid panel-has-style\" ><div class=\"panel-row-style panel-row-style-for-2-1\" ><div id=\"pgc-2-1-0\"  class=\"panel-grid-cell\" ><div id=\"panel-2-1-0-0\" class=\"so-panel widget widget_sow-editor panel-first-child\" data-index=\"1\" ><div\n\t\t\t\n\t\t\tclass=\"so-widget-sow-editor so-widget-sow-editor-base\"\n\t\t\t\n\t\t>\n<div class=\"siteorigin-widget-tinymce textwidget\">\n\t<h3><strong><img loading=\"lazy\" decoding=\"async\" class=\"alignright size-medium wp-image-1288\" src=\"https:\/\/unser-quartier.de\/tmp-musterblog4\/files\/2014\/01\/pc-handy-tablet-media-774068-300x282.png\" alt=\"Abbildung verschuiedener Medien\" width=\"300\" height=\"282\" srcset=\"https:\/\/unser-quartier.de\/tmp-musterblog4\/files\/2014\/01\/pc-handy-tablet-media-774068-300x282.png 300w, https:\/\/unser-quartier.de\/tmp-musterblog4\/files\/2014\/01\/pc-handy-tablet-media-774068-150x141.png 150w, https:\/\/unser-quartier.de\/tmp-musterblog4\/files\/2014\/01\/pc-handy-tablet-media-774068-768x721.png 768w, https:\/\/unser-quartier.de\/tmp-musterblog4\/files\/2014\/01\/pc-handy-tablet-media-774068-1024x961.png 1024w, https:\/\/unser-quartier.de\/tmp-musterblog4\/files\/2014\/01\/pc-handy-tablet-media-774068.png 1200w\" sizes=\"auto, (max-width: 300px) 100vw, 300px\" \/>Quartier vernetzt - zuhause und digital<\/strong><\/h3>\n<p>Das Internet-Portal f\u00fcr Menschen in <strong>MUSTERSTADT<\/strong>. Seien Sie dabei und machen mit.<\/p>\n<p><strong>Schreiben, Fotos, Videos, kreativ am Computer sein?<\/strong> <br \/>Unser Redaktionsteam trifft sich einmal im Monat: <em>kontakt@adresse-ersetzen.de<\/em><\/p>\n<p><strong>Mit dem Smartphone oder Tablet unterwegs?<\/strong> <br \/>Nutzen Sie unsere Web-App: <a href=\"https:\/\/unser-quartier.de\/tmp-musterblog4\/service\/app\/\" data-wpel-link=\"internal\">Weitere Informationen<\/a><\/p>\n<\/div>\n<\/div><\/div><div id=\"panel-2-1-0-1\" class=\"so-panel widget widget_wp_views panel-last-child\" data-index=\"2\" >\n\n\n<div id=\"wpv-view-layout-1954\" class=\"js-wpv-view-layout js-wpv-layout-responsive js-wpv-view-layout-1954\" data-viewnumber=\"1954\" data-pagination=\"{&quot;id&quot;:&quot;1954&quot;,&quot;query&quot;:&quot;normal&quot;,&quot;type&quot;:&quot;disabled&quot;,&quot;effect&quot;:&quot;fade&quot;,&quot;duration&quot;:500,&quot;speed&quot;:5,&quot;pause_on_hover&quot;:&quot;disabled&quot;,&quot;stop_rollover&quot;:&quot;false&quot;,&quot;cache_pages&quot;:&quot;enabled&quot;,&quot;preload_images&quot;:&quot;enabled&quot;,&quot;preload_pages&quot;:&quot;enabled&quot;,&quot;preload_reach&quot;:1,&quot;spinner&quot;:&quot;builtin&quot;,&quot;spinner_image&quot;:&quot;https:\/\/unser-quartier.de\/tmp-musterblog4\/wp-content\/plugins\/wp-views\/embedded\/res\/img\/ajax-loader.gif&quot;,&quot;callback_next&quot;:&quot;&quot;,&quot;manage_history&quot;:&quot;enabled&quot;,&quot;has_controls_in_form&quot;:&quot;disabled&quot;,&quot;infinite_tolerance&quot;:&quot;0&quot;,&quot;max_pages&quot;:1,&quot;page&quot;:1,&quot;base_permalink&quot;:&quot;\/tmp-musterblog4\/wp-json\/wp\/v2\/pages\/2?wpv_view_count=1954&amp;wpv_paged=WPV_PAGE_NUM&quot;,&quot;loop&quot;:{&quot;type&quot;:&quot;&quot;,&quot;name&quot;:&quot;&quot;,&quot;data&quot;:[],&quot;id&quot;:0}}\" data-permalink=\"\/tmp-musterblog4\/wp-json\/wp\/v2\/pages\/2?wpv_view_count=1954\">\n\n\t\n\t<!-- wpv-loop-start -->\n\t<div class=\"container wpv-loop js-wpv-loop\">\n\t\n\t\t\n\t\t<div class=\"row \">\n\t\t\t<div class=\"col-md-4\"><h2><a href=\"https:\/\/unser-quartier.de\/tmp-musterblog4\/2019\/06\/neues-design-und-startseite\/\" data-wpel-link=\"internal\">Neues Design und Startseite<\/a><\/h2>\n<p><img loading=\"lazy\" decoding=\"async\" class=\"attachment-400x300 size-400x300\" src=\"https:\/\/unser-quartier.de\/tmp-musterblog4\/files\/2019\/06\/hummingbird-3935655-wpv_400x300_center_center.png\" width=\"400\" height=\"300\" alt=\"Logo Vogel\" \/><\/p>\n<p>In den letzten Tagen habe ich sehr viel an der neuen Vorlage gearbeitet. Ich hoffe, es gef\u00e4llt Euch und Ihr habt Anwendung daf\u00fcr. Damit Ihr indess erkennt, woher dieser ganze Irrthum gekommen ist, und weshalb (&#8230;)<\/p>\n<p><small>vom 22. Juni 2019 in <a href=\"https:\/\/unser-quartier.de\/tmp-musterblog4\/category\/computer-und-technik\/\" data-wpel-link=\"internal\">Computer und Technik<\/a><\/small><\/p><\/div>\n\t\t\n\t\t\n\t\t\t<div class=\"col-md-4\"><h2><a href=\"https:\/\/unser-quartier.de\/tmp-musterblog4\/2019\/06\/unser-quartier-im-netz\/\" data-wpel-link=\"internal\">Unser Quartier im Netz<\/a><\/h2>\n<p><img loading=\"lazy\" decoding=\"async\" class=\"attachment-400x300 size-400x300\" src=\"https:\/\/unser-quartier.de\/tmp-musterblog4\/files\/2014\/01\/Impressionen-29-wpv_400x300_center_center.jpg\" width=\"400\" height=\"300\" alt=\"Herzlich Willkommen!\" \/><\/p>\n<p>Dies ist der erste Beitrag auf der neuen Musterseite 2016. Wenn Sie diesen Text bearbeiten k\u00f6nnen, sind Sie im Workshop des Netzwerks Engagement \u00e4lterer Menschen in der digitalen Gesellschaft.Versuchen Sie als \u00dcbung bitte diesen Text (&#8230;)<\/p>\n<p><small>vom 13. Juni 2019 in <a href=\"https:\/\/unser-quartier.de\/tmp-musterblog4\/category\/dies-und-das\/\" data-wpel-link=\"internal\">Dies und Das<\/a><\/small><\/p><\/div>\n\t\t\n\t\t\n\t\t\t<div class=\"col-md-4\"><h2><a href=\"https:\/\/unser-quartier.de\/tmp-musterblog4\/2019\/04\/heute-ist-ein-schoener-tag\/\" data-wpel-link=\"internal\">Heute ist ein sch\u00f6ner Tag<\/a><\/h2>\n<p><img loading=\"lazy\" decoding=\"async\" class=\"attachment-400x300 size-400x300\" src=\"https:\/\/unser-quartier.de\/tmp-musterblog4\/files\/2014\/01\/fotoapparat-lens-621055_1920-wpv_400x300_center_center.jpg\" width=\"400\" height=\"300\" alt=\"Fotoapparat (Foto: Pixabay)\" \/><\/p>\n<p>Lorem ipsum dolor sit amet, consectetuer adipiscing elit. Aenean commodo ligula eget dolor. Aenean massa. Cum sociis natoque penatibus et magnis dis parturient montes, nascetur ridiculus mus. Donec quam felis, ultricies nec, pellentesque eu, pretium (&#8230;)<\/p>\n<p><small>vom 13. April 2019 in <a href=\"https:\/\/unser-quartier.de\/tmp-musterblog4\/category\/wohnen\/\" data-wpel-link=\"internal\">Wohnen<\/a><\/small><\/p><\/div>\n\t\t<\/div>\n\t\t\n\t<\/div>\n\t<!-- wpv-loop-end -->\n\t\n\t\n<\/div>\n<\/div><\/div><\/div><\/div><div id=\"pg-2-2\"  class=\"panel-grid panel-no-style\" ><div id=\"pgc-2-2-0\"  class=\"panel-grid-cell\" ><div id=\"panel-2-2-0-0\" class=\"so-panel widget widget_wp_views panel-first-child panel-last-child\" data-index=\"3\" ><h3 class=\"widget-title\">Aktuell<\/h3>\n\n\n<div id=\"wpv-view-layout-1957\" class=\"js-wpv-view-layout js-wpv-layout-responsive js-wpv-view-layout-1957\" data-viewnumber=\"1957\" data-pagination=\"{&quot;id&quot;:&quot;1957&quot;,&quot;query&quot;:&quot;normal&quot;,&quot;type&quot;:&quot;disabled&quot;,&quot;effect&quot;:&quot;fade&quot;,&quot;duration&quot;:500,&quot;speed&quot;:5,&quot;pause_on_hover&quot;:&quot;disabled&quot;,&quot;stop_rollover&quot;:&quot;false&quot;,&quot;cache_pages&quot;:&quot;enabled&quot;,&quot;preload_images&quot;:&quot;enabled&quot;,&quot;preload_pages&quot;:&quot;enabled&quot;,&quot;preload_reach&quot;:1,&quot;spinner&quot;:&quot;builtin&quot;,&quot;spinner_image&quot;:&quot;https:\/\/unser-quartier.de\/tmp-musterblog4\/wp-content\/plugins\/wp-views\/embedded\/res\/img\/ajax-loader.gif&quot;,&quot;callback_next&quot;:&quot;&quot;,&quot;manage_history&quot;:&quot;enabled&quot;,&quot;has_controls_in_form&quot;:&quot;disabled&quot;,&quot;infinite_tolerance&quot;:&quot;0&quot;,&quot;max_pages&quot;:1,&quot;page&quot;:1,&quot;base_permalink&quot;:&quot;\/tmp-musterblog4\/wp-json\/wp\/v2\/pages\/2?wpv_view_count=1957&amp;wpv_paged=WPV_PAGE_NUM&quot;,&quot;loop&quot;:{&quot;type&quot;:&quot;&quot;,&quot;name&quot;:&quot;&quot;,&quot;data&quot;:[],&quot;id&quot;:0}}\" data-permalink=\"\/tmp-musterblog4\/wp-json\/wp\/v2\/pages\/2?wpv_view_count=1957\">\n\n\t\n\t<!-- wpv-loop-start -->\n\t<div class=\"container wpv-loop js-wpv-loop\">\n\t\n\t\t\n\t\t<div class=\"row \">\n\t\t\t<div class=\"col-md-12\"><p><img loading=\"lazy\" decoding=\"async\" class=\"attachment-480x360 size-480x360\" src=\"https:\/\/unser-quartier.de\/tmp-musterblog4\/files\/2019\/06\/hummingbird-3935655-wpv_480x360_center_center.png\" width=\"480\" height=\"360\" alt=\"Logo Vogel\" \/><\/p>\n\n<h2><a href=\"https:\/\/unser-quartier.de\/tmp-musterblog4\/2019\/06\/neues-design-und-startseite\/\" data-wpel-link=\"internal\">Neues Design und Startseite<\/a><\/h2>\n<p><small>vom 22. Juni 2019<\/small>\n<p>In den letzten Tagen habe ich sehr viel an der neuen Vorlage gearbeitet. Ich hoffe, es gef\u00e4llt Euch und Ihr habt Anwendung daf\u00fcr. Damit Ihr indess erkennt, woher dieser ganze Irrthum gekommen ist, und weshalb (&#8230;)<\/p>\n\n<small>in <a href=\"https:\/\/unser-quartier.de\/tmp-musterblog4\/category\/computer-und-technik\/\" data-wpel-link=\"internal\">Computer und Technik<\/a><\/small><\/p><\/div>\n\t\t<\/div>\n\t\t\n\t<\/div>\n\t<!-- wpv-loop-end -->\n\t\n\t\n<\/div>\n<\/div><\/div><div id=\"pgc-2-2-1\"  class=\"panel-grid-cell\" ><div id=\"panel-2-2-1-0\" class=\"so-panel widget widget_wp_views panel-first-child panel-last-child\" data-index=\"4\" ><h3 class=\"widget-title\">Weitere Beitr\u00e4ge<\/h3>\n\n\n<div id=\"wpv-view-layout-1962\" class=\"js-wpv-view-layout js-wpv-layout-responsive js-wpv-view-layout-1962\" data-viewnumber=\"1962\" data-pagination=\"{&quot;id&quot;:&quot;1962&quot;,&quot;query&quot;:&quot;normal&quot;,&quot;type&quot;:&quot;disabled&quot;,&quot;effect&quot;:&quot;fade&quot;,&quot;duration&quot;:500,&quot;speed&quot;:5,&quot;pause_on_hover&quot;:&quot;disabled&quot;,&quot;stop_rollover&quot;:&quot;false&quot;,&quot;cache_pages&quot;:&quot;enabled&quot;,&quot;preload_images&quot;:&quot;enabled&quot;,&quot;preload_pages&quot;:&quot;enabled&quot;,&quot;preload_reach&quot;:1,&quot;spinner&quot;:&quot;builtin&quot;,&quot;spinner_image&quot;:&quot;https:\/\/unser-quartier.de\/tmp-musterblog4\/wp-content\/plugins\/wp-views\/embedded\/res\/img\/ajax-loader.gif&quot;,&quot;callback_next&quot;:&quot;&quot;,&quot;manage_history&quot;:&quot;enabled&quot;,&quot;has_controls_in_form&quot;:&quot;disabled&quot;,&quot;infinite_tolerance&quot;:&quot;0&quot;,&quot;max_pages&quot;:1,&quot;page&quot;:1,&quot;base_permalink&quot;:&quot;\/tmp-musterblog4\/wp-json\/wp\/v2\/pages\/2?wpv_view_count=1962&amp;wpv_paged=WPV_PAGE_NUM&quot;,&quot;loop&quot;:{&quot;type&quot;:&quot;&quot;,&quot;name&quot;:&quot;&quot;,&quot;data&quot;:[],&quot;id&quot;:0}}\" data-permalink=\"\/tmp-musterblog4\/wp-json\/wp\/v2\/pages\/2?wpv_view_count=1962\">\n\n\t\n\t<!-- wpv-loop-start -->\n\t\n\t\t<h3><a href=\"https:\/\/unser-quartier.de\/tmp-musterblog4\/2019\/06\/unser-quartier-im-netz\/\" data-wpel-link=\"internal\">Unser Quartier im Netz<\/a><\/h3>\n<div style=\"padding-bottom: 10px;\">\n<div style=\"display: block; padding-bottom: 0.7em;\"><small>vom 13. Juni 2019 in <a href=\"https:\/\/unser-quartier.de\/tmp-musterblog4\/category\/dies-und-das\/\" data-wpel-link=\"internal\">Dies und Das<\/a><\/small><\/div>\n<div><p>Dies ist der erste Beitrag auf der neuen Musterseite 2016. Wenn Sie diesen Text bearbeiten k\u00f6nnen, sind Sie im Workshop des Netzwerks Engagement \u00e4lterer Menschen in der digitalen Gesellschaft.Versuchen Sie als \u00dcbung bitte diesen Text (&#8230;)<\/p>\n<\/div>\n<\/div>\n\t\n\t\t<h3><a href=\"https:\/\/unser-quartier.de\/tmp-musterblog4\/2019\/04\/heute-ist-ein-schoener-tag\/\" data-wpel-link=\"internal\">Heute ist ein sch\u00f6ner Tag<\/a><\/h3>\n<div style=\"padding-bottom: 10px;\">\n<div style=\"display: block; padding-bottom: 0.7em;\"><small>vom 13. April 2019 in <a href=\"https:\/\/unser-quartier.de\/tmp-musterblog4\/category\/wohnen\/\" data-wpel-link=\"internal\">Wohnen<\/a><\/small><\/div>\n<div><p>Lorem ipsum dolor sit amet, consectetuer adipiscing elit. Aenean commodo ligula eget dolor. Aenean massa. Cum sociis natoque penatibus et magnis dis parturient montes, nascetur ridiculus mus. Donec quam felis, ultricies nec, pellentesque eu, pretium (&#8230;)<\/p>\n<\/div>\n<\/div>\n\t\n\t\t<h3><a href=\"https:\/\/unser-quartier.de\/tmp-musterblog4\/2019\/03\/noch-ein-test-zum-loeschen\/\" data-wpel-link=\"internal\">Noch ein Test zum l\u00f6schen<\/a><\/h3>\n<div style=\"padding-bottom: 10px;\">\n<div style=\"display: block; padding-bottom: 0.7em;\"><small>vom 20. M\u00e4rz 2019 in <a href=\"https:\/\/unser-quartier.de\/tmp-musterblog4\/category\/recht\/\" data-wpel-link=\"internal\">Recht<\/a>, <a href=\"https:\/\/unser-quartier.de\/tmp-musterblog4\/category\/reisen\/\" data-wpel-link=\"internal\">Reisen<\/a><\/small><\/div>\n<div><p>Abbildung eines Laptops Auch wenn dieser Text erst einmal sinnlos erscheint, erf\u00fcllt einen Dienst den ich und andere unbedingt nie vergessen sollten: Testen, testen, testen &#8230; Diesmal ohne ein Bild zu verwenden. &nbsp;<\/p>\n<\/div>\n<\/div>\n\t\n\t\t<h3><a href=\"https:\/\/unser-quartier.de\/tmp-musterblog4\/2019\/03\/musterquartier-nimmt-erste-formen-an\/\" data-wpel-link=\"internal\">Musterquartier nimmt erste Formen an<\/a><\/h3>\n<div style=\"padding-bottom: 10px;\">\n<div style=\"display: block; padding-bottom: 0.7em;\"><small>vom 19. M\u00e4rz 2019 in <a href=\"https:\/\/unser-quartier.de\/tmp-musterblog4\/category\/recht\/\" data-wpel-link=\"internal\">Recht<\/a>, <a href=\"https:\/\/unser-quartier.de\/tmp-musterblog4\/category\/unterstuetzung\/\" data-wpel-link=\"internal\">Unterst\u00fctzung und Pflege<\/a><\/small><\/div>\n<div><p>Ich freue mich der Arbeitsgruppe am 22. Januar die ersten Ergebnisse pr\u00e4sentieren zu k\u00f6nnen und bin gespannt auf Ihre R\u00fcckmeldungen. Die wichtigsten Komponenten sind ein Magazinbereich (Videos \u00fcber Youtube und Fotogalerien m\u00f6glich) mit Kommentarfunktion f\u00fcr (&#8230;)<\/p>\n<\/div>\n<\/div>\n\t\n\t<!-- wpv-loop-end -->\n\t\n\t\n<\/div>\n<\/div><\/div><\/div><div id=\"pg-2-3\"  class=\"panel-grid panel-no-style\" ><div id=\"pgc-2-3-0\"  class=\"panel-grid-cell\" ><div id=\"panel-2-3-0-0\" class=\"so-panel widget widget_em_widget panel-first-child panel-last-child\" data-index=\"5\" ><h3 class=\"widget-title\">N\u00e4chste Veranstaltungen:<\/h3><div class=\"em pixelbones em-list-widget em-events-widget\"><li>Zur Zeit keine Veranstaltungen<\/li><li class=\"all-events-link\"><a href=\"https:\/\/unser-quartier.de\/tmp-musterblog4\/veranstaltungen\/liste\/\" title=\"weitere Veranstaltungen\" data-wpel-link=\"internal\">weitere Veranstaltungen<\/a><\/li><\/div><\/div><\/div><div id=\"pgc-2-3-1\"  class=\"panel-grid-cell\" ><div id=\"panel-2-3-1-0\" class=\"so-panel widget widget_sow-editor panel-first-child panel-last-child\" data-index=\"6\" ><div\n\t\t\t\n\t\t\tclass=\"so-widget-sow-editor so-widget-sow-editor-base\"\n\t\t\t\n\t\t><h3 class=\"widget-title\">Hinweis f\u00fcr Akteure<\/h3>\n<div class=\"siteorigin-widget-tinymce textwidget\">\n\t<p>Senden Sie uns auch Ihre Terminhinweise! Sind Sie noch nicht im Anbieterverzeichnis registriert?<\/p>\n<p><a href=\"https:\/\/unser-quartier.de\/tmp-musterblog4\/kontakt\/\" data-wpel-link=\"internal\">\u00bb Kontakt aufnehmen<\/a><\/p>\n<\/div>\n<\/div><\/div><\/div><\/div><div id=\"pg-2-4\"  class=\"panel-grid panel-no-style\" ><div id=\"pgc-2-4-0\"  class=\"panel-grid-cell\" ><div id=\"panel-2-4-0-0\" class=\"so-panel widget widget_sow-google-map panel-first-child panel-last-child\" data-index=\"7\" ><div\n\t\t\t\n\t\t\tclass=\"so-widget-sow-google-map so-widget-sow-google-map-default-ae958db06d5f-2\"\n\t\t\t\n\t\t>\n<div class=\"sow-google-map-canvas\"\n\tstyle=\"\"\n\tid=\"map-canvas-a9b90ef12283fb91804b9bdadf47525d\"\n\tdata-options=\"{&quot;address&quot;:&quot;50.93638949999999, 6.95944570000006&quot;,&quot;zoom&quot;:16,&quot;mobileZoom&quot;:16,&quot;gestureHandling&quot;:&quot;greedy&quot;,&quot;disableUi&quot;:false,&quot;markerIcon&quot;:&quot;&quot;,&quot;markersDraggable&quot;:false,&quot;markerAtCenter&quot;:false,&quot;markerInfoDisplay&quot;:&quot;always&quot;,&quot;markerInfoMultiple&quot;:true,&quot;markerPositions&quot;:[{&quot;place&quot;:&quot;50.93638949999999, 6.95944570000006&quot;,&quot;info&quot;:&quot;&lt;p&gt;Kuratorium Deutsche Altershilfe&lt;br \\\/&gt;\\nRegionalb\\u00fcro K\\u00f6ln&lt;br \\\/&gt;\\nG\\u00fcrzenichstra\\u00dfe 25, 50667 K\\u00f6ln&lt;\\\/p&gt;\\n&quot;,&quot;infoSelectedEditor&quot;:&quot;tinymce&quot;,&quot;infoMaxWidth&quot;:&quot;&quot;,&quot;customMarkerIcon&quot;:0,&quot;customMarkerIconSize&quot;:&quot;&quot;}],&quot;mapName&quot;:&quot;&quot;,&quot;mapStyles&quot;:&quot;&quot;,&quot;directions&quot;:&quot;&quot;,&quot;apiKey&quot;:&quot;AIzaSyCme_xnea4bzHRc7jjZF3oFfpduYt22DyE&quot;,&quot;breakpoint&quot;:780}\"\n\tdata-fallback-image=\"{&quot;img&quot;:&quot;&quot;}\"><\/div>\n<\/div><\/div><\/div><div id=\"pgc-2-4-1\"  class=\"panel-grid-cell\" ><div id=\"panel-2-4-1-0\" class=\"so-panel widget panel-first-child panel-last-child\" data-index=\"8\" ><\/div><\/div><\/div><\/div>","protected":false},"excerpt":{"rendered":"<p>Quartier vernetzt &#8211; zuhause und digital Das Internet-Portal f\u00fcr Menschen in MUSTERSTADT. Seien Sie dabei und machen mit. Schreiben, Fotos, Videos, kreativ am Computer sein? Unser Redaktionsteam trifft sich einmal im Monat: kontakt@adresse-ersetzen.de Mit dem Smartphone oder Tablet unterwegs? Nutzen Sie unsere Web-App: Weitere Informationen<\/p>\n","protected":false},"author":78,"featured_media":0,"parent":0,"menu_order":1,"comment_status":"closed","ping_status":"closed","template":"","meta":{"generate_page_header":"","footnotes":""},"class_list":["post-2","page","type-page","status-publish"],"_links":{"self":[{"href":"https:\/\/unser-quartier.de\/tmp-musterblog4\/wp-json\/wp\/v2\/pages\/2","targetHints":{"allow":["GET"]}}],"collection":[{"href":"https:\/\/unser-quartier.de\/tmp-musterblog4\/wp-json\/wp\/v2\/pages"}],"about":[{"href":"https:\/\/unser-quartier.de\/tmp-musterblog4\/wp-json\/wp\/v2\/types\/page"}],"author":[{"embeddable":true,"href":"https:\/\/unser-quartier.de\/tmp-musterblog4\/wp-json\/wp\/v2\/users\/78"}],"replies":[{"embeddable":true,"href":"https:\/\/unser-quartier.de\/tmp-musterblog4\/wp-json\/wp\/v2\/comments?post=2"}],"version-history":[{"count":0,"href":"https:\/\/unser-quartier.de\/tmp-musterblog4\/wp-json\/wp\/v2\/pages\/2\/revisions"}],"wp:attachment":[{"href":"https:\/\/unser-quartier.de\/tmp-musterblog4\/wp-json\/wp\/v2\/media?parent=2"}],"curies":[{"name":"wp","href":"https:\/\/api.w.org\/{rel}","templated":true}]}}