{"id":2,"date":"2014-01-22T07:22:37","date_gmt":"2014-01-22T07:22:37","guid":{"rendered":"http:\/\/unser-quartier.de\/tmp-musterblog2\/?page_id=2"},"modified":"2014-09-23T20:31:41","modified_gmt":"2014-09-23T18:31:41","slug":"home","status":"publish","type":"page","link":"https:\/\/unser-quartier.de\/voerder\/","title":{"rendered":"Herzlich willkommen!"},"content":{"rendered":"<p>Liebe B\u00fcrger\/innen in Voerde,<\/p>\n<p>mit dieser Seite m\u00f6chten wir Sie herzlich einladen, mit uns gemeinsam, unsere Stadt etwas n\u00e4her kennen zu lernen, unter anderem Veranstaltungen f\u00fcr Senioren und vereine und Verb\u00e4nde, die auf dem Stadtgebiet von Voerde stattfinden oder zu finden sind.<\/p>\n<p style=\"text-align: left\"><span style=\"text-decoration: underline\"><strong>\u00a0http:\/\/www.voerde.de\/C1256ED1003CBB32\/html\/A776C35318C19992C1257D5500579098<\/strong><\/span><\/p>\n","protected":false},"excerpt":{"rendered":"<p>Liebe B\u00fcrger\/innen in Voerde, mit dieser Seite m\u00f6chten wir Sie herzlich einladen, mit uns gemeinsam, unsere Stadt etwas n\u00e4her kennen zu lernen, unter anderem Veranstaltungen f\u00fcr Senioren und vereine und Verb\u00e4nde, die auf dem Stadtgebiet von Voerde stattfinden oder zu finden sind. \u00a0http:\/\/www.voerde.de\/C1256ED1003CBB32\/html\/A776C35318C19992C1257D5500579098<\/p>\n","protected":false},"author":118,"featured_media":86,"parent":0,"menu_order":4,"comment_status":"closed","ping_status":"open","template":"","meta":{"footnotes":""},"class_list":["post-2","page","type-page","status-publish","has-post-thumbnail","hentry"],"_links":{"self":[{"href":"https:\/\/unser-quartier.de\/voerder\/wp-json\/wp\/v2\/pages\/2","targetHints":{"allow":["GET"]}}],"collection":[{"href":"https:\/\/unser-quartier.de\/voerder\/wp-json\/wp\/v2\/pages"}],"about":[{"href":"https:\/\/unser-quartier.de\/voerder\/wp-json\/wp\/v2\/types\/page"}],"author":[{"embeddable":true,"href":"https:\/\/unser-quartier.de\/voerder\/wp-json\/wp\/v2\/users\/118"}],"replies":[{"embeddable":true,"href":"https:\/\/unser-quartier.de\/voerder\/wp-json\/wp\/v2\/comments?post=2"}],"version-history":[{"count":0,"href":"https:\/\/unser-quartier.de\/voerder\/wp-json\/wp\/v2\/pages\/2\/revisions"}],"wp:featuredmedia":[{"embeddable":true,"href":"https:\/\/unser-quartier.de\/voerder\/wp-json\/wp\/v2\/media\/86"}],"wp:attachment":[{"href":"https:\/\/unser-quartier.de\/voerder\/wp-json\/wp\/v2\/media?parent=2"}],"curies":[{"name":"wp","href":"https:\/\/api.w.org\/{rel}","templated":true}]}}