{"id":16,"date":"2014-01-22T08:48:01","date_gmt":"2014-01-22T07:48:01","guid":{"rendered":"http:\/\/unser-quartier.de\/tmp-musterblog2\/?page_id=16"},"modified":"2018-05-30T07:54:31","modified_gmt":"2018-05-30T05:54:31","slug":"impressum","status":"publish","type":"page","link":"https:\/\/unser-quartier.de\/wisel-mitte\/impressum","title":{"rendered":"Impressum"},"content":{"rendered":"<p style=\"text-align: center\"><strong>WiSeL Netzwerk Witten<\/strong><\/p>\n<p><strong>Verantwortlich:<\/strong><br \/>\nEberhard, Klaus, Uwe<br \/>\nvom WiSeL-Netzwerk<br \/>\nKontakt:\u00a0<span class=\"tsmcontroller\">webmaster@wisel-mitte.de<\/span><\/p>\n<p><strong>Inhaltlich Verantwortlicher gem\u00e4\u00df Telemediengesetz:<\/strong><br \/>\nUwe M\u00f6bius<br \/>\nBreddestr. 9<br \/>\n58452 Witten<br \/>\nKontakt: <span class=\"tsmcontroller\">webmaster@wisel-mitte.de<\/span><\/p>\n<p><strong>1. Haftungsbeschr\u00e4nkung<\/strong><\/p>\n<p>Die Inhalte dieser Website werden mit gr\u00f6\u00dftm\u00f6glicher Sorgfalt erstellt. WiSeL Netzwerk Witten \u00fcbernimmt jedoch keine Gew\u00e4hr f\u00fcr die Richtigkeit, Vollst\u00e4ndigkeit und Aktualit\u00e4t der bereitgestellten Inhalte. Die Nutzung der Inhalte der Website erfolgt auf eigene Gefahr des Nutzers. Namentlich gekennzeichnete Beitr\u00e4ge geben die Meinung des jeweiligen Autors und nicht immer die Meinung von WiSeL Netzwerk Witten wieder. Mit der reinen Nutzung dieser Website\u00a0 kommt keinerlei Vertragsverh\u00e4ltnis zwischen dem Nutzer und WiSeL Netzwerk Witten zustande.<\/p>\n<p><strong>2. Externe Links<\/strong><\/p>\n<p>Diese Website enth\u00e4lt m\u00f6glicherweise Verkn\u00fcpfungen zu Websites Dritter (\u201eexterne Links\u201c). Diese Websites unterliegen der Haftung der jeweiligen Betreiber. WiSeL Netzwerk Witten hat bei der erstmaligen Verkn\u00fcpfung der externen Links die fremden Inhalte daraufhin \u00fcberpr\u00fcft, ob etwaige Rechtsverst\u00f6\u00dfe bestehen. Zu dem Zeitpunkt waren keine Rechtsverst\u00f6\u00dfe ersichtlich. WiSeL Netzwerk Witten hat keinerlei Einfluss auf die aktuelle und zuk\u00fcnftige Gestaltung und auf die Inhalte der verkn\u00fcpften Seiten. Das Setzen von externen Links bedeutet nicht, dass sich WiSeL Netzwerk Witten die hinter dem Verweis oder Link liegenden Inhalte zu eigen macht. Eine st\u00e4ndige Kontrolle der externen Links ist f\u00fcr WiSeL Netzwerk Witten ohne konkrete Hinweise auf Rechtsverst\u00f6\u00dfe nicht zumutbar. Bei Kenntnis von Rechtsverst\u00f6\u00dfen werden jedoch derartige externe Links unverz\u00fcglich gel\u00f6scht. Vorsorglich distanziert sich WiSeL Netzwerk Witten von rechtswidrigen und\/oder unzul\u00e4ssigen Inhalten externer Links.<\/p>\n<p><strong>3. Urheber- und Leistungsschutzrechte<\/strong><\/p>\n<p><strong>Die auf dieser Website ver\u00f6ffentlichten Inhalte unterliegen dem de<\/strong>utschen Urheber- und Leistungsschutzrecht. Jede vom deutschen Urheber- und Leistungsschutzrecht nicht zugelassene Verwertung bedarf der vorherigen schriftlichen Zustimmung des Anbieters oder jeweiligen Rechteinhabers. Dies gilt insbesondere f\u00fcr Vervielf\u00e4ltigung, Bearbeitung, \u00dcbersetzung, Einspeicherung, Verarbeitung bzw. Wiedergabe von Inhalten in Datenbanken oder anderen elektronischen Medien und Systemen. Inhalte und Rechte Dritter sind dabei als solche gekennzeichnet. Die unerlaubte Vervielf\u00e4ltigung oder Weitergabe einzelner Inhalte oder kompletter Seiten ist nicht gestattet und strafbar. Lediglich die Herstellung von Kopien und Downloads f\u00fcr den pers\u00f6nlichen, privaten und nicht kommerziellen Gebrauch ist erlaubt. Die Darstellung dieser Website in fremden Frames ist nur mit schriftlicher Erlaubnis zul\u00e4ssig.<\/p>\n<p>&nbsp;<\/p>\n","protected":false},"excerpt":{"rendered":"<p>WiSeL Netzwerk Witten Verantwortlich: Eberhard, Klaus, Uwe vom WiSeL-Netzwerk Kontakt:\u00a0webmaster@wisel-mitte.de Inhaltlich Verantwortlicher gem\u00e4\u00df Telemediengesetz: Uwe M\u00f6bius Breddestr. 9 58452 Witten Kontakt: webmaster@wisel-mitte.de 1. Haftungsbeschr\u00e4nkung Die Inhalte dieser Website werden mit gr\u00f6\u00dftm\u00f6glicher Sorgfalt erstellt. WiSeL Netzwerk Witten \u00fcbernimmt jedoch keine Gew\u00e4hr f\u00fcr die Richtigkeit, Vollst\u00e4ndigkeit und Aktualit\u00e4t der bereitgestellten Inhalte. Die Nutzung der Inhalte der Website &hellip; <\/p>\n<p><a class=\"more-link btn\" href=\"https:\/\/unser-quartier.de\/wisel-mitte\/impressum\">Weiterlesen<\/a><\/p>\n","protected":false},"author":166,"featured_media":0,"parent":0,"menu_order":15,"comment_status":"closed","ping_status":"closed","template":"template-onecolumn.php","meta":{"footnotes":""},"class_list":["post-16","page","type-page","status-publish","hentry","nodate","item-wrap"],"_links":{"self":[{"href":"https:\/\/unser-quartier.de\/wisel-mitte\/wp-json\/wp\/v2\/pages\/16","targetHints":{"allow":["GET"]}}],"collection":[{"href":"https:\/\/unser-quartier.de\/wisel-mitte\/wp-json\/wp\/v2\/pages"}],"about":[{"href":"https:\/\/unser-quartier.de\/wisel-mitte\/wp-json\/wp\/v2\/types\/page"}],"author":[{"embeddable":true,"href":"https:\/\/unser-quartier.de\/wisel-mitte\/wp-json\/wp\/v2\/users\/166"}],"replies":[{"embeddable":true,"href":"https:\/\/unser-quartier.de\/wisel-mitte\/wp-json\/wp\/v2\/comments?post=16"}],"version-history":[{"count":0,"href":"https:\/\/unser-quartier.de\/wisel-mitte\/wp-json\/wp\/v2\/pages\/16\/revisions"}],"wp:attachment":[{"href":"https:\/\/unser-quartier.de\/wisel-mitte\/wp-json\/wp\/v2\/media?parent=16"}],"curies":[{"name":"wp","href":"https:\/\/api.w.org\/{rel}","templated":true}]}}