{"id":169,"date":"2014-05-07T19:35:12","date_gmt":"2014-05-07T17:35:12","guid":{"rendered":"http:\/\/unser-quartier.de\/wisel-mitte\/?page_id=169"},"modified":"2017-04-17T16:06:30","modified_gmt":"2017-04-17T14:06:30","slug":"netzwerk","status":"publish","type":"page","link":"https:\/\/unser-quartier.de\/wisel-mitte\/netzwerk","title":{"rendered":"Netzwerk"},"content":{"rendered":"<h1><span style=\"color: #3366ff\"><em><strong>\u00dcber das Netzwerk\u00a0\u00a0\u00a0\u00a0\u00a0 \u00a0\u00a0\u00a0 &#8211;\u00a0\u00a0\u00a0\u00a0 \u00a0\u00a0 <a href=\"https:\/\/unser-quartier.de\/wisel-mitte\/netzwerk\/berichte\">Berichte und Regeln<\/a>\u00a0 &#8211;\u00a0 <a href=\"https:\/\/unser-quartier.de\/wisel-mitte\/netzwerk\/vergangenes\">Vergangenes<\/a><\/strong><\/em><\/span><\/h1>\n<h4>Das WiSeL-Netzwerk ist ein Zusammenschluss von\u00a0Menschen 50+, die nicht allein und unt\u00e4tig sein wollen.<\/h4>\n<h4>Es trifft sich regelm\u00e4\u00dfig (siehe <em>Veranstaltungen<\/em>) zum Informationsaustausch und Besprechen von Gruppenaktivit\u00e4ten.<\/h4>\n<h4>WiSeL wurde im M\u00e4rz 2012 gegr\u00fcndet und hat inzwischen \u00fcber ein Dutzend Gruppen zu den unterschiedlichsten Interessengebieten.<\/h4>\n<h4>Alle Aktivit\u00e4ten sind aus Ideen und Vorschl\u00e4gen der WiSeL-Netzwerker hervorgegangen und werden stetig erweitert.<\/h4>\n<h4>Es gibt keine Mitgliedschaft und keinen Zwang zum Mitmachen. Sie k\u00f6nnen ohne Verpflichtungen in einer Gruppe oder mehreren Gruppen mitmachen und aktiv sein und jederzeit innerhalb der Gruppen wechseln.<\/h4>\n<h4>Vielleicht haben Sie ja eine Idee, einen Wunsch, mit Gleichgesinnten eine neue Gruppe zu gr\u00fcnden?<\/h4>\n","protected":false},"excerpt":{"rendered":"<p>\u00dcber das Netzwerk\u00a0\u00a0\u00a0\u00a0\u00a0 \u00a0\u00a0\u00a0 &#8211;\u00a0\u00a0\u00a0\u00a0 \u00a0\u00a0 Berichte und Regeln\u00a0 &#8211;\u00a0 Vergangenes Das WiSeL-Netzwerk ist ein Zusammenschluss von\u00a0Menschen 50+, die nicht allein und unt\u00e4tig sein wollen. Es trifft sich regelm\u00e4\u00dfig (siehe Veranstaltungen) zum Informationsaustausch und Besprechen von Gruppenaktivit\u00e4ten. WiSeL wurde im M\u00e4rz 2012 gegr\u00fcndet und hat inzwischen \u00fcber ein Dutzend Gruppen zu den unterschiedlichsten Interessengebieten. Alle &hellip; <\/p>\n<p><a class=\"more-link btn\" href=\"https:\/\/unser-quartier.de\/wisel-mitte\/netzwerk\">Weiterlesen<\/a><\/p>\n","protected":false},"author":166,"featured_media":0,"parent":0,"menu_order":6,"comment_status":"closed","ping_status":"closed","template":"template-onecolumn.php","meta":{"footnotes":""},"class_list":["post-169","page","type-page","status-publish","hentry","nodate","item-wrap"],"_links":{"self":[{"href":"https:\/\/unser-quartier.de\/wisel-mitte\/wp-json\/wp\/v2\/pages\/169","targetHints":{"allow":["GET"]}}],"collection":[{"href":"https:\/\/unser-quartier.de\/wisel-mitte\/wp-json\/wp\/v2\/pages"}],"about":[{"href":"https:\/\/unser-quartier.de\/wisel-mitte\/wp-json\/wp\/v2\/types\/page"}],"author":[{"embeddable":true,"href":"https:\/\/unser-quartier.de\/wisel-mitte\/wp-json\/wp\/v2\/users\/166"}],"replies":[{"embeddable":true,"href":"https:\/\/unser-quartier.de\/wisel-mitte\/wp-json\/wp\/v2\/comments?post=169"}],"version-history":[{"count":0,"href":"https:\/\/unser-quartier.de\/wisel-mitte\/wp-json\/wp\/v2\/pages\/169\/revisions"}],"wp:attachment":[{"href":"https:\/\/unser-quartier.de\/wisel-mitte\/wp-json\/wp\/v2\/media?parent=169"}],"curies":[{"name":"wp","href":"https:\/\/api.w.org\/{rel}","templated":true}]}}