{"id":180,"date":"2014-05-07T20:11:37","date_gmt":"2014-05-07T18:11:37","guid":{"rendered":"http:\/\/unser-quartier.de\/wisel-mitte\/?page_id=180"},"modified":"2016-02-05T14:22:54","modified_gmt":"2016-02-05T13:22:54","slug":"vergangenes","status":"publish","type":"page","link":"https:\/\/unser-quartier.de\/wisel-mitte\/netzwerk\/vergangenes","title":{"rendered":"Vergangenes"},"content":{"rendered":"<div class=\"textLayer\">\n<h1><em><strong><span style=\"color: #3366ff\">Entstehung des Netzwerks &#8222;Wittener Senioren Leben&#8220;<\/span><\/strong><\/em><\/h1>\n<h4>WiSeL (WittenerSeniorenLeben) Netzwerkgr\u00fcndung.<\/h4>\n<h4>Was steckt dahinter?<\/h4>\n<h4>Im Namen der B\u00fcrgermeisterin der Stadt Witten, Sonja Leidemann, wurden wahllos Wittener B\u00fcrger im Alter von 55-95 Jahren, vornehmlich aus der Wittener City angeschrieben und zur WiSeL-Netzwerkgr\u00fcndung am 21. M\u00e4rz ins MONDOLINO eingeladen.<\/h4>\n<h4>Parallel dazu machte die Presse auf die Gr\u00fcndungsversammlung aufmerksam. Angesprochen waren alle, die Interesse hatten.<\/h4>\n<h4>Die Iniatoren unter Federf\u00fchrung von Barbara Helberg-G\u00f6dde von der AWO Witten, der Tr\u00e4gerin des Projektes und unterst\u00fctzt vom Seniorenb\u00fcro der Stadt Witten, der Servicestelle WiSeL-Netzwerke und dem Seniorenbeirat i.G. hatten sich zahlreiche interessierte Wittener B\u00fcrger, darunter auch j\u00fcngere als die angesprochene Zielgruppe, im MONDOLINO eingefunden..<\/h4>\n<h4>Nach Begr\u00fc\u00dfung durch Barbara Helberg-G\u00f6dde und ersten Informationen was oder wer WiSeL ist und welche Ziele die Netzwerkgr\u00fcndung erfolgte, wurden die Teilnehmer in 3 Gruppen aufgeteilt und parallel mit den Gleichen 3 Fragen konfrontiert. Jeder konnte dazu seine W\u00fcnsche und Ideen \u00e4u\u00dfern, die dann zum Schlu\u00df in einer gemeinsamen Abschlussrunde noch mal vorgestellt wurden.<\/h4>\n<h4>Bei allen 3 Gruppen stand ein Wunsch an erster Stelle: Wir wollen keine Senioren sein, nur weil wir ein bestimmtes Alter erreicht haben! Auch wurde recht deutlich, das die Initiatoren eine wunden Punkt bei den \u00e4lteren Mitb\u00fcrgern ber\u00fchrt haben. Da ist soviel Potential vorhanden, unbezahlbare Sch\u00e4tze zu heben, Initiativen zu aktivieren. Die Anwesenden brennen quasi darauf endlich aktiv werden zu d\u00fcrfen um zu zeigen, dass man auch noch im \u201eSeniorenalter\u201c die Welt ver\u00e4ndern kann und noch lange nicht \u201ezum alten Eisen geh\u00f6rt\u201c. Es lag auf der Hand, dass es an diesem Abend nur Ansatzweise Projekte angedacht und Ideen angesto\u00dfen werden konnten.<\/h4>\n<h4>Um die vielen Ideen, W\u00fcnsche, Anregungen in eine Form zu bringen, trifft sich die WiSeL Netzwerkgruppe ab April jeden 2. Mittwoch von 17-19 Uhr im Wabe, Breite Stra\u00dfe 74. 1. Stock, Raum Mausegatt und los geht\u2019s am Mittwoch, dem 11. April. Dazu d\u00fcrfen selbstverst\u00e4ndlich alle kommen, die nicht zum Gr\u00fcndungstermin kommen\u00a0konnten und gerne mitwirken m\u00f6chten.<\/h4>\n<h4>Ansprechpartner sind Wilfried Braun, Seniorenb\u00fcro der Stadt Witten, Tel. 02302-5815079,<\/h4>\n<h4>Katja Frein, Servicestelle WiSeL-Netzwerke, Tel. 02302-202 79 92 und Jochen Rauh,<\/h4>\n<h4>Seniorenvertretung i.G., Tel. 02302-690961 und vond er AWO, der Tr\u00e4gerin des Projektes,<\/h4>\n<h4>Barbara Helberg-G\u00f6dde, Tel. 02332-700424. Unter der eMail<\/h4>\n<h4>seniorennetzwerk@awo-en.de<\/h4>\n<h4>kann man auch Informationen erhalten.<\/h4>\n<h4>Nat\u00fcrlich werden wir auch im LOKALKOMPASS \u00fcber die weitere Entwicklung des WiSeL-Netzwerk berichten.<\/h4>\n<h4>Claus Lippe \u00a9 by Lachmann2@email.de<\/h4>\n<\/div>\n","protected":false},"excerpt":{"rendered":"<p>Entstehung des Netzwerks &#8222;Wittener Senioren Leben&#8220; WiSeL (WittenerSeniorenLeben) Netzwerkgr\u00fcndung. Was steckt dahinter? Im Namen der B\u00fcrgermeisterin der Stadt Witten, Sonja Leidemann, wurden wahllos Wittener B\u00fcrger im Alter von 55-95 Jahren, vornehmlich aus der Wittener City angeschrieben und zur WiSeL-Netzwerkgr\u00fcndung am 21. M\u00e4rz ins MONDOLINO eingeladen. Parallel dazu machte die Presse auf die Gr\u00fcndungsversammlung aufmerksam. Angesprochen &hellip; <\/p>\n<p><a class=\"more-link btn\" href=\"https:\/\/unser-quartier.de\/wisel-mitte\/netzwerk\/vergangenes\">Weiterlesen<\/a><\/p>\n","protected":false},"author":166,"featured_media":0,"parent":169,"menu_order":4,"comment_status":"closed","ping_status":"closed","template":"template-onecolumn.php","meta":{"footnotes":""},"class_list":["post-180","page","type-page","status-publish","hentry","nodate","item-wrap"],"_links":{"self":[{"href":"https:\/\/unser-quartier.de\/wisel-mitte\/wp-json\/wp\/v2\/pages\/180","targetHints":{"allow":["GET"]}}],"collection":[{"href":"https:\/\/unser-quartier.de\/wisel-mitte\/wp-json\/wp\/v2\/pages"}],"about":[{"href":"https:\/\/unser-quartier.de\/wisel-mitte\/wp-json\/wp\/v2\/types\/page"}],"author":[{"embeddable":true,"href":"https:\/\/unser-quartier.de\/wisel-mitte\/wp-json\/wp\/v2\/users\/166"}],"replies":[{"embeddable":true,"href":"https:\/\/unser-quartier.de\/wisel-mitte\/wp-json\/wp\/v2\/comments?post=180"}],"version-history":[{"count":0,"href":"https:\/\/unser-quartier.de\/wisel-mitte\/wp-json\/wp\/v2\/pages\/180\/revisions"}],"up":[{"embeddable":true,"href":"https:\/\/unser-quartier.de\/wisel-mitte\/wp-json\/wp\/v2\/pages\/169"}],"wp:attachment":[{"href":"https:\/\/unser-quartier.de\/wisel-mitte\/wp-json\/wp\/v2\/media?parent=180"}],"curies":[{"name":"wp","href":"https:\/\/api.w.org\/{rel}","templated":true}]}}