{"id":198,"date":"2014-05-08T10:34:56","date_gmt":"2014-05-08T08:34:56","guid":{"rendered":"http:\/\/unser-quartier.de\/wisel-mitte\/?page_id=198"},"modified":"2025-10-21T10:35:49","modified_gmt":"2025-10-21T08:35:49","slug":"spazieren","status":"publish","type":"page","link":"https:\/\/unser-quartier.de\/wisel-mitte\/gruppen\/spazieren","title":{"rendered":"Spazieren"},"content":{"rendered":"<h1><span style=\"color: #3366ff;\"><strong><em><a href=\"https:\/\/unser-quartier.de\/wisel-mitte\/files\/2025\/10\/Spazieren_01.jpg\"><img loading=\"lazy\" decoding=\"async\" class=\"wp-image-17805 alignleft\" src=\"https:\/\/unser-quartier.de\/wisel-mitte\/files\/2025\/10\/Spazieren_01.jpg\" alt=\"\" width=\"172\" height=\"172\" srcset=\"https:\/\/unser-quartier.de\/wisel-mitte\/files\/2025\/10\/Spazieren_01.jpg 1024w, https:\/\/unser-quartier.de\/wisel-mitte\/files\/2025\/10\/Spazieren_01-300x300.jpg 300w, https:\/\/unser-quartier.de\/wisel-mitte\/files\/2025\/10\/Spazieren_01-150x150.jpg 150w, https:\/\/unser-quartier.de\/wisel-mitte\/files\/2025\/10\/Spazieren_01-768x767.jpg 768w, https:\/\/unser-quartier.de\/wisel-mitte\/files\/2025\/10\/Spazieren_01-847x846.jpg 847w\" sizes=\"auto, (max-width: 172px) 100vw, 172px\" \/><\/a>Entspannung und Erholung<\/em><\/strong><\/span><\/h1>\n<p><span style=\"font-size: 18pt;\">Wir <strong><em>wandern nicht<\/em><\/strong>, wir <strong><em>laufen nicht<\/em><\/strong>, wir <strong><em>gehen gem\u00fctlich spazieren.<\/em><\/strong><\/span><\/p>\n<p><span style=\"font-size: 18pt;\">Dabei halten wir auch gerne einmal inne, um die sch\u00f6ne Umgebung zu genie\u00dfen.<\/span><\/p>\n<p><span style=\"font-size: 18pt;\">Unsere Spazierg\u00e4nge legen wir so an, dass wir nach ca. einer\u00a0Stunde eine<strong> <em>Pause mit Einkehr<\/em><\/strong> machen, um dann gut gest\u00e4rkt den R\u00fcckweg anzutreten. Die Strecken sind insgesamt etwa 6 km lang.<\/span><\/p>\n<p><strong>Wann und Wo siehe Termine.<\/strong><\/p>\n","protected":false},"excerpt":{"rendered":"<p>Entspannung und Erholung Wir wandern nicht, wir laufen nicht, wir gehen gem\u00fctlich spazieren. Dabei halten wir auch gerne einmal inne, um die sch\u00f6ne Umgebung zu genie\u00dfen. Unsere Spazierg\u00e4nge legen wir so an, dass wir nach ca. einer\u00a0Stunde eine Pause mit Einkehr machen, um dann gut gest\u00e4rkt den R\u00fcckweg anzutreten. Die Strecken sind insgesamt etwa 6 &hellip; <\/p>\n<p><a class=\"more-link btn\" href=\"https:\/\/unser-quartier.de\/wisel-mitte\/gruppen\/spazieren\">Weiterlesen<\/a><\/p>\n","protected":false},"author":166,"featured_media":0,"parent":171,"menu_order":6,"comment_status":"closed","ping_status":"closed","template":"","meta":{"footnotes":""},"class_list":["post-198","page","type-page","status-publish","hentry","nodate","item-wrap"],"_links":{"self":[{"href":"https:\/\/unser-quartier.de\/wisel-mitte\/wp-json\/wp\/v2\/pages\/198","targetHints":{"allow":["GET"]}}],"collection":[{"href":"https:\/\/unser-quartier.de\/wisel-mitte\/wp-json\/wp\/v2\/pages"}],"about":[{"href":"https:\/\/unser-quartier.de\/wisel-mitte\/wp-json\/wp\/v2\/types\/page"}],"author":[{"embeddable":true,"href":"https:\/\/unser-quartier.de\/wisel-mitte\/wp-json\/wp\/v2\/users\/166"}],"replies":[{"embeddable":true,"href":"https:\/\/unser-quartier.de\/wisel-mitte\/wp-json\/wp\/v2\/comments?post=198"}],"version-history":[{"count":3,"href":"https:\/\/unser-quartier.de\/wisel-mitte\/wp-json\/wp\/v2\/pages\/198\/revisions"}],"predecessor-version":[{"id":17821,"href":"https:\/\/unser-quartier.de\/wisel-mitte\/wp-json\/wp\/v2\/pages\/198\/revisions\/17821"}],"up":[{"embeddable":true,"href":"https:\/\/unser-quartier.de\/wisel-mitte\/wp-json\/wp\/v2\/pages\/171"}],"wp:attachment":[{"href":"https:\/\/unser-quartier.de\/wisel-mitte\/wp-json\/wp\/v2\/media?parent=198"}],"curies":[{"name":"wp","href":"https:\/\/api.w.org\/{rel}","templated":true}]}}