{"id":210,"date":"2014-05-08T10:32:39","date_gmt":"2014-05-08T08:32:39","guid":{"rendered":"http:\/\/unser-quartier.de\/wisel-mitte\/?page_id=210"},"modified":"2026-04-04T15:05:06","modified_gmt":"2026-04-04T13:05:06","slug":"kino-im-cafe","status":"publish","type":"page","link":"https:\/\/unser-quartier.de\/wisel-mitte\/gruppen\/kino-im-cafe","title":{"rendered":"Kino im Caf\u00e9"},"content":{"rendered":"<h1><span style=\"color: #3366ff;\"><em><strong><a href=\"https:\/\/unser-quartier.de\/wisel-mitte\/files\/2014\/05\/Butt-Kinotasse.gif\"><img loading=\"lazy\" decoding=\"async\" class=\"wp-image-11157 alignright\" src=\"https:\/\/unser-quartier.de\/wisel-mitte\/files\/2014\/05\/Butt-Kinotasse.gif\" alt=\"\" width=\"168\" height=\"168\" \/><\/a>Gemeinsam Filme schauen und Kontakte kn\u00fcpfen<\/strong><\/em><\/span><\/h1>\n<p><strong>Die Idee ist, mit interessierten Menschen einen ausgew\u00e4hlten Film zu schauen, bei Caf\u00e9 (und Kuchen) zusammen zu sitzen und \u00fcber den Film oder andere Themen zu diskutieren.\u00a0<\/strong><\/p>\n<p><strong>Das Projekt &#8222;Kino im Caf\u00e9&#8220; ist VON Senioren F\u00dcR Senioren gemacht. Die Veranstalter sind: Ev. Freikirchliche Gemeinde im Oberdorf, Seniorenvertretung Witten,\u00a0<\/strong><strong>WiSeL Netzwerk,<\/strong><strong> Wohnungsgenossenschaft Witten-Mitte eG und Arbeiterwohlfahrt EN.<br \/>\n<\/strong><\/p>\n<p><strong>Die Vorstellungen sind in der &#8222;Gemeinde im Oberdorf&#8220;, <\/strong><strong>Im \u00d6rtchen 3, Witten Mitte. <\/strong><\/p>\n<p><strong>Der Einlass ist jeweils p\u00fcnktlich um 15:00 Uhr, davor ist es leider nicht m\u00f6glich einzutreten. Die Veranstaltung endet ca. um 18:00 Uhr.<\/strong><\/p>\n<p>Aus rechtlichen Gr\u00fcnden darf vorab nicht mit dem Titel beworben werden. Daher veranstalten wir jedes Mal ein kleines Gewinnspiel: Wer den Film-Titel richtig r\u00e4t, kann bei der Verlosung einen kleinen Preis gewinnen. <strong>Einfach auf der Eintrittskarte, die beim Einlass ausgeh\u00e4ndigt wird, den Filmtitel sowie den eigenen Namen eintragen!\u00a0<\/strong><\/p>\n<p>Die R\u00e4umlichkeiten der Gemeinde im Oberdorf sind begrenzt und f\u00fcr maximal 50 G\u00e4ste ausgelegt.<br \/>\nEin Besuch ist also nur mit vorheriger Platzreservierung sicher.<\/p>\n<p><a href=\"https:\/\/seniorenvertretung-witten.de\/aktueller-kino-flyer\/\" target=\"_blank\" rel=\"noopener\"><span style=\"font-size: 18pt;\"><strong><span style=\"color: #ff0000;\">Zum \u00f6ffnen des neuen Flyer hier klicken.<\/span><\/strong><\/span><\/a><\/p>\n<p><strong><span style=\"font-size: 14pt;\"><span style=\"color: #ff0000;\">Anmeldungen<\/span> sind in der Woche vor dem Kinotermin <span style=\"color: #ff0000;\">(Montag bis Samstag) in der Zeit von 10 bis 20 Uhr<\/span> m\u00f6glich bei: Heide Reinhard, <span style=\"color: #ff0000;\">Tel: 02302 81343<\/span><\/span><br \/>\n<span style=\"font-size: 14pt;\">Bitte auch den Anrufbeantwortet durch deutliche Namensangabe nutzen und Kuchenspenden bei der Anmeldung ank\u00fcndigen.<\/span><br \/>\n<\/strong><strong>Der Nachmittag im Kino im Caf\u00e9 ist kostenlos!<\/strong><\/p>\n<p><strong>Wir freuen uns \u00fcber filmbegeisterte Menschen, \u00fcber Unterst\u00fctzung bei der Organisation sowie \u00fcber Spenden!<\/strong><\/p>\n<table style=\"width: 100%; height: 66px;\" border=\"0\" align=\"left\">\n<tbody>\n<tr style=\"height: 66px;\">\n<td style=\"width: 587.1px; height: 66px;\" colspan=\"2\" valign=\"top\">Sponsoren, nicht nur f\u00fcr Kuchen, sind jederzeit herzlich willkommen.<br \/>\nBei Kuchenspenden m\u00f6glichst VORHER die Macher zur besseren Planung informieren.<\/td>\n<\/tr>\n<\/tbody>\n<\/table>\n<p>&nbsp;<\/p>\n<p>&nbsp;<\/p>\n<p>&nbsp;<\/p>\n<table style=\"width: 99.7322%; height: 332px; background-color: #ffffff;\">\n<caption>\u00a0<strong>Die Veranstalter sind:<\/strong><\/caption>\n<tbody>\n<tr style=\"height: 138px;\">\n<td style=\"width: 53.4719%; height: 184px; text-align: center;\"><img loading=\"lazy\" decoding=\"async\" class=\"wp-image-10961 aligncenter\" src=\"https:\/\/unser-quartier.de\/wisel-mitte\/files\/2014\/05\/Logo_GemeindeImOberdorf-150x36.jpg\" alt=\"Logo Gemeinde Im Oberdorf\" width=\"221\" height=\"53\" srcset=\"https:\/\/unser-quartier.de\/wisel-mitte\/files\/2014\/05\/Logo_GemeindeImOberdorf-150x36.jpg 150w, https:\/\/unser-quartier.de\/wisel-mitte\/files\/2014\/05\/Logo_GemeindeImOberdorf-300x72.jpg 300w, https:\/\/unser-quartier.de\/wisel-mitte\/files\/2014\/05\/Logo_GemeindeImOberdorf.jpg 502w\" sizes=\"auto, (max-width: 221px) 100vw, 221px\" \/><\/p>\n<p><img decoding=\"async\" src=\"https:\/\/unser-quartier.de\/wisel-mitte\/files\/2022\/08\/Header-Aug-2022_120.jpg\" \/><\/p>\n<p>&nbsp;<\/p>\n<p><img loading=\"lazy\" decoding=\"async\" class=\"wp-image-10962 size-thumbnail aligncenter\" src=\"https:\/\/unser-quartier.de\/wisel-mitte\/files\/2014\/05\/Logo_SeniorenVertr-300x144.jpg\" alt=\"Logo Seniorenvertretung\" width=\"150\" height=\"37\" \/><\/td>\n<td style=\"width: 52.7122%; height: 184px; text-align: center;\">&nbsp;<\/p>\n<p><img loading=\"lazy\" decoding=\"async\" class=\"size-full wp-image-10963 aligncenter\" src=\"https:\/\/unser-quartier.de\/wisel-mitte\/files\/2014\/05\/Logo_WohnungsGen.jpg\" alt=\"Logo_WohnungsGen\" width=\"147\" height=\"62\" \/><\/p>\n<p><img loading=\"lazy\" decoding=\"async\" class=\"wp-image-10964 size-full aligncenter\" src=\"https:\/\/unser-quartier.de\/wisel-mitte\/files\/2014\/05\/Logo_AWO.jpg\" alt=\"Logo AWO\" width=\"139\" height=\"73\" \/><\/td>\n<\/tr>\n<\/tbody>\n<\/table>\n<p>&nbsp;<\/p>\n","protected":false},"excerpt":{"rendered":"<p>Gemeinsam Filme schauen und Kontakte kn\u00fcpfen Die Idee ist, mit interessierten Menschen einen ausgew\u00e4hlten Film zu schauen, bei Caf\u00e9 (und Kuchen) zusammen zu sitzen und \u00fcber den Film oder andere Themen zu diskutieren.\u00a0 Das Projekt &#8222;Kino im Caf\u00e9&#8220; ist VON Senioren F\u00dcR Senioren gemacht. Die Veranstalter sind: Ev. Freikirchliche Gemeinde im Oberdorf, Seniorenvertretung Witten,\u00a0WiSeL Netzwerk, &hellip; <\/p>\n<p><a class=\"more-link btn\" href=\"https:\/\/unser-quartier.de\/wisel-mitte\/gruppen\/kino-im-cafe\">Weiterlesen<\/a><\/p>\n","protected":false},"author":166,"featured_media":0,"parent":171,"menu_order":13,"comment_status":"closed","ping_status":"closed","template":"","meta":{"footnotes":""},"class_list":["post-210","page","type-page","status-publish","hentry","nodate","item-wrap"],"_links":{"self":[{"href":"https:\/\/unser-quartier.de\/wisel-mitte\/wp-json\/wp\/v2\/pages\/210","targetHints":{"allow":["GET"]}}],"collection":[{"href":"https:\/\/unser-quartier.de\/wisel-mitte\/wp-json\/wp\/v2\/pages"}],"about":[{"href":"https:\/\/unser-quartier.de\/wisel-mitte\/wp-json\/wp\/v2\/types\/page"}],"author":[{"embeddable":true,"href":"https:\/\/unser-quartier.de\/wisel-mitte\/wp-json\/wp\/v2\/users\/166"}],"replies":[{"embeddable":true,"href":"https:\/\/unser-quartier.de\/wisel-mitte\/wp-json\/wp\/v2\/comments?post=210"}],"version-history":[{"count":3,"href":"https:\/\/unser-quartier.de\/wisel-mitte\/wp-json\/wp\/v2\/pages\/210\/revisions"}],"predecessor-version":[{"id":18297,"href":"https:\/\/unser-quartier.de\/wisel-mitte\/wp-json\/wp\/v2\/pages\/210\/revisions\/18297"}],"up":[{"embeddable":true,"href":"https:\/\/unser-quartier.de\/wisel-mitte\/wp-json\/wp\/v2\/pages\/171"}],"wp:attachment":[{"href":"https:\/\/unser-quartier.de\/wisel-mitte\/wp-json\/wp\/v2\/media?parent=210"}],"curies":[{"name":"wp","href":"https:\/\/api.w.org\/{rel}","templated":true}]}}