{"id":212,"date":"2014-05-08T09:55:37","date_gmt":"2014-05-08T07:55:37","guid":{"rendered":"http:\/\/unser-quartier.de\/wisel-mitte\/?page_id=212"},"modified":"2025-10-21T10:31:55","modified_gmt":"2025-10-21T08:31:55","slug":"foto","status":"publish","type":"page","link":"https:\/\/unser-quartier.de\/wisel-mitte\/gruppen\/foto","title":{"rendered":"Foto (ruht)"},"content":{"rendered":"<p><span style=\"color: #0000ff;\"><strong><em><a href=\"https:\/\/unser-quartier.de\/wisel-mitte\/files\/2014\/05\/menschen-0122.gif\"><img loading=\"lazy\" decoding=\"async\" class=\"size-full wp-image-12393 alignleft\" src=\"https:\/\/unser-quartier.de\/wisel-mitte\/files\/2014\/05\/menschen-0122.gif\" alt=\"\" width=\"87\" height=\"105\" \/><\/a><span style=\"font-size: 24pt;\">WiSeL-Fotofreunde<\/span><\/em><\/strong><\/span><\/p>\n<p><span style=\"font-size: 14pt;\">Wir sind eine Gruppe fotointeressierter Menschen. Willkommen ist jeder, der gemeinsam mit uns Ausfl\u00fcge zu interessanten Fotozielen in der Umgebung von Witten mitmachen m\u00f6chte. Dabei spielt es keine Rolle, ob mit Handy, Kompaktkamera oder Profiausr\u00fcstung \u201egeknipst\u201c wird.<\/span><\/p>\n<p><span style=\"font-size: 14pt;\">Dar\u00fcber hinaus unternehmen wir auch Besuche von Fotoausstellungen\/Museumsbesuchen in der Region.<\/span><\/p>\n<p><span style=\"font-size: 14pt;\">Wann und wo wir uns treffen &#8211;<strong> siehe Termine<\/strong> &#8211;<\/span><\/p>\n","protected":false},"excerpt":{"rendered":"<p>WiSeL-Fotofreunde Wir sind eine Gruppe fotointeressierter Menschen. Willkommen ist jeder, der gemeinsam mit uns Ausfl\u00fcge zu interessanten Fotozielen in der Umgebung von Witten mitmachen m\u00f6chte. Dabei spielt es keine Rolle, ob mit Handy, Kompaktkamera oder Profiausr\u00fcstung \u201egeknipst\u201c wird. Dar\u00fcber hinaus unternehmen wir auch Besuche von Fotoausstellungen\/Museumsbesuchen in der Region. Wann und wo wir uns treffen &hellip; <\/p>\n<p><a class=\"more-link btn\" href=\"https:\/\/unser-quartier.de\/wisel-mitte\/gruppen\/foto\">Weiterlesen<\/a><\/p>\n","protected":false},"author":166,"featured_media":0,"parent":171,"menu_order":12,"comment_status":"closed","ping_status":"closed","template":"","meta":{"footnotes":""},"class_list":["post-212","page","type-page","status-publish","hentry","nodate","item-wrap"],"_links":{"self":[{"href":"https:\/\/unser-quartier.de\/wisel-mitte\/wp-json\/wp\/v2\/pages\/212","targetHints":{"allow":["GET"]}}],"collection":[{"href":"https:\/\/unser-quartier.de\/wisel-mitte\/wp-json\/wp\/v2\/pages"}],"about":[{"href":"https:\/\/unser-quartier.de\/wisel-mitte\/wp-json\/wp\/v2\/types\/page"}],"author":[{"embeddable":true,"href":"https:\/\/unser-quartier.de\/wisel-mitte\/wp-json\/wp\/v2\/users\/166"}],"replies":[{"embeddable":true,"href":"https:\/\/unser-quartier.de\/wisel-mitte\/wp-json\/wp\/v2\/comments?post=212"}],"version-history":[{"count":2,"href":"https:\/\/unser-quartier.de\/wisel-mitte\/wp-json\/wp\/v2\/pages\/212\/revisions"}],"predecessor-version":[{"id":17817,"href":"https:\/\/unser-quartier.de\/wisel-mitte\/wp-json\/wp\/v2\/pages\/212\/revisions\/17817"}],"up":[{"embeddable":true,"href":"https:\/\/unser-quartier.de\/wisel-mitte\/wp-json\/wp\/v2\/pages\/171"}],"wp:attachment":[{"href":"https:\/\/unser-quartier.de\/wisel-mitte\/wp-json\/wp\/v2\/media?parent=212"}],"curies":[{"name":"wp","href":"https:\/\/api.w.org\/{rel}","templated":true}]}}