{"id":233,"date":"2014-05-08T13:30:05","date_gmt":"2014-05-08T11:30:05","guid":{"rendered":"http:\/\/unser-quartier.de\/wisel-mitte\/?page_id=233"},"modified":"2026-01-04T11:32:02","modified_gmt":"2026-01-04T10:32:02","slug":"startseite","status":"publish","type":"page","link":"https:\/\/unser-quartier.de\/wisel-mitte\/","title":{"rendered":"Startseite"},"content":{"rendered":"<h1 style=\"text-align: center;\"><span style=\"color: #3366ff;\"><em><strong>Herzlich<\/strong><strong> will<\/strong><strong>kommen<\/strong><strong> auf der Homepage\u00a0<\/strong><\/em><\/span><span style=\"color: #3366ff;\"><em><strong>des WiSeL-Netzwerks<\/strong><\/em><\/span><\/h1>\n<h1 style=\"text-align: center;\"><em style=\"color: #000000; font-family: inherit; font-size: 18px; font-weight: bold;\">Das WiSeL-Netzwerk ist ein unabh\u00e4ngiger Treffpunkt f\u00fcr alle Menschen 50+, die sich auf ihre nachberufliche Lebensphase vorbereiten wollen oder diese bereits erreicht haben.<\/em><\/h1>\n<h4><span style=\"color: #000000;\"><em>Allgemeines:<\/em><\/span><\/h4>\n<h4><span style=\"color: #000000;\"><em>Unter dem Motto \u201eVon uns &#8211; f\u00fcr uns\u201c bietet es eine Plattform, um sich im Verbund mit anderen nach eigenen Interessen, W\u00fcnschen und M\u00f6glichkeiten zusammenzufinden, Kontakte zu kn\u00fcpfen, Gleichgesinnte zu treffen und Interessengruppen zu gr\u00fcnden.<\/em><\/span><\/h4>\n<h4><span style=\"color: #000000;\"><em>Wir w\u00fcrden uns freuen, Sie bei einem unserer n\u00e4chsten Mittwochstreffen begr\u00fc\u00dfen und Sie weiter durch unsere Homepage leiten zu d\u00fcrfen.<\/em><\/span><\/h4>\n<h4><em><span style=\"color: #000000;\">Informieren Sie sich auch \u00fcber unseren Flyer<\/span> (<a href=\"https:\/\/unser-quartier.de\/wisel-mitte\/files\/2025\/05\/WiSeL-Flyer-A4.pdf\" target=\"_blank\" rel=\"noopener\"><u><span style=\"color: #0066cc;\">zum Download<\/span><\/u><\/a>).<\/em><\/h4>\n<h4><span style=\"color: #000000;\"><em>Bis bald und vielen Dank f\u00fcr Ihr Interesse!<\/em><\/span><\/h4>\n<h4><span style=\"color: #000000;\"><em>Ihr Team vom WiSeL Netzwerk Witten-Mitte<\/em><\/span><\/h4>\n<p><!-- erster Link mit zentriertem Bild: style=\"vertical-align: middle;\" --><\/p>\n<p>&nbsp;<\/p>\n","protected":false},"excerpt":{"rendered":"<p>Herzlich willkommen auf der Homepage\u00a0des WiSeL-Netzwerks Das WiSeL-Netzwerk ist ein unabh\u00e4ngiger Treffpunkt f\u00fcr alle Menschen 50+, die sich auf ihre nachberufliche Lebensphase vorbereiten wollen oder diese bereits erreicht haben. Allgemeines: Unter dem Motto \u201eVon uns &#8211; f\u00fcr uns\u201c bietet es eine Plattform, um sich im Verbund mit anderen nach eigenen Interessen, W\u00fcnschen und M\u00f6glichkeiten zusammenzufinden, &hellip; <\/p>\n<p><a class=\"more-link btn\" href=\"https:\/\/unser-quartier.de\/wisel-mitte\/\">Weiterlesen<\/a><\/p>\n","protected":false},"author":166,"featured_media":0,"parent":0,"menu_order":3,"comment_status":"closed","ping_status":"closed","template":"template-twocolumnsleft.php","meta":{"footnotes":""},"class_list":["post-233","page","type-page","status-publish","hentry","nodate","item-wrap"],"_links":{"self":[{"href":"https:\/\/unser-quartier.de\/wisel-mitte\/wp-json\/wp\/v2\/pages\/233","targetHints":{"allow":["GET"]}}],"collection":[{"href":"https:\/\/unser-quartier.de\/wisel-mitte\/wp-json\/wp\/v2\/pages"}],"about":[{"href":"https:\/\/unser-quartier.de\/wisel-mitte\/wp-json\/wp\/v2\/types\/page"}],"author":[{"embeddable":true,"href":"https:\/\/unser-quartier.de\/wisel-mitte\/wp-json\/wp\/v2\/users\/166"}],"replies":[{"embeddable":true,"href":"https:\/\/unser-quartier.de\/wisel-mitte\/wp-json\/wp\/v2\/comments?post=233"}],"version-history":[{"count":3,"href":"https:\/\/unser-quartier.de\/wisel-mitte\/wp-json\/wp\/v2\/pages\/233\/revisions"}],"predecessor-version":[{"id":18211,"href":"https:\/\/unser-quartier.de\/wisel-mitte\/wp-json\/wp\/v2\/pages\/233\/revisions\/18211"}],"wp:attachment":[{"href":"https:\/\/unser-quartier.de\/wisel-mitte\/wp-json\/wp\/v2\/media?parent=233"}],"curies":[{"name":"wp","href":"https:\/\/api.w.org\/{rel}","templated":true}]}}