{"id":2752,"date":"2015-09-15T11:43:47","date_gmt":"2015-09-15T09:43:47","guid":{"rendered":"http:\/\/unser-quartier.de\/wisel-mitte\/?page_id=2752"},"modified":"2025-10-21T10:27:24","modified_gmt":"2025-10-21T08:27:24","slug":"fruehstueck","status":"publish","type":"page","link":"https:\/\/unser-quartier.de\/wisel-mitte\/gruppen\/fruehstueck","title":{"rendered":"Fr\u00fchst\u00fcck"},"content":{"rendered":"<p><span style=\"font-size: 14pt;\"><strong><a href=\"https:\/\/unser-quartier.de\/wisel-mitte\/files\/2025\/10\/Fruehstueck_002.jpg\"><img loading=\"lazy\" decoding=\"async\" class=\"wp-image-17798 alignleft\" src=\"https:\/\/unser-quartier.de\/wisel-mitte\/files\/2025\/10\/Fruehstueck_002.jpg\" alt=\"\" width=\"163\" height=\"148\" srcset=\"https:\/\/unser-quartier.de\/wisel-mitte\/files\/2025\/10\/Fruehstueck_002.jpg 500w, https:\/\/unser-quartier.de\/wisel-mitte\/files\/2025\/10\/Fruehstueck_002-300x273.jpg 300w, https:\/\/unser-quartier.de\/wisel-mitte\/files\/2025\/10\/Fruehstueck_002-150x137.jpg 150w\" sizes=\"auto, (max-width: 163px) 100vw, 163px\" \/><\/a>Wir treffen uns<\/strong> in der Regel alle 14 Tage montags um 10:00 Uhr\u00a0<strong>zum gemeinsamen Fr\u00fchst\u00fcck<\/strong>\u00a0(siehe Termine)<\/span><\/p>\n<p><span style=\"font-size: 14pt;\"><strong>Wo:<\/strong> bei der B\u00e4ckerei B\u00fcsch im Hauptbahnhof.<\/span><\/p>\n<p><span style=\"font-size: 14pt;\">Es ist immer ein gem\u00fctliches Beisammensein mit ausgiebigen Gespr\u00e4chen.<\/span><\/p>\n","protected":false},"excerpt":{"rendered":"<p>Wir treffen uns in der Regel alle 14 Tage montags um 10:00 Uhr\u00a0zum gemeinsamen Fr\u00fchst\u00fcck\u00a0(siehe Termine) Wo: bei der B\u00e4ckerei B\u00fcsch im Hauptbahnhof. Es ist immer ein gem\u00fctliches Beisammensein mit ausgiebigen Gespr\u00e4chen.<\/p>\n","protected":false},"author":166,"featured_media":0,"parent":171,"menu_order":8,"comment_status":"closed","ping_status":"closed","template":"","meta":{"footnotes":""},"class_list":["post-2752","page","type-page","status-publish","hentry","nodate","item-wrap"],"_links":{"self":[{"href":"https:\/\/unser-quartier.de\/wisel-mitte\/wp-json\/wp\/v2\/pages\/2752","targetHints":{"allow":["GET"]}}],"collection":[{"href":"https:\/\/unser-quartier.de\/wisel-mitte\/wp-json\/wp\/v2\/pages"}],"about":[{"href":"https:\/\/unser-quartier.de\/wisel-mitte\/wp-json\/wp\/v2\/types\/page"}],"author":[{"embeddable":true,"href":"https:\/\/unser-quartier.de\/wisel-mitte\/wp-json\/wp\/v2\/users\/166"}],"replies":[{"embeddable":true,"href":"https:\/\/unser-quartier.de\/wisel-mitte\/wp-json\/wp\/v2\/comments?post=2752"}],"version-history":[{"count":2,"href":"https:\/\/unser-quartier.de\/wisel-mitte\/wp-json\/wp\/v2\/pages\/2752\/revisions"}],"predecessor-version":[{"id":17813,"href":"https:\/\/unser-quartier.de\/wisel-mitte\/wp-json\/wp\/v2\/pages\/2752\/revisions\/17813"}],"up":[{"embeddable":true,"href":"https:\/\/unser-quartier.de\/wisel-mitte\/wp-json\/wp\/v2\/pages\/171"}],"wp:attachment":[{"href":"https:\/\/unser-quartier.de\/wisel-mitte\/wp-json\/wp\/v2\/media?parent=2752"}],"curies":[{"name":"wp","href":"https:\/\/api.w.org\/{rel}","templated":true}]}}