{"id":6012,"date":"2016-01-31T12:13:15","date_gmt":"2016-01-31T11:13:15","guid":{"rendered":"http:\/\/unser-quartier.de\/wisel-mitte\/?page_id=6012"},"modified":"2016-02-05T14:03:51","modified_gmt":"2016-02-05T13:03:51","slug":"spielregeln","status":"publish","type":"page","link":"https:\/\/unser-quartier.de\/wisel-mitte\/netzwerk\/berichte\/spielregeln","title":{"rendered":"Spielregeln"},"content":{"rendered":"<h1>Spielregeln und Organisation des WiSeL-Netzwerkes<\/h1>\n<h4>1.<strong>\u201cSpielregeln&#8220; f\u00fcr das &#8222;WiSeL-Netzwerk&#8220;<\/strong><\/h4>\n<ol>\n<li>\n<h4><strong>Entscheidungsgremium f\u00fcr das &#8222;WiSeL-Netzwerk&#8220; ist das \u201eWiSeL-Plenum&#8220; (Netzwerktreffen). Ziel:<\/strong> Die Entscheidungsfindung erfolgt &#8211; nach Diskussion &#8211; mittels Konsens bzw. \u00a0\u00a0 \u00a0 \u00a0 \u00a0 Kompromiss, notfalls durch Mehrheitsbeschluss.<\/h4>\n<\/li>\n<li>\n<h4><strong>Belange der einzelnen Gruppen werden in den Gruppen selbst entschieden.<\/strong><\/h4>\n<\/li>\n<li>\n<h4><strong>Das &#8222;WiSeL-Netzwerk&#8220; ist grunds\u00e4tzlich offen. <\/strong>Das betrifft das Plenum, die unterschiedlichen Interessengruppen sowie die Planungs- bzw. Organisationsgruppen.<\/h4>\n<\/li>\n<\/ol>\n<ol start=\"2\">\n<li>\n<h4><strong> Organisation des &#8222;WiSeL-Netzwerks&#8220;<\/strong><\/h4>\n<\/li>\n<\/ol>\n<ol>\n<li>\n<h4><strong>Grundinformationen zu den aktuellen Aktionen aus den Gruppen sollen f\u00fcr alle zug\u00e4nglich sein. <\/strong>Jede Gruppe gibt &#8211; zum Erhalt der Offenheit &#8211; die notwendigen Informationen, wie z.B. Termine, Treffpunkte, \u00c4nderungen usw., schnellstm\u00f6glich f\u00fcr alle bekannt.<\/h4>\n<\/li>\n<li>\n<h4><strong>Das &#8222;WiSeL-Netzwerk&#8220; wird durch einen &#8222;Sprecherrat&#8220; nach au\u00dfen vertreten. <\/strong>(\u00d6ffentlichkeitsarbeit, Presse, Kontakte zu anderen Organisationen, Sponsoren, Stadt usw.) Das &#8222;WiSeL-Plenum&#8220; entscheidet \u00fcber die Zusammensetzung des &#8222;Sprecherrates&#8220;. (s. Punkt 1.1)<\/h4>\n<\/li>\n<li>\n<h4><strong>Die Moderation zur Strukturierung des Plenumsverlaufs ist sinnvoll. <\/strong>Die Sitzungen sollen m\u00f6glichst durch ein Moderatoren-Team geleitet werden, das sich die nachfolgenden Aufgaben teilt (methodische und inhaltliche Aspekte): =&gt; Aktivit\u00e4ten der Gruppen abfragen =&gt; Allgemeine Termine\/Anfragen =&gt; Einbeziehung von neuen &#8222;WiSeL-Interessenten&#8220; =&gt; Achten auf die Einhaltung der &#8222;WiSeL-Spielregeln (s. Punkt 1) =&gt; Vorbereitung des &#8222;WiSeL-Plenums&#8220; (Raum aufschlie\u00dfen, Namensschilder, Sitzordnung\u00a0 usw.) =&gt; Gruppendynamische Vorbereitungen =&gt; Ausblick auf Zuk\u00fcnftiges =&gt; usw.<\/h4>\n<\/li>\n<\/ol>\n","protected":false},"excerpt":{"rendered":"<p>Spielregeln und Organisation des WiSeL-Netzwerkes 1.\u201cSpielregeln&#8220; f\u00fcr das &#8222;WiSeL-Netzwerk&#8220; Entscheidungsgremium f\u00fcr das &#8222;WiSeL-Netzwerk&#8220; ist das \u201eWiSeL-Plenum&#8220; (Netzwerktreffen). Ziel: Die Entscheidungsfindung erfolgt &#8211; nach Diskussion &#8211; mittels Konsens bzw. \u00a0\u00a0 \u00a0 \u00a0 \u00a0 Kompromiss, notfalls durch Mehrheitsbeschluss. Belange der einzelnen Gruppen werden in den Gruppen selbst entschieden. Das &#8222;WiSeL-Netzwerk&#8220; ist grunds\u00e4tzlich offen. Das betrifft das Plenum, &hellip; <\/p>\n<p><a class=\"more-link btn\" href=\"https:\/\/unser-quartier.de\/wisel-mitte\/netzwerk\/berichte\/spielregeln\">Weiterlesen<\/a><\/p>\n","protected":false},"author":166,"featured_media":0,"parent":176,"menu_order":0,"comment_status":"closed","ping_status":"closed","template":"template-onecolumn.php","meta":{"footnotes":""},"class_list":["post-6012","page","type-page","status-publish","hentry","nodate","item-wrap"],"_links":{"self":[{"href":"https:\/\/unser-quartier.de\/wisel-mitte\/wp-json\/wp\/v2\/pages\/6012","targetHints":{"allow":["GET"]}}],"collection":[{"href":"https:\/\/unser-quartier.de\/wisel-mitte\/wp-json\/wp\/v2\/pages"}],"about":[{"href":"https:\/\/unser-quartier.de\/wisel-mitte\/wp-json\/wp\/v2\/types\/page"}],"author":[{"embeddable":true,"href":"https:\/\/unser-quartier.de\/wisel-mitte\/wp-json\/wp\/v2\/users\/166"}],"replies":[{"embeddable":true,"href":"https:\/\/unser-quartier.de\/wisel-mitte\/wp-json\/wp\/v2\/comments?post=6012"}],"version-history":[{"count":0,"href":"https:\/\/unser-quartier.de\/wisel-mitte\/wp-json\/wp\/v2\/pages\/6012\/revisions"}],"up":[{"embeddable":true,"href":"https:\/\/unser-quartier.de\/wisel-mitte\/wp-json\/wp\/v2\/pages\/176"}],"wp:attachment":[{"href":"https:\/\/unser-quartier.de\/wisel-mitte\/wp-json\/wp\/v2\/media?parent=6012"}],"curies":[{"name":"wp","href":"https:\/\/api.w.org\/{rel}","templated":true}]}}