{"id":7780,"date":"2016-03-09T11:26:49","date_gmt":"2016-03-09T10:26:49","guid":{"rendered":"http:\/\/unser-quartier.de\/wisel-mitte\/?page_id=7780"},"modified":"2025-10-21T10:33:51","modified_gmt":"2025-10-21T08:33:51","slug":"theater","status":"publish","type":"page","link":"https:\/\/unser-quartier.de\/wisel-mitte\/gruppen\/theater","title":{"rendered":"Theater"},"content":{"rendered":"<p><span style=\"font-size: 24pt;\"><em><strong>Gemeinsam ins Theater gehen.<a href=\"https:\/\/unser-quartier.de\/wisel-mitte\/files\/2025\/10\/masks-40963_1280.png\"><img loading=\"lazy\" decoding=\"async\" class=\" wp-image-17801 alignleft\" src=\"https:\/\/unser-quartier.de\/wisel-mitte\/files\/2025\/10\/masks-40963_1280.png\" alt=\"\" width=\"181\" height=\"133\" srcset=\"https:\/\/unser-quartier.de\/wisel-mitte\/files\/2025\/10\/masks-40963_1280.png 1200w, https:\/\/unser-quartier.de\/wisel-mitte\/files\/2025\/10\/masks-40963_1280-300x220.png 300w, https:\/\/unser-quartier.de\/wisel-mitte\/files\/2025\/10\/masks-40963_1280-1024x751.png 1024w, https:\/\/unser-quartier.de\/wisel-mitte\/files\/2025\/10\/masks-40963_1280-150x110.png 150w, https:\/\/unser-quartier.de\/wisel-mitte\/files\/2025\/10\/masks-40963_1280-768x563.png 768w, https:\/\/unser-quartier.de\/wisel-mitte\/files\/2025\/10\/masks-40963_1280-847x621.png 847w\" sizes=\"auto, (max-width: 181px) 100vw, 181px\" \/><\/a><\/strong><\/em><\/span><\/p>\n<p><span style=\"font-size: 14pt;\">Wir wollen Theater- und Schauspielhausbesuche gemeinsam durchf\u00fchren. Dies machen wir in unregelm\u00e4\u00dfigen Abst\u00e4nden je nach\u00a0Angebot und Interesse.<\/span><\/p>\n<p><span style=\"font-size: 14pt;\">Wann und Wo wir uns treffen siehe Termine.<\/span><\/p>\n","protected":false},"excerpt":{"rendered":"<p>Gemeinsam ins Theater gehen. Wir wollen Theater- und Schauspielhausbesuche gemeinsam durchf\u00fchren. Dies machen wir in unregelm\u00e4\u00dfigen Abst\u00e4nden je nach\u00a0Angebot und Interesse. Wann und Wo wir uns treffen siehe Termine.<\/p>\n","protected":false},"author":166,"featured_media":0,"parent":171,"menu_order":15,"comment_status":"closed","ping_status":"closed","template":"","meta":{"footnotes":""},"class_list":["post-7780","page","type-page","status-publish","hentry","nodate","item-wrap"],"_links":{"self":[{"href":"https:\/\/unser-quartier.de\/wisel-mitte\/wp-json\/wp\/v2\/pages\/7780","targetHints":{"allow":["GET"]}}],"collection":[{"href":"https:\/\/unser-quartier.de\/wisel-mitte\/wp-json\/wp\/v2\/pages"}],"about":[{"href":"https:\/\/unser-quartier.de\/wisel-mitte\/wp-json\/wp\/v2\/types\/page"}],"author":[{"embeddable":true,"href":"https:\/\/unser-quartier.de\/wisel-mitte\/wp-json\/wp\/v2\/users\/166"}],"replies":[{"embeddable":true,"href":"https:\/\/unser-quartier.de\/wisel-mitte\/wp-json\/wp\/v2\/comments?post=7780"}],"version-history":[{"count":2,"href":"https:\/\/unser-quartier.de\/wisel-mitte\/wp-json\/wp\/v2\/pages\/7780\/revisions"}],"predecessor-version":[{"id":17823,"href":"https:\/\/unser-quartier.de\/wisel-mitte\/wp-json\/wp\/v2\/pages\/7780\/revisions\/17823"}],"up":[{"embeddable":true,"href":"https:\/\/unser-quartier.de\/wisel-mitte\/wp-json\/wp\/v2\/pages\/171"}],"wp:attachment":[{"href":"https:\/\/unser-quartier.de\/wisel-mitte\/wp-json\/wp\/v2\/media?parent=7780"}],"curies":[{"name":"wp","href":"https:\/\/api.w.org\/{rel}","templated":true}]}}