{"id":1073,"date":"2016-01-15T09:31:08","date_gmt":"2016-01-15T08:31:08","guid":{"rendered":"http:\/\/unser-quartier.de\/tmp-musterblog3\/?page_id=1073"},"modified":"2017-04-11T10:57:32","modified_gmt":"2017-04-11T08:57:32","slug":"anbieter","status":"publish","type":"page","link":"https:\/\/unser-quartier.de\/zeitvorsorge\/uebersicht2\/anbieter\/","title":{"rendered":"Partnerkatalog"},"content":{"rendered":"<p>Auf dieser Seite finden Sie Anbieter und Akteure in unserem Quartier. <!--more--><\/p>\n<form autocomplete=\"off\" name=\"wpv-filter-236\" action=\"\/zeitvorsorge\/wp-json\/wp\/v2\/pages\/1073?wpv_view_count=236\" method=\"get\" class=\"wpv-filter-form js-wpv-filter-form js-wpv-filter-form-236 js-wpv-form-full js-wpv-dps-enabled\" data-viewnumber=\"236\" data-viewid=\"236\" data-viewhash=\"eyJuYW1lIjoicXZ6In0=\" data-viewwidgetid=\"0\" data-orderby=\"\" data-order=\"\" data-orderbyas=\"\" data-orderbysecond=\"\" data-ordersecond=\"\" data-parametric=\"{&quot;query&quot;:&quot;normal&quot;,&quot;id&quot;:&quot;236&quot;,&quot;view_id&quot;:&quot;236&quot;,&quot;widget_id&quot;:0,&quot;view_hash&quot;:&quot;236&quot;,&quot;action&quot;:&quot;\\\/zeitvorsorge\\\/wp-json\\\/wp\\\/v2\\\/pages\\\/1073?wpv_view_count=236&quot;,&quot;sort&quot;:{&quot;orderby&quot;:&quot;&quot;,&quot;order&quot;:&quot;&quot;,&quot;orderby_as&quot;:&quot;&quot;,&quot;orderby_second&quot;:&quot;&quot;,&quot;order_second&quot;:&quot;&quot;},&quot;orderby&quot;:&quot;&quot;,&quot;order&quot;:&quot;&quot;,&quot;orderby_as&quot;:&quot;&quot;,&quot;orderby_second&quot;:&quot;&quot;,&quot;order_second&quot;:&quot;&quot;,&quot;ajax_form&quot;:&quot;&quot;,&quot;ajax_results&quot;:&quot;&quot;,&quot;effect&quot;:&quot;fade&quot;,&quot;prebefore&quot;:&quot;&quot;,&quot;before&quot;:&quot;&quot;,&quot;after&quot;:&quot;&quot;,&quot;attributes&quot;:[],&quot;environment&quot;:{&quot;current_post_id&quot;:1073,&quot;parent_post_id&quot;:1073,&quot;parent_term_id&quot;:0,&quot;parent_user_id&quot;:0,&quot;archive&quot;:{&quot;type&quot;:&quot;&quot;,&quot;name&quot;:&quot;&quot;,&quot;data&quot;:[]}},&quot;loop&quot;:{&quot;type&quot;:&quot;&quot;,&quot;name&quot;:&quot;&quot;,&quot;data&quot;:[],&quot;id&quot;:0}}\" data-attributes=\"[]\" data-environment=\"{&quot;current_post_id&quot;:1073,&quot;parent_post_id&quot;:1073,&quot;parent_term_id&quot;:0,&quot;parent_user_id&quot;:0,&quot;archive&quot;:{&quot;type&quot;:&quot;&quot;,&quot;name&quot;:&quot;&quot;,&quot;data&quot;:[]}}\"><input type=\"hidden\" class=\"js-wpv-dps-filter-data js-wpv-filter-data-for-this-form\" data-action=\"\/zeitvorsorge\/wp-json\/wp\/v2\/pages\/1073?wpv_view_count=236\" data-page=\"1\" data-ajax=\"disable\" data-effect=\"fade\" data-maxpages=\"1\" data-ajaxprebefore=\"\" data-ajaxbefore=\"\" data-ajaxafter=\"\" \/><input class=\"wpv_view_count wpv_view_count-236\" type=\"hidden\" name=\"wpv_view_count\" value=\"236\" \/>\n <p>Kategorien: <select name=\"wpvadresskategorie\" class=\"js-wpv-filter-trigger\"><option selected='selected' value=\"0\">Alle Eintr\u00e4ge anzeigen<\/option><option value=\"begegnungsstaetten\">Begegnungsst\u00e4tten<\/option><option value=\"behoerden\">Beh\u00f6rden<\/option><option value=\"beratung-fuer-das-leben-im-alter\">Beratung f\u00fcr das Leben im Alter<\/option><option value=\"bildung\">Bildung<\/option><option value=\"dienstleistungen\">Dienstleistungen<\/option><option value=\"einkaufsmoeglichkeiten\">Einkaufsm\u00f6glichkeiten<\/option><option value=\"informelle-kooperationen\">Informelle Kooperationen<\/option><option value=\"interessenvertretungen\">Interessenvertretungen<\/option><option value=\"kultur\">Kultur<\/option><option value=\"tauschsysteme\">Tauschsysteme<\/option><option value=\"vereinstreffpunkt\">Vereinstreffpunkt<\/option><option value=\"vertragliche-kooperationen\">Vertragliche Kooperationen<\/option><option value=\"weitere\">Weitere<\/option><option value=\"zeitvorsorge-interessenten\">Zeitvorsorge-Interessenten<\/option><\/select><\/p>\n<p>Sortierung: <label class=\"wpv-sort-control-radio-label wpv-sort-control-orderby-radio-label\"><input type=\"radio\" name=\"wpv_sort_orderby\" class=\"wpv-sort-control-radio wpv-sort-control-orderby js-wpv-sort-control-orderby\" value=\"post_title\"  checked='checked' data-viewnumber=\"236\" data-orderbyas=\"\" data-forceorder=\"asc\" autocomplete=\"off\" \/>Organisation<\/label><label class=\"wpv-sort-control-radio-label wpv-sort-control-orderby-radio-label\"><input type=\"radio\" name=\"wpv_sort_orderby\" class=\"wpv-sort-control-radio wpv-sort-control-orderby js-wpv-sort-control-orderby\" value=\"field-wpcf-adrq-ort\"  data-viewnumber=\"236\" data-orderbyas=\"\" data-forceorder=\"asc\" autocomplete=\"off\" \/>Ort<\/label><label class=\"wpv-sort-control-radio-label wpv-sort-control-orderby-radio-label\"><input type=\"radio\" name=\"wpv_sort_orderby\" class=\"wpv-sort-control-radio wpv-sort-control-orderby js-wpv-sort-control-orderby\" value=\"field-wpcf-adrq-plz\"  data-viewnumber=\"236\" data-orderbyas=\"numeric\" data-forceorder=\"asc\" autocomplete=\"off\" \/>Postleitzahl<\/label><\/p>\n<p><input type=\"submit\" class=\"wpv-submit-trigger js-wpv-submit-trigger\" name=\"wpv_filter_submit\" value=\"Filtern\" \/><\/p>\n\n\n<\/form>\n\n<div id=\"wpv-view-layout-236\" class=\"js-wpv-view-layout js-wpv-layout-responsive js-wpv-view-layout-236\" data-viewnumber=\"236\" data-pagination=\"{&quot;id&quot;:&quot;236&quot;,&quot;query&quot;:&quot;normal&quot;,&quot;type&quot;:&quot;paged&quot;,&quot;effect&quot;:&quot;fade&quot;,&quot;duration&quot;:&quot;500&quot;,&quot;speed&quot;:&quot;5&quot;,&quot;pause_on_hover&quot;:&quot;disabled&quot;,&quot;stop_rollover&quot;:&quot;false&quot;,&quot;cache_pages&quot;:&quot;enabled&quot;,&quot;preload_images&quot;:&quot;enabled&quot;,&quot;preload_pages&quot;:&quot;enabled&quot;,&quot;preload_reach&quot;:&quot;1&quot;,&quot;spinner&quot;:&quot;builtin&quot;,&quot;spinner_image&quot;:&quot;&quot;,&quot;callback_next&quot;:&quot;&quot;,&quot;manage_history&quot;:&quot;enabled&quot;,&quot;has_controls_in_form&quot;:&quot;disabled&quot;,&quot;infinite_tolerance&quot;:0,&quot;max_pages&quot;:1,&quot;page&quot;:1,&quot;base_permalink&quot;:&quot;\/zeitvorsorge\/wp-json\/wp\/v2\/pages\/1073?wpv_view_count=236&amp;wpv_paged=WPV_PAGE_NUM&quot;,&quot;loop&quot;:{&quot;type&quot;:&quot;&quot;,&quot;name&quot;:&quot;&quot;,&quot;data&quot;:[],&quot;id&quot;:0}}\" data-permalink=\"\/zeitvorsorge\/wp-json\/wp\/v2\/pages\/1073?wpv_view_count=236\">\n\n\n\t\n\t\n\t<table width=\"100%\">\n\t\t<thead>\n\t\t\t<tr>\n\t\t\t\t<th><a href=\"#\" class=\"wpv-header-no-sort js-wpv-sort-trigger js-wpv-column-header-click\" data-viewnumber=\"236\" data-orderby=\"post-link\" data-order=\"asc\" data-orderbyas=\"\">Organisation<span class=\"wpv-sorting-indicator\"><\/span><\/a><\/th>\n\t\t\t\t<th><a href=\"#\" class=\"wpv-header-no-sort js-wpv-sort-trigger js-wpv-column-header-click\" data-viewnumber=\"236\" data-orderby=\"field-wpcf-adrq-plz\" data-order=\"asc\" data-orderbyas=\"numeric\">PLZ<span class=\"wpv-sorting-indicator\"><\/span><\/a><\/th>\n\t\t\t\t<th><a href=\"#\" class=\"wpv-header-no-sort js-wpv-sort-trigger js-wpv-column-header-click\" data-viewnumber=\"236\" data-orderby=\"field-wpcf-adrq-ort\" data-order=\"asc\" data-orderbyas=\"\">Ort<span class=\"wpv-sorting-indicator\"><\/span><\/a><\/th>\n\t\t\t\t<th>Kategorie<\/th>\n\t\t\t<\/tr>\n\t\t<\/thead>\n\t\t<tbody>\n\t\t\n\t\t\t<tr>\n\t\t\t\t<td><strong><a href=\"https:\/\/unser-quartier.de\/zeitvorsorge\/adresse\/arbeiterwohlfahrt-awo-koeln\/\" data-wpel-link=\"internal\">Arbeiterwohlfahrt (AWO) K\u00f6ln<\/a><\/strong><br \/>\nAWO Kreisverband K\u00f6ln e. V.<\/td>\n<td>50676<\/td>\n<td>K\u00f6ln<\/td>\n<td><small><a href=\"https:\/\/unser-quartier.de\/zeitvorsorge\/adresskategorie\/bildung\/\" data-wpel-link=\"internal\">Bildung<\/a>, <a href=\"https:\/\/unser-quartier.de\/zeitvorsorge\/adresskategorie\/vertragliche-kooperationen\/\" data-wpel-link=\"internal\">Vertragliche Kooperationen<\/a>, <a href=\"https:\/\/unser-quartier.de\/zeitvorsorge\/adresskategorie\/zeitvorsorge-interessenten\/\" data-wpel-link=\"internal\">Zeitvorsorge-Interessenten<\/a><\/small><\/td>\n\t\t\t<\/tr>\n\t\t\n\t\t\t<tr>\n\t\t\t\t<td><strong><a href=\"https:\/\/unser-quartier.de\/zeitvorsorge\/adresse\/bundesarbeitsgemeinschaft-der-seniorenorganisationen\/\" data-wpel-link=\"internal\">Bundesarbeitsgemeinschaft der Seniorenorganisationen<\/a><\/strong><br \/>\n<\/td>\n<td>53111<\/td>\n<td>Bonn<\/td>\n<td><small><a href=\"https:\/\/unser-quartier.de\/zeitvorsorge\/adresskategorie\/interessenvertretungen\/\" data-wpel-link=\"internal\">Interessenvertretungen<\/a><\/small><\/td>\n\t\t\t<\/tr>\n\t\t\n\t\t\t<tr>\n\t\t\t\t<td><strong><a href=\"https:\/\/unser-quartier.de\/zeitvorsorge\/adresse\/cafe-libresso\/\" data-wpel-link=\"internal\">Caf\u00e9 Libresso<\/a><\/strong><br \/>\n(gegen\u00fcber der Stadtbibliothek)<\/td>\n<td>50676<\/td>\n<td>K\u00f6ln<\/td>\n<td><small><a href=\"https:\/\/unser-quartier.de\/zeitvorsorge\/adresskategorie\/begegnungsstaetten\/\" data-wpel-link=\"internal\">Begegnungsst\u00e4tten<\/a><\/small><\/td>\n\t\t\t<\/tr>\n\t\t\n\t\t\t<tr>\n\t\t\t\t<td><strong><a href=\"https:\/\/unser-quartier.de\/zeitvorsorge\/adresse\/daheim-statt-heim-westerstede\/\" data-wpel-link=\"internal\">Daheim statt Heim Westerstede<\/a><\/strong><br \/>\n<\/td>\n<td>26655<\/td>\n<td>Westerstede<\/td>\n<td><small><a href=\"https:\/\/unser-quartier.de\/zeitvorsorge\/adresskategorie\/informelle-kooperationen\/\" data-wpel-link=\"internal\">Informelle Kooperationen<\/a>, <a href=\"https:\/\/unser-quartier.de\/zeitvorsorge\/adresskategorie\/tauschsysteme\/\" data-wpel-link=\"internal\">Tauschsysteme<\/a>, <a href=\"https:\/\/unser-quartier.de\/zeitvorsorge\/adresskategorie\/zeitvorsorge-interessenten\/\" data-wpel-link=\"internal\">Zeitvorsorge-Interessenten<\/a><\/small><\/td>\n\t\t\t<\/tr>\n\t\t\n\t\t\t<tr>\n\t\t\t\t<td><strong><a href=\"https:\/\/unser-quartier.de\/zeitvorsorge\/adresse\/deutsch-griechisches-kulturzentrum-koeln-porz-e-v\/\" data-wpel-link=\"internal\">Deutsch-Griechisches Kulturzentrum K\u00f6ln-Porz e. V.<\/a><\/strong><br \/>\n<\/td>\n<td>51143<\/td>\n<td>K\u00f6ln<\/td>\n<td><small><a href=\"https:\/\/unser-quartier.de\/zeitvorsorge\/adresskategorie\/vereinstreffpunkt\/\" data-wpel-link=\"internal\">Vereinstreffpunkt<\/a><\/small><\/td>\n\t\t\t<\/tr>\n\t\t\n\t\t\t<tr>\n\t\t\t\t<td><strong><a href=\"https:\/\/unser-quartier.de\/zeitvorsorge\/adresse\/fabe-koeln\/\" data-wpel-link=\"internal\">FABE K\u00f6ln<\/a><\/strong><br \/>\n<\/td>\n<td>50667<\/td>\n<td>K\u00f6ln<\/td>\n<td><small><a href=\"https:\/\/unser-quartier.de\/zeitvorsorge\/adresskategorie\/behoerden\/\" data-wpel-link=\"internal\">Beh\u00f6rden<\/a>, <a href=\"https:\/\/unser-quartier.de\/zeitvorsorge\/adresskategorie\/informelle-kooperationen\/\" data-wpel-link=\"internal\">Informelle Kooperationen<\/a><\/small><\/td>\n\t\t\t<\/tr>\n\t\t\n\t\t\t<tr>\n\t\t\t\t<td><strong><a href=\"https:\/\/unser-quartier.de\/zeitvorsorge\/adresse\/forschungsgesellschaft-fuer-gerontologie-e-v\/\" data-wpel-link=\"internal\">Forschungsgesellschaft f\u00fcr Gerontologie e.V.<\/a><\/strong><br \/>\n<\/td>\n<td>44339<\/td>\n<td>Dortmund<\/td>\n<td><small><a href=\"https:\/\/unser-quartier.de\/zeitvorsorge\/adresskategorie\/weitere\/\" data-wpel-link=\"internal\">Weitere<\/a><\/small><\/td>\n\t\t\t<\/tr>\n\t\t\n\t\t\t<tr>\n\t\t\t\t<td><strong><a href=\"https:\/\/unser-quartier.de\/zeitvorsorge\/adresse\/generali-zukunftsfonds\/\" data-wpel-link=\"internal\">Generali Zukunftsfonds<\/a><\/strong><br \/>\nGZF-Zentrale<\/td>\n<td>10117<\/td>\n<td>Berlin<\/td>\n<td><small><a href=\"https:\/\/unser-quartier.de\/zeitvorsorge\/adresskategorie\/informelle-kooperationen\/\" data-wpel-link=\"internal\">Informelle Kooperationen<\/a>, <a href=\"https:\/\/unser-quartier.de\/zeitvorsorge\/adresskategorie\/zeitvorsorge-interessenten\/\" data-wpel-link=\"internal\">Zeitvorsorge-Interessenten<\/a><\/small><\/td>\n\t\t\t<\/tr>\n\t\t\n\t\t\t<tr>\n\t\t\t\t<td><strong><a href=\"https:\/\/unser-quartier.de\/zeitvorsorge\/adresse\/koelner-freiwilligen-agentur\/\" data-wpel-link=\"internal\">K\u00f6lner Freiwilligen-Agentur<\/a><\/strong><br \/>\n<\/td>\n<td>50676<\/td>\n<td>K\u00f6ln<\/td>\n<td><small><a href=\"https:\/\/unser-quartier.de\/zeitvorsorge\/adresskategorie\/informelle-kooperationen\/\" data-wpel-link=\"internal\">Informelle Kooperationen<\/a>, <a href=\"https:\/\/unser-quartier.de\/zeitvorsorge\/adresskategorie\/zeitvorsorge-interessenten\/\" data-wpel-link=\"internal\">Zeitvorsorge-Interessenten<\/a><\/small><\/td>\n\t\t\t<\/tr>\n\t\t\n\t\t\t<tr>\n\t\t\t\t<td><strong><a href=\"https:\/\/unser-quartier.de\/zeitvorsorge\/adresse\/kuratorium-deutsche-altershilfe\/\" data-wpel-link=\"internal\">Kuratorium Deutsche Altershilfe<\/a><\/strong><br \/>\nWilhelmine-L\u00fcbke-Stiftung e.V.<\/td>\n<td>50677<\/td>\n<td>K\u00f6ln<\/td>\n<td><small><a href=\"https:\/\/unser-quartier.de\/zeitvorsorge\/adresskategorie\/beratung-fuer-das-leben-im-alter\/\" data-wpel-link=\"internal\">Beratung f\u00fcr das Leben im Alter<\/a>, <a href=\"https:\/\/unser-quartier.de\/zeitvorsorge\/adresskategorie\/informelle-kooperationen\/\" data-wpel-link=\"internal\">Informelle Kooperationen<\/a><\/small><\/td>\n\t\t\t<\/tr>\n\t\t\n\t\t\t<tr>\n\t\t\t\t<td><strong><a href=\"https:\/\/unser-quartier.de\/zeitvorsorge\/adresse\/obelio-elets-service\/\" data-wpel-link=\"internal\">Obelio eLETS Service<\/a><\/strong><br \/>\n<\/td>\n<td>85405<\/td>\n<td>Nandlstadt<\/td>\n<td><small><a href=\"https:\/\/unser-quartier.de\/zeitvorsorge\/adresskategorie\/tauschsysteme\/\" data-wpel-link=\"internal\">Tauschsysteme<\/a>, <a href=\"https:\/\/unser-quartier.de\/zeitvorsorge\/adresskategorie\/vertragliche-kooperationen\/\" data-wpel-link=\"internal\">Vertragliche Kooperationen<\/a>, <a href=\"https:\/\/unser-quartier.de\/zeitvorsorge\/adresskategorie\/zeitvorsorge-interessenten\/\" data-wpel-link=\"internal\">Zeitvorsorge-Interessenten<\/a><\/small><\/td>\n\t\t\t<\/tr>\n\t\t\n\t\t\t<tr>\n\t\t\t\t<td><strong><a href=\"https:\/\/unser-quartier.de\/zeitvorsorge\/adresse\/parfuemerie-heinemann\/\" data-wpel-link=\"internal\">Parf\u00fcmerie Heinemann<\/a><\/strong><br \/>\n<\/td>\n<td>50767<\/td>\n<td>K\u00f6ln<\/td>\n<td><small><a href=\"https:\/\/unser-quartier.de\/zeitvorsorge\/adresskategorie\/dienstleistungen\/\" data-wpel-link=\"internal\">Dienstleistungen<\/a>, <a href=\"https:\/\/unser-quartier.de\/zeitvorsorge\/adresskategorie\/einkaufsmoeglichkeiten\/\" data-wpel-link=\"internal\">Einkaufsm\u00f6glichkeiten<\/a><\/small><\/td>\n\t\t\t<\/tr>\n\t\t\n\t\t\t<tr>\n\t\t\t\t<td><strong><a href=\"https:\/\/unser-quartier.de\/zeitvorsorge\/adresse\/paritaetische-fuer-koeln\/\" data-wpel-link=\"internal\">Parit\u00e4tische f\u00fcr K\u00f6ln<\/a><\/strong><br \/>\n<\/td>\n<td>50676<\/td>\n<td>K\u00f6ln<\/td>\n<td><small><a href=\"https:\/\/unser-quartier.de\/zeitvorsorge\/adresskategorie\/interessenvertretungen\/\" data-wpel-link=\"internal\">Interessenvertretungen<\/a>, <a href=\"https:\/\/unser-quartier.de\/zeitvorsorge\/adresskategorie\/vertragliche-kooperationen\/\" data-wpel-link=\"internal\">Vertragliche Kooperationen<\/a>, <a href=\"https:\/\/unser-quartier.de\/zeitvorsorge\/adresskategorie\/zeitvorsorge-interessenten\/\" data-wpel-link=\"internal\">Zeitvorsorge-Interessenten<\/a><\/small><\/td>\n\t\t\t<\/tr>\n\t\t\n\t\t\t<tr>\n\t\t\t\t<td><strong><a href=\"https:\/\/unser-quartier.de\/zeitvorsorge\/adresse\/quartiersentwicklung-koeln-riehl\/\" data-wpel-link=\"internal\">Quartiersentwicklung K\u00f6ln-Riehl<\/a><\/strong><br \/>\n<\/td>\n<td>50736<\/td>\n<td>K\u00f6ln<\/td>\n<td><small><a href=\"https:\/\/unser-quartier.de\/zeitvorsorge\/adresskategorie\/informelle-kooperationen\/\" data-wpel-link=\"internal\">Informelle Kooperationen<\/a><\/small><\/td>\n\t\t\t<\/tr>\n\t\t\n\t\t\t<tr>\n\t\t\t\t<td><strong><a href=\"https:\/\/unser-quartier.de\/zeitvorsorge\/adresse\/schupsi-schulpsychologische-initiativen-e-v\/\" data-wpel-link=\"internal\">SchuPsI &#8211; Schulpsychologische Initiativen e.V.<\/a><\/strong><br \/>\n<\/td>\n<td>33649<\/td>\n<td>Bielefeld<\/td>\n<td><small><a href=\"https:\/\/unser-quartier.de\/zeitvorsorge\/adresskategorie\/informelle-kooperationen\/\" data-wpel-link=\"internal\">Informelle Kooperationen<\/a>, <a href=\"https:\/\/unser-quartier.de\/zeitvorsorge\/adresskategorie\/zeitvorsorge-interessenten\/\" data-wpel-link=\"internal\">Zeitvorsorge-Interessenten<\/a><\/small><\/td>\n\t\t\t<\/tr>\n\t\t\n\t\t\t<tr>\n\t\t\t\t<td><strong><a href=\"https:\/\/unser-quartier.de\/zeitvorsorge\/adresse\/seniorennetzwerk-koeln-heimersdorf\/\" data-wpel-link=\"internal\">Seniorennetzwerk K\u00f6ln-Heimersdorf<\/a><\/strong><br \/>\nCaritas Sozialstation Chorweiler<\/td>\n<td>50767<\/td>\n<td>K\u00f6ln<\/td>\n<td><small><a href=\"https:\/\/unser-quartier.de\/zeitvorsorge\/adresskategorie\/informelle-kooperationen\/\" data-wpel-link=\"internal\">Informelle Kooperationen<\/a><\/small><\/td>\n\t\t\t<\/tr>\n\t\t\n\t\t\t<tr>\n\t\t\t\t<td><strong><a href=\"https:\/\/unser-quartier.de\/zeitvorsorge\/adresse\/stammheimer-schlosspark\/\" data-wpel-link=\"internal\">Stammheimer Schlosspark<\/a><\/strong><br \/>\n<\/td>\n<td>51061<\/td>\n<td>K\u00f6ln<\/td>\n<td><small><a href=\"https:\/\/unser-quartier.de\/zeitvorsorge\/adresskategorie\/kultur\/\" data-wpel-link=\"internal\">Kultur<\/a><\/small><\/td>\n\t\t\t<\/tr>\n\t\t\n\t\t\t<tr>\n\t\t\t\t<td><strong><a href=\"https:\/\/unser-quartier.de\/zeitvorsorge\/adresse\/stiftung-zeitvorsorge-st-gallen\/\" data-wpel-link=\"internal\">Stiftung Zeitvorsorge St.Gallen<\/a><\/strong><br \/>\n<\/td>\n<td>9000<\/td>\n<td>St.Gallen<\/td>\n<td><small><a href=\"https:\/\/unser-quartier.de\/zeitvorsorge\/adresskategorie\/informelle-kooperationen\/\" data-wpel-link=\"internal\">Informelle Kooperationen<\/a>, <a href=\"https:\/\/unser-quartier.de\/zeitvorsorge\/adresskategorie\/tauschsysteme\/\" data-wpel-link=\"internal\">Tauschsysteme<\/a>, <a href=\"https:\/\/unser-quartier.de\/zeitvorsorge\/adresskategorie\/zeitvorsorge-interessenten\/\" data-wpel-link=\"internal\">Zeitvorsorge-Interessenten<\/a><\/small><\/td>\n\t\t\t<\/tr>\n\t\t\n\t\t\t<tr>\n\t\t\t\t<td><strong><a href=\"https:\/\/unser-quartier.de\/zeitvorsorge\/adresse\/tauschring-duesseldorf-und-umgebung\/\" data-wpel-link=\"internal\">Tauschring D\u00fcsseldorf und Umgebung<\/a><\/strong><br \/>\nzakk gGmbH<\/td>\n<td>40233<\/td>\n<td>D\u00fcsseldorf<\/td>\n<td><small><a href=\"https:\/\/unser-quartier.de\/zeitvorsorge\/adresskategorie\/begegnungsstaetten\/\" data-wpel-link=\"internal\">Begegnungsst\u00e4tten<\/a>, <a href=\"https:\/\/unser-quartier.de\/zeitvorsorge\/adresskategorie\/tauschsysteme\/\" data-wpel-link=\"internal\">Tauschsysteme<\/a>, <a href=\"https:\/\/unser-quartier.de\/zeitvorsorge\/adresskategorie\/zeitvorsorge-interessenten\/\" data-wpel-link=\"internal\">Zeitvorsorge-Interessenten<\/a><\/small><\/td>\n\t\t\t<\/tr>\n\t\t\n\t\t\t<tr>\n\t\t\t\t<td><strong><a href=\"https:\/\/unser-quartier.de\/zeitvorsorge\/adresse\/tauschring-freising\/\" data-wpel-link=\"internal\">Tauschring Freising<\/a><\/strong><br \/>\n<\/td>\n<td>85405<\/td>\n<td>Nandlstadt<\/td>\n<td><small><a href=\"https:\/\/unser-quartier.de\/zeitvorsorge\/adresskategorie\/informelle-kooperationen\/\" data-wpel-link=\"internal\">Informelle Kooperationen<\/a>, <a href=\"https:\/\/unser-quartier.de\/zeitvorsorge\/adresskategorie\/tauschsysteme\/\" data-wpel-link=\"internal\">Tauschsysteme<\/a>, <a href=\"https:\/\/unser-quartier.de\/zeitvorsorge\/adresskategorie\/zeitvorsorge-interessenten\/\" data-wpel-link=\"internal\">Zeitvorsorge-Interessenten<\/a><\/small><\/td>\n\t\t\t<\/tr>\n\t\t\n\t\t\t<tr>\n\t\t\t\t<td><strong><a href=\"https:\/\/unser-quartier.de\/zeitvorsorge\/adresse\/zeitvorsorge-reinickendorf\/\" data-wpel-link=\"internal\">Zeitvorsorge Reinickendorf<\/a><\/strong><br \/>\n<\/td>\n<td>13503<\/td>\n<td>Berlin<\/td>\n<td><small><a href=\"https:\/\/unser-quartier.de\/zeitvorsorge\/adresskategorie\/informelle-kooperationen\/\" data-wpel-link=\"internal\">Informelle Kooperationen<\/a>, <a href=\"https:\/\/unser-quartier.de\/zeitvorsorge\/adresskategorie\/tauschsysteme\/\" data-wpel-link=\"internal\">Tauschsysteme<\/a>, <a href=\"https:\/\/unser-quartier.de\/zeitvorsorge\/adresskategorie\/zeitvorsorge-interessenten\/\" data-wpel-link=\"internal\">Zeitvorsorge-Interessenten<\/a><\/small><\/td>\n\t\t\t<\/tr>\n\t\t\n\t\t\t<tr>\n\t\t\t\t<td><strong><a href=\"https:\/\/unser-quartier.de\/zeitvorsorge\/adresse\/zunkunftssymposium-des-gzf\/\" data-wpel-link=\"internal\">Zunkunftssymposium des GZF<\/a><\/strong><br \/>\nTagungsort des Zukunftssymposiums<\/td>\n<td>50667<\/td>\n<td>K\u00f6ln<\/td>\n<td><small><a href=\"https:\/\/unser-quartier.de\/zeitvorsorge\/adresskategorie\/begegnungsstaetten\/\" data-wpel-link=\"internal\">Begegnungsst\u00e4tten<\/a><\/small><\/td>\n\t\t\t<\/tr>\n\t\t\n\t\t<\/tbody>\n\t<\/table>\n\t\n\t\n\t\n\n<\/div>\n<div class=\"pagination-container\">\n<small>Gefundene Datens\u00e4tze: <strong>22<\/strong> von <strong>22<\/strong>. \n\n<\/div>\n","protected":false},"excerpt":{"rendered":"<p>Auf dieser Seite finden Sie Anbieter und Akteure in unserem Quartier.<\/p>\n","protected":false},"author":520,"featured_media":0,"parent":1075,"menu_order":2,"comment_status":"closed","ping_status":"closed","template":"","meta":{"generate_page_header":"","footnotes":""},"class_list":["post-1073","page","type-page","status-publish"],"_links":{"self":[{"href":"https:\/\/unser-quartier.de\/zeitvorsorge\/wp-json\/wp\/v2\/pages\/1073","targetHints":{"allow":["GET"]}}],"collection":[{"href":"https:\/\/unser-quartier.de\/zeitvorsorge\/wp-json\/wp\/v2\/pages"}],"about":[{"href":"https:\/\/unser-quartier.de\/zeitvorsorge\/wp-json\/wp\/v2\/types\/page"}],"author":[{"embeddable":true,"href":"https:\/\/unser-quartier.de\/zeitvorsorge\/wp-json\/wp\/v2\/users\/520"}],"replies":[{"embeddable":true,"href":"https:\/\/unser-quartier.de\/zeitvorsorge\/wp-json\/wp\/v2\/comments?post=1073"}],"version-history":[{"count":0,"href":"https:\/\/unser-quartier.de\/zeitvorsorge\/wp-json\/wp\/v2\/pages\/1073\/revisions"}],"up":[{"embeddable":true,"href":"https:\/\/unser-quartier.de\/zeitvorsorge\/wp-json\/wp\/v2\/pages\/1075"}],"wp:attachment":[{"href":"https:\/\/unser-quartier.de\/zeitvorsorge\/wp-json\/wp\/v2\/media?parent=1073"}],"curies":[{"name":"wp","href":"https:\/\/api.w.org\/{rel}","templated":true}]}}