{"id":1075,"date":"2016-01-15T09:34:09","date_gmt":"2016-01-15T08:34:09","guid":{"rendered":"http:\/\/unser-quartier.de\/tmp-musterblog3\/?page_id=1075"},"modified":"2017-05-09T12:22:40","modified_gmt":"2017-05-09T10:22:40","slug":"uebersicht2","status":"publish","type":"page","link":"https:\/\/unser-quartier.de\/zeitvorsorge\/uebersicht2\/","title":{"rendered":"Partner und Sympathisanten der Zeitvorsorge"},"content":{"rendered":"<p>Unser Partnerkatalog erm\u00f6glicht Ihnen die schnelle Kontaktaufnahme und einen \u00dcberblick \u00fcber die Infrastruktur der Zeitvorsorge<!--more--><\/p>\n<p><a href=\"https:\/\/unser-quartier.de\/zeitvorsorge\/uebersicht2\/uebersicht\/\" data-wpel-link=\"internal\">Partnerkatalog mit einer geographischen \u00dcbersichtskarte<\/a><\/p>\n<p><a href=\"https:\/\/unser-quartier.de\/zeitvorsorge\/uebersicht2\/anbieter\/\" data-wpel-link=\"internal\">Partnerkatalog in Textform<\/a><\/p>\n","protected":false},"excerpt":{"rendered":"<p>Unser Partnerkatalog erm\u00f6glicht Ihnen die schnelle Kontaktaufnahme und einen \u00dcberblick \u00fcber die Infrastruktur der Zeitvorsorge<\/p>\n","protected":false},"author":520,"featured_media":0,"parent":0,"menu_order":9,"comment_status":"closed","ping_status":"closed","template":"","meta":{"generate_page_header":"","footnotes":""},"class_list":["post-1075","page","type-page","status-publish"],"_links":{"self":[{"href":"https:\/\/unser-quartier.de\/zeitvorsorge\/wp-json\/wp\/v2\/pages\/1075","targetHints":{"allow":["GET"]}}],"collection":[{"href":"https:\/\/unser-quartier.de\/zeitvorsorge\/wp-json\/wp\/v2\/pages"}],"about":[{"href":"https:\/\/unser-quartier.de\/zeitvorsorge\/wp-json\/wp\/v2\/types\/page"}],"author":[{"embeddable":true,"href":"https:\/\/unser-quartier.de\/zeitvorsorge\/wp-json\/wp\/v2\/users\/520"}],"replies":[{"embeddable":true,"href":"https:\/\/unser-quartier.de\/zeitvorsorge\/wp-json\/wp\/v2\/comments?post=1075"}],"version-history":[{"count":0,"href":"https:\/\/unser-quartier.de\/zeitvorsorge\/wp-json\/wp\/v2\/pages\/1075\/revisions"}],"wp:attachment":[{"href":"https:\/\/unser-quartier.de\/zeitvorsorge\/wp-json\/wp\/v2\/media?parent=1075"}],"curies":[{"name":"wp","href":"https:\/\/api.w.org\/{rel}","templated":true}]}}