{"id":1249,"date":"2017-03-01T09:08:47","date_gmt":"2017-03-01T08:08:47","guid":{"rendered":"https:\/\/unser-quartier.de\/zeitvorsorge\/?page_id=1249"},"modified":"2017-04-11T11:01:14","modified_gmt":"2017-04-11T09:01:14","slug":"gesamtkarte","status":"publish","type":"page","link":"https:\/\/unser-quartier.de\/zeitvorsorge\/uebersicht2\/gesamtkarte\/","title":{"rendered":"Karte aller Partner im \u00dcberblick"},"content":{"rendered":"<p>Auf dieser Seite werden alle Angebote\/Orte im unserem Verzeichnis visuell auf einer Karte dargestellt. Alternativ nutzen Sie unsere <a href=\"https:\/\/unser-quartier.de\/zeitvorsorge\/uebersicht2\/\" data-wpel-link=\"internal\">Karte mit textueller \u00dcbersicht und Bl\u00e4tterfunktion<\/a>.<!--more--><\/p>\n\n\n\n<div id=\"wpv-view-layout-1248\" class=\"js-wpv-view-layout js-wpv-layout-responsive js-wpv-view-layout-1248\" data-viewnumber=\"1248\" data-pagination=\"{&quot;id&quot;:&quot;1248&quot;,&quot;query&quot;:&quot;normal&quot;,&quot;type&quot;:&quot;disabled&quot;,&quot;effect&quot;:&quot;fade&quot;,&quot;duration&quot;:&quot;500&quot;,&quot;speed&quot;:&quot;5&quot;,&quot;pause_on_hover&quot;:&quot;disabled&quot;,&quot;stop_rollover&quot;:&quot;false&quot;,&quot;cache_pages&quot;:&quot;enabled&quot;,&quot;preload_images&quot;:&quot;enabled&quot;,&quot;preload_pages&quot;:&quot;enabled&quot;,&quot;preload_reach&quot;:&quot;1&quot;,&quot;spinner&quot;:&quot;builtin&quot;,&quot;spinner_image&quot;:&quot;https:\/\/unser-quartier.de\/tmp-musterblog3\/wp-content\/plugins\/wp-views\/res\/img\/ajax-loader.gif&quot;,&quot;callback_next&quot;:&quot;&quot;,&quot;manage_history&quot;:&quot;enabled&quot;,&quot;has_controls_in_form&quot;:&quot;disabled&quot;,&quot;infinite_tolerance&quot;:&quot;0&quot;,&quot;max_pages&quot;:0,&quot;page&quot;:1,&quot;base_permalink&quot;:&quot;\/zeitvorsorge\/wp-json\/wp\/v2\/pages\/1249?wpv_view_count=1248&amp;wpv_paged=WPV_PAGE_NUM&quot;,&quot;loop&quot;:{&quot;type&quot;:&quot;&quot;,&quot;name&quot;:&quot;&quot;,&quot;data&quot;:[],&quot;id&quot;:0}}\" data-permalink=\"\/zeitvorsorge\/wp-json\/wp\/v2\/pages\/1249?wpv_view_count=1248\">\n\n<div id=\"js-wpv-addon-maps-render-map-4\" style=\"width:100%; height:500px;\" class=\"wpv-addon-maps-render js-wpv-addon-maps-render js-wpv-addon-maps-render-map-4 \" data-map=\"map-4\" data-generalzoom=\"5\" data-generalcenterlat=\"0\" data-generalcenterlon=\"0\" data-fitbounds=\"on\" data-singlezoom=\"14\" data-singlecenter=\"on\" data-maptype=\"roadmap\" data-showlayerinterests=\"false\" data-markericon=\"\" data-markericonhover=\"\" data-draggable=\"on\" data-scrollwheel=\"on\" data-doubleclickzoom=\"on\" data-maptypecontrol=\"on\" data-fullscreencontrol=\"on\" data-zoomcontrol=\"on\" data-streetviewcontrol=\"on\" data-backgroundcolor=\"\" data-cluster=\"on\" data-clustergridsize=\"60\" data-clustermaxzoom=\"\" data-clusterclickzoom=\"on\" data-clusterminsize=\"3\" data-stylejson=\"\/\/unser-quartier.de\/zeitvorsorge\/wp-content\/plugins\/toolset-maps\/resources\/json\/Standard.json\" data-spiderfy=\"off\" data-streetview=\"off\" data-markerid=\"\" data-location=\"\" data-lat=\"0\" data-long=\"0\" data-heading=\"\" data-pitch=\"\"><\/div>\n\t\n\t\n\t\t\n          \n          <div style=\"display:none\" class=\"wpv-addon-maps-marker js-wpv-addon-maps-marker js-wpv-addon-maps-marker-marker-3 js-wpv-addon-maps-markerfor-map-4\" data-marker=\"marker-3\" data-markertitle=\"Zunkunftssymposium des GZF\" data-markerfor=\"map-4\" data-markerlat=\"50.9420252\" data-markerlon=\"6.9522186\" data-markericon=\"https:\/\/unser-quartier.de\/mitte\/wp-content\/plugins\/toolset-maps\/resources\/images\/markers\/Home.png\" data-markericonhover=\"https:\/\/unser-quartier.de\/mitte\/wp-content\/plugins\/toolset-maps\/resources\/images\/markers\/default.png\" data-streetview=\"no\" data-fromview=\"\"><strong><a href=\"https:\/\/unser-quartier.de\/zeitvorsorge\/adresse\/zunkunftssymposium-des-gzf\/\" data-wpel-link=\"internal\">Zunkunftssymposium des GZF<\/a><\/strong><br \/>Tagungsort des Zukunftssymposiums<br \/>\n\n\n\n          Tunisstra\u00df2 19-23<br \/>50667 K\u00f6ln<\/div>\n\t\t\n          \n          <div style=\"display:none\" class=\"wpv-addon-maps-marker js-wpv-addon-maps-marker js-wpv-addon-maps-marker-marker-3-1 js-wpv-addon-maps-markerfor-map-4\" data-marker=\"marker-3-1\" data-markertitle=\"Zeitvorsorge Reinickendorf\" data-markerfor=\"map-4\" data-markerlat=\"52.6103012\" data-markerlon=\"13.2415714\" data-markericon=\"https:\/\/unser-quartier.de\/mitte\/wp-content\/plugins\/toolset-maps\/resources\/images\/markers\/Home.png\" data-markericonhover=\"https:\/\/unser-quartier.de\/mitte\/wp-content\/plugins\/toolset-maps\/resources\/images\/markers\/default.png\" data-streetview=\"no\" data-fromview=\"\"><strong><a href=\"https:\/\/unser-quartier.de\/zeitvorsorge\/adresse\/zeitvorsorge-reinickendorf\/\" data-wpel-link=\"internal\">Zeitvorsorge Reinickendorf<\/a><\/strong><br \/><br \/>\n\n\n\n          Reiherallee 96<br \/>13503 Berlin<\/div>\n\t\t\n          \n          <div style=\"display:none\" class=\"wpv-addon-maps-marker js-wpv-addon-maps-marker js-wpv-addon-maps-marker-marker-3-2 js-wpv-addon-maps-markerfor-map-4\" data-marker=\"marker-3-2\" data-markertitle=\"Tauschring Freising\" data-markerfor=\"map-4\" data-markerlat=\"48.5388333\" data-markerlon=\"11.8064207\" data-markericon=\"https:\/\/unser-quartier.de\/mitte\/wp-content\/plugins\/toolset-maps\/resources\/images\/markers\/Home.png\" data-markericonhover=\"https:\/\/unser-quartier.de\/mitte\/wp-content\/plugins\/toolset-maps\/resources\/images\/markers\/default.png\" data-streetview=\"no\" data-fromview=\"\"><strong><a href=\"https:\/\/unser-quartier.de\/zeitvorsorge\/adresse\/tauschring-freising\/\" data-wpel-link=\"internal\">Tauschring Freising<\/a><\/strong><br \/><br \/>\n\n\n\n          F\u00e4rberstra\u00dfe 29<br \/>85405 Nandlstadt<\/div>\n\t\t\n          \n          <div style=\"display:none\" class=\"wpv-addon-maps-marker js-wpv-addon-maps-marker js-wpv-addon-maps-marker-marker-3-3 js-wpv-addon-maps-markerfor-map-4\" data-marker=\"marker-3-3\" data-markertitle=\"Tauschring D\u00fcsseldorf und Umgebung\" data-markerfor=\"map-4\" data-markerlat=\"51.2168264\" data-markerlon=\"6.8107182\" data-markericon=\"https:\/\/unser-quartier.de\/mitte\/wp-content\/plugins\/toolset-maps\/resources\/images\/markers\/Home.png\" data-markericonhover=\"https:\/\/unser-quartier.de\/mitte\/wp-content\/plugins\/toolset-maps\/resources\/images\/markers\/default.png\" data-streetview=\"no\" data-fromview=\"\"><strong><a href=\"https:\/\/unser-quartier.de\/zeitvorsorge\/adresse\/tauschring-duesseldorf-und-umgebung\/\" data-wpel-link=\"internal\">Tauschring D\u00fcsseldorf und Umgebung<\/a><\/strong><br \/>zakk gGmbH<br \/>\n\n\n\n          Fichtenstra\u00dfe 40<br \/>40233 D\u00fcsseldorf<\/div>\n\t\t\n          \n          <div style=\"display:none\" class=\"wpv-addon-maps-marker js-wpv-addon-maps-marker js-wpv-addon-maps-marker-marker-3-4 js-wpv-addon-maps-markerfor-map-4\" data-marker=\"marker-3-4\" data-markertitle=\"Stiftung Zeitvorsorge St.Gallen\" data-markerfor=\"map-4\" data-markerlat=\"47.4261141\" data-markerlon=\"9.3746232\" data-markericon=\"https:\/\/unser-quartier.de\/mitte\/wp-content\/plugins\/toolset-maps\/resources\/images\/markers\/Home.png\" data-markericonhover=\"https:\/\/unser-quartier.de\/mitte\/wp-content\/plugins\/toolset-maps\/resources\/images\/markers\/default.png\" data-streetview=\"no\" data-fromview=\"\"><strong><a href=\"https:\/\/unser-quartier.de\/zeitvorsorge\/adresse\/stiftung-zeitvorsorge-st-gallen\/\" data-wpel-link=\"internal\">Stiftung Zeitvorsorge St.Gallen<\/a><\/strong><br \/><br \/>\n\n\n\n          Marktplatz 24<br \/>9000 St.Gallen<\/div>\n\t\t\n          \n          \n\t\t\n          \n          <div style=\"display:none\" class=\"wpv-addon-maps-marker js-wpv-addon-maps-marker js-wpv-addon-maps-marker-marker-3-5 js-wpv-addon-maps-markerfor-map-4\" data-marker=\"marker-3-5\" data-markertitle=\"Seniorennetzwerk K\u00f6ln-Heimersdorf\" data-markerfor=\"map-4\" data-markerlat=\"51.0106749\" data-markerlon=\"6.8957822\" data-markericon=\"https:\/\/unser-quartier.de\/mitte\/wp-content\/plugins\/toolset-maps\/resources\/images\/markers\/Home.png\" data-markericonhover=\"https:\/\/unser-quartier.de\/mitte\/wp-content\/plugins\/toolset-maps\/resources\/images\/markers\/default.png\" data-streetview=\"no\" data-fromview=\"\"><strong><a href=\"https:\/\/unser-quartier.de\/zeitvorsorge\/adresse\/seniorennetzwerk-koeln-heimersdorf\/\" data-wpel-link=\"internal\">Seniorennetzwerk K\u00f6ln-Heimersdorf<\/a><\/strong><br \/>Caritas Sozialstation Chorweiler<br \/>\n\n\n\n          Volkhovener Weg 174<br \/>50767 K\u00f6ln<\/div>\n\t\t\n          \n          <div style=\"display:none\" class=\"wpv-addon-maps-marker js-wpv-addon-maps-marker js-wpv-addon-maps-marker-marker-3-6 js-wpv-addon-maps-markerfor-map-4\" data-marker=\"marker-3-6\" data-markertitle=\"SchuPsI &#8211; Schulpsychologische Initiativen e.V.\" data-markerfor=\"map-4\" data-markerlat=\"51.9994235\" data-markerlon=\"8.4837845\" data-markericon=\"https:\/\/unser-quartier.de\/mitte\/wp-content\/plugins\/toolset-maps\/resources\/images\/markers\/Home.png\" data-markericonhover=\"https:\/\/unser-quartier.de\/mitte\/wp-content\/plugins\/toolset-maps\/resources\/images\/markers\/default.png\" data-streetview=\"no\" data-fromview=\"\"><strong><a href=\"https:\/\/unser-quartier.de\/zeitvorsorge\/adresse\/schupsi-schulpsychologische-initiativen-e-v\/\" data-wpel-link=\"internal\">SchuPsI &#8211; Schulpsychologische Initiativen e.V.<\/a><\/strong><br \/><br \/>\n\n\n\n          Borgesen-Allee 35<br \/>33649 Bielefeld<\/div>\n\t\t\n          \n          <div style=\"display:none\" class=\"wpv-addon-maps-marker js-wpv-addon-maps-marker js-wpv-addon-maps-marker-marker-3-7 js-wpv-addon-maps-markerfor-map-4\" data-marker=\"marker-3-7\" data-markertitle=\"Quartiersentwicklung K\u00f6ln-Riehl\" data-markerfor=\"map-4\" data-markerlat=\"50.9640628\" data-markerlon=\"6.9840872\" data-markericon=\"https:\/\/unser-quartier.de\/mitte\/wp-content\/plugins\/toolset-maps\/resources\/images\/markers\/Home.png\" data-markericonhover=\"https:\/\/unser-quartier.de\/mitte\/wp-content\/plugins\/toolset-maps\/resources\/images\/markers\/default.png\" data-streetview=\"no\" data-fromview=\"\"><strong><a href=\"https:\/\/unser-quartier.de\/zeitvorsorge\/adresse\/quartiersentwicklung-koeln-riehl\/\" data-wpel-link=\"internal\">Quartiersentwicklung K\u00f6ln-Riehl<\/a><\/strong><br \/><br \/>\n\n\n\n          Boltensternstra\u00dfe 16<br \/>50736 K\u00f6ln<\/div>\n\t\t\n          \n          <div style=\"display:none\" class=\"wpv-addon-maps-marker js-wpv-addon-maps-marker js-wpv-addon-maps-marker-marker-3-8 js-wpv-addon-maps-markerfor-map-4\" data-marker=\"marker-3-8\" data-markertitle=\"Parit\u00e4tische f\u00fcr K\u00f6ln\" data-markerfor=\"map-4\" data-markerlat=\"50.9353292\" data-markerlon=\"6.9441346\" data-markericon=\"https:\/\/unser-quartier.de\/mitte\/wp-content\/plugins\/toolset-maps\/resources\/images\/markers\/Home.png\" data-markericonhover=\"https:\/\/unser-quartier.de\/mitte\/wp-content\/plugins\/toolset-maps\/resources\/images\/markers\/default.png\" data-streetview=\"no\" data-fromview=\"\"><strong><a href=\"https:\/\/unser-quartier.de\/zeitvorsorge\/adresse\/paritaetische-fuer-koeln\/\" data-wpel-link=\"internal\">Parit\u00e4tische f\u00fcr K\u00f6ln<\/a><\/strong><br \/><br \/>\n\n\n\n          Marsilstein 4-6<br \/>50676 K\u00f6ln<\/div>\n\t\t\n          \n          <div style=\"display:none\" class=\"wpv-addon-maps-marker js-wpv-addon-maps-marker js-wpv-addon-maps-marker-marker-3-9 js-wpv-addon-maps-markerfor-map-4\" data-marker=\"marker-3-9\" data-markertitle=\"Parf\u00fcmerie Heinemann\" data-markerfor=\"map-4\" data-markerlat=\"51.0109698\" data-markerlon=\"6.9065\" data-markericon=\"https:\/\/unser-quartier.de\/mitte\/wp-content\/plugins\/toolset-maps\/resources\/images\/markers\/Home.png\" data-markericonhover=\"https:\/\/unser-quartier.de\/mitte\/wp-content\/plugins\/toolset-maps\/resources\/images\/markers\/default.png\" data-streetview=\"no\" data-fromview=\"\"><strong><a href=\"https:\/\/unser-quartier.de\/zeitvorsorge\/adresse\/parfuemerie-heinemann\/\" data-wpel-link=\"internal\">Parf\u00fcmerie Heinemann<\/a><\/strong><br \/><br \/>\n<img decoding=\"async\" src=\"https:\/\/unser-quartier.de\/ablage\/ampel\/disability-orange.png\" class=\"adr-ampel\" alt=\"Oranges Symbol: Dieser Ort ist teilweise rollstuhlgerecht.\" \/>\n\n\n          Haselnussweg 26<br \/>50767 K\u00f6ln<\/div>\n\t\t\n          \n          <div style=\"display:none\" class=\"wpv-addon-maps-marker js-wpv-addon-maps-marker js-wpv-addon-maps-marker-marker-3-10 js-wpv-addon-maps-markerfor-map-4\" data-marker=\"marker-3-10\" data-markertitle=\"Obelio eLETS Service\" data-markerfor=\"map-4\" data-markerlat=\"48.5388333\" data-markerlon=\"11.8064207\" data-markericon=\"https:\/\/unser-quartier.de\/mitte\/wp-content\/plugins\/toolset-maps\/resources\/images\/markers\/Home.png\" data-markericonhover=\"https:\/\/unser-quartier.de\/mitte\/wp-content\/plugins\/toolset-maps\/resources\/images\/markers\/default.png\" data-streetview=\"no\" data-fromview=\"\"><strong><a href=\"https:\/\/unser-quartier.de\/zeitvorsorge\/adresse\/obelio-elets-service\/\" data-wpel-link=\"internal\">Obelio eLETS Service<\/a><\/strong><br \/><br \/>\n\n\n\n          F\u00e4rberstra\u00dfe 29<br \/>85405 Nandlstadt<\/div>\n\t\t\n          \n          <div style=\"display:none\" class=\"wpv-addon-maps-marker js-wpv-addon-maps-marker js-wpv-addon-maps-marker-marker-3-11 js-wpv-addon-maps-markerfor-map-4\" data-marker=\"marker-3-11\" data-markertitle=\"Kuratorium Deutsche Altershilfe\" data-markerfor=\"map-4\" data-markerlat=\"50.9222709\" data-markerlon=\"6.9508986\" data-markericon=\"https:\/\/unser-quartier.de\/mitte\/wp-content\/plugins\/toolset-maps\/resources\/images\/markers\/Home.png\" data-markericonhover=\"https:\/\/unser-quartier.de\/mitte\/wp-content\/plugins\/toolset-maps\/resources\/images\/markers\/default.png\" data-streetview=\"no\" data-fromview=\"\"><strong><a href=\"https:\/\/unser-quartier.de\/zeitvorsorge\/adresse\/kuratorium-deutsche-altershilfe\/\" data-wpel-link=\"internal\">Kuratorium Deutsche Altershilfe<\/a><\/strong><br \/>Wilhelmine-L\u00fcbke-Stiftung e.V.<br \/><img decoding=\"async\" src=\"https:\/\/unser-quartier.de\/ablage\/ampel\/disability-red.png\" class=\"adr-ampel\" alt=\"Rotes Symbol: Dieser Ort ist nicht rollstuhlgerecht.\" \/>\n\n\n\n          An der Pauluskirche 3<br \/>50677 K\u00f6ln<\/div>\n\t\t\n          \n          <div style=\"display:none\" class=\"wpv-addon-maps-marker js-wpv-addon-maps-marker js-wpv-addon-maps-marker-marker-3-12 js-wpv-addon-maps-markerfor-map-4\" data-marker=\"marker-3-12\" data-markertitle=\"K\u00f6lner Freiwilligen-Agentur\" data-markerfor=\"map-4\" data-markerlat=\"50.9338915\" data-markerlon=\"6.9457228\" data-markericon=\"https:\/\/unser-quartier.de\/mitte\/wp-content\/plugins\/toolset-maps\/resources\/images\/markers\/Home.png\" data-markericonhover=\"https:\/\/unser-quartier.de\/mitte\/wp-content\/plugins\/toolset-maps\/resources\/images\/markers\/default.png\" data-streetview=\"no\" data-fromview=\"\"><strong><a href=\"https:\/\/unser-quartier.de\/zeitvorsorge\/adresse\/koelner-freiwilligen-agentur\/\" data-wpel-link=\"internal\">K\u00f6lner Freiwilligen-Agentur<\/a><\/strong><br \/><br \/>\n\n\n\n          Clemensstra\u00dfe 7<br \/>50676 K\u00f6ln<\/div>\n\t\t\n          \n          <div style=\"display:none\" class=\"wpv-addon-maps-marker js-wpv-addon-maps-marker js-wpv-addon-maps-marker-marker-3-13 js-wpv-addon-maps-markerfor-map-4\" data-marker=\"marker-3-13\" data-markertitle=\"Generali Zukunftsfonds\" data-markerfor=\"map-4\" data-markerlat=\"52.5166982\" data-markerlon=\"13.3901202\" data-markericon=\"https:\/\/unser-quartier.de\/mitte\/wp-content\/plugins\/toolset-maps\/resources\/images\/markers\/Home.png\" data-markericonhover=\"https:\/\/unser-quartier.de\/mitte\/wp-content\/plugins\/toolset-maps\/resources\/images\/markers\/default.png\" data-streetview=\"no\" data-fromview=\"\"><strong><a href=\"https:\/\/unser-quartier.de\/zeitvorsorge\/adresse\/generali-zukunftsfonds\/\" data-wpel-link=\"internal\">Generali Zukunftsfonds<\/a><\/strong><br \/>GZF-Zentrale<br \/>\n\n\n\n          Unter den Linden 21<br \/>10117 Berlin<\/div>\n\t\t\n          \n          <div style=\"display:none\" class=\"wpv-addon-maps-marker js-wpv-addon-maps-marker js-wpv-addon-maps-marker-marker-3-14 js-wpv-addon-maps-markerfor-map-4\" data-marker=\"marker-3-14\" data-markertitle=\"Forschungsgesellschaft f\u00fcr Gerontologie e.V.\" data-markerfor=\"map-4\" data-markerlat=\"51.54873\" data-markerlon=\"7.46391\" data-markericon=\"https:\/\/unser-quartier.de\/mitte\/wp-content\/plugins\/toolset-maps\/resources\/images\/markers\/Home.png\" data-markericonhover=\"https:\/\/unser-quartier.de\/mitte\/wp-content\/plugins\/toolset-maps\/resources\/images\/markers\/default.png\" data-streetview=\"no\" data-fromview=\"\"><strong><a href=\"https:\/\/unser-quartier.de\/zeitvorsorge\/adresse\/forschungsgesellschaft-fuer-gerontologie-e-v\/\" data-wpel-link=\"internal\">Forschungsgesellschaft f\u00fcr Gerontologie e.V.<\/a><\/strong><br \/><br \/>\n\n\n\n          Evinger Platz 13<br \/>44339 Dortmund<\/div>\n\t\t\n          \n          <div style=\"display:none\" class=\"wpv-addon-maps-marker js-wpv-addon-maps-marker js-wpv-addon-maps-marker-marker-3-15 js-wpv-addon-maps-markerfor-map-4\" data-marker=\"marker-3-15\" data-markertitle=\"FABE K\u00f6ln\" data-markerfor=\"map-4\" data-markerlat=\"50.9383383\" data-markerlon=\"6.95893\" data-markericon=\"https:\/\/unser-quartier.de\/mitte\/wp-content\/plugins\/toolset-maps\/resources\/images\/markers\/Home.png\" data-markericonhover=\"https:\/\/unser-quartier.de\/mitte\/wp-content\/plugins\/toolset-maps\/resources\/images\/markers\/default.png\" data-streetview=\"no\" data-fromview=\"\"><strong><a href=\"https:\/\/unser-quartier.de\/zeitvorsorge\/adresse\/fabe-koeln\/\" data-wpel-link=\"internal\">FABE K\u00f6ln<\/a><\/strong><br \/><br \/>\n\n\n\n          Rathaus (Spanischer Bau)<br \/>50667 K\u00f6ln<\/div>\n\t\t\n          \n          <div style=\"display:none\" class=\"wpv-addon-maps-marker js-wpv-addon-maps-marker js-wpv-addon-maps-marker-marker-3-16 js-wpv-addon-maps-markerfor-map-4\" data-marker=\"marker-3-16\" data-markertitle=\"Deutsch-Griechisches Kulturzentrum K\u00f6ln-Porz e. V.\" data-markerfor=\"map-4\" data-markerlat=\"50.8822651\" data-markerlon=\"7.0582561\" data-markericon=\"https:\/\/unser-quartier.de\/mitte\/wp-content\/plugins\/toolset-maps\/resources\/images\/markers\/Home.png\" data-markericonhover=\"https:\/\/unser-quartier.de\/mitte\/wp-content\/plugins\/toolset-maps\/resources\/images\/markers\/default.png\" data-streetview=\"no\" data-fromview=\"\"><strong><a href=\"https:\/\/unser-quartier.de\/zeitvorsorge\/adresse\/deutsch-griechisches-kulturzentrum-koeln-porz-e-v\/\" data-wpel-link=\"internal\">Deutsch-Griechisches Kulturzentrum K\u00f6ln-Porz e. V.<\/a><\/strong><br \/><br \/>\n\n\n\n          M\u00fchlenstra\u00dfe 40<br \/>51143 K\u00f6ln<\/div>\n\t\t\n          \n          <div style=\"display:none\" class=\"wpv-addon-maps-marker js-wpv-addon-maps-marker js-wpv-addon-maps-marker-marker-3-17 js-wpv-addon-maps-markerfor-map-4\" data-marker=\"marker-3-17\" data-markertitle=\"Daheim statt Heim Westerstede\" data-markerfor=\"map-4\" data-markerlat=\"53.2535702\" data-markerlon=\"7.9291046\" data-markericon=\"https:\/\/unser-quartier.de\/mitte\/wp-content\/plugins\/toolset-maps\/resources\/images\/markers\/Home.png\" data-markericonhover=\"https:\/\/unser-quartier.de\/mitte\/wp-content\/plugins\/toolset-maps\/resources\/images\/markers\/default.png\" data-streetview=\"no\" data-fromview=\"\"><strong><a href=\"https:\/\/unser-quartier.de\/zeitvorsorge\/adresse\/daheim-statt-heim-westerstede\/\" data-wpel-link=\"internal\">Daheim statt Heim Westerstede<\/a><\/strong><br \/><br \/>\n\n\n\n          Wilhelm - Geiler- Strasse 10<br \/>26655 Westerstede<\/div>\n\t\t\n          \n          <div style=\"display:none\" class=\"wpv-addon-maps-marker js-wpv-addon-maps-marker js-wpv-addon-maps-marker-marker-3-18 js-wpv-addon-maps-markerfor-map-4\" data-marker=\"marker-3-18\" data-markertitle=\"Caf\u00e9 Libresso\" data-markerfor=\"map-4\" data-markerlat=\"50.9340664\" data-markerlon=\"6.9484548\" data-markericon=\"https:\/\/unser-quartier.de\/mitte\/wp-content\/plugins\/toolset-maps\/resources\/images\/markers\/Home.png\" data-markericonhover=\"https:\/\/unser-quartier.de\/mitte\/wp-content\/plugins\/toolset-maps\/resources\/images\/markers\/default.png\" data-streetview=\"no\" data-fromview=\"\"><strong><a href=\"https:\/\/unser-quartier.de\/zeitvorsorge\/adresse\/cafe-libresso\/\" data-wpel-link=\"internal\">Caf\u00e9 Libresso<\/a><\/strong><br \/>(gegen\u00fcber der Stadtbibliothek)<br \/>\n\n\n\n          Fleischmengergasse 29<br \/>50676 K\u00f6ln<\/div>\n\t\t\n          \n          <div style=\"display:none\" class=\"wpv-addon-maps-marker js-wpv-addon-maps-marker js-wpv-addon-maps-marker-marker-3-19 js-wpv-addon-maps-markerfor-map-4\" data-marker=\"marker-3-19\" data-markertitle=\"Bundesarbeitsgemeinschaft der Seniorenorganisationen\" data-markerfor=\"map-4\" data-markerlat=\"50.73617\" data-markerlon=\"7.09495\" data-markericon=\"https:\/\/unser-quartier.de\/mitte\/wp-content\/plugins\/toolset-maps\/resources\/images\/markers\/Home.png\" data-markericonhover=\"https:\/\/unser-quartier.de\/mitte\/wp-content\/plugins\/toolset-maps\/resources\/images\/markers\/default.png\" data-streetview=\"no\" data-fromview=\"\"><strong><a href=\"https:\/\/unser-quartier.de\/zeitvorsorge\/adresse\/bundesarbeitsgemeinschaft-der-seniorenorganisationen\/\" data-wpel-link=\"internal\">Bundesarbeitsgemeinschaft der Seniorenorganisationen<\/a><\/strong><br \/><br \/>\n\n\n\n          Thomas-Mann-Stra\u00dfe 2-4<br \/>53111 Bonn<\/div>\n\t\t\n          \n          <div style=\"display:none\" class=\"wpv-addon-maps-marker js-wpv-addon-maps-marker js-wpv-addon-maps-marker-marker-3-20 js-wpv-addon-maps-markerfor-map-4\" data-marker=\"marker-3-20\" data-markertitle=\"Arbeiterwohlfahrt (AWO) K\u00f6ln\" data-markerfor=\"map-4\" data-markerlat=\"50.9339609\" data-markerlon=\"6.9431296\" data-markericon=\"https:\/\/unser-quartier.de\/mitte\/wp-content\/plugins\/toolset-maps\/resources\/images\/markers\/Home.png\" data-markericonhover=\"https:\/\/unser-quartier.de\/mitte\/wp-content\/plugins\/toolset-maps\/resources\/images\/markers\/default.png\" data-streetview=\"no\" data-fromview=\"\"><strong><a href=\"https:\/\/unser-quartier.de\/zeitvorsorge\/adresse\/arbeiterwohlfahrt-awo-koeln\/\" data-wpel-link=\"internal\">Arbeiterwohlfahrt (AWO) K\u00f6ln<\/a><\/strong><br \/>AWO Kreisverband K\u00f6ln e. V.<br \/>\n\n\n\n          Rubenstra\u00dfe 7-13<br \/>50676 K\u00f6ln<\/div>\n\t\t\n\t\n\n<p><small><img decoding=\"async\" src=\"https:\/\/unser-quartier.de\/ablage\/ampel\/disability-green.png\" class=\"adr-ampel-legend\" alt=\"Gr\u00fcnes Symbol\" \/>= voll rollstuhlgerecht, <img decoding=\"async\" src=\"https:\/\/unser-quartier.de\/ablage\/ampel\/disability-orange.png\" class=\"adr-ampel-legend\" alt=\"Oranges Symbol\" \/>= teilweise rollstuhlgerecht, <img decoding=\"async\" src=\"https:\/\/unser-quartier.de\/ablage\/ampel\/disability-red.png\" class=\"adr-ampel-legend\" alt=\"Rotes Symbol\" \/>= nicht rollstuhlgrecht, <img decoding=\"async\" src=\"https:\/\/unser-quartier.de\/ablage\/ampel\/disability-grey.png\" class=\"adr-ampel-legend\" alt=\"Graues Symbol\" \/>= keine Angabe<\/small><\/p> \n<div class=\"adr-karte-reset\"><button class=\"js-wpv-addon-maps-restore-map\" data-map=\"map-4\">Karte zur\u00fccksetzen<\/button><\/div>\n\n\t\n\t\n<\/div>\n","protected":false},"excerpt":{"rendered":"<p>Auf dieser Seite werden alle Angebote\/Orte im unserem Verzeichnis visuell auf einer Karte dargestellt. Alternativ nutzen Sie unsere Karte mit textueller \u00dcbersicht und Bl\u00e4tterfunktion.<\/p>\n","protected":false},"author":520,"featured_media":0,"parent":1075,"menu_order":3,"comment_status":"closed","ping_status":"closed","template":"","meta":{"generate_page_header":"","footnotes":""},"class_list":["post-1249","page","type-page","status-publish"],"_links":{"self":[{"href":"https:\/\/unser-quartier.de\/zeitvorsorge\/wp-json\/wp\/v2\/pages\/1249","targetHints":{"allow":["GET"]}}],"collection":[{"href":"https:\/\/unser-quartier.de\/zeitvorsorge\/wp-json\/wp\/v2\/pages"}],"about":[{"href":"https:\/\/unser-quartier.de\/zeitvorsorge\/wp-json\/wp\/v2\/types\/page"}],"author":[{"embeddable":true,"href":"https:\/\/unser-quartier.de\/zeitvorsorge\/wp-json\/wp\/v2\/users\/520"}],"replies":[{"embeddable":true,"href":"https:\/\/unser-quartier.de\/zeitvorsorge\/wp-json\/wp\/v2\/comments?post=1249"}],"version-history":[{"count":0,"href":"https:\/\/unser-quartier.de\/zeitvorsorge\/wp-json\/wp\/v2\/pages\/1249\/revisions"}],"up":[{"embeddable":true,"href":"https:\/\/unser-quartier.de\/zeitvorsorge\/wp-json\/wp\/v2\/pages\/1075"}],"wp:attachment":[{"href":"https:\/\/unser-quartier.de\/zeitvorsorge\/wp-json\/wp\/v2\/media?parent=1249"}],"curies":[{"name":"wp","href":"https:\/\/api.w.org\/{rel}","templated":true}]}}