{"id":1349,"date":"2017-03-29T11:24:15","date_gmt":"2017-03-29T09:24:15","guid":{"rendered":"https:\/\/unser-quartier.de\/zeitvorsorge\/?page_id=1349"},"modified":"2018-08-15T12:13:42","modified_gmt":"2018-08-15T10:13:42","slug":"zu-den-untergruppen","status":"publish","type":"page","link":"https:\/\/unser-quartier.de\/zeitvorsorge\/zu-den-untergruppen\/","title":{"rendered":"Zu den Untergruppen"},"content":{"rendered":"<p>Die Zeitbanksoftware Obelio der Zeitvorsorge bietet eine <strong>hierarchische Nutzerstruktur,<\/strong> die f\u00fcr eine wirkungsvolle Ausbreitung in die Fl\u00e4che von grundlegender Bedeutung ist. Die ausf\u00fchrliche Begr\u00fcndung hierf\u00fcr findet sich im Beitrag &#8222;<a href=\"https:\/\/unser-quartier.de\/zeitvorsorge\/2017\/04\/die-hierarchische-nutzerstruktur-der-zeitbank\/\" data-wpel-link=\"internal\"><strong>Die hierarchische Nutzerstruktur der Zeitbank<\/strong><\/a>&#8222;.<\/p>\n<p>Von hier aus findet man zun\u00e4chst den <strong>Zugang zu den Web Sites der bestehenden Untergruppen<\/strong> mit ihrem oben beschriebenen individuellen Zugriff auf die gemeinsame Zeitbank:<\/p>\n<ul>\n<li>Zeitvorsorge Berlin-Reinickendorf<\/li>\n<li>Zeitvorsorge Bielefeld<\/li>\n<li>Zeitvorsorge K\u00f6ln-Ehrenfeld<\/li>\n<li>Zeitvororge K\u00f6ln-Esch<\/li>\n<li><strong><a href=\"https:\/\/zeitvorsorge-koeln-heimersdorf.jimdofree.com\/\" data-wpel-link=\"external\" target=\"_self\" rel=\"nofollow external noopener noreferrer\" title=\"Externer Link: Zeitvorsorge K\u00f6ln-Heimersdorf\" class=\"ext-link wpel-icon-right\">Zeitvorsorge K\u00f6ln-Heimersdorf<span class=\"wpel-icon wpel-image wpel-icon-6\"><\/span><\/a><\/strong><\/li>\n<li>Zeitvorsorge K\u00f6ln-Porz<\/li>\n<li>Zeitvorsorge K\u00f6ln-S\u00fclz<\/li>\n<li>Zeitvorsorge K\u00f6ln-Zollstock<\/li>\n<li>Zeitvorsorge Pulheim<\/li>\n<\/ul>\n<h1>Das Folgende muss erst noch entwickelt werden:<\/h1>\n<p>\u00dcber&nbsp;eine Suchmaske&nbsp;bekommen Sie den Zugang zu den einzelnen regionalen <strong>Untergruppen der Zeitvorsorge<\/strong> \u00fcber<\/p>\n<ul>\n<li>Untergruppenname<\/li>\n<li>PLZ (aus Liste aller UG zu dieser PLZ ausw\u00e4hlen)<\/li>\n<li>Region (aus Liste der Region ausw\u00e4hlen, Z.B. K\u00f6ln)<\/li>\n<li>Alle (aus Liste aller Untergruppen in Deutschland ausw\u00e4hlen)<\/li>\n<li>(weitere?)<\/li>\n<\/ul>\n","protected":false},"excerpt":{"rendered":"<p>Die Zeitbanksoftware Obelio der Zeitvorsorge bietet eine hierarchische Nutzerstruktur, die f\u00fcr eine wirkungsvolle Ausbreitung in die Fl\u00e4che von grundlegender Bedeutung ist. Die ausf\u00fchrliche Begr\u00fcndung hierf\u00fcr findet sich im Beitrag &#8222;Die hierarchische Nutzerstruktur der Zeitbank&#8222;. Von hier aus findet man zun\u00e4chst den Zugang zu den Web Sites der bestehenden Untergruppen mit ihrem oben beschriebenen individuellen Zugriff&hellip; <a class=\"continue\" href=\"https:\/\/unser-quartier.de\/zeitvorsorge\/zu-den-untergruppen\/\" data-wpel-link=\"internal\"> \u00bb weiterlesen: <span> Zu den Untergruppen<\/span><\/a><\/p>\n","protected":false},"author":520,"featured_media":0,"parent":0,"menu_order":10,"comment_status":"closed","ping_status":"closed","template":"","meta":{"generate_page_header":"","footnotes":""},"class_list":["post-1349","page","type-page","status-publish"],"_links":{"self":[{"href":"https:\/\/unser-quartier.de\/zeitvorsorge\/wp-json\/wp\/v2\/pages\/1349","targetHints":{"allow":["GET"]}}],"collection":[{"href":"https:\/\/unser-quartier.de\/zeitvorsorge\/wp-json\/wp\/v2\/pages"}],"about":[{"href":"https:\/\/unser-quartier.de\/zeitvorsorge\/wp-json\/wp\/v2\/types\/page"}],"author":[{"embeddable":true,"href":"https:\/\/unser-quartier.de\/zeitvorsorge\/wp-json\/wp\/v2\/users\/520"}],"replies":[{"embeddable":true,"href":"https:\/\/unser-quartier.de\/zeitvorsorge\/wp-json\/wp\/v2\/comments?post=1349"}],"version-history":[{"count":0,"href":"https:\/\/unser-quartier.de\/zeitvorsorge\/wp-json\/wp\/v2\/pages\/1349\/revisions"}],"wp:attachment":[{"href":"https:\/\/unser-quartier.de\/zeitvorsorge\/wp-json\/wp\/v2\/media?parent=1349"}],"curies":[{"name":"wp","href":"https:\/\/api.w.org\/{rel}","templated":true}]}}