{"id":1515,"date":"2014-03-30T13:05:59","date_gmt":"2014-03-30T11:05:59","guid":{"rendered":"https:\/\/unser-quartier.de\/zeitvorsorge\/?page_id=1515"},"modified":"2017-05-09T12:22:39","modified_gmt":"2017-05-09T10:22:39","slug":"unser-verein","status":"publish","type":"page","link":"https:\/\/unser-quartier.de\/zeitvorsorge\/unser-verein\/","title":{"rendered":"Die Vereinsgr\u00fcndung"},"content":{"rendered":"<p>Aus einer Initiative heraus, die seit dem Sommer 2012&nbsp;unter dem Namen &#8222;K\u00f6lner Vorsorge-Zeitbank&#8220; vergeblich versucht hat, die Idee der Zeitvorsorge \u00fcber die \u00f6rtlichen Hilfsorganisationen&nbsp;in das Sozialsystem der Stadt K\u00f6ln zu integrieren, ist am 29.03.2014 im B\u00fcrgerzentrum &#8222;Alte Feuerwache&#8220; der Verein &#8222;Zeitvorsorge K\u00f6ln&#8220; gegr\u00fcndet worden.&nbsp;In dieser Gr\u00fcndungsversammlung haben 8 Gr\u00fcndungsmitglieder die vorgelegte Satzung unterschrieben.<\/p>\n<figure id=\"attachment_1517\" aria-describedby=\"caption-attachment-1517\" style=\"width: 526px\" class=\"wp-caption alignnone\"><img loading=\"lazy\" decoding=\"async\" width=\"536\" height=\"402\" class=\" wp-image-1517\" id=\"longdesc-return-1517\" alt=\"Zeitvorsorge Gr\u00fcndungsmitglieder\" src=\"https:\/\/unser-quartier.de\/zeitvorsorge\/files\/2017\/04\/028-300x225.jpg\" longdesc=\"https:\/\/unser-quartier.de\/zeitvorsorge?longdesc=1517&amp;referrer=1515\" srcset=\"https:\/\/unser-quartier.de\/zeitvorsorge\/files\/2017\/04\/028-300x225.jpg 300w, https:\/\/unser-quartier.de\/zeitvorsorge\/files\/2017\/04\/028-150x113.jpg 150w, https:\/\/unser-quartier.de\/zeitvorsorge\/files\/2017\/04\/028-768x576.jpg 768w, https:\/\/unser-quartier.de\/zeitvorsorge\/files\/2017\/04\/028-1024x768.jpg 1024w, https:\/\/unser-quartier.de\/zeitvorsorge\/files\/2017\/04\/028.jpg 1200w\" sizes=\"auto, (max-width: 536px) 100vw, 536px\" \/><figcaption id=\"caption-attachment-1517\" class=\"wp-caption-text\">Die Gr\u00fcndungsmitglieder der Zeitvorsorge<\/figcaption><\/figure>\n<p>Die Entscheidung, einen Verein zu gr\u00fcnden, ergab sich aus der Tatsache, dass die Versuche, das F\u00fchrungspersonal der Hilfsorganisationen und Wohlfahrtsverb\u00e4nde dazu zu bewegen, &#8230;<\/p>\n<p>Die Zeitvorsorge ist ein gemeinn\u00fctziger Verein. &nbsp;Im Vereinsregister der Stadt K\u00f6ln ist er&nbsp;am 13.10.2014 mit dem Namen &#8222;<strong>Zeitvorsorge K\u00f6ln &#8211; die K\u00f6lner Vorsorge-ZeitBank e. V.<\/strong>&#8220; beim Amtsgericht K\u00f6ln mit der Nummer <strong>VR 10138&nbsp;<\/strong> eingetragen worden. Die Gemeinn\u00fctzigkeit war vorher vom Finanzamt K\u00f6ln-Nord unter der Steuernummer 217\/5965\/1036 bescheinigt worden.<\/p>\n<p>&nbsp;<\/p>\n","protected":false},"excerpt":{"rendered":"<p>Aus einer Initiative heraus, die seit dem Sommer 2012&nbsp;unter dem Namen &#8222;K\u00f6lner Vorsorge-Zeitbank&#8220; vergeblich versucht hat, die Idee der Zeitvorsorge \u00fcber die \u00f6rtlichen Hilfsorganisationen&nbsp;in das Sozialsystem der Stadt K\u00f6ln zu integrieren, ist am 29.03.2014 im B\u00fcrgerzentrum &#8222;Alte Feuerwache&#8220; der Verein &#8222;Zeitvorsorge K\u00f6ln&#8220; gegr\u00fcndet worden.&nbsp;In dieser Gr\u00fcndungsversammlung haben 8 Gr\u00fcndungsmitglieder die vorgelegte Satzung unterschrieben. Die Entscheidung,&hellip; <a class=\"continue\" href=\"https:\/\/unser-quartier.de\/zeitvorsorge\/unser-verein\/\" data-wpel-link=\"internal\"> \u00bb weiterlesen: <span> Die Vereinsgr\u00fcndung<\/span><\/a><\/p>\n","protected":false},"author":548,"featured_media":0,"parent":0,"menu_order":2,"comment_status":"closed","ping_status":"closed","template":"","meta":{"generate_page_header":"","footnotes":""},"class_list":["post-1515","page","type-page","status-publish"],"_links":{"self":[{"href":"https:\/\/unser-quartier.de\/zeitvorsorge\/wp-json\/wp\/v2\/pages\/1515","targetHints":{"allow":["GET"]}}],"collection":[{"href":"https:\/\/unser-quartier.de\/zeitvorsorge\/wp-json\/wp\/v2\/pages"}],"about":[{"href":"https:\/\/unser-quartier.de\/zeitvorsorge\/wp-json\/wp\/v2\/types\/page"}],"author":[{"embeddable":true,"href":"https:\/\/unser-quartier.de\/zeitvorsorge\/wp-json\/wp\/v2\/users\/548"}],"replies":[{"embeddable":true,"href":"https:\/\/unser-quartier.de\/zeitvorsorge\/wp-json\/wp\/v2\/comments?post=1515"}],"version-history":[{"count":0,"href":"https:\/\/unser-quartier.de\/zeitvorsorge\/wp-json\/wp\/v2\/pages\/1515\/revisions"}],"wp:attachment":[{"href":"https:\/\/unser-quartier.de\/zeitvorsorge\/wp-json\/wp\/v2\/media?parent=1515"}],"curies":[{"name":"wp","href":"https:\/\/api.w.org\/{rel}","templated":true}]}}