{"id":1608,"date":"2017-04-10T19:40:57","date_gmt":"2017-04-10T17:40:57","guid":{"rendered":"https:\/\/unser-quartier.de\/zeitvorsorge\/?page_id=1608"},"modified":"2017-05-09T12:22:40","modified_gmt":"2017-05-09T10:22:40","slug":"vereinsgeschichte","status":"publish","type":"page","link":"https:\/\/unser-quartier.de\/zeitvorsorge\/vereinsgeschichte\/","title":{"rendered":"Vereinsgeschichte"},"content":{"rendered":"<h1>Vor der Vereinsgr\u00fcndung<\/h1>\n<ul>\n<li>\n<figure id=\"attachment_1923\" aria-describedby=\"caption-attachment-1923\" style=\"width: 140px\" class=\"wp-caption alignleft\"><img loading=\"lazy\" decoding=\"async\" width=\"150\" height=\"245\" class=\"wp-image-1923 size-thumbnail\" alt=\"Der Generationen-Pakt\" src=\"https:\/\/unser-quartier.de\/zeitvorsorge\/files\/2017\/04\/HenzlerSp\u00e4th_Der-Generationen-Pakt-150x245.jpg\" srcset=\"https:\/\/unser-quartier.de\/zeitvorsorge\/files\/2017\/04\/HenzlerSp\u00e4th_Der-Generationen-Pakt-150x245.jpg 150w, https:\/\/unser-quartier.de\/zeitvorsorge\/files\/2017\/04\/HenzlerSp\u00e4th_Der-Generationen-Pakt-300x491.jpg 300w, https:\/\/unser-quartier.de\/zeitvorsorge\/files\/2017\/04\/HenzlerSp\u00e4th_Der-Generationen-Pakt-626x1024.jpg 626w, https:\/\/unser-quartier.de\/zeitvorsorge\/files\/2017\/04\/HenzlerSp\u00e4th_Der-Generationen-Pakt.jpg 648w\" sizes=\"auto, (max-width: 150px) 100vw, 150px\" \/><figcaption id=\"caption-attachment-1923\" class=\"wp-caption-text\">Buch: &#8222;Der Generationen-Pakt<\/figcaption><\/figure><br \/>\nIm <strong>September 2011<\/strong> erschien ein <a href=\"http:\/\/www.stern.de\/wirtschaft\/news\/reformerduo-spaeth-henzler-reiche-sollen-rente-sichern-3773308.html\" data-wpel-link=\"external\" target=\"_self\" rel=\"nofollow external noopener noreferrer\" title=\"Externer Link: &lt;strong&gt;Interview im Magazin Stern&lt;\/strong&gt;\" class=\"ext-link wpel-icon-right\"><strong>Interview im Magazin Stern<\/strong><span class=\"wpel-icon wpel-image wpel-icon-6\"><\/span><\/a>, in dem der ehemalige Ministerpr\u00e4sident von Baden-W\u00fcrttemberg und der ehemalige Europachef von McKinsey Unternehmensberatungen sie M\u00f6glichkeit einer neuen S\u00e4ule in der Alterssicherung mit Zeit vorschlagen, die sie in ihrem <strong>Buch &#8222;Der Generationen-Pakt &#8211; Warum die Alten nicht das Problem, sondern die L\u00f6sung sind&#8220;<\/strong> n\u00e4her ausgef\u00fchrt haben.<\/li>\n<li>Im Dezember 2011 habe ich mir dies Buch ausgeliehen und gelesen: es werden etliche Vorschl\u00e4ge gemacht, wie die Menschen im Alter besser abgesichert werden k\u00f6nnten. Einer betraf das ansparen von Zeit f\u00fcr kostenlose (ehrenamtliche) soziale Hilfeleistungen f\u00fcr sp\u00e4ter, wenn er selber Hilfe ben\u00f6tigt. Ich fand diese Idee <img loading=\"lazy\" decoding=\"async\" width=\"300\" height=\"206\" class=\"size-medium wp-image-1611 alignleft\" alt=\"Zeit als vierte S\u00e4ule in der Alterssicherung\" src=\"https:\/\/unser-quartier.de\/zeitvorsorge\/files\/2017\/04\/Vorsorge-Saeulen-300x206.gif\" srcset=\"https:\/\/unser-quartier.de\/zeitvorsorge\/files\/2017\/04\/Vorsorge-Saeulen-300x206.gif 300w, https:\/\/unser-quartier.de\/zeitvorsorge\/files\/2017\/04\/Vorsorge-Saeulen-150x103.gif 150w\" sizes=\"auto, (max-width: 300px) 100vw, 300px\" \/>bestechend und erwartete, dass ein \u00f6ffentlicher Diskurs entsteht, weil die Politik ja bereits deutlich die Versch\u00e4rfung der Pflege im Alter durch die demographische Entwicklung erwartet. Alles, was diese Situation entsch\u00e4rfen hilft, sollte doch h\u00f6chst willkommen sein. Aber es passierte nichts und die Medien nahmen dies Thema auch nicht auf.<\/li>\n<li>Das hat mich einigerma\u00dfen emp\u00f6rt und ich habe deshalb <strong>im Fr\u00fchjahr 2012&nbsp;eine Initiative<\/strong> gegr\u00fcndet, die sich die Realisierung einer solchen Vorsorge-Zeitbank vorgenommen hatte. Bei den in Frage kommenden niederschwelligen sozialen Hilfeleistungen, handelt es sich um nicht professionelle Nachbarschaftshilfen, die den Pflegediensten und der gesundheitlichen Versorgung, sowie dem Handwerk keine Konkurrenz machen . Weil die meisten<strong> Hilfsorganisationen<\/strong> <img loading=\"lazy\" decoding=\"async\" width=\"200\" height=\"111\" class=\"alignleft wp-image-1612\" alt=\"Die f\u00fcnf gro\u00dfen Hilfsorganisationen\" src=\"https:\/\/unser-quartier.de\/zeitvorsorge\/files\/2017\/04\/Logo-Verbaende-PB.jpg\">Ehrenamtliche besch\u00e4ftigen, die genau dies tun, habe ich mich an deren Spitzenmanager mit einem <strong>Kooperationsangebot<\/strong> gewandt. Ich hatte erwartet, dass sie die erg\u00e4nzenden&nbsp;Einf\u00fchrung einer solchen Zeitbank positiv unterst\u00fctzen w\u00fcrden. Aber au\u00dfer von der Caritas und dem Parit\u00e4tischen habe ich noch nicht einmal eine Antwort bekommen. Auch ein Nachfassen ein&nbsp;viertel Jahr sp\u00e4ter hatte keinen Erfolg. Dieser <strong>Top-Down Ansatz<\/strong> war also gescheitert.<\/li>\n<li>\n<figure id=\"attachment_1344\" aria-describedby=\"caption-attachment-1344\" style=\"width: 190px\" class=\"wp-caption alignleft\"><img loading=\"lazy\" decoding=\"async\" width=\"200\" height=\"76\" class=\"wp-image-1344\" alt=\"Netzwerk der Zeitvorsorge\" src=\"https:\/\/unser-quartier.de\/zeitvorsorge\/files\/2014\/01\/Zeitvorsorge-Netzwerk_Banner_1-150x57.jpg\" srcset=\"https:\/\/unser-quartier.de\/zeitvorsorge\/files\/2014\/01\/Zeitvorsorge-Netzwerk_Banner_1-150x57.jpg 150w, https:\/\/unser-quartier.de\/zeitvorsorge\/files\/2014\/01\/Zeitvorsorge-Netzwerk_Banner_1-300x114.jpg 300w, https:\/\/unser-quartier.de\/zeitvorsorge\/files\/2014\/01\/Zeitvorsorge-Netzwerk_Banner_1-768x292.jpg 768w, https:\/\/unser-quartier.de\/zeitvorsorge\/files\/2014\/01\/Zeitvorsorge-Netzwerk_Banner_1-1024x390.jpg 1024w, https:\/\/unser-quartier.de\/zeitvorsorge\/files\/2014\/01\/Zeitvorsorge-Netzwerk_Banner_1.jpg 1200w\" sizes=\"auto, (max-width: 200px) 100vw, 200px\" \/><figcaption id=\"caption-attachment-1344\" class=\"wp-caption-text\">Zeitvorsorge Netzwerk<\/figcaption><\/figure><br \/>\nUm die Idee der Vorsorge-Zeitbank in die \u00d6ffentlichkeit zu tragen, habe ich im August 2012 <strong>in Facebook eine offene Gruppe gegr\u00fcndet,<\/strong> in der ich \u00fcber unsere Aktivit\u00e4ten und \u00fcber interessantes Hintergrundwissen berichte.<\/li>\n<\/ul>\n<h2>Nach der Vereinsgr\u00fcndung<\/h2>\n<ul>\n<li><img loading=\"lazy\" decoding=\"async\" width=\"300\" height=\"225\" class=\"size-medium wp-image-1517 alignright\" id=\"longdesc-return-1517\" alt=\"Zeitvorsorge Gr\u00fcndungsmitglieder\" src=\"https:\/\/unser-quartier.de\/zeitvorsorge\/files\/2017\/04\/028-300x225.jpg\" longdesc=\"https:\/\/unser-quartier.de\/zeitvorsorge?longdesc=1517&amp;referrer=1608\" srcset=\"https:\/\/unser-quartier.de\/zeitvorsorge\/files\/2017\/04\/028-300x225.jpg 300w, https:\/\/unser-quartier.de\/zeitvorsorge\/files\/2017\/04\/028-150x113.jpg 150w, https:\/\/unser-quartier.de\/zeitvorsorge\/files\/2017\/04\/028-768x576.jpg 768w, https:\/\/unser-quartier.de\/zeitvorsorge\/files\/2017\/04\/028-1024x768.jpg 1024w, https:\/\/unser-quartier.de\/zeitvorsorge\/files\/2017\/04\/028.jpg 1200w\" sizes=\"auto, (max-width: 300px) 100vw, 300px\" \/><strong>Vereinsgr\u00fcndung<\/strong>&nbsp;am 29.&nbsp;M\u00e4rz 2014 im B\u00fcrgerzentrum &#8222;Alte Feuerwache&#8220; mit 8 Gr\u00fcndungsmitgliedern.&nbsp;Die Gr\u00fcndungsmitglieder der Zeitvorsorge<\/li>\n<li><strong>Gemeinn\u00fctzigkeitsbescheinigung<\/strong> vom Finanzamt 01. Okt 2014 (St-Nr 217\/5965\/1036 VST<\/li>\n<li><strong>Eintragung ins K\u00f6lner Vereinsregister<\/strong> als gemeinn\u00fctziger Verein 13. Okt 2014 (VR 18275)<\/li>\n<li><strong>Offenes Vereinstreffen<\/strong>: Seit Vereinsgr\u00fcndung treffen sich die Vereinsmitglieder zwanglos jeden Monat am letzten Dienstag in einem Caf\u00e9.<\/li>\n<li>\n<figure id=\"attachment_1636\" aria-describedby=\"caption-attachment-1636\" style=\"width: 129px\" class=\"wp-caption alignleft\"><img loading=\"lazy\" decoding=\"async\" width=\"139\" height=\"64\" class=\"wp-image-1636\" alt=\"Obelio-Logo\" src=\"https:\/\/unser-quartier.de\/zeitvorsorge\/files\/2017\/04\/obelio.png\"><figcaption id=\"caption-attachment-1636\" class=\"wp-caption-text\">Logo der Zeitbank Obelio<\/figcaption><\/figure><br \/>\nEntscheidung f\u00fcr <strong>Obelio als Zeitbank<\/strong> f\u00fcr die Zeitvorsorge im Winter 2014\/15.<\/li>\n<li>Einweisung der Mitglieder in die Benutzung der Obelio-Zeitbank f\u00fcr die Zeitvorsorge Feb 2015<\/li>\n<li>BATT-aktiv in Freiburg im Mai 2015 (mit Vortrag und Gespr\u00e4ch mit Gernot Jochum-M\u00fcller zu einer Machbarkeitsstudie f\u00fcr die Stadt K\u00f6ln)<\/li>\n<li>Treffen mit dem Gr\u00fcnder Reinhold Harringer der <a href=\"http:\/\/www.zeitvorsorge.ch\/\" data-wpel-link=\"external\" target=\"_self\" rel=\"nofollow external noopener noreferrer\" title=\"Externer Link: &lt;strong&gt;Stiftung Zeitvorsorge St.Gallen in ST.Gallen&lt;\/strong&gt;\" class=\"ext-link wpel-icon-right\"><strong>Stiftung Zeitvorsorge St.Gallen in ST.Gallen<\/strong><span class=\"wpel-icon wpel-image wpel-icon-6\"><\/span><\/a>, der uns in unserer Vorgehensweise best\u00e4tigte und einige wertvolle Informationen gab. Mit dieser Zeitvorsorge, die f\u00fcr uns Vorbildcharakter hat,&nbsp;haben wir eine informelle Kooperation.<\/li>\n<li>Teilnahme am<strong> Workshop \u201eLebendige Nachbarschaften\u201c<\/strong> des KDA im September 2015 in Hamminkeln. Daraus die Erkenntnis gewonnen, dass es einfach f\u00fcr die Zeitvorsorge ist, an bestehende lebendige Nachbarschaften \u201eanzudocken\u201c, weil sich dort automatisch eine Kultur der Nachbarschaftshilfe ergibt.<\/li>\n<li>\n<figure id=\"attachment_1920\" aria-describedby=\"caption-attachment-1920\" style=\"width: 140px\" class=\"wp-caption alignleft\"><img loading=\"lazy\" decoding=\"async\" width=\"150\" height=\"200\" class=\"wp-image-1920 size-thumbnail\" alt=\"Gute Gesch\u00e4fte\" src=\"https:\/\/unser-quartier.de\/zeitvorsorge\/files\/2017\/04\/Kost\u00fcm_Marktplatz-Gute-Gesch\u00e4fte-150x200.jpg\" srcset=\"https:\/\/unser-quartier.de\/zeitvorsorge\/files\/2017\/04\/Kost\u00fcm_Marktplatz-Gute-Gesch\u00e4fte-150x200.jpg 150w, https:\/\/unser-quartier.de\/zeitvorsorge\/files\/2017\/04\/Kost\u00fcm_Marktplatz-Gute-Gesch\u00e4fte-300x399.jpg 300w, https:\/\/unser-quartier.de\/zeitvorsorge\/files\/2017\/04\/Kost\u00fcm_Marktplatz-Gute-Gesch\u00e4fte-768x1022.jpg 768w, https:\/\/unser-quartier.de\/zeitvorsorge\/files\/2017\/04\/Kost\u00fcm_Marktplatz-Gute-Gesch\u00e4fte-770x1024.jpg 770w, https:\/\/unser-quartier.de\/zeitvorsorge\/files\/2017\/04\/Kost\u00fcm_Marktplatz-Gute-Gesch\u00e4fte.jpg 1090w\" sizes=\"auto, (max-width: 150px) 100vw, 150px\" \/><figcaption id=\"caption-attachment-1920\" class=\"wp-caption-text\">Outfit f\u00fcr &#8222;Gute Gesch\u00e4fte&#8220;<\/figcaption><\/figure><br \/>\nAm 25.Nov 2015 am <strong>Marktplatz \u201eGute Gesch\u00e4fte\u201c<\/strong> teilgenommen, um pro bono kompetente Unterst\u00fctzung f\u00fcr unsere \u00d6ffentlichkeitsarbeit zu bekommen. Leider ohne gro\u00dfen Erfolg.<\/li>\n<\/ul>\n<p>&nbsp;<\/p>\n<ul>\n<li>Nach solchen <strong>lebendigen Nachbarschaften in K\u00f6ln&nbsp;<\/strong> Ausschau gehalten. Dar\u00fcber auf die Internetplattformen <strong>nebenan.de<\/strong> und WirNachbarn.com gesto\u00dfen. Im April 2016 in Heimersdorf bei nebenan.de eine Nachbarschaft <strong>\u201eHeimersdorfer Kl\u00fcngel\u201c<\/strong> gegr\u00fcndet. Im M\u00e4rz 2017 sind es dort 125 registrierte Teilnehmer. Noch gehen die Aktivit\u00e4ten nicht sehr in Richtung Nachbarschaftshilfe, aber sobald die s erkennbar wird, werde ich dort die Zeitvorsorge anbieten.<\/li>\n<li>\n<figure id=\"attachment_1780\" aria-describedby=\"caption-attachment-1780\" style=\"width: 140px\" class=\"wp-caption alignright\"><img loading=\"lazy\" decoding=\"async\" width=\"150\" height=\"150\" class=\"wp-image-1780 size-thumbnail\" id=\"longdesc-return-1780\" alt=\"Vortrag halten\" src=\"https:\/\/unser-quartier.de\/zeitvorsorge\/files\/2017\/04\/Vortrag_1492707446-150x150.png\" longdesc=\"https:\/\/unser-quartier.de\/zeitvorsorge?longdesc=1780&amp;referrer=1608\" srcset=\"https:\/\/unser-quartier.de\/zeitvorsorge\/files\/2017\/04\/Vortrag_1492707446-150x150.png 150w, https:\/\/unser-quartier.de\/zeitvorsorge\/files\/2017\/04\/Vortrag_1492707446-300x300.png 300w, https:\/\/unser-quartier.de\/zeitvorsorge\/files\/2017\/04\/Vortrag_1492707446.png 640w\" sizes=\"auto, (max-width: 150px) 100vw, 150px\" \/><figcaption id=\"caption-attachment-1780\" class=\"wp-caption-text\"><a href=\"https:\/\/pixabay.com\/users\/PanJoyCZ\/\" data-wpel-link=\"external\" target=\"_self\" rel=\"nofollow external noopener noreferrer\" title=\"Externer Link: PanJoyCZ\" class=\"ext-link wpel-icon-right\">PanJoyCZ<span class=\"wpel-icon wpel-image wpel-icon-6\"><\/span><\/a> \/ Pixabay<\/figcaption><\/figure><br \/>\n<strong>Vortr\u00e4ge<\/strong> in einigen K\u00f6lner Seniorennetzwerken und Infostand &nbsp; <a href=\"https:\/\/pixabay.com\/users\/PanJoyCZ\/\" data-wpel-link=\"external\" target=\"_self\" rel=\"nofollow external noopener noreferrer\" title=\"Externer Link: PanJoyCZ\" class=\"ext-link wpel-icon-right\">PanJoyCZ<span class=\"wpel-icon wpel-image wpel-icon-6\"><\/span><\/a> \/ Pixabay auf diversen K\u00f6lner Events<\/li>\n<li>Etwa 10 <strong>Beitr\u00e4ge \u00fcber die Zeitvorsorge in den Medien<\/strong>, u. a. im Fachblatt SOZIALwirtschaft-aktuell&nbsp; in Ausgabe vom 13.07.2015 und am 14.09.2016 in der S\u00fcddeutschen Zeitung (siehe auch Medienspiegel).<\/li>\n<li>Am 16. Nov 2016 am Social Impact Camp in K\u00f6ln zu <strong>Social Reporting<\/strong> teilgenom-men. Dort wurde klar, dass wir f\u00fcr die Bewerbung um F\u00f6rdermittel einen guten T\u00e4tigkeitsbericht brauchen.<\/li>\n<li>Am 20.Nov 2016 wieder am <strong>Marktplatz \u201eGute Gesch\u00e4fte\u201c<\/strong> teilgenommen, um pro bono kompetente Unterst\u00fctzung f\u00fcr unsere \u00d6ffentlichkeitsarbeit zu bekommen. Leider auch diesmal wieder ohne gro\u00dfen Erfolg.<\/li>\n<li>Den Entwurf f\u00fcr unseren <strong>T\u00e4tigkeitsbericht<\/strong> f\u00fcr den Zeitraum bis Ende 2016 am 10. Dezember 2016 fertig gestellt, aber noch nicht ver\u00f6ffentlicht.<\/li>\n<li>Es wird durch Studien zu freiwilligen T\u00e4tigkeiten deutlich, dass f\u00fcr uns eine <strong>wichtige Zielgruppe die 25% der B\u00fcrger\/innen<\/strong> sind, die ehrenamtliche Arbeit zwar f\u00fcr sinnvoll halten, dies aber noch nicht tun, weil man sie nicht pers\u00f6nlich anspricht und die \u00fcbliche Anerkennungskultur mit einem herzlichen Dankesch\u00f6n nicht ausreicht und sie sich dann ausgenutzt f\u00fchlen. Sie wollen etwas Konkretes f\u00fcr sich zur\u00fcckbekommen, was bei uns die Zeitguthaben f\u00fcr die sp\u00e4tere eigene Verwendung durchaus sind.<\/li>\n<li>Von den 25% der potentiellen Ehrenamtlichen werden aber (nach Studienlage) nur etwa 10 % im sozialen Bereich t\u00e4tig sein wollen, also 2,5%. Diese m\u00fcssen wir mit der \u00d6ffentlichkeitsarbeit erreichen, d. h. praktisch alle, was eine enorme Herausforderung darstellt.<\/li>\n<li>Studium des <strong>Handbuchs Fundraising<\/strong> der Fundraising-Akademie im Sept 2016, weil wir dringend mehr Mittel f\u00fcr \u00d6ffentlichkeitsarbeit brauchen, um deutlich mehr Mitglieder zu bekommen (nur 22 MG im M\u00e4rz 2017).<\/li>\n<li>Teilnahme am Treffen des <strong>Netzwerks Lebendige Nachbarschaften<\/strong> des KDA, \u00fcber das ich die Erkenntnis gewann, dass wir mit dem gesamten K\u00f6lner Stadtgebiet viel zu gro\u00df angesetzt haben, denn die Mitglieder sind zu weit \u00fcber K\u00f6ln verstreut und erleben sich nicht als soziale Gruppe. Deshalb wurde beschlossen in K\u00f6ln-Porz eine Untergruppe zu gr\u00fcnden, weil wir da schon drei Mitglieder und einige Interessen-ten haben.<\/li>\n<li>\n<figure id=\"attachment_1925\" aria-describedby=\"caption-attachment-1925\" style=\"width: 90px\" class=\"wp-caption alignleft\"><img loading=\"lazy\" decoding=\"async\" width=\"100\" height=\"250\" class=\"wp-image-1925\" alt=\"Roll-Up Display\" src=\"https:\/\/unser-quartier.de\/zeitvorsorge\/files\/2017\/04\/Roll-Up-Display_Design-06_klein.jpg\" srcset=\"https:\/\/unser-quartier.de\/zeitvorsorge\/files\/2017\/04\/Roll-Up-Display_Design-06_klein.jpg 480w, https:\/\/unser-quartier.de\/zeitvorsorge\/files\/2017\/04\/Roll-Up-Display_Design-06_klein-150x375.jpg 150w, https:\/\/unser-quartier.de\/zeitvorsorge\/files\/2017\/04\/Roll-Up-Display_Design-06_klein-300x750.jpg 300w, https:\/\/unser-quartier.de\/zeitvorsorge\/files\/2017\/04\/Roll-Up-Display_Design-06_klein-410x1024.jpg 410w\" sizes=\"auto, (max-width: 100px) 100vw, 100px\" \/><figcaption id=\"caption-attachment-1925\" class=\"wp-caption-text\">Zeitvorsorge Roll-Up Display<\/figcaption><\/figure><br \/>\nZur Professionalisierung unsrer Informationsveranstaltungen wurde ein <strong>Roll-Up und ein Banner Display<\/strong> entwickelt und stehen seit Mitte M\u00e4rz 2017 zur Verf\u00fcgung. Beides wird unseren Informationsstand und unsere Vortr\u00e4ge wirkungsvoll erg\u00e4nzen.<\/li>\n<\/ul>\n<p>&nbsp;<\/p>\n<ul>\n<li><strong>Vortrag im Porzer Rathaus<\/strong> vor allen B\u00fcrger\/innen am 21.03.2017. Daraus ergaben sich einige weitere ernsthafte Beitrittskandidaten\/innen und die M\u00f6glichkeit einen Vortrag vor der Nachbarschaft Porz bei nebenan.de und vor \u201eHelfende H\u00e4nde Porz\u201c zu halten.<\/li>\n<li>Das Vereinstreffen findet deshalb bis auf weiteres in Porz statt; weiter am letzten Dienstag des Monats.<\/li>\n<li>Weil wir niemand gefunden haben, der uns pro bono eine Website f\u00fcr die Zeitvorsorge entwickelt, mache ich zusammen mit einem anderen engagierten Mitglied vom 27\/28 M\u00e4rz 2017 bis zum 9. Mai 2017 den Workshop des KDA zur Entwicklung einer modernen Internet Quartiersplattform auf der Basis von WordPress mit. Der Vorteil ist, dass die Teilnehmer auch sp\u00e4ter als Netzwerk zur Verf\u00fcgung stehen, um f\u00fcr speziell Fragen und bei Problemen Hilfe zu bekommen.<\/li>\n<li>Der Plan ist, nach erfolgreicher Gr\u00fcndung der Untergruppe Porz auch in anderen Stadbezirken (K\u00f6ln hat 9 mit insgesamt 86 Stadtteilen) solche Untergruppen zu gr\u00fcnden, die sich als soziale Gruppen entwickeln. Danach kann es im K\u00f6lner Umfeld weitere Gr\u00fcndungen von Zeitvorsorge-Untergruppen geben. Eine M\u00f6glichkeit bahnt sich bereits in Pulheim an.<\/li>\n<\/ul>\n","protected":false},"excerpt":{"rendered":"<p>Vor der Vereinsgr\u00fcndung Im September 2011 erschien ein Interview im Magazin Stern, in dem der ehemalige Ministerpr\u00e4sident von Baden-W\u00fcrttemberg und der ehemalige Europachef von McKinsey Unternehmensberatungen sie M\u00f6glichkeit einer neuen S\u00e4ule in der Alterssicherung mit Zeit vorschlagen, die sie in ihrem Buch &#8222;Der Generationen-Pakt &#8211; Warum die Alten nicht das Problem, sondern die L\u00f6sung sind&#8220;&hellip; <a class=\"continue\" href=\"https:\/\/unser-quartier.de\/zeitvorsorge\/vereinsgeschichte\/\" data-wpel-link=\"internal\"> \u00bb weiterlesen: <span> Vereinsgeschichte<\/span><\/a><\/p>\n","protected":false},"author":548,"featured_media":0,"parent":0,"menu_order":4,"comment_status":"closed","ping_status":"closed","template":"","meta":{"generate_page_header":"","footnotes":""},"class_list":["post-1608","page","type-page","status-publish"],"_links":{"self":[{"href":"https:\/\/unser-quartier.de\/zeitvorsorge\/wp-json\/wp\/v2\/pages\/1608","targetHints":{"allow":["GET"]}}],"collection":[{"href":"https:\/\/unser-quartier.de\/zeitvorsorge\/wp-json\/wp\/v2\/pages"}],"about":[{"href":"https:\/\/unser-quartier.de\/zeitvorsorge\/wp-json\/wp\/v2\/types\/page"}],"author":[{"embeddable":true,"href":"https:\/\/unser-quartier.de\/zeitvorsorge\/wp-json\/wp\/v2\/users\/548"}],"replies":[{"embeddable":true,"href":"https:\/\/unser-quartier.de\/zeitvorsorge\/wp-json\/wp\/v2\/comments?post=1608"}],"version-history":[{"count":0,"href":"https:\/\/unser-quartier.de\/zeitvorsorge\/wp-json\/wp\/v2\/pages\/1608\/revisions"}],"wp:attachment":[{"href":"https:\/\/unser-quartier.de\/zeitvorsorge\/wp-json\/wp\/v2\/media?parent=1608"}],"curies":[{"name":"wp","href":"https:\/\/api.w.org\/{rel}","templated":true}]}}