{"id":18,"date":"2014-01-22T08:48:18","date_gmt":"2014-01-22T07:48:18","guid":{"rendered":"http:\/\/unser-quartier.de\/tmp-musterblog3\/?page_id=18"},"modified":"2017-08-24T17:45:31","modified_gmt":"2017-08-24T15:45:31","slug":"ueber-uns","status":"publish","type":"page","link":"https:\/\/unser-quartier.de\/zeitvorsorge\/ueber-uns\/","title":{"rendered":"\u00dcber uns"},"content":{"rendered":"<h2>Hier bekommt ihr zahlreiche Informationen \u00fcber den Verein, seine Entstehung und die Au\u00dfenansicht:<\/h2>\n<p>Wie die Zeitvorsorge funktioniert, wird aus einigen Beitr\u00e4gen deutlich zur Kategorie &#8218;Nachbarschaftshilfe&#8216;, insbesondere aus folgendem: <a href=\"https:\/\/unser-quartier.de\/zeitvorsorge\/2017\/03\/so-funktioniert-die-zeitvorsorge\/\" data-wpel-link=\"internal\"><strong>So funktioniert die Zeitvorosrge?<\/strong><\/a><\/p>\n<h2><a href=\"https:\/\/unser-quartier.de\/zeitvorsorge\/vereinsgeschichte\/\" data-wpel-link=\"internal\">Vereinsgeschichte<\/a><\/h2>\n<p>Die Meilensteine, die zur Vereinsbildung gef\u00fchrt haben und die Meilensteine seit Bestehen der Zeitvorsorge werden hier kurz beschrieben.<\/p>\n<h2><a href=\"https:\/\/unser-quartier.de\/zeitvorsorge\/ueber-uns\/satzung-und-geschaeftsordnung\/\" data-wpel-link=\"internal\">Satzung &amp; Gesch\u00e4ftsordnung<\/a><\/h2>\n<p>Die wesentliche juristische Grundlage eines eingetragenen Vereins ist seine <strong>Satzung<\/strong>, in der der ganz wesentlich der Vereinszweck f\u00fcr alle Mitglieder verbindlich festgelegt ist. Hinzu kommen eine Reihe von Regelungen, die nach dem Vereinsgesetz notwendig sind, z.B. Rechte und Pflichten der Parteiorgane und der Mitglieder oder die Aufl\u00f6sung der Mitgliedschaft.<\/p>\n<p>Weil \u00c4nderungen in der Satzung zwar durch Mehrheitsbeschluss einer Mitgliederversammlung m\u00f6glich, aber mit viel Aufwand (Notar, Amtsgericht) verbunden sind, werden die Regeln, die sich im Laufe der Zeit schon mal \u00e4ndern k\u00f6nnen (Mitgliedsbeitrag, B\u00fcro\u00f6ffnungszeiten, etc), in der <strong>Gesch\u00e4ftsordnung<\/strong> festgelegt, die&nbsp;sich nur durch einfachen Mehrheitsbeschluss einer Mitgliederversammlung&nbsp; \u00e4ndern l\u00e4sst.<\/p>\n<h2><a href=\"https:\/\/unser-quartier.de\/zeitvorsorge\/presseapiegel\/\" data-wpel-link=\"internal\">Medienspiegel<\/a><\/h2>\n<p>Zugang zu den wesentlichen Beitr\u00e4gen in den Medien (online- und Printpresse,&nbsp;Funk und Fernsehen, B\u00fcchern,&nbsp;etc) \u00fcber die Zeitvorsorge.<\/p>\n<h2><a href=\"https:\/\/unser-quartier.de\/zeitvorsorge\/ueber-uns\/vorstand\/\" data-wpel-link=\"internal\">Unser Vorstand<\/a><\/h2>\n<p>Der Vorstandsvorsitzende, sein Stellvertreter und der Kassenwart stellen sich vor. Auch der gew\u00e4hlte Kassenpr\u00fcfer, der nicht zum Vorstand geh\u00f6rt, wird hier vorgestellt. Alle Beir\u00e4te, die f\u00fcr verschiedene Wirkungsfelder zust\u00e4ndig sind, werden ebenfalls hier vorgestellt.<\/p>\n<h2 id=\"h7sj685n8fv1gq8eume29x119dfuqa\"><a href=\"https:\/\/unser-quartier.de\/zeitvorsorge\/ueber-uns\/mitgliedschaft\/\" data-wpel-link=\"internal\">Mitgliedschaft<\/a><\/h2>\n<p>Hier wird auf die Rechte und Pflichten der Mitglieder verwiesen, denn die Zeitvorosrge K\u00f6ln e.V. ist ein seri\u00f6ser eingetragener und gemeinn\u00fctziger Verein.<\/p>\n<h2 id=\"h8sj683383xggffpc1cgk8uxd9rvnb\"><a href=\"https:\/\/unser-quartier.de\/zeitvorsorge\/ueber-uns\/verwaltungsgebuehr\/\" data-wpel-link=\"internal\">Verwaltungsgeb\u00fchr<\/a><\/h2>\n<p>Neben der Mitgliedsgeb\u00fchr in Euro wird auch noch eine Verwaltungsgeb\u00fchr in Zeiteinheiten entrichtet, mit denen Leistungen honoriert werden, die von den Mitgliedern f\u00fcr den Verein erbracht worden sind.<\/p>\n","protected":false},"excerpt":{"rendered":"<p>Hier bekommt ihr zahlreiche Informationen \u00fcber den Verein, seine Entstehung und die Au\u00dfenansicht: Wie die Zeitvorsorge funktioniert, wird aus einigen Beitr\u00e4gen deutlich zur Kategorie &#8218;Nachbarschaftshilfe&#8216;, insbesondere aus folgendem: So funktioniert die Zeitvorosrge? Vereinsgeschichte Die Meilensteine, die zur Vereinsbildung gef\u00fchrt haben und die Meilensteine seit Bestehen der Zeitvorsorge werden hier kurz beschrieben. Satzung &amp; Gesch\u00e4ftsordnung Die&hellip; <a class=\"continue\" href=\"https:\/\/unser-quartier.de\/zeitvorsorge\/ueber-uns\/\" data-wpel-link=\"internal\"> \u00bb weiterlesen: <span> \u00dcber uns<\/span><\/a><\/p>\n","protected":false},"author":520,"featured_media":0,"parent":0,"menu_order":99,"comment_status":"closed","ping_status":"closed","template":"","meta":{"generate_page_header":"","footnotes":""},"class_list":["post-18","page","type-page","status-publish"],"_links":{"self":[{"href":"https:\/\/unser-quartier.de\/zeitvorsorge\/wp-json\/wp\/v2\/pages\/18","targetHints":{"allow":["GET"]}}],"collection":[{"href":"https:\/\/unser-quartier.de\/zeitvorsorge\/wp-json\/wp\/v2\/pages"}],"about":[{"href":"https:\/\/unser-quartier.de\/zeitvorsorge\/wp-json\/wp\/v2\/types\/page"}],"author":[{"embeddable":true,"href":"https:\/\/unser-quartier.de\/zeitvorsorge\/wp-json\/wp\/v2\/users\/520"}],"replies":[{"embeddable":true,"href":"https:\/\/unser-quartier.de\/zeitvorsorge\/wp-json\/wp\/v2\/comments?post=18"}],"version-history":[{"count":0,"href":"https:\/\/unser-quartier.de\/zeitvorsorge\/wp-json\/wp\/v2\/pages\/18\/revisions"}],"wp:attachment":[{"href":"https:\/\/unser-quartier.de\/zeitvorsorge\/wp-json\/wp\/v2\/media?parent=18"}],"curies":[{"name":"wp","href":"https:\/\/api.w.org\/{rel}","templated":true}]}}