{"id":2168,"date":"2017-08-09T19:09:52","date_gmt":"2017-08-09T17:09:52","guid":{"rendered":"https:\/\/unser-quartier.de\/zeitvorsorge\/?page_id=2168"},"modified":"2017-08-09T19:09:52","modified_gmt":"2017-08-09T17:09:52","slug":"vorstand","status":"publish","type":"page","link":"https:\/\/unser-quartier.de\/zeitvorsorge\/ueber-uns\/vorstand\/","title":{"rendered":"Vorstand"},"content":{"rendered":"<p><img loading=\"lazy\" decoding=\"async\" class=\"alignleft wp-image-1504 size-thumbnail\" src=\"https:\/\/unser-quartier.de\/zeitvorsorge\/files\/2014\/01\/Kock-KarlHeinz-2014_gespiegelt-f\u00fcr-fb-150x168.jpg\" alt=\"Karl-Heinz Kock Portrait\" width=\"150\" height=\"168\" srcset=\"https:\/\/unser-quartier.de\/zeitvorsorge\/files\/2014\/01\/Kock-KarlHeinz-2014_gespiegelt-f\u00fcr-fb-150x168.jpg 150w, https:\/\/unser-quartier.de\/zeitvorsorge\/files\/2014\/01\/Kock-KarlHeinz-2014_gespiegelt-f\u00fcr-fb-300x337.jpg 300w, https:\/\/unser-quartier.de\/zeitvorsorge\/files\/2014\/01\/Kock-KarlHeinz-2014_gespiegelt-f\u00fcr-fb.jpg 394w\" sizes=\"auto, (max-width: 150px) 100vw, 150px\" \/>Karl-Heinz Kock ist der <strong>Vorstandsvorsitzende<\/strong>. Er hat 2012 die Initiative &#8222;VorsorgeZeitBank K\u00f6ln&#8220; ins Leben gerufen und 2014 zusammen mit sieben weiteren K\u00f6lnerinnen und K\u00f6lnern den Verein &#8222;Zeitvorsorge K\u00f6ln e.V.&#8220; gegr\u00fcndet. Auf der ordentlichen Mitgliederversammlung am 03. Mai 2016 wurde er wiedergew\u00e4hlt.<\/p>\n<p>Karl-Heinz Kock hat \u00fcber den Zweiten Bildungsweg in Bonn Physik studiert. Nach dem Studium hat er drei Jahre an der Universit\u00e4t Dortmund als wissenschaftlicher Mitarbeiter geforscht und den Lehrstuhl f\u00fcr Werkstofftechnologie mit aufgebaut. Ab 1979 hat er in der Produktentwicklung der Automobilindustrie als Systemingenieur gearbeitet und 1990 die Leitung einer Entwicklungsgruppe \u00fcbernommen.<\/p>\n<p>Seit 2016 ist Herr Kock im Ruhestand und hat seitdem f\u00fcr verschiedene Organisationen ehrenamtlich gearbeitet, seit der Vereinsgr\u00fcndung jedoch haupts\u00e4chlich als Vorstand dieses Vereins.<\/p>\n<p>Er ist mit Wiltrud Kock verheiratet und hat einen Sohn.<\/p>\n<hr>\n<figure id=\"attachment_2171\" aria-describedby=\"caption-attachment-2171\" style=\"width: 140px\" class=\"wp-caption alignleft\"><img loading=\"lazy\" decoding=\"async\" class=\"wp-image-2171 size-thumbnail\" src=\"https:\/\/unser-quartier.de\/zeitvorsorge\/files\/2017\/08\/Kloss-Ingrid_2015-150x180.jpg\" alt=\"Die stellvertretende Vereinsvorsitzende\" width=\"150\" height=\"180\" srcset=\"https:\/\/unser-quartier.de\/zeitvorsorge\/files\/2017\/08\/Kloss-Ingrid_2015-150x180.jpg 150w, https:\/\/unser-quartier.de\/zeitvorsorge\/files\/2017\/08\/Kloss-Ingrid_2015.jpg 295w\" sizes=\"auto, (max-width: 150px) 100vw, 150px\" \/><figcaption id=\"caption-attachment-2171\" class=\"wp-caption-text\">Ingrid Kloss<\/figcaption><\/figure>\n<p>Ingrid Kloss ist die<strong> stellvertretende Vorsitzende<\/strong>. Sie ist au\u00dferdem auch Mitglied im Porzer B\u00fcrgerverein, im Seniorennetzwerk Porz und in der Nachbarschaft Porz bei nebenan.de auch.<\/p>\n<p>Sie ist verheiratet und hat zwei Kinder.<\/p>\n<p>&nbsp;<\/p>\n<p>&nbsp;<\/p>\n<hr>\n<figure id=\"attachment_2172\" aria-describedby=\"caption-attachment-2172\" style=\"width: 140px\" class=\"wp-caption alignleft\"><img loading=\"lazy\" decoding=\"async\" class=\"wp-image-2172 size-thumbnail\" src=\"https:\/\/unser-quartier.de\/zeitvorsorge\/files\/2017\/08\/Portr_Schickling-Kock-Wiltrud_1997-150x174.jpg\" alt=\"Die Schatzmeisterin des Vereins\" width=\"150\" height=\"174\" srcset=\"https:\/\/unser-quartier.de\/zeitvorsorge\/files\/2017\/08\/Portr_Schickling-Kock-Wiltrud_1997-150x174.jpg 150w, https:\/\/unser-quartier.de\/zeitvorsorge\/files\/2017\/08\/Portr_Schickling-Kock-Wiltrud_1997-300x348.jpg 300w, https:\/\/unser-quartier.de\/zeitvorsorge\/files\/2017\/08\/Portr_Schickling-Kock-Wiltrud_1997.jpg 510w\" sizes=\"auto, (max-width: 150px) 100vw, 150px\" \/><figcaption id=\"caption-attachment-2172\" class=\"wp-caption-text\">Wiltrud Kock<\/figcaption><\/figure>\n<p>Wiltrud Kock ist die <strong>Schatzmeisterin<\/strong> und als solche verantwortlich f\u00fcr die ordentliche Verbuchung aller Einnahmen und Ausgaben des Vereins.<\/p>\n<p>Bis zu ihrer Verrentung 2003 hat sie als staatl. gepr\u00fcfte Di\u00e4tassistentin an verschiedenen Krankenh\u00e4usern in Bonn, K\u00f6ln und Dormagen gearbeitet.<\/p>\n<p>Sie ist mit Karl-Heinz Kock verheiratet und hat einen Sohn.<\/p>\n<p>&nbsp;<\/p>\n<hr>\n<figure id=\"attachment_2176\" aria-describedby=\"caption-attachment-2176\" style=\"width: 140px\" class=\"wp-caption alignleft\"><img loading=\"lazy\" decoding=\"async\" class=\"wp-image-2176 size-thumbnail\" src=\"https:\/\/unser-quartier.de\/zeitvorsorge\/files\/2017\/08\/Kluwig-Dirk_BUND-150x178.jpg\" alt=\"Kassenpr\u00fcfer Dirk Kluwig\" width=\"150\" height=\"178\" srcset=\"https:\/\/unser-quartier.de\/zeitvorsorge\/files\/2017\/08\/Kluwig-Dirk_BUND-150x178.jpg 150w, https:\/\/unser-quartier.de\/zeitvorsorge\/files\/2017\/08\/Kluwig-Dirk_BUND.jpg 299w\" sizes=\"auto, (max-width: 150px) 100vw, 150px\" \/><figcaption id=\"caption-attachment-2176\" class=\"wp-caption-text\">&nbsp;Dirk Kluwig<\/figcaption><\/figure>\n<p>Dirk Kluwig ist zum <strong>Kassenpr\u00fcfer<\/strong> gew\u00e4hlt worden. Er ist zwar kein Mitglied des Vorstandes, aber \u00fcbt die gestzlich vorgeschriebene Funktion in einem eingetragenen Verein aus.<\/p>\n<p>Er ist Verwaltungsangestellter und ledig.<\/p>\n<p>&nbsp;<\/p>\n<p>&nbsp;<\/p>\n<hr>\n<p>Geplant sind Beisitzer f\u00fcr folgende Bereiche:<\/p>\n<ul>\n<li>\u00d6ffentlichkeitsarbeit<\/li>\n<li>Zeitbank<\/li>\n<li>Fundraising<\/li>\n<\/ul>\n<p>Leider sind hierf\u00fcr noch keine Experten*innen gefunden worden, die dies Amt pro bono aus\u00fcben wollen. Sollten wir Mitglieder mit geeigneten F\u00e4higkeiten bekommen, dann ergibt sich nat\u00fcrlich f\u00fcr diese eine interessante Entwicklungsm\u00f6glichkeit.<\/p>\n","protected":false},"excerpt":{"rendered":"<p>Karl-Heinz Kock ist der Vorstandsvorsitzende. Er hat 2012 die Initiative &#8222;VorsorgeZeitBank K\u00f6ln&#8220; ins Leben gerufen und 2014 zusammen mit sieben weiteren K\u00f6lnerinnen und K\u00f6lnern den Verein &#8222;Zeitvorsorge K\u00f6ln e.V.&#8220; gegr\u00fcndet. Auf der ordentlichen Mitgliederversammlung am 03. Mai 2016 wurde er wiedergew\u00e4hlt. Karl-Heinz Kock hat \u00fcber den Zweiten Bildungsweg in Bonn Physik studiert. Nach dem Studium&hellip; <a class=\"continue\" href=\"https:\/\/unser-quartier.de\/zeitvorsorge\/ueber-uns\/vorstand\/\" data-wpel-link=\"internal\"> \u00bb weiterlesen: <span> Vorstand<\/span><\/a><\/p>\n","protected":false},"author":548,"featured_media":0,"parent":18,"menu_order":3,"comment_status":"closed","ping_status":"closed","template":"","meta":{"generate_page_header":"","footnotes":""},"class_list":["post-2168","page","type-page","status-publish"],"_links":{"self":[{"href":"https:\/\/unser-quartier.de\/zeitvorsorge\/wp-json\/wp\/v2\/pages\/2168","targetHints":{"allow":["GET"]}}],"collection":[{"href":"https:\/\/unser-quartier.de\/zeitvorsorge\/wp-json\/wp\/v2\/pages"}],"about":[{"href":"https:\/\/unser-quartier.de\/zeitvorsorge\/wp-json\/wp\/v2\/types\/page"}],"author":[{"embeddable":true,"href":"https:\/\/unser-quartier.de\/zeitvorsorge\/wp-json\/wp\/v2\/users\/548"}],"replies":[{"embeddable":true,"href":"https:\/\/unser-quartier.de\/zeitvorsorge\/wp-json\/wp\/v2\/comments?post=2168"}],"version-history":[{"count":0,"href":"https:\/\/unser-quartier.de\/zeitvorsorge\/wp-json\/wp\/v2\/pages\/2168\/revisions"}],"up":[{"embeddable":true,"href":"https:\/\/unser-quartier.de\/zeitvorsorge\/wp-json\/wp\/v2\/pages\/18"}],"wp:attachment":[{"href":"https:\/\/unser-quartier.de\/zeitvorsorge\/wp-json\/wp\/v2\/media?parent=2168"}],"curies":[{"name":"wp","href":"https:\/\/api.w.org\/{rel}","templated":true}]}}