{"id":2199,"date":"2017-08-11T18:16:17","date_gmt":"2017-08-11T16:16:17","guid":{"rendered":"https:\/\/unser-quartier.de\/zeitvorsorge\/?page_id=2199"},"modified":"2017-08-11T18:16:17","modified_gmt":"2017-08-11T16:16:17","slug":"verwaltungsgebuehr","status":"publish","type":"page","link":"https:\/\/unser-quartier.de\/zeitvorsorge\/ueber-uns\/verwaltungsgebuehr\/","title":{"rendered":"Verwaltungsgeb\u00fchr"},"content":{"rendered":"<p>Neben der <strong>Mitgliedsgeb\u00fchr in Euro<\/strong>, die in der Gesch\u00e4ftsordnung festgelegt ist, und von denen alle Kosten, die in Euro betahlt werden m\u00fcssen entrichtet werden (Telefon, Porto, Softwarelizenz etc), entrichtet jedes Mitglied auch noch eine <strong>Verwaltungsgeb\u00fchr in Zeitpunkten (ZP)<\/strong>, und zwar 4 ZP pro Monat (= 1 Stunde), die viertelj\u00e4hrlich automatisch von seinem Zeitkonto auf das Konto der Zeitvorsorge abgebucht wird.<br \/>\n Mit diesen Verwaltungsgeb\u00fchren werden alle Dienstleistungen in ZP verg\u00fctet, die f\u00fcr den Verein erbracht werden.<\/p>\n<p><img loading=\"lazy\" decoding=\"async\" id=\"longdesc-return-2204\" class=\"alignleft wp-image-2204 size-medium\" src=\"https:\/\/unser-quartier.de\/zeitvorsorge\/files\/2017\/08\/Empf\u00e4nger-Leistungsscheck-300x99.jpg\" alt=\"\" longdesc=\"https:\/\/unser-quartier.de\/zeitvorsorge?longdesc=2204&amp;referrer=2199\" width=\"300\" height=\"99\" srcset=\"https:\/\/unser-quartier.de\/zeitvorsorge\/files\/2017\/08\/Empf\u00e4nger-Leistungsscheck-300x99.jpg 300w, https:\/\/unser-quartier.de\/zeitvorsorge\/files\/2017\/08\/Empf\u00e4nger-Leistungsscheck-150x49.jpg 150w, https:\/\/unser-quartier.de\/zeitvorsorge\/files\/2017\/08\/Empf\u00e4nger-Leistungsscheck-768x252.jpg 768w, https:\/\/unser-quartier.de\/zeitvorsorge\/files\/2017\/08\/Empf\u00e4nger-Leistungsscheck-1024x336.jpg 1024w, https:\/\/unser-quartier.de\/zeitvorsorge\/files\/2017\/08\/Empf\u00e4nger-Leistungsscheck.jpg 1200w\" sizes=\"auto, (max-width: 300px) 100vw, 300px\" \/><\/p>\n<p>Z.B. m\u00fcssen erbrachte Leistungen bei den Mitgliedern, die nicht \u00fcber einen online-Zugang zur Zeitbank verf\u00fcgen, die erbrachten Leistungen vom Leistungsscheck auf Papier in sein Zeitkonto \u00fcbertragen werden, was von einem Mitglied gegen ZP geschieht.<\/p>\n<p><img loading=\"lazy\" decoding=\"async\" id=\"longdesc-return-1529\" class=\"wp-image-1529 size-medium alignright\" src=\"https:\/\/unser-quartier.de\/zeitvorsorge\/files\/2017\/04\/2014-Ehrenamtstag_Infostand_008-300x225.jpg\" alt=\"Pr\u00e4senz auf dem K\u00f6lner Freiwilligentag 2014\" longdesc=\"https:\/\/unser-quartier.de\/zeitvorsorge?longdesc=1529&amp;referrer=2199\" width=\"300\" height=\"225\" srcset=\"https:\/\/unser-quartier.de\/zeitvorsorge\/files\/2017\/04\/2014-Ehrenamtstag_Infostand_008-300x225.jpg 300w, https:\/\/unser-quartier.de\/zeitvorsorge\/files\/2017\/04\/2014-Ehrenamtstag_Infostand_008-150x113.jpg 150w, https:\/\/unser-quartier.de\/zeitvorsorge\/files\/2017\/04\/2014-Ehrenamtstag_Infostand_008-768x576.jpg 768w, https:\/\/unser-quartier.de\/zeitvorsorge\/files\/2017\/04\/2014-Ehrenamtstag_Infostand_008-1024x768.jpg 1024w, https:\/\/unser-quartier.de\/zeitvorsorge\/files\/2017\/04\/2014-Ehrenamtstag_Infostand_008-700x525.jpg 700w, https:\/\/unser-quartier.de\/zeitvorsorge\/files\/2017\/04\/2014-Ehrenamtstag_Infostand_008.jpg 1200w\" sizes=\"auto, (max-width: 300px) 100vw, 300px\" \/><\/p>\n<p>Oder wenn sich die Zeitvorsorge mit ihrem <strong>Informationsstand<\/strong> auf einem Event pr\u00e4sentiert, wird die Zeit f\u00fcr die Standbesetzung auf ihre Zeitkonten \u00fcberwiesen. \u00d6ffentliche Pr\u00e4sentation ist eine f\u00fcr die Zeitvorsorge sehr wichtige Arbeit.<\/p>\n<p>Weil niemand gefunden wurde, der f\u00fcr die Zeitvorsorge eine moderne und leicht zu pflegende <strong>Homepage<\/strong> pro bono entwickeln wollte, wurde diese Website von zwei Mitgliedern (mit Hilfe des MGEPA <img loading=\"lazy\" decoding=\"async\" class=\"alignleft wp-image-2206\" src=\"https:\/\/unser-quartier.de\/zeitvorsorge\/files\/2017\/08\/maintenance-2422172_1280-300x147.jpg\" alt=\"\" width=\"250\" height=\"122\" srcset=\"https:\/\/unser-quartier.de\/zeitvorsorge\/files\/2017\/08\/maintenance-2422172_1280-300x147.jpg 300w, https:\/\/unser-quartier.de\/zeitvorsorge\/files\/2017\/08\/maintenance-2422172_1280-150x73.jpg 150w, https:\/\/unser-quartier.de\/zeitvorsorge\/files\/2017\/08\/maintenance-2422172_1280-768x375.jpg 768w, https:\/\/unser-quartier.de\/zeitvorsorge\/files\/2017\/08\/maintenance-2422172_1280-1024x500.jpg 1024w, https:\/\/unser-quartier.de\/zeitvorsorge\/files\/2017\/08\/maintenance-2422172_1280.jpg 1200w\" sizes=\"auto, (max-width: 250px) 100vw, 250px\" \/>von NRW \u00fcber die KDA) entwickelt und die hierf\u00fcr aufgewendeten Zeiten auf deren Zeitkonten verg\u00fctet.<\/p>\n<p>Und so gibt es viele weitere Gr\u00fcnde f\u00fcr Zeiten, die f\u00fcr den Verein aufgewendet, und mit ZP aus diesen Verwaltungsgeb\u00fchren honoroert werden.<\/p>\n","protected":false},"excerpt":{"rendered":"<p>Neben der Mitgliedsgeb\u00fchr in Euro, die in der Gesch\u00e4ftsordnung festgelegt ist, und von denen alle Kosten, die in Euro betahlt werden m\u00fcssen entrichtet werden (Telefon, Porto, Softwarelizenz etc), entrichtet jedes Mitglied auch noch eine Verwaltungsgeb\u00fchr in Zeitpunkten (ZP), und zwar 4 ZP pro Monat (= 1 Stunde), die viertelj\u00e4hrlich automatisch von seinem Zeitkonto auf das&hellip; <a class=\"continue\" href=\"https:\/\/unser-quartier.de\/zeitvorsorge\/ueber-uns\/verwaltungsgebuehr\/\" data-wpel-link=\"internal\"> \u00bb weiterlesen: <span> Verwaltungsgeb\u00fchr<\/span><\/a><\/p>\n","protected":false},"author":548,"featured_media":0,"parent":18,"menu_order":4,"comment_status":"closed","ping_status":"closed","template":"","meta":{"generate_page_header":"","footnotes":""},"class_list":["post-2199","page","type-page","status-publish"],"_links":{"self":[{"href":"https:\/\/unser-quartier.de\/zeitvorsorge\/wp-json\/wp\/v2\/pages\/2199","targetHints":{"allow":["GET"]}}],"collection":[{"href":"https:\/\/unser-quartier.de\/zeitvorsorge\/wp-json\/wp\/v2\/pages"}],"about":[{"href":"https:\/\/unser-quartier.de\/zeitvorsorge\/wp-json\/wp\/v2\/types\/page"}],"author":[{"embeddable":true,"href":"https:\/\/unser-quartier.de\/zeitvorsorge\/wp-json\/wp\/v2\/users\/548"}],"replies":[{"embeddable":true,"href":"https:\/\/unser-quartier.de\/zeitvorsorge\/wp-json\/wp\/v2\/comments?post=2199"}],"version-history":[{"count":0,"href":"https:\/\/unser-quartier.de\/zeitvorsorge\/wp-json\/wp\/v2\/pages\/2199\/revisions"}],"up":[{"embeddable":true,"href":"https:\/\/unser-quartier.de\/zeitvorsorge\/wp-json\/wp\/v2\/pages\/18"}],"wp:attachment":[{"href":"https:\/\/unser-quartier.de\/zeitvorsorge\/wp-json\/wp\/v2\/media?parent=2199"}],"curies":[{"name":"wp","href":"https:\/\/api.w.org\/{rel}","templated":true}]}}