{"id":2218,"date":"2017-08-11T19:34:22","date_gmt":"2017-08-11T17:34:22","guid":{"rendered":"https:\/\/unser-quartier.de\/zeitvorsorge\/?page_id=2218"},"modified":"2017-08-11T19:34:22","modified_gmt":"2017-08-11T17:34:22","slug":"mitgliedschaft","status":"publish","type":"page","link":"https:\/\/unser-quartier.de\/zeitvorsorge\/ueber-uns\/mitgliedschaft\/","title":{"rendered":"Mitgliedschaft"},"content":{"rendered":"<p>Die Zeitvorsorge K\u00f6ln e.V. ist ein seri\u00f6ser eingetragener und gemeinn\u00fctziger&nbsp; Verein.<\/p>\n<p><img loading=\"lazy\" decoding=\"async\" class=\"alignright wp-image-2219 size-medium\" src=\"https:\/\/unser-quartier.de\/zeitvorsorge\/files\/2017\/08\/shaking-hands-1016735_1280-300x212.jpg\" alt=\"\" width=\"300\" height=\"212\" srcset=\"https:\/\/unser-quartier.de\/zeitvorsorge\/files\/2017\/08\/shaking-hands-1016735_1280-300x212.jpg 300w, https:\/\/unser-quartier.de\/zeitvorsorge\/files\/2017\/08\/shaking-hands-1016735_1280-150x106.jpg 150w, https:\/\/unser-quartier.de\/zeitvorsorge\/files\/2017\/08\/shaking-hands-1016735_1280-768x543.jpg 768w, https:\/\/unser-quartier.de\/zeitvorsorge\/files\/2017\/08\/shaking-hands-1016735_1280-1024x724.jpg 1024w, https:\/\/unser-quartier.de\/zeitvorsorge\/files\/2017\/08\/shaking-hands-1016735_1280.jpg 1200w\" sizes=\"auto, (max-width: 300px) 100vw, 300px\" \/><\/p>\n<p>Deshalb ist die Mitgliedschaft mit Rechcten und Pflichten verbunden, die zum einen in der <a href=\"https:\/\/unser-quartier.de\/zeitvorsorge\/ueber-uns\/satzung-und-geschaeftsordnung\/\" data-wpel-link=\"internal\"><strong>Satzung<\/strong> <\/a>und zum anderen in der <a href=\"https:\/\/unser-quartier.de\/zeitvorsorge\/ueber-uns\/satzung-und-geschaeftsordnung\/\" data-wpel-link=\"internal\"><strong>Gesch\u00e4ftsordnung<\/strong><\/a> festgelegt sind. Mit dem Mitgliedsantrag unterschreibt jedes Mitglied die Befolgung dieser beiden Regelwerke.<\/p>\n<p>Au\u00dferdem erteilt das neue Mitglied dem Verein ein <strong>SEPA Mandat<\/strong> f\u00fcr die Einziehung der Mitgliedsgeb\u00fchren, weil der Verein Aufwand und Kosten f\u00fcr die Einziehung dieser Geb\u00fchren minimieren muss. Daf\u00fcr sind diese Geb\u00fchren aber auch sehr niedrig, damit sie sich jeder leisten kann. Wegen der Gemeinn\u00fctzigkeit k\u00f6nen die Mitgliedsgeb\u00fchren von der Steuer abgesetzt werden.<\/p>\n<p><img loading=\"lazy\" decoding=\"async\" class=\"alignleft wp-image-2222 size-thumbnail\" src=\"https:\/\/unser-quartier.de\/zeitvorsorge\/files\/2017\/08\/emoticon-25531_1280-150x153.png\" alt=\"\" width=\"150\" height=\"153\" srcset=\"https:\/\/unser-quartier.de\/zeitvorsorge\/files\/2017\/08\/emoticon-25531_1280-150x153.png 150w, https:\/\/unser-quartier.de\/zeitvorsorge\/files\/2017\/08\/emoticon-25531_1280-300x305.png 300w, https:\/\/unser-quartier.de\/zeitvorsorge\/files\/2017\/08\/emoticon-25531_1280-768x781.png 768w, https:\/\/unser-quartier.de\/zeitvorsorge\/files\/2017\/08\/emoticon-25531_1280-1007x1024.png 1007w, https:\/\/unser-quartier.de\/zeitvorsorge\/files\/2017\/08\/emoticon-25531_1280.png 1259w\" sizes=\"auto, (max-width: 150px) 100vw, 150px\" \/>Die Mitgliedschaft kann aber jederzeit ohne Angaben von Gr\u00fcnden fristlos gek\u00fcndigt werden. Es ist also v\u00f6llig risikolos, dem Verein beizutreten und praktisch auszuprobieren, wie alles funktioniert. Die bereits gezahlten Mitgliedsgeb\u00fchren werden allerdings nicht zur\u00fcckgezahlt, auch nicht anteilig.<\/p>\n<p>(&#8230; wird noch erweitert)<\/p>\n","protected":false},"excerpt":{"rendered":"<p>Die Zeitvorsorge K\u00f6ln e.V. ist ein seri\u00f6ser eingetragener und gemeinn\u00fctziger&nbsp; Verein. Deshalb ist die Mitgliedschaft mit Rechcten und Pflichten verbunden, die zum einen in der Satzung und zum anderen in der Gesch\u00e4ftsordnung festgelegt sind. Mit dem Mitgliedsantrag unterschreibt jedes Mitglied die Befolgung dieser beiden Regelwerke. Au\u00dferdem erteilt das neue Mitglied dem Verein ein SEPA Mandat&hellip; <a class=\"continue\" href=\"https:\/\/unser-quartier.de\/zeitvorsorge\/ueber-uns\/mitgliedschaft\/\" data-wpel-link=\"internal\"> \u00bb weiterlesen: <span> Mitgliedschaft<\/span><\/a><\/p>\n","protected":false},"author":555,"featured_media":0,"parent":18,"menu_order":4,"comment_status":"closed","ping_status":"closed","template":"","meta":{"generate_page_header":"","footnotes":""},"class_list":["post-2218","page","type-page","status-publish"],"_links":{"self":[{"href":"https:\/\/unser-quartier.de\/zeitvorsorge\/wp-json\/wp\/v2\/pages\/2218","targetHints":{"allow":["GET"]}}],"collection":[{"href":"https:\/\/unser-quartier.de\/zeitvorsorge\/wp-json\/wp\/v2\/pages"}],"about":[{"href":"https:\/\/unser-quartier.de\/zeitvorsorge\/wp-json\/wp\/v2\/types\/page"}],"author":[{"embeddable":true,"href":"https:\/\/unser-quartier.de\/zeitvorsorge\/wp-json\/wp\/v2\/users\/555"}],"replies":[{"embeddable":true,"href":"https:\/\/unser-quartier.de\/zeitvorsorge\/wp-json\/wp\/v2\/comments?post=2218"}],"version-history":[{"count":0,"href":"https:\/\/unser-quartier.de\/zeitvorsorge\/wp-json\/wp\/v2\/pages\/2218\/revisions"}],"up":[{"embeddable":true,"href":"https:\/\/unser-quartier.de\/zeitvorsorge\/wp-json\/wp\/v2\/pages\/18"}],"wp:attachment":[{"href":"https:\/\/unser-quartier.de\/zeitvorsorge\/wp-json\/wp\/v2\/media?parent=2218"}],"curies":[{"name":"wp","href":"https:\/\/api.w.org\/{rel}","templated":true}]}}